{"id":758,"date":"2024-08-26T12:06:56","date_gmt":"2024-08-26T15:06:56","guid":{"rendered":"https:\/\/www.ufsm.br\/museus\/arte-ciencia-tecnologia\/?page_id=758"},"modified":"2024-08-30T14:36:35","modified_gmt":"2024-08-30T17:36:35","slug":"facto-11-e-bienalsur","status":"publish","type":"page","link":"https:\/\/www.ufsm.br\/museus\/arte-ciencia-tecnologia\/facto-11-e-bienalsur","title":{"rendered":"FACTO 11 \u00e9 BIENALSUR: Intelig\u00eancia Artificial e Arte Generativa"},"content":{"rendered":"\t\t<div data-elementor-type=\"wp-page\" data-elementor-id=\"758\" class=\"elementor elementor-758\">\n\t\t\t\t\t\t<section class=\"elementor-section elementor-top-section elementor-element elementor-element-2fe0731 elementor-section-boxed elementor-section-height-default elementor-section-height-default\" data-id=\"2fe0731\" data-element_type=\"section\">\n\t\t\t\t\t\t<div class=\"elementor-container elementor-column-gap-default\">\n\t\t\t\t\t<div class=\"elementor-column elementor-col-100 elementor-top-column elementor-element elementor-element-be1acc5\" data-id=\"be1acc5\" data-element_type=\"column\">\n\t\t\t<div class=\"elementor-widget-wrap elementor-element-populated\">\n\t\t\t\t\t\t<div class=\"elementor-element elementor-element-337e58d elementor-widget elementor-widget-image\" data-id=\"337e58d\" data-element_type=\"widget\" data-widget_type=\"image.default\">\n\t\t\t\t<div class=\"elementor-widget-container\">\n\t\t\t\t\t\t\t\t\t\t\t\t\t<img decoding=\"async\" src=\"https:\/\/www.ufsm.br\/app\/uploads\/sites\/807\/elementor\/thumbs\/cartaz-FACTO-11-qt6llfxd17rhc6frkiygxr98yv0kr5qqtb6ac9z54e.png\" title=\"cartaz FACTO 11\" alt=\"cartaz FACTO 11\" loading=\"lazy\" \/>\t\t\t\t\t\t\t\t\t\t\t\t\t<\/div>\n\t\t\t\t<\/div>\n\t\t\t\t\t<\/div>\n\t\t<\/div>\n\t\t\t\t\t<\/div>\n\t\t<\/section>\n\t\t\t\t<section class=\"elementor-section elementor-top-section elementor-element elementor-element-7751348 elementor-section-boxed elementor-section-height-default elementor-section-height-default\" data-id=\"7751348\" data-element_type=\"section\">\n\t\t\t\t\t\t<div class=\"elementor-container elementor-column-gap-default\">\n\t\t\t\t\t<div class=\"elementor-column elementor-col-100 elementor-top-column elementor-element elementor-element-974a17a\" data-id=\"974a17a\" data-element_type=\"column\">\n\t\t\t<div class=\"elementor-widget-wrap elementor-element-populated\">\n\t\t\t\t\t\t<div class=\"elementor-element elementor-element-6f36986 elementor-widget elementor-widget-text-editor\" data-id=\"6f36986\" data-element_type=\"widget\" data-widget_type=\"text-editor.default\">\n\t\t\t\t<div class=\"elementor-widget-container\">\n\t\t\t\t\t\t\t<p>A\u00a0<b>A\u00e7\u00e3o Intelig\u00eancia Artificial e Arte Generativa<\/b>\u00a0est\u00e1 integrada ao\u00a0<strong>Festival de Arte, Ci\u00eancia e Tecnologia\u00a0<\/strong>em sua d\u00e9cima primeira edi\u00e7\u00e3o, neste ano os artistas convidados que participam da mostra s\u00e3o: AIseeds, Angel Salazar, Candela del Valle, Fernando Codevilla e Juliana Vizzotto, Gilbertto Prado e Suzete Venturelli, Giselle Beiguelman, LABINTER, Nathalie Flores.<\/p><p>Curadoria: Fernando Codevilla, Cristina Landerdahl e Raul Dotto Rosa<\/p><p>Curadoria Assistente: Andrea Capssa, Manoela Vares e Pierre J\u00e1come<\/p><p>Comit\u00ea Curatorial: Nara Cristina Santos, Mariela Yeregui e Ana Laura Cantera<\/p><p>O FACTO 11 acontece de 11 a 13 de setembro de 2024, excepcionalmente neste ano na Sala Cl\u00e1udio Carriconde, localizada no Centro de Artes e Letras da Universidade Federal de Santa Maria, pr\u00e9dio 40 (UFSM).<\/p><p>Acompanhe o festival nas redes sociais do LABART\u00a0<a href=\"https:\/\/pt-br.facebook.com\/labart1228\" target=\"_blank\" rel=\"noopener\">Facebook\u00a0<\/a>e\u00a0<a href=\"https:\/\/www.instagram.com\/labart.ufsm\/\" target=\"_blank\" rel=\"noopener\">Instagram<\/a>, e no canal do\u00a0<a href=\"https:\/\/www.youtube.com\/channel\/UCw274rzHP9t7muJG9zAW_aw?view_as=subscriber\" target=\"_blank\" rel=\"noopener\">YouTube.<\/a><\/p>\t\t\t\t\t\t<\/div>\n\t\t\t\t<\/div>\n\t\t\t\t\t<\/div>\n\t\t<\/div>\n\t\t\t\t\t<\/div>\n\t\t<\/section>\n\t\t\t\t<\/div>\n\t\t","protected":false},"excerpt":{"rendered":"<p>A\u00a0A\u00e7\u00e3o Intelig\u00eancia Artificial e Arte Generativa\u00a0est\u00e1 integrada ao\u00a0Festival de Arte, Ci\u00eancia e Tecnologia\u00a0em sua d\u00e9cima primeira edi\u00e7\u00e3o, neste ano os artistas convidados que participam da mostra s\u00e3o: AIseeds, Angel Salazar, Candela del Valle, Fernando Codevilla e Juliana Vizzotto, Gilbertto Prado e Suzete Venturelli, Giselle Beiguelman, LABINTER, Nathalie Flores. Curadoria: Fernando Codevilla, Cristina Landerdahl e Raul [&hellip;]<\/p>\n","protected":false},"author":1884,"featured_media":0,"parent":0,"menu_order":0,"comment_status":"closed","ping_status":"closed","template":"","meta":{"footnotes":""},"categories":[],"tags":[],"class_list":["post-758","page","type-page","status-publish","hentry"],"acf":[],"_links":{"self":[{"href":"https:\/\/www.ufsm.br\/museus\/arte-ciencia-tecnologia\/wp-json\/wp\/v2\/pages\/758","targetHints":{"allow":["GET"]}}],"collection":[{"href":"https:\/\/www.ufsm.br\/museus\/arte-ciencia-tecnologia\/wp-json\/wp\/v2\/pages"}],"about":[{"href":"https:\/\/www.ufsm.br\/museus\/arte-ciencia-tecnologia\/wp-json\/wp\/v2\/types\/page"}],"author":[{"embeddable":true,"href":"https:\/\/www.ufsm.br\/museus\/arte-ciencia-tecnologia\/wp-json\/wp\/v2\/users\/1884"}],"replies":[{"embeddable":true,"href":"https:\/\/www.ufsm.br\/museus\/arte-ciencia-tecnologia\/wp-json\/wp\/v2\/comments?post=758"}],"version-history":[{"count":0,"href":"https:\/\/www.ufsm.br\/museus\/arte-ciencia-tecnologia\/wp-json\/wp\/v2\/pages\/758\/revisions"}],"wp:attachment":[{"href":"https:\/\/www.ufsm.br\/museus\/arte-ciencia-tecnologia\/wp-json\/wp\/v2\/media?parent=758"}],"wp:term":[{"taxonomy":"category","embeddable":true,"href":"https:\/\/www.ufsm.br\/museus\/arte-ciencia-tecnologia\/wp-json\/wp\/v2\/categories?post=758"},{"taxonomy":"post_tag","embeddable":true,"href":"https:\/\/www.ufsm.br\/museus\/arte-ciencia-tecnologia\/wp-json\/wp\/v2\/tags?post=758"}],"curies":[{"name":"wp","href":"https:\/\/api.w.org\/{rel}","templated":true}]}}