{"id":15,"date":"2023-05-10T15:10:51","date_gmt":"2023-05-10T18:10:51","guid":{"rendered":"https:\/\/www.ufsm.br\/museus\/gamadeca\/?page_id=15"},"modified":"2026-01-14T10:57:28","modified_gmt":"2026-01-14T13:57:28","slug":"historia","status":"publish","type":"page","link":"https:\/\/www.ufsm.br\/museus\/gamadeca\/historia","title":{"rendered":"Hist\u00f3ria"},"content":{"rendered":"\t\t<div data-elementor-type=\"wp-page\" data-elementor-id=\"15\" class=\"elementor elementor-15\">\n\t\t\t\t\t\t<section class=\"elementor-section elementor-top-section elementor-element elementor-element-72d4e7c elementor-section-boxed elementor-section-height-default elementor-section-height-default\" data-id=\"72d4e7c\" data-element_type=\"section\">\n\t\t\t\t\t\t<div class=\"elementor-container elementor-column-gap-default\">\n\t\t\t\t\t<div class=\"elementor-column elementor-col-66 elementor-top-column elementor-element elementor-element-dd56e61\" data-id=\"dd56e61\" data-element_type=\"column\">\n\t\t\t<div class=\"elementor-widget-wrap elementor-element-populated\">\n\t\t\t\t\t\t<div class=\"elementor-element elementor-element-7cc755f elementor-widget elementor-widget-text-editor\" data-id=\"7cc755f\" data-element_type=\"widget\" data-widget_type=\"text-editor.default\">\n\t\t\t\t<div class=\"elementor-widget-container\">\n\t\t\t\t\t\t\t<p style=\"text-align: justify\"><span style=\"color: #000000;font-size: 1rem;font-weight: var( --e-global-typography-text-font-weight );text-align: var(--bs-body-text-align)\">A hist\u00f3ria do atual Museu Gama d&#8217;E\u00e7a e Victor Bersani tem in\u00edcio em 1913 com a cria\u00e7\u00e3o do Museu Victor Bersani, pela Sociedade Uni\u00e3o dos Caixeiros Viajantes (SUCV), que localizava-se no pr\u00e9dio da SUCV, na pra\u00e7a Saldanha Marinho, no Centro de Santa Maria. Este Museu foi um dos primeiros fundados no Rio Grande do Sul e possui seu acervo tombado pelo Instituto do Patrim\u00f4nio Hist\u00f3rico e Art\u00edstico Nacional (IPHAN), no ano de 1938, devido ao valor hist\u00f3rico das pe\u00e7as que compunham esse acervo.\u00a0\u00a0<\/span><\/p>\t\t\t\t\t\t<\/div>\n\t\t\t\t<\/div>\n\t\t\t\t\t<\/div>\n\t\t<\/div>\n\t\t\t\t<div class=\"elementor-column elementor-col-33 elementor-top-column elementor-element elementor-element-7d22ac9\" data-id=\"7d22ac9\" data-element_type=\"column\">\n\t\t\t<div class=\"elementor-widget-wrap\">\n\t\t\t\t\t\t\t<\/div>\n\t\t<\/div>\n\t\t\t\t\t<\/div>\n\t\t<\/section>\n\t\t\t\t<section class=\"elementor-section elementor-top-section elementor-element elementor-element-6ae60ea elementor-section-boxed elementor-section-height-default elementor-section-height-default\" data-id=\"6ae60ea\" data-element_type=\"section\">\n\t\t\t\t\t\t<div class=\"elementor-container elementor-column-gap-default\">\n\t\t\t\t\t<div class=\"elementor-column elementor-col-66 elementor-top-column elementor-element elementor-element-221ffdf\" data-id=\"221ffdf\" data-element_type=\"column\">\n\t\t\t<div class=\"elementor-widget-wrap elementor-element-populated\">\n\t\t\t\t\t\t<div class=\"elementor-element elementor-element-4db34a6 elementor-widget elementor-widget-image\" data-id=\"4db34a6\" data-element_type=\"widget\" data-widget_type=\"image.default\">\n\t\t\t\t<div class=\"elementor-widget-container\">\n\t\t\t\t\t\t\t\t\t\t<figure class=\"wp-caption\">\n\t\t\t\t\t\t\t\t\t\t<img fetchpriority=\"high\" decoding=\"async\" width=\"1549\" height=\"1142\" src=\"https:\/\/www.ufsm.br\/app\/uploads\/sites\/892\/2024\/10\/museu-1-1.jpg\" class=\"attachment-full size-full wp-image-196\" alt=\"\" srcset=\"https:\/\/www.ufsm.br\/app\/uploads\/sites\/892\/2024\/10\/museu-1-1.jpg 1549w, https:\/\/www.ufsm.br\/app\/uploads\/sites\/892\/2024\/10\/museu-1-1-300x221.jpg 300w, https:\/\/www.ufsm.br\/app\/uploads\/sites\/892\/2024\/10\/museu-1-1-1024x755.jpg 1024w, https:\/\/www.ufsm.br\/app\/uploads\/sites\/892\/2024\/10\/museu-1-1-768x566.jpg 768w, https:\/\/www.ufsm.br\/app\/uploads\/sites\/892\/2024\/10\/museu-1-1-1536x1132.jpg 1536w\" sizes=\"(max-width: 1549px) 100vw, 1549px\" \/>\t\t\t\t\t\t\t\t\t\t\t<figcaption class=\"widget-image-caption wp-caption-text\">Fonte: Acervo do Museu Victor Bersani, fot\u00f3grafo V. Schleiniger (PILLA, 2024, p.15).\n\n<\/figcaption>\n\t\t\t\t\t\t\t\t\t\t<\/figure>\n\t\t\t\t\t\t\t<\/div>\n\t\t\t\t<\/div>\n\t\t\t\t\t<\/div>\n\t\t<\/div>\n\t\t\t\t<div class=\"elementor-column elementor-col-33 elementor-top-column elementor-element elementor-element-b76f499\" data-id=\"b76f499\" data-element_type=\"column\">\n\t\t\t<div class=\"elementor-widget-wrap\">\n\t\t\t\t\t\t\t<\/div>\n\t\t<\/div>\n\t\t\t\t\t<\/div>\n\t\t<\/section>\n\t\t\t\t<section class=\"elementor-section elementor-top-section elementor-element elementor-element-41a9bef elementor-section-boxed elementor-section-height-default elementor-section-height-default\" data-id=\"41a9bef\" data-element_type=\"section\">\n\t\t\t\t\t\t<div class=\"elementor-container elementor-column-gap-default\">\n\t\t\t\t\t<div class=\"elementor-column elementor-col-66 elementor-top-column elementor-element elementor-element-46874b5\" data-id=\"46874b5\" data-element_type=\"column\">\n\t\t\t<div class=\"elementor-widget-wrap elementor-element-populated\">\n\t\t\t\t\t\t<div class=\"elementor-element elementor-element-b314e7a elementor-widget elementor-widget-text-editor\" data-id=\"b314e7a\" data-element_type=\"widget\" data-widget_type=\"text-editor.default\">\n\t\t\t\t<div class=\"elementor-widget-container\">\n\t\t\t\t\t\t\t<p style=\"text-align: justify\">No ano de 1981 o Museu Victor Bersani se fundiu com o Museu Educativo Gama d&#8217;E\u00e7a, localizado no campus da Universidade Federal de Santa Maria, fundado em 1968 e respons\u00e1vel pela salvaguarda de cole\u00e7\u00f5es cient\u00edficas da UFSM. Essa fus\u00e3o deu origem ao Museu Gama d&#8217;E\u00e7a e Victor Bersani, que passou a ocupar o antigo palacete da fam\u00edlia do Dr. Astrogildo de Azevedo, a partir de 1985, localizado na Rua do Acampamento, 81, Centro, Santa Maria\/RS, onde se localiza at\u00e9 os dias de&nbsp;hoje.&nbsp;<\/p>\t\t\t\t\t\t<\/div>\n\t\t\t\t<\/div>\n\t\t\t\t\t<\/div>\n\t\t<\/div>\n\t\t\t\t<div class=\"elementor-column elementor-col-33 elementor-top-column elementor-element elementor-element-1400315\" data-id=\"1400315\" data-element_type=\"column\">\n\t\t\t<div class=\"elementor-widget-wrap\">\n\t\t\t\t\t\t\t<\/div>\n\t\t<\/div>\n\t\t\t\t\t<\/div>\n\t\t<\/section>\n\t\t\t\t<section class=\"elementor-section elementor-top-section elementor-element elementor-element-04dfb48 elementor-section-boxed elementor-section-height-default elementor-section-height-default\" data-id=\"04dfb48\" data-element_type=\"section\">\n\t\t\t\t\t\t<div class=\"elementor-container elementor-column-gap-default\">\n\t\t\t\t\t<div class=\"elementor-column elementor-col-66 elementor-top-column elementor-element elementor-element-7969393\" data-id=\"7969393\" data-element_type=\"column\">\n\t\t\t<div class=\"elementor-widget-wrap elementor-element-populated\">\n\t\t\t\t\t\t<div class=\"elementor-element elementor-element-f402033 elementor-widget elementor-widget-image\" data-id=\"f402033\" data-element_type=\"widget\" data-widget_type=\"image.default\">\n\t\t\t\t<div class=\"elementor-widget-container\">\n\t\t\t\t\t\t\t\t\t\t<figure class=\"wp-caption\">\n\t\t\t\t\t\t\t\t\t\t<img decoding=\"async\" width=\"814\" height=\"1024\" src=\"https:\/\/www.ufsm.br\/app\/uploads\/sites\/892\/2024\/10\/museu-814x1024.jpg\" class=\"attachment-large size-large wp-image-198\" alt=\"\" srcset=\"https:\/\/www.ufsm.br\/app\/uploads\/sites\/892\/2024\/10\/museu-814x1024.jpg 814w, https:\/\/www.ufsm.br\/app\/uploads\/sites\/892\/2024\/10\/museu-238x300.jpg 238w, https:\/\/www.ufsm.br\/app\/uploads\/sites\/892\/2024\/10\/museu-768x966.jpg 768w, https:\/\/www.ufsm.br\/app\/uploads\/sites\/892\/2024\/10\/museu-1221x1536.jpg 1221w, https:\/\/www.ufsm.br\/app\/uploads\/sites\/892\/2024\/10\/museu-1628x2048.jpg 1628w, https:\/\/www.ufsm.br\/app\/uploads\/sites\/892\/2024\/10\/museu.jpg 1920w\" sizes=\"(max-width: 814px) 100vw, 814px\" \/>\t\t\t\t\t\t\t\t\t\t\t<figcaption class=\"widget-image-caption wp-caption-text\">Fonte: Acervo do Museu Gama D'e\u00e7a<\/figcaption>\n\t\t\t\t\t\t\t\t\t\t<\/figure>\n\t\t\t\t\t\t\t<\/div>\n\t\t\t\t<\/div>\n\t\t\t\t\t<\/div>\n\t\t<\/div>\n\t\t\t\t<div class=\"elementor-column elementor-col-33 elementor-top-column elementor-element elementor-element-a455def\" data-id=\"a455def\" data-element_type=\"column\">\n\t\t\t<div class=\"elementor-widget-wrap\">\n\t\t\t\t\t\t\t<\/div>\n\t\t<\/div>\n\t\t\t\t\t<\/div>\n\t\t<\/section>\n\t\t\t\t<section class=\"elementor-section elementor-top-section elementor-element elementor-element-1809e00 elementor-section-boxed elementor-section-height-default elementor-section-height-default\" data-id=\"1809e00\" data-element_type=\"section\">\n\t\t\t\t\t\t<div class=\"elementor-container elementor-column-gap-default\">\n\t\t\t\t\t<div class=\"elementor-column elementor-col-66 elementor-top-column elementor-element elementor-element-bea6a2f\" data-id=\"bea6a2f\" data-element_type=\"column\">\n\t\t\t<div class=\"elementor-widget-wrap elementor-element-populated\">\n\t\t\t\t\t\t<div class=\"elementor-element elementor-element-3966fd3 elementor-widget elementor-widget-text-editor\" data-id=\"3966fd3\" data-element_type=\"widget\" data-widget_type=\"text-editor.default\">\n\t\t\t\t<div class=\"elementor-widget-container\">\n\t\t\t\t\t\t\t<p style=\"text-align: justify\">A institui\u00e7\u00e3o abriga, portanto, o acervo dos dois museus citados anteriormente, salvaguardando e expondo ao p\u00fablico cole\u00e7\u00f5es Hist\u00f3ricas, Paleontol\u00f3gicas, Zool\u00f3gicas, Arqueol\u00f3gicas, Numism\u00e1ticas, de Rochas e Minerais, entre outras.\u00a0<\/p><p style=\"text-align: justify\">Atualmente, o Museu Gama d&#8217;E\u00e7a e Victor Bersani est\u00e1 passando por um processo de reformula\u00e7\u00e3o das exposi\u00e7\u00f5es de curta e longa dura\u00e7\u00e3o e de invent\u00e1rio do seu acervo, visando promover a preserva\u00e7\u00e3o, pesquisa e comunica\u00e7\u00e3o desse importante patrim\u00f4nio cultural representado pelas cole\u00e7\u00f5es da institui\u00e7\u00e3o.<\/p>\t\t\t\t\t\t<\/div>\n\t\t\t\t<\/div>\n\t\t\t\t\t<\/div>\n\t\t<\/div>\n\t\t\t\t<div class=\"elementor-column elementor-col-33 elementor-top-column elementor-element elementor-element-11caa07\" data-id=\"11caa07\" data-element_type=\"column\">\n\t\t\t<div class=\"elementor-widget-wrap\">\n\t\t\t\t\t\t\t<\/div>\n\t\t<\/div>\n\t\t\t\t\t<\/div>\n\t\t<\/section>\n\t\t\t\t<\/div>\n\t\t","protected":false},"excerpt":{"rendered":"<p>A hist\u00f3ria do atual Museu Gama d&#8217;E\u00e7a e Victor Bersani tem in\u00edcio em 1913 com a cria\u00e7\u00e3o do Museu Victor Bersani, pela Sociedade Uni\u00e3o dos Caixeiros Viajantes (SUCV), que localizava-se no pr\u00e9dio da SUCV, na pra\u00e7a Saldanha Marinho, no Centro de Santa Maria. Este Museu foi um dos primeiros fundados no Rio Grande do Sul [&hellip;]<\/p>\n","protected":false},"author":398,"featured_media":0,"parent":0,"menu_order":0,"comment_status":"closed","ping_status":"closed","template":"","meta":{"footnotes":""},"categories":[],"tags":[],"class_list":["post-15","page","type-page","status-publish","hentry"],"acf":[],"_links":{"self":[{"href":"https:\/\/www.ufsm.br\/museus\/gamadeca\/wp-json\/wp\/v2\/pages\/15","targetHints":{"allow":["GET"]}}],"collection":[{"href":"https:\/\/www.ufsm.br\/museus\/gamadeca\/wp-json\/wp\/v2\/pages"}],"about":[{"href":"https:\/\/www.ufsm.br\/museus\/gamadeca\/wp-json\/wp\/v2\/types\/page"}],"author":[{"embeddable":true,"href":"https:\/\/www.ufsm.br\/museus\/gamadeca\/wp-json\/wp\/v2\/users\/398"}],"replies":[{"embeddable":true,"href":"https:\/\/www.ufsm.br\/museus\/gamadeca\/wp-json\/wp\/v2\/comments?post=15"}],"version-history":[{"count":0,"href":"https:\/\/www.ufsm.br\/museus\/gamadeca\/wp-json\/wp\/v2\/pages\/15\/revisions"}],"wp:attachment":[{"href":"https:\/\/www.ufsm.br\/museus\/gamadeca\/wp-json\/wp\/v2\/media?parent=15"}],"wp:term":[{"taxonomy":"category","embeddable":true,"href":"https:\/\/www.ufsm.br\/museus\/gamadeca\/wp-json\/wp\/v2\/categories?post=15"},{"taxonomy":"post_tag","embeddable":true,"href":"https:\/\/www.ufsm.br\/museus\/gamadeca\/wp-json\/wp\/v2\/tags?post=15"}],"curies":[{"name":"wp","href":"https:\/\/api.w.org\/{rel}","templated":true}]}}