{"id":29,"date":"2024-10-09T10:13:12","date_gmt":"2024-10-09T13:13:12","guid":{"rendered":"https:\/\/www.ufsm.br\/museus\/gamadeca\/?page_id=29"},"modified":"2026-01-14T10:54:08","modified_gmt":"2026-01-14T13:54:08","slug":"sobre","status":"publish","type":"page","link":"https:\/\/www.ufsm.br\/museus\/gamadeca\/sobre","title":{"rendered":"Sobre"},"content":{"rendered":"\t\t<div data-elementor-type=\"wp-page\" data-elementor-id=\"29\" class=\"elementor elementor-29\">\n\t\t\t\t\t\t<section class=\"elementor-section elementor-top-section elementor-element elementor-element-8bf5822 elementor-section-boxed elementor-section-height-default elementor-section-height-default\" data-id=\"8bf5822\" data-element_type=\"section\">\n\t\t\t\t\t\t<div class=\"elementor-container elementor-column-gap-default\">\n\t\t\t\t\t<div class=\"elementor-column elementor-col-66 elementor-top-column elementor-element elementor-element-89d9524\" data-id=\"89d9524\" data-element_type=\"column\">\n\t\t\t<div class=\"elementor-widget-wrap elementor-element-populated\">\n\t\t\t\t\t\t<div class=\"elementor-element elementor-element-956c622 elementor-widget__width-initial elementor-widget elementor-widget-text-editor\" data-id=\"956c622\" data-element_type=\"widget\" data-widget_type=\"text-editor.default\">\n\t\t\t\t<div class=\"elementor-widget-container\">\n\t\t\t\t\t\t\t<p style=\"text-align: justify\">Localizado no centro da cidade de Santa Maria, o Museu Gama d\u2019E\u00e7a e Victor Bersani oferece ao p\u00fablico a oportunidade de conhecer um pouco mais sobre sobre a hist\u00f3ria da cidade e da Universidade Federal de Santa Maria (UFSM), al\u00e9m de possuir cole\u00e7\u00f5es sobre zoologia, arqueologia, paleontologia, entre outras \u00e1reas do conhecimento.<\/p>\n<p style=\"text-align: justify\"><strong>Miss\u00e3o:<\/strong>&nbsp;<span style=\"color: #000000;font-size: 1rem;font-weight: var( --e-global-typography-text-font-weight );text-align: var(--bs-body-text-align)\">O Museu Gama d\u2019E\u00e7a e Victor Bersani tem como miss\u00e3o preservar, pesquisar e comunicar o patrim\u00f4nio cultural e cient\u00edfico representado pelo seu acervo, com \u00eanfase na hist\u00f3ria e mem\u00f3ria regional, servindo como um importante local de educa\u00e7\u00e3o e lazer na cidade de Santa Maria.<\/span><\/p>\n<p style=\"text-align: justify\"><strong><span style=\"color: #000000;font-size: 1rem;text-align: var(--bs-body-text-align)\">Vis\u00e3o: <\/span><\/strong><span style=\"color: #000000;font-size: 1rem;text-align: var(--bs-body-text-align)\">Ser um museu refer\u00eancia na regi\u00e3o central do Rio Grande do Sul no que diz respeito \u00e0 divulga\u00e7\u00e3o cient\u00edfica e hist\u00f3ria local.<\/span><\/p>\n<div><strong>Objetivos espec\u00edficos:<\/strong><\/div>\n<div>\n<div class=\"gs\">\n<div class=\"\">\n<div id=\":14s\" class=\"ii gt\">\n<div id=\":14h\" class=\"a3s aiL \">\n<div dir=\"ltr\">\n<p>I &#8211; Realizar a\u00e7\u00f5es de conserva\u00e7\u00e3o e documenta\u00e7\u00e3o com o seu acervo;<br>II &#8211; Promover exposi\u00e7\u00f5es de curta e longa dura\u00e7\u00e3o;<br>III &#8211; Fomentar a pesquisa do seu acervo;<br>IV &#8211; Desenvolver a\u00e7\u00f5es educativas com diferentes p\u00fablicos;<br>V &#8211; Promover eventos visando a divulga\u00e7\u00e3o cient\u00edfica e a valoriza\u00e7\u00e3o do patrim\u00f4nio cultural;<\/p>\n<div style=\"text-align: justify\">VI &#8211; Servir como um local de educa\u00e7\u00e3o n\u00e3o formal, apoiando a realiza\u00e7\u00e3o de atividades voltadas para o ensino, do n\u00edvel b\u00e1sico ao superior.&nbsp;<\/div>\n<\/div>\n<div class=\"yj6qo\">&nbsp;<\/div>\n<div class=\"adL\">&nbsp;<\/div>\n<\/div>\n<\/div>\n<\/div>\n<\/div>\n<\/div>\n<div>\n<div class=\"gs\">\n<div class=\"\">\n<div id=\":14s\" class=\"ii gt\">\n<div id=\":14h\" class=\"a3s aiL \">\n<div class=\"yj6qo\">&nbsp;<\/div>\n<div class=\"adL\">&nbsp;<\/div>\n<\/div>\n<\/div>\n<\/div>\n<\/div>\n<\/div>\n<div>\n<div class=\"gs\">\n<div class=\"\">\n<div id=\":14s\" class=\"ii gt\">\n<div id=\":14h\" class=\"a3s aiL \">\n<div class=\"adL\">&nbsp;<\/div>\n<\/div>\n<\/div>\n<\/div>\n<\/div>\n<\/div>\n<div>&nbsp;<\/div>\n<p style=\"text-align: justify\">\n<\/p>\t\t\t\t\t\t<\/div>\n\t\t\t\t<\/div>\n\t\t\t\t\t<\/div>\n\t\t<\/div>\n\t\t\t\t<div class=\"elementor-column elementor-col-33 elementor-top-column elementor-element elementor-element-67f10dc\" data-id=\"67f10dc\" data-element_type=\"column\">\n\t\t\t<div class=\"elementor-widget-wrap\">\n\t\t\t\t\t\t\t<\/div>\n\t\t<\/div>\n\t\t\t\t\t<\/div>\n\t\t<\/section>\n\t\t\t\t<\/div>\n\t\t","protected":false},"excerpt":{"rendered":"<p>Localizado no centro da cidade de Santa Maria, o Museu Gama d\u2019E\u00e7a e Victor Bersani oferece ao p\u00fablico a oportunidade de conhecer um pouco mais sobre sobre a hist\u00f3ria da cidade e da Universidade Federal de Santa Maria (UFSM), al\u00e9m de possuir cole\u00e7\u00f5es sobre zoologia, arqueologia, paleontologia, entre outras \u00e1reas do conhecimento. Miss\u00e3o:&nbsp;O Museu Gama [&hellip;]<\/p>\n","protected":false},"author":8205,"featured_media":0,"parent":0,"menu_order":0,"comment_status":"closed","ping_status":"closed","template":"","meta":{"footnotes":""},"categories":[],"tags":[],"class_list":["post-29","page","type-page","status-publish","hentry"],"acf":[],"_links":{"self":[{"href":"https:\/\/www.ufsm.br\/museus\/gamadeca\/wp-json\/wp\/v2\/pages\/29","targetHints":{"allow":["GET"]}}],"collection":[{"href":"https:\/\/www.ufsm.br\/museus\/gamadeca\/wp-json\/wp\/v2\/pages"}],"about":[{"href":"https:\/\/www.ufsm.br\/museus\/gamadeca\/wp-json\/wp\/v2\/types\/page"}],"author":[{"embeddable":true,"href":"https:\/\/www.ufsm.br\/museus\/gamadeca\/wp-json\/wp\/v2\/users\/8205"}],"replies":[{"embeddable":true,"href":"https:\/\/www.ufsm.br\/museus\/gamadeca\/wp-json\/wp\/v2\/comments?post=29"}],"version-history":[{"count":0,"href":"https:\/\/www.ufsm.br\/museus\/gamadeca\/wp-json\/wp\/v2\/pages\/29\/revisions"}],"wp:attachment":[{"href":"https:\/\/www.ufsm.br\/museus\/gamadeca\/wp-json\/wp\/v2\/media?parent=29"}],"wp:term":[{"taxonomy":"category","embeddable":true,"href":"https:\/\/www.ufsm.br\/museus\/gamadeca\/wp-json\/wp\/v2\/categories?post=29"},{"taxonomy":"post_tag","embeddable":true,"href":"https:\/\/www.ufsm.br\/museus\/gamadeca\/wp-json\/wp\/v2\/tags?post=29"}],"curies":[{"name":"wp","href":"https:\/\/api.w.org\/{rel}","templated":true}]}}