{"id":151,"date":"2019-05-20T13:25:09","date_gmt":"2019-05-20T16:25:09","guid":{"rendered":"https:\/\/www.ufsm.br\/projetos-extensao-museu-morfologia\/?page_id=151"},"modified":"2022-11-16T13:26:53","modified_gmt":"2022-11-16T16:26:53","slug":"dados-basicos","status":"publish","type":"page","link":"https:\/\/www.ufsm.br\/museus\/mostra-morfologia\/dados-basicos","title":{"rendered":"Sobre n\u00f3s"},"content":{"rendered":"\n<p style=\"text-align: justify\">A Mostra de Ci\u00eancias Morfol\u00f3gicas \u00e9 um espa\u00e7o de exposi\u00e7\u00e3o permanente do Departamento de Morfologia da Universidade Federal de Santa Maria (UFSM), destinado a visita\u00e7\u00e3o guiada de escolas, grupos ou indiv\u00edduos.<\/p>\n<p style=\"text-align: justify\"><img decoding=\"async\" class=\" wp-image-200 alignleft\" src=\"https:\/\/www.ufsm.br\/app\/uploads\/sites\/886\/2022\/11\/logo-departamento-1-300x264.png\" alt=\"\" width=\"166\" height=\"146\" srcset=\"https:\/\/www.ufsm.br\/app\/uploads\/sites\/886\/2022\/11\/logo-departamento-1-300x264.png 300w, https:\/\/www.ufsm.br\/app\/uploads\/sites\/886\/2022\/11\/logo-departamento-1-1024x902.png 1024w, https:\/\/www.ufsm.br\/app\/uploads\/sites\/886\/2022\/11\/logo-departamento-1-768x676.png 768w, https:\/\/www.ufsm.br\/app\/uploads\/sites\/886\/2022\/11\/logo-departamento-1-1536x1353.png 1536w, https:\/\/www.ufsm.br\/app\/uploads\/sites\/886\/2022\/11\/logo-departamento-1.png 1784w\" sizes=\"(max-width: 166px) 100vw, 166px\" \/>Desde sua funda\u00e7\u00e3o o Departamento de Morfologia da UFSM recebe visitantes das mais diferentes regi\u00f5es do estado e tamb\u00e9m de outros estados da Federa\u00e7\u00e3o, seja na forma de visitas organizadas e guiadas, seja de forma independente. Estas visitas ocorriam de forma espor\u00e1dica, sem uma rotina ou formato definido. Tampouco havia estabelecido algum mecanismo ou reconhecimento oficial \u00e0 n\u00edvel institucional.<\/p>\n<p style=\"text-align: justify\"><img decoding=\"async\" class=\"wp-image-202 alignright\" src=\"https:\/\/www.ufsm.br\/app\/uploads\/sites\/886\/2022\/11\/Logo-grupo-300x300.jpg\" alt=\"\" width=\"162\" height=\"162\" srcset=\"https:\/\/www.ufsm.br\/app\/uploads\/sites\/886\/2022\/11\/Logo-grupo-300x300.jpg 300w, https:\/\/www.ufsm.br\/app\/uploads\/sites\/886\/2022\/11\/Logo-grupo-1024x1024.jpg 1024w, https:\/\/www.ufsm.br\/app\/uploads\/sites\/886\/2022\/11\/Logo-grupo-150x150.jpg 150w, https:\/\/www.ufsm.br\/app\/uploads\/sites\/886\/2022\/11\/Logo-grupo-768x768.jpg 768w, https:\/\/www.ufsm.br\/app\/uploads\/sites\/886\/2022\/11\/Logo-grupo-1536x1536.jpg 1536w, https:\/\/www.ufsm.br\/app\/uploads\/sites\/886\/2022\/11\/Logo-grupo.jpg 1920w\" sizes=\"(max-width: 162px) 100vw, 162px\" \/>No ano de 2012 um grupo de docentes do departamento come\u00e7ou a desenvolver atividades extensionistas, de treinamento em t\u00e9cnica histol\u00f3gica geral. Em 2013 o mesmo grupo passou a desenvolver projetos de visita\u00e7\u00e3o em escolas da regi\u00e3o central do estado, levando e expondo algumas pe\u00e7as do acervo departamental. Estas a\u00e7\u00f5es culminaram com o estabelecimento de um conv\u00eanio oficial com \u00e0 Secretaria de Educa\u00e7\u00e3o do Munic\u00edpio de Santa Maria em 2016. Neste ano, pela consolida\u00e7\u00e3o das atividades o grupo foi formalizado e passou a se chamar MorfoEduca, Grupo de Alfabetiza\u00e7\u00e3o Cient\u00edfica em Ci\u00eancias Morfol\u00f3gicas para a Promo\u00e7\u00e3o da Sa\u00fade, composto por docentes do Departamento de Morfologia e acad\u00eamicos de inicia\u00e7\u00e3o cient\u00edfica. Desde ent\u00e3o, v\u00e1rios projetos e a\u00e7\u00f5es do grupo aconteceram, tanto de visita\u00e7\u00e3o in loco, quanto extramuros da universidade.<\/p>\n<p style=\"text-align: justify\">Desde o ano de 2016, em diversas oportunidades tem sido instalada uma exposi\u00e7\u00e3o tempor\u00e1ria no andar t\u00e9rreo do Departamento de Morfologia da UFSM com exposi\u00e7\u00e3o de prepara\u00e7\u00f5es especiais de esp\u00e9cimes naturais e modelos sint\u00e9ticos de v\u00e1rias esp\u00e9cies de vertebrados, como esqueletos articulados e desarticulados, \u00f3rg\u00e3os de diferentes sistemas corp\u00f3reos preparados atrav\u00e9s de diferentes t\u00e9cnicas anat\u00f4micas espec\u00edficas para utiliza\u00e7\u00e3o como modelos did\u00e1ticos. Para acolher os visitantes e sanar d\u00favidas, alguns acad\u00eamicos explanam sobre a import\u00e2ncia da exposi\u00e7\u00e3o e tamb\u00e9m sobre quais cursos oferecidos pela UFSM necessitam do conhecimento da anatomia macrosc\u00f3pica e microsc\u00f3pica. No primeiro evento compareceram 45 escolas oriundas de 37 munic\u00edpios do Estado do Rio Grande do Sul.\u00a0<\/p>\n<p style=\"text-align: justify\"><img decoding=\"async\" class=\" wp-image-201 alignleft\" src=\"https:\/\/www.ufsm.br\/app\/uploads\/sites\/886\/2022\/11\/Logo-da-Liga-268x300.png\" alt=\"\" width=\"136\" height=\"152\" srcset=\"https:\/\/www.ufsm.br\/app\/uploads\/sites\/886\/2022\/11\/Logo-da-Liga-268x300.png 268w, https:\/\/www.ufsm.br\/app\/uploads\/sites\/886\/2022\/11\/Logo-da-Liga-914x1024.png 914w, https:\/\/www.ufsm.br\/app\/uploads\/sites\/886\/2022\/11\/Logo-da-Liga-768x861.png 768w, https:\/\/www.ufsm.br\/app\/uploads\/sites\/886\/2022\/11\/Logo-da-Liga-1371x1536.png 1371w, https:\/\/www.ufsm.br\/app\/uploads\/sites\/886\/2022\/11\/Logo-da-Liga-1827x2048.png 1827w, https:\/\/www.ufsm.br\/app\/uploads\/sites\/886\/2022\/11\/Logo-da-Liga.png 2047w\" sizes=\"(max-width: 136px) 100vw, 136px\" \/>Em 2021, uma parceria com o Movimento Tratado Cidad\u00e3o, grupo formado por indiv\u00edduos da sociedade civil, quando se iniciaram diversas atividades conjuntas de divulga\u00e7\u00e3o cient\u00edfica junto \u00e0 comunidade.<\/p>\n<p style=\"text-align: justify\">Em todas estas parcerias, a\u00e7\u00f5es educacionais s\u00e3o desenvolvidas regularmente, tanto no \u00e2mbito presencial, quanto virtual.<\/p>\n<p style=\"text-align: justify\">Estas a\u00e7\u00f5es objetivaram articular conceitos cient\u00edficos em Histologia, Anatomia e Embriologia com o contexto social, fomentando a aproxima\u00e7\u00e3o do cidad\u00e3o comum a Ci\u00eancia, instrumentalizando-o, assim, para o exerc\u00edcio da cidadania no que diz respeito a sua sa\u00fade e sua qualidade de vida.<img loading=\"lazy\" decoding=\"async\" class=\"wp-image-173 alignright\" src=\"https:\/\/www.ufsm.br\/app\/uploads\/sites\/886\/2022\/11\/IMG_9685-225x300.jpg\" alt=\"\" width=\"211\" height=\"281\" srcset=\"https:\/\/www.ufsm.br\/app\/uploads\/sites\/886\/2022\/11\/IMG_9685-225x300.jpg 225w, https:\/\/www.ufsm.br\/app\/uploads\/sites\/886\/2022\/11\/IMG_9685-768x1024.jpg 768w, https:\/\/www.ufsm.br\/app\/uploads\/sites\/886\/2022\/11\/IMG_9685-1152x1536.jpg 1152w, https:\/\/www.ufsm.br\/app\/uploads\/sites\/886\/2022\/11\/IMG_9685-1536x2048.jpg 1536w, https:\/\/www.ufsm.br\/app\/uploads\/sites\/886\/2022\/11\/IMG_9685.jpg 1920w\" sizes=\"(max-width: 211px) 100vw, 211px\" \/><\/p>\n<p style=\"text-align: justify\">Finalmente em 2022, com o retorno das atividades presenciais um espa\u00e7o espec\u00edfico do Departamento de Morfologia foi organizado e v\u00e1rias pe\u00e7as do acervo departamental foram selecionadas, mobili\u00e1rio e infraestrutura readequados e iniciaram as atividades de visita\u00e7\u00e3o a Mostra de Ci\u00eancias Morfol\u00f3gicas, do Departamento de Morfologia.<\/p>\n<p style=\"text-align: justify\">O espa\u00e7o compreende dois audit\u00f3rios, para 50 e 30 pessoas, um espa\u00e7o para realiza\u00e7\u00e3o de oficinas e atividades l\u00fadico-did\u00e1ticas, uma sala de administra\u00e7\u00e3o e a \u00e1rea de visita\u00e7\u00e3o.<\/p>\n<p style=\"text-align: justify\">Atualmente a equipe \u00e9 composta por 10 docentes, 4 t\u00e9cnicos e cerca de 35 discentes, dos mais diversos cursos da sa\u00fade e rurais. Obs.: Os discentes s\u00e3o selecionados a cada semestre e est\u00e3o devidamente registrados no portal de projetos da UFSM.<\/p>\n","protected":false},"excerpt":{"rendered":"<p>A Mostra de Ci\u00eancias Morfol\u00f3gicas \u00e9 um espa\u00e7o de exposi\u00e7\u00e3o permanente do Departamento de Morfologia da Universidade Federal de Santa Maria (UFSM), destinado a visita\u00e7\u00e3o guiada de escolas, grupos ou indiv\u00edduos. Desde sua funda\u00e7\u00e3o o Departamento de Morfologia da UFSM recebe visitantes das mais diferentes regi\u00f5es do estado e tamb\u00e9m de outros estados da Federa\u00e7\u00e3o, [&hellip;]<\/p>\n","protected":false},"author":25,"featured_media":0,"parent":0,"menu_order":0,"comment_status":"closed","ping_status":"closed","template":"","meta":{"footnotes":""},"categories":[],"tags":[],"class_list":["post-151","page","type-page","status-publish","hentry"],"acf":[],"_links":{"self":[{"href":"https:\/\/www.ufsm.br\/museus\/mostra-morfologia\/wp-json\/wp\/v2\/pages\/151","targetHints":{"allow":["GET"]}}],"collection":[{"href":"https:\/\/www.ufsm.br\/museus\/mostra-morfologia\/wp-json\/wp\/v2\/pages"}],"about":[{"href":"https:\/\/www.ufsm.br\/museus\/mostra-morfologia\/wp-json\/wp\/v2\/types\/page"}],"author":[{"embeddable":true,"href":"https:\/\/www.ufsm.br\/museus\/mostra-morfologia\/wp-json\/wp\/v2\/users\/25"}],"replies":[{"embeddable":true,"href":"https:\/\/www.ufsm.br\/museus\/mostra-morfologia\/wp-json\/wp\/v2\/comments?post=151"}],"version-history":[{"count":0,"href":"https:\/\/www.ufsm.br\/museus\/mostra-morfologia\/wp-json\/wp\/v2\/pages\/151\/revisions"}],"wp:attachment":[{"href":"https:\/\/www.ufsm.br\/museus\/mostra-morfologia\/wp-json\/wp\/v2\/media?parent=151"}],"wp:term":[{"taxonomy":"category","embeddable":true,"href":"https:\/\/www.ufsm.br\/museus\/mostra-morfologia\/wp-json\/wp\/v2\/categories?post=151"},{"taxonomy":"post_tag","embeddable":true,"href":"https:\/\/www.ufsm.br\/museus\/mostra-morfologia\/wp-json\/wp\/v2\/tags?post=151"}],"curies":[{"name":"wp","href":"https:\/\/api.w.org\/{rel}","templated":true}]}}