{"id":154,"date":"2019-05-20T13:27:00","date_gmt":"2019-05-20T16:27:00","guid":{"rendered":"https:\/\/www.ufsm.br\/projetos-extensao-museu-morfologia\/?page_id=154"},"modified":"2024-09-29T18:18:18","modified_gmt":"2024-09-29T21:18:18","slug":"participantes","status":"publish","type":"page","link":"https:\/\/www.ufsm.br\/museus\/mostra-morfologia\/participantes","title":{"rendered":"Participantes"},"content":{"rendered":"\t\t<div data-elementor-type=\"wp-page\" data-elementor-id=\"154\" class=\"elementor elementor-154\">\n\t\t\t\t\t\t<section class=\"elementor-section elementor-top-section elementor-element elementor-element-33dbc20b elementor-section-boxed elementor-section-height-default elementor-section-height-default\" data-id=\"33dbc20b\" data-element_type=\"section\">\n\t\t\t\t\t\t<div class=\"elementor-container elementor-column-gap-default\">\n\t\t\t\t\t<div class=\"elementor-column elementor-col-100 elementor-top-column elementor-element elementor-element-15b6def8\" data-id=\"15b6def8\" data-element_type=\"column\">\n\t\t\t<div class=\"elementor-widget-wrap elementor-element-populated\">\n\t\t\t\t\t\t<div class=\"elementor-element elementor-element-27c1b318 elementor-widget__width-initial elementor-widget elementor-widget-text-editor\" data-id=\"27c1b318\" data-element_type=\"widget\" data-widget_type=\"text-editor.default\">\n\t\t\t\t<div class=\"elementor-widget-container\">\n\t\t\t\t\t\t\t<p><!-- wp:html --><\/p>\n<p><!-- wp:tadv\/classic-paragraph --><\/p>\n<p><span style=\"font-size: 18pt\"><strong>Docentes:<\/strong><\/span><\/p>\n<p>Marcelo Leite Da Veiga &#8211; Coordenador<br>Jurema Salerno Depedrini &#8211; Curadora<br>Giovani Sturmer &#8211; Coordenador de Virtualiza\u00e7\u00e3o e Tecnologia&nbsp;<\/p>\n<p><\/p>\n<p><span style=\"color: #1c1c1c;font-size: 16px\">Dorival Terra Martini<\/span><br style=\"color: #1c1c1c;font-size: 16px\"><span style=\"color: #1c1c1c;font-size: 16px\">Fabiana de C\u00e1ssia Romanha Sturmer<\/span><br style=\"color: #1c1c1c;font-size: 16px\"><span style=\"color: #1c1c1c;font-size: 16px\">Luciano de Moraes Pinto<\/span><\/p>\n<p><span style=\"color: #1c1c1c;font-size: 16px\">&nbsp;<\/span><span style=\"color: #1c1c1c;font-size: 16px;font-weight: var( --e-global-typography-text-font-weight );text-align: var(--bs-body-text-align)\">&nbsp;<\/span><\/p>\n<p><span style=\"font-size: 18pt\"><b>T\u00e9cnicos:<\/b><\/span><\/p>\n<p><span style=\"color: #1c1c1c;font-size: 16px\">Daniel Prato Schmidt<\/span><br>Joao Vlademir dos Santos Roberts<\/p>\n<p><b style=\"font-size: 18pt;text-align: var(--bs-body-text-align)\">&nbsp;<\/b><\/p>\n<p><b style=\"font-size: 18pt;text-align: var(--bs-body-text-align)\">Tutores Discentes:<\/b><\/p>\n<p>Alessandro Rios Dutra &#8211; Enfermagem<br>Aline Abud Gomes &#8211; Medicina<br>Ane Gabriele Aquino Ramos &#8211; Odontologia<br>Anna J\u00falia Soares Andrade &#8211; Medicina<br>Beatriz Moraes Koelher &#8211; Medicina<br>Daniele De Moura Linhares &#8211; Eng. San.Amb.<br>Deisi Vieira Dos Santos &#8211; Farm\u00e1cia<br>Eduarda Michel da Silva &#8211; Odontologia<br>Eillen karine wahlbrink lohmann &#8211; Enfermagem<br>Everton Luiz Albigo da Costa &#8211; Veterin\u00e1ria<\/p>\n<p>Fernanda Costa Tonello &#8211; Veterin\u00e1ria<br>Gabrielli Nunes Mendes &#8211; Odontologia<br>Gabriel Montagner Thalheimer &#8211; Fisioterapia<br>Helen Luiza Engelmann &#8211; Fisioterapia<br>Isabela Maraschin Vieira &#8211; Zootecnia <br>Jo\u00e3o Victor Andrade de Sa &#8211; Medicina<br>Jo\u00e3o Victor da Cruz Collovini Silveira &#8211; Medicina<br>Julia da Silva Lima &#8211; Veterin\u00e1ria <br>J\u00falia Gomes Fernandes &#8211; Medicina<br>L\u00edvia Mello Xavier &#8211; Odontologia<br>Luis Gustavo Martinho dos Santos &#8211; Veterin\u00e1ria<br>Maria Eduarda Borges Pedro &#8211; Odontologia<br>Maria Eduarda Rodrigues Bohmer &#8211; Enfermagem<br>Noemi Roder &#8211; Medicina<br>Rafaela anversa Schreiner &#8211; Fisioterapia<br>Rafaela Bassan Bortoluzi &#8211; Fisioterapia<br>Rubens Candido Moriconi &#8211; Medicina<br>Sara Rubert Picolini &#8211; Enfermagem<br>Thales Pav\u00e3o Cardoso &#8211; Medicina<br>Victoria Zambon Brondani &#8211; Medicina<\/p>\n<p><!-- \/wp:tadv\/classic-paragraph --><\/p>\n<p><!-- \/wp:html --><\/p>\t\t\t\t\t\t<\/div>\n\t\t\t\t<\/div>\n\t\t\t\t\t<\/div>\n\t\t<\/div>\n\t\t\t\t\t<\/div>\n\t\t<\/section>\n\t\t\t\t<\/div>\n\t\t","protected":false},"excerpt":{"rendered":"","protected":false},"author":25,"featured_media":0,"parent":0,"menu_order":0,"comment_status":"closed","ping_status":"closed","template":"","meta":{"footnotes":""},"categories":[],"tags":[],"class_list":["post-154","page","type-page","status-publish","hentry"],"acf":[],"_links":{"self":[{"href":"https:\/\/www.ufsm.br\/museus\/mostra-morfologia\/wp-json\/wp\/v2\/pages\/154","targetHints":{"allow":["GET"]}}],"collection":[{"href":"https:\/\/www.ufsm.br\/museus\/mostra-morfologia\/wp-json\/wp\/v2\/pages"}],"about":[{"href":"https:\/\/www.ufsm.br\/museus\/mostra-morfologia\/wp-json\/wp\/v2\/types\/page"}],"author":[{"embeddable":true,"href":"https:\/\/www.ufsm.br\/museus\/mostra-morfologia\/wp-json\/wp\/v2\/users\/25"}],"replies":[{"embeddable":true,"href":"https:\/\/www.ufsm.br\/museus\/mostra-morfologia\/wp-json\/wp\/v2\/comments?post=154"}],"version-history":[{"count":0,"href":"https:\/\/www.ufsm.br\/museus\/mostra-morfologia\/wp-json\/wp\/v2\/pages\/154\/revisions"}],"wp:attachment":[{"href":"https:\/\/www.ufsm.br\/museus\/mostra-morfologia\/wp-json\/wp\/v2\/media?parent=154"}],"wp:term":[{"taxonomy":"category","embeddable":true,"href":"https:\/\/www.ufsm.br\/museus\/mostra-morfologia\/wp-json\/wp\/v2\/categories?post=154"},{"taxonomy":"post_tag","embeddable":true,"href":"https:\/\/www.ufsm.br\/museus\/mostra-morfologia\/wp-json\/wp\/v2\/tags?post=154"}],"curies":[{"name":"wp","href":"https:\/\/api.w.org\/{rel}","templated":true}]}}