{"id":196,"date":"2022-11-14T22:20:31","date_gmt":"2022-11-15T01:20:31","guid":{"rendered":"https:\/\/www.ufsm.br\/projetos\/extensao\/mostra-morfologia\/?page_id=196"},"modified":"2022-11-16T11:20:44","modified_gmt":"2022-11-16T14:20:44","slug":"informacoes-gerais","status":"publish","type":"page","link":"https:\/\/www.ufsm.br\/museus\/mostra-morfologia\/informacoes-gerais","title":{"rendered":"O que voc\u00ea encontrar\u00e1 aqui"},"content":{"rendered":"\n<p>O acervo apresentado pela Mostra de Ci\u00eancias Morfol\u00f3gicas abarca os conhecimentos das sub\u00e1reas morfol\u00f3gicas, a Anatomia Humana, Anatomia Animal, Histologia e Embriologia, apresentando estes conhecimentos de forma integrada, considerando que todas estas s\u00e3o apenas formas e tempos diferentes de se enxergar aos organismos.<\/p>\n<p>As anatomias humanas e animal apresentam a corpos de diferentes esp\u00e9cies, que compartilham, por\u00e9m, de similaridades quanto a estruturas, \u00f3rg\u00e3os e sistemas.\u00a0 A anatomia e a histologia, s\u00e3o apenas diferentes formas de se observar as mesmas estruturas, diferindo quanto a amplia\u00e7\u00e3o e equipamentos necess\u00e1rios e resultando em maior ou menor resolu\u00e7\u00e3o e precis\u00e3o. A embriologia trata da sua origem, mas fen\u00f4menos embrion\u00e1rios ocorrem tamb\u00e9m em indiv\u00edduos ap\u00f3s seu nascimento, por exemplo, ao crescer e regenerar.<\/p>\n<p>Ao apresentar cada pe\u00e7a do acervo, considerando e indicando similaridades e diferen\u00e7as entre esp\u00e9cies, tamb\u00e9m se estabelece rela\u00e7\u00e3o entre os conhecimentos adquiridos nas ci\u00eancias que abordam a zoologia, a evolu\u00e7\u00e3o, a gen\u00e9tica, a bioqu\u00edmica, etc.<\/p>\n<p>Ao comparar estruturas saud\u00e1veis e patol\u00f3gicas, se leva o visitante a considerar os mais variados aspectos da sua vida di\u00e1ria, sejam h\u00e1bitos alimentares, v\u00edcios, estilo de vida, heran\u00e7a familiar, e tantos outros.<\/p>\n<p>Finalmente, ao apresentar o cad\u00e1ver humano, com sua beleza e relev\u00e2ncia para o estudo biom\u00e9dico, desmistificando o tema, tamb\u00e9m se convida o indiv\u00edduo a pensar quanto \u00e0 sua cosmovis\u00e3o, suas cren\u00e7as, religiosidade\/espiritualidade, responsabilidades social e civil, estimulando a forma\u00e7\u00e3o de um ser hol\u00edstico, consciente e comprometido consigo mesmo, com sua fam\u00edlia e comunidade.<\/p>\n<p>Por tudo isso, a Mostra de Ci\u00eancias Morfol\u00f3gicas da UFSM espera facilitar e estimular a forma\u00e7\u00e3o acad\u00eamica e cient\u00edfica, ao promover significativas melhorias educacionais e sociais, no \u00e2mbito local, regional, nacional e porque n\u00e3o mundial.<\/p>\n","protected":false},"excerpt":{"rendered":"<p>O acervo apresentado pela Mostra de Ci\u00eancias Morfol\u00f3gicas abarca os conhecimentos das sub\u00e1reas morfol\u00f3gicas, a Anatomia Humana, Anatomia Animal, Histologia e Embriologia, apresentando estes conhecimentos de forma integrada, considerando que todas estas s\u00e3o apenas formas e tempos diferentes de se enxergar aos organismos. As anatomias humanas e animal apresentam a corpos de diferentes esp\u00e9cies, que [&hellip;]<\/p>\n","protected":false},"author":1626,"featured_media":0,"parent":0,"menu_order":0,"comment_status":"closed","ping_status":"closed","template":"","meta":{"footnotes":""},"categories":[],"tags":[],"class_list":["post-196","page","type-page","status-publish","hentry"],"acf":[],"_links":{"self":[{"href":"https:\/\/www.ufsm.br\/museus\/mostra-morfologia\/wp-json\/wp\/v2\/pages\/196","targetHints":{"allow":["GET"]}}],"collection":[{"href":"https:\/\/www.ufsm.br\/museus\/mostra-morfologia\/wp-json\/wp\/v2\/pages"}],"about":[{"href":"https:\/\/www.ufsm.br\/museus\/mostra-morfologia\/wp-json\/wp\/v2\/types\/page"}],"author":[{"embeddable":true,"href":"https:\/\/www.ufsm.br\/museus\/mostra-morfologia\/wp-json\/wp\/v2\/users\/1626"}],"replies":[{"embeddable":true,"href":"https:\/\/www.ufsm.br\/museus\/mostra-morfologia\/wp-json\/wp\/v2\/comments?post=196"}],"version-history":[{"count":0,"href":"https:\/\/www.ufsm.br\/museus\/mostra-morfologia\/wp-json\/wp\/v2\/pages\/196\/revisions"}],"wp:attachment":[{"href":"https:\/\/www.ufsm.br\/museus\/mostra-morfologia\/wp-json\/wp\/v2\/media?parent=196"}],"wp:term":[{"taxonomy":"category","embeddable":true,"href":"https:\/\/www.ufsm.br\/museus\/mostra-morfologia\/wp-json\/wp\/v2\/categories?post=196"},{"taxonomy":"post_tag","embeddable":true,"href":"https:\/\/www.ufsm.br\/museus\/mostra-morfologia\/wp-json\/wp\/v2\/tags?post=196"}],"curies":[{"name":"wp","href":"https:\/\/api.w.org\/{rel}","templated":true}]}}