{"id":394,"date":"2023-09-05T16:44:11","date_gmt":"2023-09-05T19:44:11","guid":{"rendered":"https:\/\/www.ufsm.br\/museus\/mostra-morfologia\/?page_id=394"},"modified":"2024-08-27T14:59:48","modified_gmt":"2024-08-27T17:59:48","slug":"teste","status":"publish","type":"page","link":"https:\/\/www.ufsm.br\/museus\/mostra-morfologia\/teste","title":{"rendered":"Editais e Publica\u00e7\u00f5es"},"content":{"rendered":"\t\t<div data-elementor-type=\"wp-page\" data-elementor-id=\"394\" class=\"elementor elementor-394\">\n\t\t\t\t\t\t<section class=\"elementor-section elementor-top-section elementor-element elementor-element-9e30e03 elementor-section-boxed elementor-section-height-default elementor-section-height-default\" data-id=\"9e30e03\" data-element_type=\"section\">\n\t\t\t\t\t\t<div class=\"elementor-container elementor-column-gap-default\">\n\t\t\t\t\t<div class=\"elementor-column elementor-col-100 elementor-top-column elementor-element elementor-element-138f6ccf\" data-id=\"138f6ccf\" data-element_type=\"column\">\n\t\t\t<div class=\"elementor-widget-wrap elementor-element-populated\">\n\t\t\t\t\t\t<div class=\"elementor-element elementor-element-65e79811 elementor-widget elementor-widget-text-editor\" data-id=\"65e79811\" data-element_type=\"widget\" data-widget_type=\"text-editor.default\">\n\t\t\t\t<div class=\"elementor-widget-container\">\n\t\t\t\t\t\t\t<p><!-- wp:tadv\/classic-paragraph \/--><\/p>\n<h2><em><strong>Editais de Sele\u00e7\u00e3o de Bolsista Subsidiado Eventual: 2024\/2<\/strong><\/em><\/h2>\n<div>\n<p>\u00a0 \u00a0 \u00a0 \u00a0 \u00a0 \u00a0 \u00a0 \u00a0 \u00a0 \u00a0 \u00a0 \u00a0 \u00a0 \u00a0 \u00a0 \u00a0 \u00a0 \u00a0 \u00a0 \u00a0 \u00a0 \u00a0 \u00a0 \u00a0 \u00a0 \u00a0 \u00a0 \u00a0 \u00a0 \u00a0 \u00a0 \u00a0 \u00a0 \u00a0 \u00a0 \u00a0 \u00a0 \u00a0 \u00a0 \u00a0 \u00a0 \u00a0 \u00a0 \u00a0 \u00a0 \u00a0 \u00a0 \u00a0 \u00a0 \u00a0 \u00a0<strong><span style=\"color: #ff0000;font-size: 16px;text-align: var(--bs-body-text-align)\">Inscri\u00e7\u00f5es at\u00e9 26\/08\/2024 (encerradas)<\/span><\/strong><\/p>\n<p><a href=\"https:\/\/drive.google.com\/file\/d\/1V0W5jk_sqvzzr-g-jSQROTmMizlmB4pc\/view?usp=sharing\"><span style=\"color: #000000\">Edital Museu Virtual &#8211; Tainacan (clique aqui)<\/span><\/a><\/p>\n<p><a href=\"https:\/\/drive.google.com\/file\/d\/1najy57IEhXGcIM6AMGKU8jffhp4b0GNX\/view?usp=sharing\"><span style=\"color: #000000\"><span style=\"font-size: 1rem;font-weight: var( --e-global-typography-text-font-weight );text-align: var(--bs-body-text-align)\">Edital MCM &#8211; Olimp\u00edada Morfol\u00f3gica\u00a0<\/span><span style=\"font-size: 16px;font-weight: var( --e-global-typography-text-font-weight );text-align: var(--bs-body-text-align)\">(clique aqui)<\/span><span style=\"font-size: 1rem;font-weight: var( --e-global-typography-text-font-weight );text-align: var(--bs-body-text-align)\">\u00a0<\/span><\/span><\/a><\/p>\n<p>\u00a0<\/p>\n<p><b>Resultados preliminares:\u00a0 \u00a0 \u00a0<\/b><\/p>\n<p style=\"color: #000000;font-size: 16px\">\u00a0 \u00a0 \u00a0 \u00a0 \u00a0 <a href=\"https:\/\/drive.google.com\/file\/d\/18BAD1uPXjT-zsTCxuuvIXOJhwDABMf6a\/view?usp=sharing\">Resultado preliminar &#8211;\u00a0<span style=\"color: #000000\">Edital Museu Virtual &#8211; Tainacan (clique aqui)<\/span><\/a><\/p>\n<p style=\"color: #000000;font-size: 16px\"><span style=\"color: #000000;font-size: 16px;font-weight: var( --e-global-typography-text-font-weight );text-align: var(--bs-body-text-align)\">\u00a0 \u00a0 \u00a0 \u00a0 \u00a0<a href=\"https:\/\/drive.google.com\/file\/d\/17C1eDe6PzCWyUKXgE4e6Jb4kvqtu-76N\/view?usp=sharing\"> Resultado preliminar &#8211;\u00a0<\/a><\/span><span style=\"color: #000000\"><a href=\"https:\/\/drive.google.com\/file\/d\/17C1eDe6PzCWyUKXgE4e6Jb4kvqtu-76N\/view?usp=sharing\"><span style=\"font-size: 1rem;font-weight: var( --e-global-typography-text-font-weight );text-align: var(--bs-body-text-align)\">Edital MCM &#8211; Olimp\u00edada Morfol\u00f3gica\u00a0<\/span><span style=\"font-size: 16px;font-weight: var( --e-global-typography-text-font-weight );text-align: var(--bs-body-text-align)\">(clique aqui)<\/span><span style=\"font-size: 1rem;font-weight: var( --e-global-typography-text-font-weight );text-align: var(--bs-body-text-align)\">\u00a0<\/span><\/a><\/span><\/p>\n<p>\u00a0<\/p>\n<\/div>\n<h2>\u00a0<\/h2>\n<div>_____________________________________________________________________________________<\/div>\n<h2>Editais anteriores<span style=\"font-size: 2rem;color: #000000;text-align: var(--bs-body-text-align)\">\u00a0<\/span><\/h2>\n<h2 style=\"text-align: left\">\u00a0<\/h2>\n<h2 style=\"text-align: left\">Sele\u00e7\u00e3o Tutores da Mostra de Ci\u00eancias Morfol\u00f3gicas &#8211; 2023\/2<\/h2>\n<p><a href=\"https:\/\/drive.google.com\/file\/d\/1xnOUtQH039sjNm4wvK04XCSLIdK48Edi\/view?usp=drive_link\">Resultado da sele\u00e7\u00e3o (clique aqui)<\/a><\/p>\n<p>\u00a0<\/p>\t\t\t\t\t\t<\/div>\n\t\t\t\t<\/div>\n\t\t\t\t\t<\/div>\n\t\t<\/div>\n\t\t\t\t\t<\/div>\n\t\t<\/section>\n\t\t\t\t<\/div>\n\t\t","protected":false},"excerpt":{"rendered":"<p>Editais de Sele\u00e7\u00e3o de Bolsista Subsidiado Eventual: 2024\/2 \u00a0 \u00a0 \u00a0 \u00a0 \u00a0 \u00a0 \u00a0 \u00a0 \u00a0 \u00a0 \u00a0 \u00a0 \u00a0 \u00a0 \u00a0 \u00a0 \u00a0 \u00a0 \u00a0 \u00a0 \u00a0 \u00a0 \u00a0 \u00a0 \u00a0 \u00a0 \u00a0 \u00a0 \u00a0 \u00a0 \u00a0 \u00a0 \u00a0 \u00a0 \u00a0 \u00a0 \u00a0 \u00a0 \u00a0 \u00a0 \u00a0 \u00a0 \u00a0 \u00a0 \u00a0 \u00a0 \u00a0 [&hellip;]<\/p>\n","protected":false},"author":5877,"featured_media":0,"parent":0,"menu_order":0,"comment_status":"closed","ping_status":"closed","template":"","meta":{"footnotes":""},"categories":[],"tags":[],"class_list":["post-394","page","type-page","status-publish","hentry"],"acf":[],"_links":{"self":[{"href":"https:\/\/www.ufsm.br\/museus\/mostra-morfologia\/wp-json\/wp\/v2\/pages\/394","targetHints":{"allow":["GET"]}}],"collection":[{"href":"https:\/\/www.ufsm.br\/museus\/mostra-morfologia\/wp-json\/wp\/v2\/pages"}],"about":[{"href":"https:\/\/www.ufsm.br\/museus\/mostra-morfologia\/wp-json\/wp\/v2\/types\/page"}],"author":[{"embeddable":true,"href":"https:\/\/www.ufsm.br\/museus\/mostra-morfologia\/wp-json\/wp\/v2\/users\/5877"}],"replies":[{"embeddable":true,"href":"https:\/\/www.ufsm.br\/museus\/mostra-morfologia\/wp-json\/wp\/v2\/comments?post=394"}],"version-history":[{"count":0,"href":"https:\/\/www.ufsm.br\/museus\/mostra-morfologia\/wp-json\/wp\/v2\/pages\/394\/revisions"}],"wp:attachment":[{"href":"https:\/\/www.ufsm.br\/museus\/mostra-morfologia\/wp-json\/wp\/v2\/media?parent=394"}],"wp:term":[{"taxonomy":"category","embeddable":true,"href":"https:\/\/www.ufsm.br\/museus\/mostra-morfologia\/wp-json\/wp\/v2\/categories?post=394"},{"taxonomy":"post_tag","embeddable":true,"href":"https:\/\/www.ufsm.br\/museus\/mostra-morfologia\/wp-json\/wp\/v2\/tags?post=394"}],"curies":[{"name":"wp","href":"https:\/\/api.w.org\/{rel}","templated":true}]}}