{"id":449,"date":"2023-12-15T09:25:48","date_gmt":"2023-12-15T12:25:48","guid":{"rendered":"https:\/\/www.ufsm.br\/museus\/mostra-morfologia\/?page_id=449"},"modified":"2023-12-15T09:27:35","modified_gmt":"2023-12-15T12:27:35","slug":"io-simposio-de-acervos-de-ciencias-morfologicas","status":"publish","type":"page","link":"https:\/\/www.ufsm.br\/museus\/mostra-morfologia\/io-simposio-de-acervos-de-ciencias-morfologicas","title":{"rendered":"I\u00ba Simp\u00f3sio de Acervos de Ci\u00eancias Morfol\u00f3gicas"},"content":{"rendered":"\n<p><\/p>\n<h3>I\u00ba Simp\u00f3sio de Acervos de Ci\u00eancias Morfol\u00f3gicas<\/h3>\n<p>Nos dias 25 e 26 de outubro do presente ano (2023), ocorreram nas depend\u00eancias do pr\u00e9dio 19, no Departamento de Morfologia, o I\u00ba Simp\u00f3sio de Acervos de Ci\u00eancias Morfol\u00f3gicas, evento o qual encarregados e interessados por museus morfol\u00f3gicos e similares puderam participar de mesas com apresenta\u00e7\u00f5es e discuss\u00f5es sobre oportunidades, fraquezas e amea\u00e7as.\u00a0<\/p>\n<p>\u00a0<\/p>\n<p><\/p>\n\n\n\n\n\n<figure class=\"wp-block-gallery has-nested-images columns-default is-cropped wp-block-gallery-1 is-layout-flex wp-block-gallery-is-layout-flex\">\n<figure class=\"wp-block-image size-large\"><img fetchpriority=\"high\" decoding=\"async\" width=\"1024\" height=\"683\" data-id=\"442\" src=\"https:\/\/www.ufsm.br\/app\/uploads\/sites\/886\/2023\/12\/IMG_7089-1024x683.jpg\" alt=\"\" class=\"wp-image-442\" srcset=\"https:\/\/www.ufsm.br\/app\/uploads\/sites\/886\/2023\/12\/IMG_7089-1024x683.jpg 1024w, https:\/\/www.ufsm.br\/app\/uploads\/sites\/886\/2023\/12\/IMG_7089-300x200.jpg 300w, https:\/\/www.ufsm.br\/app\/uploads\/sites\/886\/2023\/12\/IMG_7089-768x512.jpg 768w, https:\/\/www.ufsm.br\/app\/uploads\/sites\/886\/2023\/12\/IMG_7089-1536x1024.jpg 1536w, https:\/\/www.ufsm.br\/app\/uploads\/sites\/886\/2023\/12\/IMG_7089-272x182.jpg 272w, https:\/\/www.ufsm.br\/app\/uploads\/sites\/886\/2023\/12\/IMG_7089.jpg 1920w\" sizes=\"(max-width: 1024px) 100vw, 1024px\" \/><\/figure>\n\n\n\n<figure class=\"wp-block-image size-large\"><img decoding=\"async\" width=\"1024\" height=\"683\" data-id=\"441\" src=\"https:\/\/www.ufsm.br\/app\/uploads\/sites\/886\/2023\/12\/IMG_7681-1024x683.jpg\" alt=\"\" class=\"wp-image-441\" srcset=\"https:\/\/www.ufsm.br\/app\/uploads\/sites\/886\/2023\/12\/IMG_7681-1024x683.jpg 1024w, https:\/\/www.ufsm.br\/app\/uploads\/sites\/886\/2023\/12\/IMG_7681-300x200.jpg 300w, https:\/\/www.ufsm.br\/app\/uploads\/sites\/886\/2023\/12\/IMG_7681-768x512.jpg 768w, https:\/\/www.ufsm.br\/app\/uploads\/sites\/886\/2023\/12\/IMG_7681-1536x1024.jpg 1536w, https:\/\/www.ufsm.br\/app\/uploads\/sites\/886\/2023\/12\/IMG_7681-272x182.jpg 272w, https:\/\/www.ufsm.br\/app\/uploads\/sites\/886\/2023\/12\/IMG_7681.jpg 1920w\" sizes=\"(max-width: 1024px) 100vw, 1024px\" \/><\/figure>\n<\/figure>\n\n\n\n<hr class=\"wp-block-separator has-alpha-channel-opacity\" \/>\n\n\n\n<p>Durante os dois dias de eventos, diversos nomes relacionados a esses espa\u00e7os museol\u00f3gicos se fizeram presentes, confira alguns: <\/p>\n\n\n\n<ul class=\"wp-block-list\">\n<li>Prof. Dr. Marcelo Leite da Veiga (UFSM);<\/li>\n\n\n\n<li>Prof. Dr. Giovani Sturmer (UFSM);<\/li>\n\n\n\n<li>Prof\u00aa. Dr\u00aa. Jurema Salermo Depedrini (UFSM);<\/li>\n\n\n\n<li>Prof. Dr. Luciano de Morais Pinto (UFSM);<\/li>\n\n\n\n<li>Prof. Dr. Marc\u00edlio Hubner (UEM);<\/li>\n\n\n\n<li>Prof\u00aa. Ms\u00aa. Ludmila Ribeiro de Carvalho (UFRJ);<\/li>\n\n\n\n<li>Prof\u00aa. Dr\u00aa. Maria Fernanda Torres (UFPR);<\/li>\n\n\n\n<li>Prof. Ms. Jos\u00e9 Guilherme Veras Closs (USP);<\/li>\n\n\n\n<li>Prof. Dr. Guilherme P. Chiarello (UFSM);<\/li>\n\n\n\n<li>Prof. Dr. Edson Liberti (USP);<\/li>\n\n\n\n<li>Prof. Jo\u00e3o Vlademir do Santos Roberts (UFSM).<\/li>\n<\/ul>\n\n\n\n<p>Acesse abaixo a lista de certificados, fotos e o Anais do Eventos.<\/p>\n<ul>\n<li>Certificados participantes <a href=\"https:\/\/drive.google.com\/drive\/folders\/1MjOJ7wgPZuME9f1EbXU_pl_FqHEXqUG1?usp=sharing\" target=\"_blank\" rel=\"noopener\"><em>(clique aqui para acessar).<\/em><\/a><\/li>\n<li>Fotos\u00a0<em><a href=\"https:\/\/drive.google.com\/drive\/folders\/1Iul67mhVrRYu0phM8JT55xDOwLten1xP?usp=sharing\" target=\"_blank\" rel=\"noopener\">(clique aqui para acessar)<\/a>.\u00a0<\/em><\/li>\n<li>Anais do Evento <em>(clique aqui para acessar).\u00a0<\/em>EM BREVE<\/li>\n<\/ul>\n","protected":false},"excerpt":{"rendered":"<p>Durante os dois dias de eventos, diversos nomes relacionados a esses espa\u00e7os museol\u00f3gicos se fizeram presentes, confira alguns: Acesse abaixo a lista de certificados, fotos e o Anais do Eventos. Certificados participantes (clique aqui para acessar). Fotos\u00a0(clique aqui para acessar).\u00a0 Anais do Evento (clique aqui para acessar).\u00a0EM BREVE<\/p>\n","protected":false},"author":5877,"featured_media":0,"parent":0,"menu_order":0,"comment_status":"closed","ping_status":"closed","template":"","meta":{"footnotes":""},"categories":[],"tags":[],"class_list":["post-449","page","type-page","status-publish","hentry"],"acf":[],"_links":{"self":[{"href":"https:\/\/www.ufsm.br\/museus\/mostra-morfologia\/wp-json\/wp\/v2\/pages\/449","targetHints":{"allow":["GET"]}}],"collection":[{"href":"https:\/\/www.ufsm.br\/museus\/mostra-morfologia\/wp-json\/wp\/v2\/pages"}],"about":[{"href":"https:\/\/www.ufsm.br\/museus\/mostra-morfologia\/wp-json\/wp\/v2\/types\/page"}],"author":[{"embeddable":true,"href":"https:\/\/www.ufsm.br\/museus\/mostra-morfologia\/wp-json\/wp\/v2\/users\/5877"}],"replies":[{"embeddable":true,"href":"https:\/\/www.ufsm.br\/museus\/mostra-morfologia\/wp-json\/wp\/v2\/comments?post=449"}],"version-history":[{"count":0,"href":"https:\/\/www.ufsm.br\/museus\/mostra-morfologia\/wp-json\/wp\/v2\/pages\/449\/revisions"}],"wp:attachment":[{"href":"https:\/\/www.ufsm.br\/museus\/mostra-morfologia\/wp-json\/wp\/v2\/media?parent=449"}],"wp:term":[{"taxonomy":"category","embeddable":true,"href":"https:\/\/www.ufsm.br\/museus\/mostra-morfologia\/wp-json\/wp\/v2\/categories?post=449"},{"taxonomy":"post_tag","embeddable":true,"href":"https:\/\/www.ufsm.br\/museus\/mostra-morfologia\/wp-json\/wp\/v2\/tags?post=449"}],"curies":[{"name":"wp","href":"https:\/\/api.w.org\/{rel}","templated":true}]}}