{"id":170,"date":"2020-02-11T09:37:02","date_gmt":"2020-02-11T12:37:02","guid":{"rendered":"https:\/\/www.ufsm.br\/unidades-universitarias\/ccr\/msrs\/?page_id=170"},"modified":"2020-06-18T21:26:02","modified_gmt":"2020-06-19T00:26:02","slug":"como-chegar","status":"publish","type":"page","link":"https:\/\/www.ufsm.br\/museus\/msrs\/como-chegar","title":{"rendered":"Como chegar"},"content":{"rendered":"\t\t<div data-elementor-type=\"wp-page\" data-elementor-id=\"170\" class=\"elementor elementor-170\">\n\t\t\t\t\t\t<section class=\"elementor-section elementor-top-section elementor-element elementor-element-465c5c9 elementor-section-boxed elementor-section-height-default elementor-section-height-default\" data-id=\"465c5c9\" data-element_type=\"section\">\n\t\t\t\t\t\t<div class=\"elementor-container elementor-column-gap-default\">\n\t\t\t\t\t<div class=\"elementor-column elementor-col-100 elementor-top-column elementor-element elementor-element-17bcb53\" data-id=\"17bcb53\" data-element_type=\"column\">\n\t\t\t<div class=\"elementor-widget-wrap elementor-element-populated\">\n\t\t\t\t\t\t<div class=\"elementor-element elementor-element-e716cb6 elementor-widget elementor-widget-text-editor\" data-id=\"e716cb6\" data-element_type=\"widget\" data-widget_type=\"text-editor.default\">\n\t\t\t\t<div class=\"elementor-widget-container\">\n\t\t\t\t\t\t\t<p>O Museu de Solos do RS est\u00e1 localizado no Campus da UFSM, no Bairro Camobi, Santa Maria, no Pr\u00e9dio 44 (sala 4999) do Centro de Ci\u00eancias Rurais (CCR). Para chegar at\u00e9 o museu, basta percorrer a Avenida Roraima at\u00e9 o fim, dobrar a direita e passar pelos pr\u00e9dios 40 e 42, chegando at\u00e9 o pr\u00e9dio 44. O museu fica no subsolo do pr\u00e9dio 44, com acesso pelo lado externo do pr\u00e9dio.<\/p>\t\t\t\t\t\t<\/div>\n\t\t\t\t<\/div>\n\t\t\t\t\t<\/div>\n\t\t<\/div>\n\t\t\t\t\t<\/div>\n\t\t<\/section>\n\t\t\t\t<section class=\"elementor-section elementor-top-section elementor-element elementor-element-2de6cab elementor-section-boxed elementor-section-height-default elementor-section-height-default\" data-id=\"2de6cab\" data-element_type=\"section\">\n\t\t\t\t\t\t<div class=\"elementor-container elementor-column-gap-default\">\n\t\t\t\t\t<div class=\"elementor-column elementor-col-100 elementor-top-column elementor-element elementor-element-79a98c5\" data-id=\"79a98c5\" data-element_type=\"column\">\n\t\t\t<div class=\"elementor-widget-wrap elementor-element-populated\">\n\t\t\t\t\t\t<div class=\"elementor-element elementor-element-56d6f20 elementor-position-top elementor-widget elementor-widget-image-box\" data-id=\"56d6f20\" data-element_type=\"widget\" data-widget_type=\"image-box.default\">\n\t\t\t\t<div class=\"elementor-widget-container\">\n\t\t\t<div class=\"elementor-image-box-wrapper\"><figure class=\"elementor-image-box-img\"><img fetchpriority=\"high\" decoding=\"async\" width=\"1920\" height=\"1599\" src=\"https:\/\/www.ufsm.br\/app\/uploads\/sites\/806\/2020\/06\/Localiza\u00e7\u00e3o-msrs.jpg\" class=\"attachment-2048x2048 size-2048x2048 wp-image-884\" alt=\"\" srcset=\"https:\/\/www.ufsm.br\/app\/uploads\/sites\/806\/2020\/06\/Localiza\u00e7\u00e3o-msrs.jpg 1920w, https:\/\/www.ufsm.br\/app\/uploads\/sites\/806\/2020\/06\/Localiza\u00e7\u00e3o-msrs-300x250.jpg 300w, https:\/\/www.ufsm.br\/app\/uploads\/sites\/806\/2020\/06\/Localiza\u00e7\u00e3o-msrs-1024x853.jpg 1024w, https:\/\/www.ufsm.br\/app\/uploads\/sites\/806\/2020\/06\/Localiza\u00e7\u00e3o-msrs-768x640.jpg 768w, https:\/\/www.ufsm.br\/app\/uploads\/sites\/806\/2020\/06\/Localiza\u00e7\u00e3o-msrs-1536x1279.jpg 1536w\" sizes=\"(max-width: 1920px) 100vw, 1920px\" \/><\/figure><div class=\"elementor-image-box-content\"><h3 class=\"elementor-image-box-title\">Mapa de localiza\u00e7\u00e3o do MSRS<\/h3><\/div><\/div>\t\t<\/div>\n\t\t\t\t<\/div>\n\t\t\t\t\t<\/div>\n\t\t<\/div>\n\t\t\t\t\t<\/div>\n\t\t<\/section>\n\t\t\t\t<\/div>\n\t\t","protected":false},"excerpt":{"rendered":"<p>O Museu de Solos do RS est\u00e1 localizado no Campus da UFSM, no Bairro Camobi, Santa Maria, no Pr\u00e9dio 44 (sala 4999) do Centro de Ci\u00eancias Rurais (CCR). Para chegar at\u00e9 o museu, basta percorrer a Avenida Roraima at\u00e9 o fim, dobrar a direita e passar pelos pr\u00e9dios 40 e 42, chegando at\u00e9 o pr\u00e9dio [&hellip;]<\/p>\n","protected":false},"author":867,"featured_media":0,"parent":0,"menu_order":0,"comment_status":"closed","ping_status":"closed","template":"","meta":{"footnotes":""},"categories":[],"tags":[],"class_list":["post-170","page","type-page","status-publish","hentry"],"acf":[],"_links":{"self":[{"href":"https:\/\/www.ufsm.br\/museus\/msrs\/wp-json\/wp\/v2\/pages\/170","targetHints":{"allow":["GET"]}}],"collection":[{"href":"https:\/\/www.ufsm.br\/museus\/msrs\/wp-json\/wp\/v2\/pages"}],"about":[{"href":"https:\/\/www.ufsm.br\/museus\/msrs\/wp-json\/wp\/v2\/types\/page"}],"author":[{"embeddable":true,"href":"https:\/\/www.ufsm.br\/museus\/msrs\/wp-json\/wp\/v2\/users\/867"}],"replies":[{"embeddable":true,"href":"https:\/\/www.ufsm.br\/museus\/msrs\/wp-json\/wp\/v2\/comments?post=170"}],"version-history":[{"count":0,"href":"https:\/\/www.ufsm.br\/museus\/msrs\/wp-json\/wp\/v2\/pages\/170\/revisions"}],"wp:attachment":[{"href":"https:\/\/www.ufsm.br\/museus\/msrs\/wp-json\/wp\/v2\/media?parent=170"}],"wp:term":[{"taxonomy":"category","embeddable":true,"href":"https:\/\/www.ufsm.br\/museus\/msrs\/wp-json\/wp\/v2\/categories?post=170"},{"taxonomy":"post_tag","embeddable":true,"href":"https:\/\/www.ufsm.br\/museus\/msrs\/wp-json\/wp\/v2\/tags?post=170"}],"curies":[{"name":"wp","href":"https:\/\/api.w.org\/{rel}","templated":true}]}}