{"id":171,"date":"2020-02-11T09:40:10","date_gmt":"2020-02-11T12:40:10","guid":{"rendered":"https:\/\/www.ufsm.br\/unidades-universitarias\/ccr\/msrs\/?page_id=171"},"modified":"2021-03-10T08:42:48","modified_gmt":"2021-03-10T11:42:48","slug":"acervo","status":"publish","type":"page","link":"https:\/\/www.ufsm.br\/museus\/msrs\/acervo","title":{"rendered":"Acervo"},"content":{"rendered":"\t\t<div data-elementor-type=\"wp-page\" data-elementor-id=\"171\" class=\"elementor elementor-171\">\n\t\t\t\t\t\t<section class=\"elementor-section elementor-top-section elementor-element elementor-element-4b72d44b elementor-section-boxed elementor-section-height-default elementor-section-height-default\" data-id=\"4b72d44b\" data-element_type=\"section\">\n\t\t\t\t\t\t<div class=\"elementor-container elementor-column-gap-default\">\n\t\t\t\t\t<div class=\"elementor-column elementor-col-100 elementor-top-column elementor-element elementor-element-6948ab83\" data-id=\"6948ab83\" data-element_type=\"column\">\n\t\t\t<div class=\"elementor-widget-wrap elementor-element-populated\">\n\t\t\t\t\t\t<div class=\"elementor-element elementor-element-eac5408 elementor-widget elementor-widget-text-editor\" data-id=\"eac5408\" data-element_type=\"widget\" data-widget_type=\"text-editor.default\">\n\t\t\t\t<div class=\"elementor-widget-container\">\n\t\t\t\t\t\t\t<p style=\"text-align: center\"><strong>MUSEU DE SOLOS DO RIO GRANDE DO SUL &#8211; 48 ANOS SEMEANDO EDUCA\u00c7\u00c3O NOS SOLOS<\/strong><\/p>\n<p><!-- wp:tadv\/classic-paragraph \/--><\/p>\t\t\t\t\t\t<\/div>\n\t\t\t\t<\/div>\n\t\t\t\t\t<\/div>\n\t\t<\/div>\n\t\t\t\t\t<\/div>\n\t\t<\/section>\n\t\t\t\t<section class=\"elementor-section elementor-top-section elementor-element elementor-element-542db90 elementor-section-boxed elementor-section-height-default elementor-section-height-default\" data-id=\"542db90\" data-element_type=\"section\">\n\t\t\t\t\t\t<div class=\"elementor-container elementor-column-gap-default\">\n\t\t\t\t\t<div class=\"elementor-column elementor-col-100 elementor-top-column elementor-element elementor-element-00678a4\" data-id=\"00678a4\" data-element_type=\"column\">\n\t\t\t<div class=\"elementor-widget-wrap elementor-element-populated\">\n\t\t\t\t\t\t<div class=\"elementor-element elementor-element-f106454 elementor-widget elementor-widget-image\" data-id=\"f106454\" data-element_type=\"widget\" data-widget_type=\"image.default\">\n\t\t\t\t<div class=\"elementor-widget-container\">\n\t\t\t\t\t\t\t\t\t\t<figure class=\"wp-caption\">\n\t\t\t\t\t\t\t\t\t\t<img fetchpriority=\"high\" decoding=\"async\" width=\"734\" height=\"412\" src=\"https:\/\/www.ufsm.br\/app\/uploads\/sites\/806\/2020\/06\/sala-museu-1.jpg\" class=\"attachment-large size-large wp-image-889\" alt=\"\" srcset=\"https:\/\/www.ufsm.br\/app\/uploads\/sites\/806\/2020\/06\/sala-museu-1.jpg 734w, https:\/\/www.ufsm.br\/app\/uploads\/sites\/806\/2020\/06\/sala-museu-1-300x168.jpg 300w\" sizes=\"(max-width: 734px) 100vw, 734px\" \/>\t\t\t\t\t\t\t\t\t\t\t<figcaption class=\"widget-image-caption wp-caption-text\"> Vis\u00e3o panor\u00e2mica do Museu de Solos do Rio Grande do Sul.<\/figcaption>\n\t\t\t\t\t\t\t\t\t\t<\/figure>\n\t\t\t\t\t\t\t<\/div>\n\t\t\t\t<\/div>\n\t\t\t\t\t<\/div>\n\t\t<\/div>\n\t\t\t\t\t<\/div>\n\t\t<\/section>\n\t\t\t\t<section class=\"elementor-section elementor-top-section elementor-element elementor-element-9e0441d elementor-section-boxed elementor-section-height-default elementor-section-height-default\" data-id=\"9e0441d\" data-element_type=\"section\">\n\t\t\t\t\t\t<div class=\"elementor-container elementor-column-gap-default\">\n\t\t\t\t\t<div class=\"elementor-column elementor-col-100 elementor-top-column elementor-element elementor-element-53e3a68\" data-id=\"53e3a68\" data-element_type=\"column\">\n\t\t\t<div class=\"elementor-widget-wrap elementor-element-populated\">\n\t\t\t\t\t\t<div class=\"elementor-element elementor-element-575ef80 elementor-widget elementor-widget-text-editor\" data-id=\"575ef80\" data-element_type=\"widget\" data-widget_type=\"text-editor.default\">\n\t\t\t\t<div class=\"elementor-widget-container\">\n\t\t\t\t\t\t\t<p>O museu de solos conta com uma cole\u00e7\u00e3o de mais de 130 monolitos de solos representativos dos Rio Grande do Sul. Estes monolitos s\u00e3o preparados de forma que a sua morfologia seja preservada, permitindo a sua avalia\u00e7\u00e3o morfol\u00f3gica e estudo. Al\u00e9m disso, estes monolitos s\u00e3o ferramentas educativas riqu\u00edssimas, pois permitem que o p\u00fablico em geral e alunos de gradua\u00e7\u00e3o e p\u00f3sgradua\u00e7\u00e3o conhece\u00e7am solos de diferentes ecossistemas em um ambiente \u00fanico. Todos os monolitos apresentam informa\u00e7\u00f5es sobre a sua classifica\u00e7\u00e3o, ambiente de ocorr\u00eancia e dados morfol\u00f3gicos e anal\u00edticos, os quais podem ser acessados via QR Code diretamente no celular.<\/p>\t\t\t\t\t\t<\/div>\n\t\t\t\t<\/div>\n\t\t\t\t\t<\/div>\n\t\t<\/div>\n\t\t\t\t\t<\/div>\n\t\t<\/section>\n\t\t\t\t<section class=\"elementor-section elementor-top-section elementor-element elementor-element-466e2f6 elementor-section-boxed elementor-section-height-default elementor-section-height-default\" data-id=\"466e2f6\" data-element_type=\"section\">\n\t\t\t\t\t\t<div class=\"elementor-container elementor-column-gap-default\">\n\t\t\t\t\t<div class=\"elementor-column elementor-col-100 elementor-top-column elementor-element elementor-element-f9f00f1\" data-id=\"f9f00f1\" data-element_type=\"column\">\n\t\t\t<div class=\"elementor-widget-wrap elementor-element-populated\">\n\t\t\t\t\t\t<div class=\"elementor-element elementor-element-e394cc7 elementor-widget elementor-widget-text-editor\" data-id=\"e394cc7\" data-element_type=\"widget\" data-widget_type=\"text-editor.default\">\n\t\t\t\t<div class=\"elementor-widget-container\">\n\t\t\t\t\t\t\t<p>Al\u00e9m dos monolitos o museu tamb\u00e9m conta com uma cole\u00e7\u00e3o de rochas e minerais formadoras de solos no estado. S\u00e3o mais de 100 amostras de importantes forma\u00e7\u00f5es geol\u00f3gicas que imprimem prorpriedades espec\u00edficas aos solos.<\/p>\t\t\t\t\t\t<\/div>\n\t\t\t\t<\/div>\n\t\t\t\t\t<\/div>\n\t\t<\/div>\n\t\t\t\t\t<\/div>\n\t\t<\/section>\n\t\t\t\t<section class=\"elementor-section elementor-top-section elementor-element elementor-element-61ab373 elementor-section-boxed elementor-section-height-default elementor-section-height-default\" data-id=\"61ab373\" data-element_type=\"section\">\n\t\t\t\t\t\t<div class=\"elementor-container elementor-column-gap-default\">\n\t\t\t\t\t<div class=\"elementor-column elementor-col-100 elementor-top-column elementor-element elementor-element-ea0365b\" data-id=\"ea0365b\" data-element_type=\"column\">\n\t\t\t<div class=\"elementor-widget-wrap elementor-element-populated\">\n\t\t\t\t\t\t<div class=\"elementor-element elementor-element-5986876 elementor-widget elementor-widget-image\" data-id=\"5986876\" data-element_type=\"widget\" data-widget_type=\"image.default\">\n\t\t\t\t<div class=\"elementor-widget-container\">\n\t\t\t\t\t\t\t\t\t\t<figure class=\"wp-caption\">\n\t\t\t\t\t\t\t\t\t\t<img decoding=\"async\" width=\"768\" height=\"431\" src=\"https:\/\/www.ufsm.br\/app\/uploads\/sites\/806\/2020\/06\/rochas-museu-1-768x431.jpg\" class=\"attachment-medium_large size-medium_large wp-image-890\" alt=\"\" srcset=\"https:\/\/www.ufsm.br\/app\/uploads\/sites\/806\/2020\/06\/rochas-museu-1-768x431.jpg 768w, https:\/\/www.ufsm.br\/app\/uploads\/sites\/806\/2020\/06\/rochas-museu-1-300x168.jpg 300w, https:\/\/www.ufsm.br\/app\/uploads\/sites\/806\/2020\/06\/rochas-museu-1-1024x575.jpg 1024w, https:\/\/www.ufsm.br\/app\/uploads\/sites\/806\/2020\/06\/rochas-museu-1-1536x862.jpg 1536w, https:\/\/www.ufsm.br\/app\/uploads\/sites\/806\/2020\/06\/rochas-museu-1.jpg 1845w\" sizes=\"(max-width: 768px) 100vw, 768px\" \/>\t\t\t\t\t\t\t\t\t\t\t<figcaption class=\"widget-image-caption wp-caption-text\">Amostras de rochas e minerais importantes na g\u00eanese dos solos ga\u00fachos.<\/figcaption>\n\t\t\t\t\t\t\t\t\t\t<\/figure>\n\t\t\t\t\t\t\t<\/div>\n\t\t\t\t<\/div>\n\t\t\t\t\t<\/div>\n\t\t<\/div>\n\t\t\t\t\t<\/div>\n\t\t<\/section>\n\t\t\t\t<section class=\"elementor-section elementor-top-section elementor-element elementor-element-79b9f8e elementor-section-boxed elementor-section-height-default elementor-section-height-default\" data-id=\"79b9f8e\" data-element_type=\"section\">\n\t\t\t\t\t\t<div class=\"elementor-container elementor-column-gap-default\">\n\t\t\t\t\t<div class=\"elementor-column elementor-col-100 elementor-top-column elementor-element elementor-element-a5be0ba\" data-id=\"a5be0ba\" data-element_type=\"column\">\n\t\t\t<div class=\"elementor-widget-wrap elementor-element-populated\">\n\t\t\t\t\t\t<div class=\"elementor-element elementor-element-1d121b5 elementor-widget elementor-widget-text-editor\" data-id=\"1d121b5\" data-element_type=\"widget\" data-widget_type=\"text-editor.default\">\n\t\t\t\t<div class=\"elementor-widget-container\">\n\t\t\t\t\t\t\t<p>Os mapas de solos s\u00e3o fundamentais ao planejamento de uso das terras. Estes mapas apresentam a distribui\u00e7\u00e3o espacial dos solos em uma \u00e1rea. Uma cole\u00e7\u00e3o de mapas de solos e do potencial de uso das terras est\u00e1 dispon\u00edvel aos visitantes (microbacias e munic\u00edpios do estado ga\u00facho e de outros locais do Brasil e do mundo).<\/p>\t\t\t\t\t\t<\/div>\n\t\t\t\t<\/div>\n\t\t\t\t\t<\/div>\n\t\t<\/div>\n\t\t\t\t\t<\/div>\n\t\t<\/section>\n\t\t\t\t<section class=\"elementor-section elementor-top-section elementor-element elementor-element-6bf10e5 elementor-section-boxed elementor-section-height-default elementor-section-height-default\" data-id=\"6bf10e5\" data-element_type=\"section\">\n\t\t\t\t\t\t<div class=\"elementor-container elementor-column-gap-default\">\n\t\t\t\t\t<div class=\"elementor-column elementor-col-100 elementor-top-column elementor-element elementor-element-8c63fda\" data-id=\"8c63fda\" data-element_type=\"column\">\n\t\t\t<div class=\"elementor-widget-wrap elementor-element-populated\">\n\t\t\t\t\t\t<div class=\"elementor-element elementor-element-6ec5c0c elementor-widget elementor-widget-image\" data-id=\"6ec5c0c\" data-element_type=\"widget\" data-widget_type=\"image.default\">\n\t\t\t\t<div class=\"elementor-widget-container\">\n\t\t\t\t\t\t\t\t\t\t<figure class=\"wp-caption\">\n\t\t\t\t\t\t\t\t\t\t<img decoding=\"async\" width=\"768\" height=\"260\" src=\"https:\/\/www.ufsm.br\/app\/uploads\/sites\/806\/2020\/06\/mapas-museu-1-768x260.jpg\" class=\"attachment-medium_large size-medium_large wp-image-891\" alt=\"\" srcset=\"https:\/\/www.ufsm.br\/app\/uploads\/sites\/806\/2020\/06\/mapas-museu-1-768x260.jpg 768w, https:\/\/www.ufsm.br\/app\/uploads\/sites\/806\/2020\/06\/mapas-museu-1-300x101.jpg 300w, https:\/\/www.ufsm.br\/app\/uploads\/sites\/806\/2020\/06\/mapas-museu-1-1024x346.jpg 1024w, https:\/\/www.ufsm.br\/app\/uploads\/sites\/806\/2020\/06\/mapas-museu-1-1536x519.jpg 1536w, https:\/\/www.ufsm.br\/app\/uploads\/sites\/806\/2020\/06\/mapas-museu-1.jpg 1932w\" sizes=\"(max-width: 768px) 100vw, 768px\" \/>\t\t\t\t\t\t\t\t\t\t\t<figcaption class=\"widget-image-caption wp-caption-text\">Exemplos de mapas de solos expostos ao p\u00fablico no museu.<\/figcaption>\n\t\t\t\t\t\t\t\t\t\t<\/figure>\n\t\t\t\t\t\t\t<\/div>\n\t\t\t\t<\/div>\n\t\t\t\t\t<\/div>\n\t\t<\/div>\n\t\t\t\t\t<\/div>\n\t\t<\/section>\n\t\t\t\t<section class=\"elementor-section elementor-top-section elementor-element elementor-element-3237519 elementor-section-boxed elementor-section-height-default elementor-section-height-default\" data-id=\"3237519\" data-element_type=\"section\">\n\t\t\t\t\t\t<div class=\"elementor-container elementor-column-gap-default\">\n\t\t\t\t\t<div class=\"elementor-column elementor-col-100 elementor-top-column elementor-element elementor-element-f01221e\" data-id=\"f01221e\" data-element_type=\"column\">\n\t\t\t<div class=\"elementor-widget-wrap elementor-element-populated\">\n\t\t\t\t\t\t<div class=\"elementor-element elementor-element-8d92a85 elementor-widget elementor-widget-text-editor\" data-id=\"8d92a85\" data-element_type=\"widget\" data-widget_type=\"text-editor.default\">\n\t\t\t\t<div class=\"elementor-widget-container\">\n\t\t\t\t\t\t\t<p>\u00a0Maquetes representando a geomorfologia do RS e uma microbacia com uso sustent\u00e1vel das terras e uso incorreto est\u00e3o dispon\u00edveis para o p\u00fablico.<\/p>\t\t\t\t\t\t<\/div>\n\t\t\t\t<\/div>\n\t\t\t\t\t<\/div>\n\t\t<\/div>\n\t\t\t\t\t<\/div>\n\t\t<\/section>\n\t\t\t\t<section class=\"elementor-section elementor-top-section elementor-element elementor-element-dec7ef2 elementor-section-boxed elementor-section-height-default elementor-section-height-default\" data-id=\"dec7ef2\" data-element_type=\"section\">\n\t\t\t\t\t\t<div class=\"elementor-container elementor-column-gap-default\">\n\t\t\t\t\t<div class=\"elementor-column elementor-col-100 elementor-top-column elementor-element elementor-element-2ff5ba6\" data-id=\"2ff5ba6\" data-element_type=\"column\">\n\t\t\t<div class=\"elementor-widget-wrap elementor-element-populated\">\n\t\t\t\t\t\t<div class=\"elementor-element elementor-element-c728e01 elementor-widget elementor-widget-image\" data-id=\"c728e01\" data-element_type=\"widget\" data-widget_type=\"image.default\">\n\t\t\t\t<div class=\"elementor-widget-container\">\n\t\t\t\t\t\t\t\t\t\t<figure class=\"wp-caption\">\n\t\t\t\t\t\t\t\t\t\t<img loading=\"lazy\" decoding=\"async\" width=\"768\" height=\"431\" src=\"https:\/\/www.ufsm.br\/app\/uploads\/sites\/806\/2020\/06\/maquete-museu-1-768x431.jpg\" class=\"attachment-medium_large size-medium_large wp-image-892\" alt=\"\" srcset=\"https:\/\/www.ufsm.br\/app\/uploads\/sites\/806\/2020\/06\/maquete-museu-1-768x431.jpg 768w, https:\/\/www.ufsm.br\/app\/uploads\/sites\/806\/2020\/06\/maquete-museu-1-300x168.jpg 300w, https:\/\/www.ufsm.br\/app\/uploads\/sites\/806\/2020\/06\/maquete-museu-1-1024x575.jpg 1024w, https:\/\/www.ufsm.br\/app\/uploads\/sites\/806\/2020\/06\/maquete-museu-1-1536x862.jpg 1536w, https:\/\/www.ufsm.br\/app\/uploads\/sites\/806\/2020\/06\/maquete-museu-1.jpg 1912w\" sizes=\"(max-width: 768px) 100vw, 768px\" \/>\t\t\t\t\t\t\t\t\t\t\t<figcaption class=\"widget-image-caption wp-caption-text\">Maquete do uso da terra em uma microbacia agr\u00edcola.<\/figcaption>\n\t\t\t\t\t\t\t\t\t\t<\/figure>\n\t\t\t\t\t\t\t<\/div>\n\t\t\t\t<\/div>\n\t\t\t\t\t<\/div>\n\t\t<\/div>\n\t\t\t\t\t<\/div>\n\t\t<\/section>\n\t\t\t\t<section class=\"elementor-section elementor-top-section elementor-element elementor-element-e03ae39 elementor-section-boxed elementor-section-height-default elementor-section-height-default\" data-id=\"e03ae39\" data-element_type=\"section\">\n\t\t\t\t\t\t<div class=\"elementor-container elementor-column-gap-default\">\n\t\t\t\t\t<div class=\"elementor-column elementor-col-100 elementor-top-column elementor-element elementor-element-179f80e\" data-id=\"179f80e\" data-element_type=\"column\">\n\t\t\t<div class=\"elementor-widget-wrap elementor-element-populated\">\n\t\t\t\t\t\t<div class=\"elementor-element elementor-element-77c6ab8 elementor-widget elementor-widget-text-editor\" data-id=\"77c6ab8\" data-element_type=\"widget\" data-widget_type=\"text-editor.default\">\n\t\t\t\t<div class=\"elementor-widget-container\">\n\t\t\t\t\t\t\t<p>Tamb\u00e9m fazem parte do acervo do museu uma cole\u00e7\u00e3o de aproximadamente 300 obras impresas referentes a livros, relat\u00f3rios de levantamento de solos, boletins t\u00e9cnicos sobre solos, anais de eventos sobre solos nacionais e internacionais. Dentre estes, o que chama bastante aten\u00e7\u00e3o s\u00e3o as edi\u00e7\u00f5es antigas do manual de descri\u00e7\u00e3o e coleta de solo no campo, impressos pela SBCS (Sociedade Brasileira de Ci\u00eancia do Solo), e que tinha como autor principal o Prof. Raimundo Costa de Lemos, criador do museu de solos do RS.<\/p>\t\t\t\t\t\t<\/div>\n\t\t\t\t<\/div>\n\t\t\t\t\t<\/div>\n\t\t<\/div>\n\t\t\t\t\t<\/div>\n\t\t<\/section>\n\t\t\t\t<section class=\"elementor-section elementor-top-section elementor-element elementor-element-9ee328b elementor-section-boxed elementor-section-height-default elementor-section-height-default\" data-id=\"9ee328b\" data-element_type=\"section\">\n\t\t\t\t\t\t<div class=\"elementor-container elementor-column-gap-default\">\n\t\t\t\t\t<div class=\"elementor-column elementor-col-100 elementor-top-column elementor-element elementor-element-15db615\" data-id=\"15db615\" data-element_type=\"column\">\n\t\t\t<div class=\"elementor-widget-wrap elementor-element-populated\">\n\t\t\t\t\t\t<div class=\"elementor-element elementor-element-a5c1379 elementor-widget elementor-widget-image\" data-id=\"a5c1379\" data-element_type=\"widget\" data-widget_type=\"image.default\">\n\t\t\t\t<div class=\"elementor-widget-container\">\n\t\t\t\t\t\t\t\t\t\t<figure class=\"wp-caption\">\n\t\t\t\t\t\t\t\t\t\t<img loading=\"lazy\" decoding=\"async\" width=\"300\" height=\"213\" src=\"https:\/\/www.ufsm.br\/app\/uploads\/sites\/806\/2020\/06\/livro-museu-1-300x213.jpg\" class=\"attachment-medium size-medium wp-image-893\" alt=\"\" srcset=\"https:\/\/www.ufsm.br\/app\/uploads\/sites\/806\/2020\/06\/livro-museu-1-300x213.jpg 300w, https:\/\/www.ufsm.br\/app\/uploads\/sites\/806\/2020\/06\/livro-museu-1-1024x729.jpg 1024w, https:\/\/www.ufsm.br\/app\/uploads\/sites\/806\/2020\/06\/livro-museu-1-768x546.jpg 768w, https:\/\/www.ufsm.br\/app\/uploads\/sites\/806\/2020\/06\/livro-museu-1-1536x1093.jpg 1536w, https:\/\/www.ufsm.br\/app\/uploads\/sites\/806\/2020\/06\/livro-museu-1.jpg 1546w\" sizes=\"(max-width: 300px) 100vw, 300px\" \/>\t\t\t\t\t\t\t\t\t\t\t<figcaption class=\"widget-image-caption wp-caption-text\">Edi\u00e7\u00f5es do Manual de Descri\u00e7\u00e3o e Coleta de Solos no Campo.<\/figcaption>\n\t\t\t\t\t\t\t\t\t\t<\/figure>\n\t\t\t\t\t\t\t<\/div>\n\t\t\t\t<\/div>\n\t\t\t\t\t<\/div>\n\t\t<\/div>\n\t\t\t\t\t<\/div>\n\t\t<\/section>\n\t\t\t\t<section class=\"elementor-section elementor-top-section elementor-element elementor-element-ad12c73 elementor-section-boxed elementor-section-height-default elementor-section-height-default\" data-id=\"ad12c73\" data-element_type=\"section\">\n\t\t\t\t\t\t<div class=\"elementor-container elementor-column-gap-default\">\n\t\t\t\t\t<div class=\"elementor-column elementor-col-100 elementor-top-column elementor-element elementor-element-ec64997\" data-id=\"ec64997\" data-element_type=\"column\">\n\t\t\t<div class=\"elementor-widget-wrap elementor-element-populated\">\n\t\t\t\t\t\t<div class=\"elementor-element elementor-element-d5c78de elementor-widget elementor-widget-text-editor\" data-id=\"d5c78de\" data-element_type=\"widget\" data-widget_type=\"text-editor.default\">\n\t\t\t\t<div class=\"elementor-widget-container\">\n\t\t\t\t\t\t\t<p>Da mesma forma, outros itens do acervo bibliogr\u00e1fico que chamam a aten\u00e7\u00e3o s\u00e3o as diferentes vers\u00f5es do SiBCS (Sistema Brasileiro de Classifica\u00e7\u00e3o de Solos), o qual iniciou com a sua primeira aproxima\u00e7\u00e3o publicada em 1980.<\/p>\t\t\t\t\t\t<\/div>\n\t\t\t\t<\/div>\n\t\t\t\t\t<\/div>\n\t\t<\/div>\n\t\t\t\t\t<\/div>\n\t\t<\/section>\n\t\t\t\t<section class=\"elementor-section elementor-top-section elementor-element elementor-element-beb4af3 elementor-section-boxed elementor-section-height-default elementor-section-height-default\" data-id=\"beb4af3\" data-element_type=\"section\">\n\t\t\t\t\t\t<div class=\"elementor-container elementor-column-gap-default\">\n\t\t\t\t\t<div class=\"elementor-column elementor-col-100 elementor-top-column elementor-element elementor-element-2ce8036\" data-id=\"2ce8036\" data-element_type=\"column\">\n\t\t\t<div class=\"elementor-widget-wrap elementor-element-populated\">\n\t\t\t\t\t\t<div class=\"elementor-element elementor-element-ca4b7f7 elementor-widget elementor-widget-image\" data-id=\"ca4b7f7\" data-element_type=\"widget\" data-widget_type=\"image.default\">\n\t\t\t\t<div class=\"elementor-widget-container\">\n\t\t\t\t\t\t\t\t\t\t<figure class=\"wp-caption\">\n\t\t\t\t\t\t\t\t\t\t<img loading=\"lazy\" decoding=\"async\" width=\"300\" height=\"196\" src=\"https:\/\/www.ufsm.br\/app\/uploads\/sites\/806\/2020\/06\/livro-museu-2-300x196.jpg\" class=\"attachment-medium size-medium wp-image-894\" alt=\"\" srcset=\"https:\/\/www.ufsm.br\/app\/uploads\/sites\/806\/2020\/06\/livro-museu-2-300x196.jpg 300w, https:\/\/www.ufsm.br\/app\/uploads\/sites\/806\/2020\/06\/livro-museu-2-1024x670.jpg 1024w, https:\/\/www.ufsm.br\/app\/uploads\/sites\/806\/2020\/06\/livro-museu-2-768x502.jpg 768w, https:\/\/www.ufsm.br\/app\/uploads\/sites\/806\/2020\/06\/livro-museu-2-1536x1005.jpg 1536w, https:\/\/www.ufsm.br\/app\/uploads\/sites\/806\/2020\/06\/livro-museu-2.jpg 1683w\" sizes=\"(max-width: 300px) 100vw, 300px\" \/>\t\t\t\t\t\t\t\t\t\t\t<figcaption class=\"widget-image-caption wp-caption-text\">Edi\u00e7\u00f5es do SiBCS, incluindo as quatro aproxima\u00e7\u00f5es.<\/figcaption>\n\t\t\t\t\t\t\t\t\t\t<\/figure>\n\t\t\t\t\t\t\t<\/div>\n\t\t\t\t<\/div>\n\t\t\t\t\t<\/div>\n\t\t<\/div>\n\t\t\t\t\t<\/div>\n\t\t<\/section>\n\t\t\t\t<\/div>\n\t\t","protected":false},"excerpt":{"rendered":"<p>MUSEU DE SOLOS DO RIO GRANDE DO SUL &#8211; 48 ANOS SEMEANDO EDUCA\u00c7\u00c3O NOS SOLOS Vis\u00e3o panor\u00e2mica do Museu de Solos do Rio Grande do Sul. O museu de solos conta com uma cole\u00e7\u00e3o de mais de 130 monolitos de solos representativos dos Rio Grande do Sul. Estes monolitos s\u00e3o preparados de forma que a [&hellip;]<\/p>\n","protected":false},"author":867,"featured_media":0,"parent":0,"menu_order":0,"comment_status":"closed","ping_status":"closed","template":"","meta":{"footnotes":""},"categories":[],"tags":[],"class_list":["post-171","page","type-page","status-publish","hentry"],"acf":[],"_links":{"self":[{"href":"https:\/\/www.ufsm.br\/museus\/msrs\/wp-json\/wp\/v2\/pages\/171","targetHints":{"allow":["GET"]}}],"collection":[{"href":"https:\/\/www.ufsm.br\/museus\/msrs\/wp-json\/wp\/v2\/pages"}],"about":[{"href":"https:\/\/www.ufsm.br\/museus\/msrs\/wp-json\/wp\/v2\/types\/page"}],"author":[{"embeddable":true,"href":"https:\/\/www.ufsm.br\/museus\/msrs\/wp-json\/wp\/v2\/users\/867"}],"replies":[{"embeddable":true,"href":"https:\/\/www.ufsm.br\/museus\/msrs\/wp-json\/wp\/v2\/comments?post=171"}],"version-history":[{"count":0,"href":"https:\/\/www.ufsm.br\/museus\/msrs\/wp-json\/wp\/v2\/pages\/171\/revisions"}],"wp:attachment":[{"href":"https:\/\/www.ufsm.br\/museus\/msrs\/wp-json\/wp\/v2\/media?parent=171"}],"wp:term":[{"taxonomy":"category","embeddable":true,"href":"https:\/\/www.ufsm.br\/museus\/msrs\/wp-json\/wp\/v2\/categories?post=171"},{"taxonomy":"post_tag","embeddable":true,"href":"https:\/\/www.ufsm.br\/museus\/msrs\/wp-json\/wp\/v2\/tags?post=171"}],"curies":[{"name":"wp","href":"https:\/\/api.w.org\/{rel}","templated":true}]}}