{"id":194,"date":"2020-02-11T10:27:23","date_gmt":"2020-02-11T13:27:23","guid":{"rendered":"https:\/\/www.ufsm.br\/unidades-universitarias\/ccr\/msrs\/?page_id=194"},"modified":"2020-06-20T15:26:57","modified_gmt":"2020-06-20T18:26:57","slug":"solos-brasileiros","status":"publish","type":"page","link":"https:\/\/www.ufsm.br\/museus\/msrs\/solos-brasileiros","title":{"rendered":"Solos Brasileiros"},"content":{"rendered":"\t\t<div data-elementor-type=\"wp-page\" data-elementor-id=\"194\" class=\"elementor elementor-194\">\n\t\t\t\t\t\t<section class=\"elementor-section elementor-top-section elementor-element elementor-element-4da0a5ae elementor-section-boxed elementor-section-height-default elementor-section-height-default\" data-id=\"4da0a5ae\" data-element_type=\"section\">\n\t\t\t\t\t\t<div class=\"elementor-container elementor-column-gap-default\">\n\t\t\t\t\t<div class=\"elementor-column elementor-col-100 elementor-top-column elementor-element elementor-element-10ed0c35\" data-id=\"10ed0c35\" data-element_type=\"column\">\n\t\t\t<div class=\"elementor-widget-wrap elementor-element-populated\">\n\t\t\t\t\t\t<div class=\"elementor-element elementor-element-e56ab9f elementor-widget elementor-widget-text-editor\" data-id=\"e56ab9f\" data-element_type=\"widget\" data-widget_type=\"text-editor.default\">\n\t\t\t\t<div class=\"elementor-widget-container\">\n\t\t\t\t\t\t\t<p>O Brasil \u00e9 um pais com dimens\u00f5es continentais e uma variedade riqu\u00edssima de ecossistemas (biomas). Por isso, a diversidade de solos encontrados no Brasil \u00e9 bastante grande. Todos os nossos solos s\u00e3o agrupados nas 13 classes (ordens) do Sistema Brasileiro de Classifica\u00e7\u00e3o de Solos (Santos et al., 2018), as quais s\u00e3o apresentadas na sequ\u00eancia.<\/p>\n<p><!-- wp:tadv\/classic-paragraph \/--><\/p>\t\t\t\t\t\t<\/div>\n\t\t\t\t<\/div>\n\t\t\t\t<div class=\"elementor-element elementor-element-48f0676 elementor-widget elementor-widget-image\" data-id=\"48f0676\" data-element_type=\"widget\" data-widget_type=\"image.default\">\n\t\t\t\t<div class=\"elementor-widget-container\">\n\t\t\t\t\t\t\t\t\t\t\t\t\t<img decoding=\"async\" src=\"https:\/\/www.ufsm.br\/app\/uploads\/sites\/806\/elementor\/thumbs\/Classes-de-solos-brasileiros-foto-orb387jpc8uf04r5yr8l8lzejn6e40dt67e9sn455i.jpg\" title=\"Classes de solos brasileiros foto\" alt=\"Classes de solos brasileiros foto\" loading=\"lazy\" \/>\t\t\t\t\t\t\t\t\t\t\t\t\t<\/div>\n\t\t\t\t<\/div>\n\t\t\t\t\t<\/div>\n\t\t<\/div>\n\t\t\t\t\t<\/div>\n\t\t<\/section>\n\t\t\t\t<section class=\"elementor-section elementor-top-section elementor-element elementor-element-355bd0b elementor-section-boxed elementor-section-height-default elementor-section-height-default\" data-id=\"355bd0b\" data-element_type=\"section\">\n\t\t\t\t\t\t<div class=\"elementor-container elementor-column-gap-default\">\n\t\t\t\t\t<div class=\"elementor-column elementor-col-100 elementor-top-column elementor-element elementor-element-532c6c0\" data-id=\"532c6c0\" data-element_type=\"column\">\n\t\t\t<div class=\"elementor-widget-wrap elementor-element-populated\">\n\t\t\t\t\t\t<div class=\"elementor-element elementor-element-7c7d619 elementor-widget elementor-widget-toggle\" data-id=\"7c7d619\" data-element_type=\"widget\" data-widget_type=\"toggle.default\">\n\t\t\t\t<div class=\"elementor-widget-container\">\n\t\t\t\t\t<div class=\"elementor-toggle\">\n\t\t\t\t\t\t\t<div class=\"elementor-toggle-item\">\n\t\t\t\t\t<div id=\"elementor-tab-title-1301\" class=\"elementor-tab-title\" data-tab=\"1\" role=\"button\" aria-controls=\"elementor-tab-content-1301\" aria-expanded=\"false\">\n\t\t\t\t\t\t\t\t\t\t\t\t<span class=\"elementor-toggle-icon elementor-toggle-icon-left\" aria-hidden=\"true\">\n\t\t\t\t\t\t\t\t\t\t\t\t\t\t\t<span class=\"elementor-toggle-icon-closed\"><i class=\"fas fa-caret-right\"><\/i><\/span>\n\t\t\t\t\t\t\t\t<span class=\"elementor-toggle-icon-opened\"><i class=\"elementor-toggle-icon-opened fas fa-caret-up\"><\/i><\/span>\n\t\t\t\t\t\t\t\t\t\t\t\t\t<\/span>\n\t\t\t\t\t\t\t\t\t\t\t\t<a class=\"elementor-toggle-title\" tabindex=\"0\">Argissolos<\/a>\n\t\t\t\t\t<\/div>\n\n\t\t\t\t\t<div id=\"elementor-tab-content-1301\" class=\"elementor-tab-content elementor-clearfix\" data-tab=\"1\" role=\"region\" aria-labelledby=\"elementor-tab-title-1301\"><p>S\u00e3o solos profundos, bem desenvolvidos, com horizonte A (superficial) geralmente arenoso sobre um horizonte B (subsuperficial) argiloso, do tipo B textural. Apresentam sequ\u00eancia de horizonte A-Bt-C ou A-E-Bt-C. S\u00e3o solos com varia\u00e7\u00e3o de drenagem (bem a imperfeitamente drenados) e com algumas limita\u00e7\u00f5es, principalmente em rela\u00e7\u00e3o a fertilidade natural e reten\u00e7\u00e3o de \u00e1gua no horizonte A mais arenoso. A elevada suscetibilidade a eros\u00e3o tamb\u00e9m deve ser levada em conta no planejamento de uso destes solos, demandando pr\u00e1ticas conservacionistas para o seu uso sustent\u00e1vel.<\/p><\/div>\n\t\t\t\t<\/div>\n\t\t\t\t\t\t\t<div class=\"elementor-toggle-item\">\n\t\t\t\t\t<div id=\"elementor-tab-title-1302\" class=\"elementor-tab-title\" data-tab=\"2\" role=\"button\" aria-controls=\"elementor-tab-content-1302\" aria-expanded=\"false\">\n\t\t\t\t\t\t\t\t\t\t\t\t<span class=\"elementor-toggle-icon elementor-toggle-icon-left\" aria-hidden=\"true\">\n\t\t\t\t\t\t\t\t\t\t\t\t\t\t\t<span class=\"elementor-toggle-icon-closed\"><i class=\"fas fa-caret-right\"><\/i><\/span>\n\t\t\t\t\t\t\t\t<span class=\"elementor-toggle-icon-opened\"><i class=\"elementor-toggle-icon-opened fas fa-caret-up\"><\/i><\/span>\n\t\t\t\t\t\t\t\t\t\t\t\t\t<\/span>\n\t\t\t\t\t\t\t\t\t\t\t\t<a class=\"elementor-toggle-title\" tabindex=\"0\">Cambissolos<\/a>\n\t\t\t\t\t<\/div>\n\n\t\t\t\t\t<div id=\"elementor-tab-content-1302\" class=\"elementor-tab-content elementor-clearfix\" data-tab=\"2\" role=\"region\" aria-labelledby=\"elementor-tab-title-1302\"><p>S\u00e3o solos que apresentam processo incipiente de forma\u00e7\u00e3o. Podem variar de rasos a profundos, com presen\u00e7a caracter\u00edstica de fragmentos de saprolitos ou rochas no horizonte B incipiente. Apresentam sequ\u00eancia de horizontes A-Bi-C. S\u00e3o solo que frequentemente ocorrem em relevos ondulados a montanhosos, apresentando limita\u00e7\u00f5es em rela\u00e7\u00e3o a eros\u00e3o, profundidade efetiva, pedregosidade associada e fertilidade.<\/p><\/div>\n\t\t\t\t<\/div>\n\t\t\t\t\t\t\t<div class=\"elementor-toggle-item\">\n\t\t\t\t\t<div id=\"elementor-tab-title-1303\" class=\"elementor-tab-title\" data-tab=\"3\" role=\"button\" aria-controls=\"elementor-tab-content-1303\" aria-expanded=\"false\">\n\t\t\t\t\t\t\t\t\t\t\t\t<span class=\"elementor-toggle-icon elementor-toggle-icon-left\" aria-hidden=\"true\">\n\t\t\t\t\t\t\t\t\t\t\t\t\t\t\t<span class=\"elementor-toggle-icon-closed\"><i class=\"fas fa-caret-right\"><\/i><\/span>\n\t\t\t\t\t\t\t\t<span class=\"elementor-toggle-icon-opened\"><i class=\"elementor-toggle-icon-opened fas fa-caret-up\"><\/i><\/span>\n\t\t\t\t\t\t\t\t\t\t\t\t\t<\/span>\n\t\t\t\t\t\t\t\t\t\t\t\t<a class=\"elementor-toggle-title\" tabindex=\"0\">Chernossolos<\/a>\n\t\t\t\t\t<\/div>\n\n\t\t\t\t\t<div id=\"elementor-tab-content-1303\" class=\"elementor-tab-content elementor-clearfix\" data-tab=\"3\" role=\"region\" aria-labelledby=\"elementor-tab-title-1303\"><p>S\u00e3o solos que apresentam horizonte A escuro, com elevada fertilidade natural, chamado de A chernoz\u00eamico. Podem apresentar sequ\u00eancia de horizontes A-Bt-C ou A-Bi-C. Os teores mais elevados de mat\u00e9ria org\u00e2nica no horizonte A conferem a colora\u00e7\u00e3o escurecida. Embora tenham alta fertilidade, quando ocorrem em relevo forte ondulado apresentam limita\u00e7\u00f5es de mecaniza\u00e7\u00e3o e suscetibilidade a eros\u00e3o.<\/p><\/div>\n\t\t\t\t<\/div>\n\t\t\t\t\t\t\t<div class=\"elementor-toggle-item\">\n\t\t\t\t\t<div id=\"elementor-tab-title-1304\" class=\"elementor-tab-title\" data-tab=\"4\" role=\"button\" aria-controls=\"elementor-tab-content-1304\" aria-expanded=\"false\">\n\t\t\t\t\t\t\t\t\t\t\t\t<span class=\"elementor-toggle-icon elementor-toggle-icon-left\" aria-hidden=\"true\">\n\t\t\t\t\t\t\t\t\t\t\t\t\t\t\t<span class=\"elementor-toggle-icon-closed\"><i class=\"fas fa-caret-right\"><\/i><\/span>\n\t\t\t\t\t\t\t\t<span class=\"elementor-toggle-icon-opened\"><i class=\"elementor-toggle-icon-opened fas fa-caret-up\"><\/i><\/span>\n\t\t\t\t\t\t\t\t\t\t\t\t\t<\/span>\n\t\t\t\t\t\t\t\t\t\t\t\t<a class=\"elementor-toggle-title\" tabindex=\"0\">Espodossolos<\/a>\n\t\t\t\t\t<\/div>\n\n\t\t\t\t\t<div id=\"elementor-tab-content-1304\" class=\"elementor-tab-content elementor-clearfix\" data-tab=\"4\" role=\"region\" aria-labelledby=\"elementor-tab-title-1304\"><p>S\u00e3o os \u00fanicos solos que apresentam ac\u00famulo de mat\u00e9ria org\u00e2nica no horizonte B, chamado de B esp\u00f3dico. Apresentam sequ\u00eancia de horizontes A-Bh-C ou A-E-Bh-C. S\u00e3o solos que ocorrem em \u00e1reas arenosas e com elevada precipita\u00e7\u00e3o pluvial, geralmente associados a restingas litor\u00e2neas. S\u00e3o solos muito fr\u00e1geis devido a textura arenosa do horizonte A. Apresentam s\u00e9rias limita\u00e7\u00f5es ao uso agr\u00edcola e urbano\/industrial.<\/p><\/div>\n\t\t\t\t<\/div>\n\t\t\t\t\t\t\t<div class=\"elementor-toggle-item\">\n\t\t\t\t\t<div id=\"elementor-tab-title-1305\" class=\"elementor-tab-title\" data-tab=\"5\" role=\"button\" aria-controls=\"elementor-tab-content-1305\" aria-expanded=\"false\">\n\t\t\t\t\t\t\t\t\t\t\t\t<span class=\"elementor-toggle-icon elementor-toggle-icon-left\" aria-hidden=\"true\">\n\t\t\t\t\t\t\t\t\t\t\t\t\t\t\t<span class=\"elementor-toggle-icon-closed\"><i class=\"fas fa-caret-right\"><\/i><\/span>\n\t\t\t\t\t\t\t\t<span class=\"elementor-toggle-icon-opened\"><i class=\"elementor-toggle-icon-opened fas fa-caret-up\"><\/i><\/span>\n\t\t\t\t\t\t\t\t\t\t\t\t\t<\/span>\n\t\t\t\t\t\t\t\t\t\t\t\t<a class=\"elementor-toggle-title\" tabindex=\"0\">Gleissolos<\/a>\n\t\t\t\t\t<\/div>\n\n\t\t\t\t\t<div id=\"elementor-tab-content-1305\" class=\"elementor-tab-content elementor-clearfix\" data-tab=\"5\" role=\"region\" aria-labelledby=\"elementor-tab-title-1305\"><p>S\u00e3o solos pouco profundos a profundos que apresentam o processo de gleiza\u00e7\u00e3o (redu\u00e7\u00e3o do ferro em ambientes alagados) resultando em colora\u00e7\u00e3o acinzentada ou preta com manchas vermelhas e laranjas (mosqueados). Apresentam sequ\u00eancia de horizontes A-Bg-Cg ou A-Cg ou H-Cg. Geralmente ocupam as plan\u00edcies baixas (v\u00e1rzeas) e podem apresentam um perfil arenoso ou argiloso. As principais limita\u00e7\u00f5es est\u00e3o relacionadas a m\u00e1 drenagem (hidromorfismo), a mecaniza\u00e7\u00e3o e ao elevado potencia de contamina\u00e7\u00e3o do len\u00e7ol fre\u00e1tico ou aqu\u00edfero.<\/p><\/div>\n\t\t\t\t<\/div>\n\t\t\t\t\t\t\t<div class=\"elementor-toggle-item\">\n\t\t\t\t\t<div id=\"elementor-tab-title-1306\" class=\"elementor-tab-title\" data-tab=\"6\" role=\"button\" aria-controls=\"elementor-tab-content-1306\" aria-expanded=\"false\">\n\t\t\t\t\t\t\t\t\t\t\t\t<span class=\"elementor-toggle-icon elementor-toggle-icon-left\" aria-hidden=\"true\">\n\t\t\t\t\t\t\t\t\t\t\t\t\t\t\t<span class=\"elementor-toggle-icon-closed\"><i class=\"fas fa-caret-right\"><\/i><\/span>\n\t\t\t\t\t\t\t\t<span class=\"elementor-toggle-icon-opened\"><i class=\"elementor-toggle-icon-opened fas fa-caret-up\"><\/i><\/span>\n\t\t\t\t\t\t\t\t\t\t\t\t\t<\/span>\n\t\t\t\t\t\t\t\t\t\t\t\t<a class=\"elementor-toggle-title\" tabindex=\"0\">Latossolos<\/a>\n\t\t\t\t\t<\/div>\n\n\t\t\t\t\t<div id=\"elementor-tab-content-1306\" class=\"elementor-tab-content elementor-clearfix\" data-tab=\"6\" role=\"region\" aria-labelledby=\"elementor-tab-title-1306\"><p>S\u00e3o solos profundos e bem desenvolvidos, com elevado grau de intemperismo, por isso s\u00e3o pobres em fertilidade natural. Apresentam sequ\u00eancia de horizontes A-Bw-C. S\u00e3o solos com elevado potencial agr\u00edcola, entretanto, demandam corre\u00e7\u00e3o da fertilidade com a aplica\u00e7\u00e3o de adubos e calc\u00e1rio. As suas propriedades f\u00edsicas s\u00e3o muito boas para o desenvolvimento vegetal, pois s\u00e3o solos argilosos e com elevado grau de agrega\u00e7\u00e3o (estrutura\u00e7\u00e3o), apresentando elevada reten\u00e7\u00e3o de \u00e1gua, boa densidade e drenagem. Tamb\u00e9m demandam pr\u00e1ticas conservacionistas para evitar o processo erosivo.<\/p><\/div>\n\t\t\t\t<\/div>\n\t\t\t\t\t\t\t<div class=\"elementor-toggle-item\">\n\t\t\t\t\t<div id=\"elementor-tab-title-1307\" class=\"elementor-tab-title\" data-tab=\"7\" role=\"button\" aria-controls=\"elementor-tab-content-1307\" aria-expanded=\"false\">\n\t\t\t\t\t\t\t\t\t\t\t\t<span class=\"elementor-toggle-icon elementor-toggle-icon-left\" aria-hidden=\"true\">\n\t\t\t\t\t\t\t\t\t\t\t\t\t\t\t<span class=\"elementor-toggle-icon-closed\"><i class=\"fas fa-caret-right\"><\/i><\/span>\n\t\t\t\t\t\t\t\t<span class=\"elementor-toggle-icon-opened\"><i class=\"elementor-toggle-icon-opened fas fa-caret-up\"><\/i><\/span>\n\t\t\t\t\t\t\t\t\t\t\t\t\t<\/span>\n\t\t\t\t\t\t\t\t\t\t\t\t<a class=\"elementor-toggle-title\" tabindex=\"0\">Luvissolos<\/a>\n\t\t\t\t\t<\/div>\n\n\t\t\t\t\t<div id=\"elementor-tab-content-1307\" class=\"elementor-tab-content elementor-clearfix\" data-tab=\"7\" role=\"region\" aria-labelledby=\"elementor-tab-title-1307\"><p>S\u00e3o solos pouco profundos a profundos que apresentam gradiente textural entre os horizontes A e B e sequ\u00eancia de horizontes A-Bt-C. Estes solso se diferem dos Argissolos por apresentarem alta satura\u00e7\u00e3o por bases associada a argila de atividade alta, ou seja, maior fertilidade natual devido a presen\u00e7a de argilas expansivas como vermiculitas ou esmectitas. S\u00e3o mais argilosos e menos profundos quando comparados aos Argissolos. Tamb\u00e9m demandam pr\u00e1ticas conservacionistas para o seu uso sustent\u00e1vel.<\/p><\/div>\n\t\t\t\t<\/div>\n\t\t\t\t\t\t\t<div class=\"elementor-toggle-item\">\n\t\t\t\t\t<div id=\"elementor-tab-title-1308\" class=\"elementor-tab-title\" data-tab=\"8\" role=\"button\" aria-controls=\"elementor-tab-content-1308\" aria-expanded=\"false\">\n\t\t\t\t\t\t\t\t\t\t\t\t<span class=\"elementor-toggle-icon elementor-toggle-icon-left\" aria-hidden=\"true\">\n\t\t\t\t\t\t\t\t\t\t\t\t\t\t\t<span class=\"elementor-toggle-icon-closed\"><i class=\"fas fa-caret-right\"><\/i><\/span>\n\t\t\t\t\t\t\t\t<span class=\"elementor-toggle-icon-opened\"><i class=\"elementor-toggle-icon-opened fas fa-caret-up\"><\/i><\/span>\n\t\t\t\t\t\t\t\t\t\t\t\t\t<\/span>\n\t\t\t\t\t\t\t\t\t\t\t\t<a class=\"elementor-toggle-title\" tabindex=\"0\">Neossolos<\/a>\n\t\t\t\t\t<\/div>\n\n\t\t\t\t\t<div id=\"elementor-tab-content-1308\" class=\"elementor-tab-content elementor-clearfix\" data-tab=\"8\" role=\"region\" aria-labelledby=\"elementor-tab-title-1308\"><p>S\u00e3o solos geralmente rasos, nos casos do Neossolos Lit\u00f3licos e Neossolo Regol\u00edticos, ou profundos como os Neossolos Quartzar\u00eanicos e Neossolos Fl\u00favicos. N\u00e3o apresentam horizonte B diagn\u00f3stico, com sequ\u00eancia de horizontes A-C-R ou A-C-Cr-R ou A-Cr-R. S\u00e3o solos pouco desenvolvidos e que apresentam severas limita\u00e7\u00f5es ao uso agr\u00edcola ou urbano\/industrial, principalmente devido a sua pequena profundidade, pedregosidade, textura arenosa e ocorr\u00eancia frequente em relevos ondulados a montanhosos. O seu uso deve ser amparado em conhecimento t\u00e9cnico e planejamento adequado.<\/p><\/div>\n\t\t\t\t<\/div>\n\t\t\t\t\t\t\t<div class=\"elementor-toggle-item\">\n\t\t\t\t\t<div id=\"elementor-tab-title-1309\" class=\"elementor-tab-title\" data-tab=\"9\" role=\"button\" aria-controls=\"elementor-tab-content-1309\" aria-expanded=\"false\">\n\t\t\t\t\t\t\t\t\t\t\t\t<span class=\"elementor-toggle-icon elementor-toggle-icon-left\" aria-hidden=\"true\">\n\t\t\t\t\t\t\t\t\t\t\t\t\t\t\t<span class=\"elementor-toggle-icon-closed\"><i class=\"fas fa-caret-right\"><\/i><\/span>\n\t\t\t\t\t\t\t\t<span class=\"elementor-toggle-icon-opened\"><i class=\"elementor-toggle-icon-opened fas fa-caret-up\"><\/i><\/span>\n\t\t\t\t\t\t\t\t\t\t\t\t\t<\/span>\n\t\t\t\t\t\t\t\t\t\t\t\t<a class=\"elementor-toggle-title\" tabindex=\"0\">Nitossolos<\/a>\n\t\t\t\t\t<\/div>\n\n\t\t\t\t\t<div id=\"elementor-tab-content-1309\" class=\"elementor-tab-content elementor-clearfix\" data-tab=\"9\" role=\"region\" aria-labelledby=\"elementor-tab-title-1309\"><p>S\u00e3o solos profundos, bem desenvolvidos, geralmente bem drenados, argilosos e de colora\u00e7\u00e3o vermelha, que se caracterizam pela presen\u00e7a de estrutura forte associada a cerosidade expressiva. Apresentam sequ\u00eancia de horizontes A-Bn\u00edtico-C. Estes solos se assemelham muito com Latossolos e, por vezes, com Argissolos. Apresentam elevado potencial agr\u00edcola e tamb\u00e9m demandam pr\u00e1ticas de corre\u00e7\u00f5es de fertilidade e controle da eros\u00e3o.<\/p><\/div>\n\t\t\t\t<\/div>\n\t\t\t\t\t\t\t<div class=\"elementor-toggle-item\">\n\t\t\t\t\t<div id=\"elementor-tab-title-13010\" class=\"elementor-tab-title\" data-tab=\"10\" role=\"button\" aria-controls=\"elementor-tab-content-13010\" aria-expanded=\"false\">\n\t\t\t\t\t\t\t\t\t\t\t\t<span class=\"elementor-toggle-icon elementor-toggle-icon-left\" aria-hidden=\"true\">\n\t\t\t\t\t\t\t\t\t\t\t\t\t\t\t<span class=\"elementor-toggle-icon-closed\"><i class=\"fas fa-caret-right\"><\/i><\/span>\n\t\t\t\t\t\t\t\t<span class=\"elementor-toggle-icon-opened\"><i class=\"elementor-toggle-icon-opened fas fa-caret-up\"><\/i><\/span>\n\t\t\t\t\t\t\t\t\t\t\t\t\t<\/span>\n\t\t\t\t\t\t\t\t\t\t\t\t<a class=\"elementor-toggle-title\" tabindex=\"0\">Organossolos<\/a>\n\t\t\t\t\t<\/div>\n\n\t\t\t\t\t<div id=\"elementor-tab-content-13010\" class=\"elementor-tab-content elementor-clearfix\" data-tab=\"10\" role=\"region\" aria-labelledby=\"elementor-tab-title-13010\"><p>Esta \u00e9 a \u00fanica classe de solos org\u00e2nicos, nas demais classes h\u00e1 o predom\u00ednio de part\u00edculas minerais. Os Organossolos s\u00e3o solos formados pela ocorr\u00eancia de uma camada org\u00e2nica chamada de horizonte H\u00edstico. Apresentam sequ\u00eancia de horizontes O-C-R ou H-C-R. S\u00e3o solos pouco frequentes que ocorrem em \u00e1reas pouco expressivas em termos territoriais, mas com valor ambiental elevado. S\u00e3o solos fr\u00e1geis que apresentam fun\u00e7\u00f5es ecossist\u00eamicas importantes. Quando submetidos ao uso agr\u00edcola s\u00e3o destruidos em poucos anos, por isso, devem ser mantidos como \u00e1rea de preserva\u00e7\u00e3o ambiental.<\/p><\/div>\n\t\t\t\t<\/div>\n\t\t\t\t\t\t\t<div class=\"elementor-toggle-item\">\n\t\t\t\t\t<div id=\"elementor-tab-title-13011\" class=\"elementor-tab-title\" data-tab=\"11\" role=\"button\" aria-controls=\"elementor-tab-content-13011\" aria-expanded=\"false\">\n\t\t\t\t\t\t\t\t\t\t\t\t<span class=\"elementor-toggle-icon elementor-toggle-icon-left\" aria-hidden=\"true\">\n\t\t\t\t\t\t\t\t\t\t\t\t\t\t\t<span class=\"elementor-toggle-icon-closed\"><i class=\"fas fa-caret-right\"><\/i><\/span>\n\t\t\t\t\t\t\t\t<span class=\"elementor-toggle-icon-opened\"><i class=\"elementor-toggle-icon-opened fas fa-caret-up\"><\/i><\/span>\n\t\t\t\t\t\t\t\t\t\t\t\t\t<\/span>\n\t\t\t\t\t\t\t\t\t\t\t\t<a class=\"elementor-toggle-title\" tabindex=\"0\">Planossolos<\/a>\n\t\t\t\t\t<\/div>\n\n\t\t\t\t\t<div id=\"elementor-tab-content-13011\" class=\"elementor-tab-content elementor-clearfix\" data-tab=\"11\" role=\"region\" aria-labelledby=\"elementor-tab-title-13011\"><p>S\u00e3o solos mal drenados que apresentam elevado gradiente textural entre os horizontes A e B. Apresentam sequ\u00eancia de horizontes A-Btg-C ou A-E-Btg-C. Ocorrem geralmente em \u00e1res planas (v\u00e1rzeas) associados aos Gleissolos e Neossolos Fl\u00favicos. S\u00e3o solos com elevado potencial para o cultivo do arroz irrigado no sul do Brasil. Geralmente apresentam baixa fertilidade natural no horizonte A, que se caracteriza como arenoso.<\/p><\/div>\n\t\t\t\t<\/div>\n\t\t\t\t\t\t\t<div class=\"elementor-toggle-item\">\n\t\t\t\t\t<div id=\"elementor-tab-title-13012\" class=\"elementor-tab-title\" data-tab=\"12\" role=\"button\" aria-controls=\"elementor-tab-content-13012\" aria-expanded=\"false\">\n\t\t\t\t\t\t\t\t\t\t\t\t<span class=\"elementor-toggle-icon elementor-toggle-icon-left\" aria-hidden=\"true\">\n\t\t\t\t\t\t\t\t\t\t\t\t\t\t\t<span class=\"elementor-toggle-icon-closed\"><i class=\"fas fa-caret-right\"><\/i><\/span>\n\t\t\t\t\t\t\t\t<span class=\"elementor-toggle-icon-opened\"><i class=\"elementor-toggle-icon-opened fas fa-caret-up\"><\/i><\/span>\n\t\t\t\t\t\t\t\t\t\t\t\t\t<\/span>\n\t\t\t\t\t\t\t\t\t\t\t\t<a class=\"elementor-toggle-title\" tabindex=\"0\">Plintissolos<\/a>\n\t\t\t\t\t<\/div>\n\n\t\t\t\t\t<div id=\"elementor-tab-content-13012\" class=\"elementor-tab-content elementor-clearfix\" data-tab=\"12\" role=\"region\" aria-labelledby=\"elementor-tab-title-13012\"><p>S\u00e3o solos geralmente profundos que apresentam plintitas e\/ou petroplintitas no perfil. Possuem sequ\u00eancia de horizontes A-Btcf-C ou A-Bcf-C. As plintitas e petroplintitas s\u00e3o n\u00f3dulos de ferro concentrado que limitam a penetra\u00e7\u00e3o de ra\u00edzes e a reten\u00e7\u00e3o de \u00e1gua nos horizontes onde ocorrem. Neste caso, os Plintossolo apresentam limita\u00e7\u00f5es a produ\u00e7\u00e3o agr\u00edcola e, por isso, precisam ser conhecidos para que seu uso seja planejado adequadamente.<\/p><\/div>\n\t\t\t\t<\/div>\n\t\t\t\t\t\t\t<div class=\"elementor-toggle-item\">\n\t\t\t\t\t<div id=\"elementor-tab-title-13013\" class=\"elementor-tab-title\" data-tab=\"13\" role=\"button\" aria-controls=\"elementor-tab-content-13013\" aria-expanded=\"false\">\n\t\t\t\t\t\t\t\t\t\t\t\t<span class=\"elementor-toggle-icon elementor-toggle-icon-left\" aria-hidden=\"true\">\n\t\t\t\t\t\t\t\t\t\t\t\t\t\t\t<span class=\"elementor-toggle-icon-closed\"><i class=\"fas fa-caret-right\"><\/i><\/span>\n\t\t\t\t\t\t\t\t<span class=\"elementor-toggle-icon-opened\"><i class=\"elementor-toggle-icon-opened fas fa-caret-up\"><\/i><\/span>\n\t\t\t\t\t\t\t\t\t\t\t\t\t<\/span>\n\t\t\t\t\t\t\t\t\t\t\t\t<a class=\"elementor-toggle-title\" tabindex=\"0\">Vertissolos<\/a>\n\t\t\t\t\t<\/div>\n\n\t\t\t\t\t<div id=\"elementor-tab-content-13013\" class=\"elementor-tab-content elementor-clearfix\" data-tab=\"13\" role=\"region\" aria-labelledby=\"elementor-tab-title-13013\"><p>S\u00e3o solos pouco profundos a profundos e de colora\u00e7\u00e3o escura devido \u00e0 presen\u00e7a homog\u00eanea de mat\u00e9ria org\u00e2nica e argilas expansivas do tipo 2:1. S\u00e3o solos que apresentam elevada fertilidade natural, com exce\u00e7\u00e3o do f\u00f3sforo, mas que fisicamente apresentam limita\u00e7\u00f5es ao manejo. As argilas expansivas tornam o solo muito duro quando seco e muito pl\u00e1stico e pegajoso quando molhado. S\u00e3o solos utilizados para pecu\u00e1ria extensiva sobre campo nativo ou cultivo de arroz irrigado.<\/p><\/div>\n\t\t\t\t<\/div>\n\t\t\t\t\t\t\t\t<\/div>\n\t\t\t\t<\/div>\n\t\t\t\t<\/div>\n\t\t\t\t\t<\/div>\n\t\t<\/div>\n\t\t\t\t\t<\/div>\n\t\t<\/section>\n\t\t\t\t<section class=\"elementor-section elementor-top-section elementor-element elementor-element-6593480 elementor-section-boxed elementor-section-height-default elementor-section-height-default\" data-id=\"6593480\" data-element_type=\"section\">\n\t\t\t\t\t\t<div class=\"elementor-container elementor-column-gap-default\">\n\t\t\t\t\t<div class=\"elementor-column elementor-col-100 elementor-top-column elementor-element elementor-element-5c1a658\" data-id=\"5c1a658\" data-element_type=\"column\">\n\t\t\t<div class=\"elementor-widget-wrap elementor-element-populated\">\n\t\t\t\t\t\t<div class=\"elementor-element elementor-element-6e39ee1 elementor-widget elementor-widget-text-editor\" data-id=\"6e39ee1\" data-element_type=\"widget\" data-widget_type=\"text-editor.default\">\n\t\t\t\t<div class=\"elementor-widget-container\">\n\t\t\t\t\t\t\t<p style=\"text-align: left\">Para maiores informa\u00e7\u00f5es sobre os solos brasileiros consulte o Sistema Brasileiro de Clasifica\u00e7\u00e3o de Solos:<\/p>\n<p style=\"text-align: left\"><strong>SANTOS, H.G<\/strong>. et al. Sistema Brasileiro de Classifica\u00e7\u00e3o de Solos. 5\u00aa ed. Bras\u00edlia: EMBRAPA, 2018. 356p.<\/p>\n<p>\u00a0<\/p>\t\t\t\t\t\t<\/div>\n\t\t\t\t<\/div>\n\t\t\t\t\t<\/div>\n\t\t<\/div>\n\t\t\t\t\t<\/div>\n\t\t<\/section>\n\t\t\t\t<\/div>\n\t\t","protected":false},"excerpt":{"rendered":"<p>O Brasil \u00e9 um pais com dimens\u00f5es continentais e uma variedade riqu\u00edssima de ecossistemas (biomas). Por isso, a diversidade de solos encontrados no Brasil \u00e9 bastante grande. Todos os nossos solos s\u00e3o agrupados nas 13 classes (ordens) do Sistema Brasileiro de Classifica\u00e7\u00e3o de Solos (Santos et al., 2018), as quais s\u00e3o apresentadas na sequ\u00eancia. Argissolos [&hellip;]<\/p>\n","protected":false},"author":867,"featured_media":0,"parent":0,"menu_order":0,"comment_status":"closed","ping_status":"closed","template":"","meta":{"footnotes":""},"categories":[],"tags":[],"class_list":["post-194","page","type-page","status-publish","hentry"],"acf":[],"_links":{"self":[{"href":"https:\/\/www.ufsm.br\/museus\/msrs\/wp-json\/wp\/v2\/pages\/194","targetHints":{"allow":["GET"]}}],"collection":[{"href":"https:\/\/www.ufsm.br\/museus\/msrs\/wp-json\/wp\/v2\/pages"}],"about":[{"href":"https:\/\/www.ufsm.br\/museus\/msrs\/wp-json\/wp\/v2\/types\/page"}],"author":[{"embeddable":true,"href":"https:\/\/www.ufsm.br\/museus\/msrs\/wp-json\/wp\/v2\/users\/867"}],"replies":[{"embeddable":true,"href":"https:\/\/www.ufsm.br\/museus\/msrs\/wp-json\/wp\/v2\/comments?post=194"}],"version-history":[{"count":0,"href":"https:\/\/www.ufsm.br\/museus\/msrs\/wp-json\/wp\/v2\/pages\/194\/revisions"}],"wp:attachment":[{"href":"https:\/\/www.ufsm.br\/museus\/msrs\/wp-json\/wp\/v2\/media?parent=194"}],"wp:term":[{"taxonomy":"category","embeddable":true,"href":"https:\/\/www.ufsm.br\/museus\/msrs\/wp-json\/wp\/v2\/categories?post=194"},{"taxonomy":"post_tag","embeddable":true,"href":"https:\/\/www.ufsm.br\/museus\/msrs\/wp-json\/wp\/v2\/tags?post=194"}],"curies":[{"name":"wp","href":"https:\/\/api.w.org\/{rel}","templated":true}]}}