{"id":205,"date":"2020-02-11T10:48:19","date_gmt":"2020-02-11T13:48:19","guid":{"rendered":"https:\/\/www.ufsm.br\/unidades-universitarias\/ccr\/msrs\/?page_id=205"},"modified":"2020-06-19T17:01:41","modified_gmt":"2020-06-19T20:01:41","slug":"rochas","status":"publish","type":"page","link":"https:\/\/www.ufsm.br\/museus\/msrs\/rochas","title":{"rendered":"Rochas"},"content":{"rendered":"\t\t<div data-elementor-type=\"wp-page\" data-elementor-id=\"205\" class=\"elementor elementor-205\">\n\t\t\t\t\t\t<section class=\"elementor-section elementor-top-section elementor-element elementor-element-c81a413 elementor-section-boxed elementor-section-height-default elementor-section-height-default\" data-id=\"c81a413\" data-element_type=\"section\">\n\t\t\t\t\t\t<div class=\"elementor-container elementor-column-gap-default\">\n\t\t\t\t\t<div class=\"elementor-column elementor-col-33 elementor-top-column elementor-element elementor-element-4d737ee\" data-id=\"4d737ee\" data-element_type=\"column\">\n\t\t\t<div class=\"elementor-widget-wrap elementor-element-populated\">\n\t\t\t\t\t\t<div class=\"elementor-element elementor-element-b7184b8 elementor-widget elementor-widget-image\" data-id=\"b7184b8\" data-element_type=\"widget\" data-widget_type=\"image.default\">\n\t\t\t\t<div class=\"elementor-widget-container\">\n\t\t\t\t\t\t\t\t\t\t<figure class=\"wp-caption\">\n\t\t\t\t\t\t\t\t\t\t<img decoding=\"async\" src=\"https:\/\/www.ufsm.br\/app\/uploads\/sites\/806\/elementor\/thumbs\/arenito-or9fj2e2sbba71juyqzcnpgu9renlmwxbafwv0thsg.jpg\" title=\"arenito\" alt=\"arenito\" loading=\"lazy\" \/>\t\t\t\t\t\t\t\t\t\t\t<figcaption class=\"widget-image-caption wp-caption-text\">Arenito - Tipo: Sedimentar (e\u00f3lico-fluvial) Mineralogia dominante: quartzo e feldspato. Ocorr\u00eancia no RS: ocorrem predominantemente nas regi\u00f5es da Depress\u00e3o Central e Litoral. Caracter\u00edsticas impressas nos solos: formam solos arenosos e mais profundos, com baixa reten\u00e7\u00e3o de \u00e1gua e fertilidade natural.<\/figcaption>\n\t\t\t\t\t\t\t\t\t\t<\/figure>\n\t\t\t\t\t\t\t<\/div>\n\t\t\t\t<\/div>\n\t\t\t\t\t<\/div>\n\t\t<\/div>\n\t\t\t\t<div class=\"elementor-column elementor-col-33 elementor-top-column elementor-element elementor-element-4bc5519\" data-id=\"4bc5519\" data-element_type=\"column\">\n\t\t\t<div class=\"elementor-widget-wrap elementor-element-populated\">\n\t\t\t\t\t\t<div class=\"elementor-element elementor-element-961433d elementor-widget elementor-widget-image\" data-id=\"961433d\" data-element_type=\"widget\" data-widget_type=\"image.default\">\n\t\t\t\t<div class=\"elementor-widget-container\">\n\t\t\t\t\t\t\t\t\t\t<figure class=\"wp-caption\">\n\t\t\t\t\t\t\t\t\t\t<img decoding=\"async\" src=\"https:\/\/www.ufsm.br\/app\/uploads\/sites\/806\/elementor\/thumbs\/basalto-1-olav9zbsk281bi80h4mobhci728ytm1ihb00bqjyhc.jpg\" title=\"basalto\" alt=\"basalto\" loading=\"lazy\" \/>\t\t\t\t\t\t\t\t\t\t\t<figcaption class=\"widget-image-caption wp-caption-text\">Basalto - Tipo: \u00edgnea (vulc\u00e2nica b\u00e1sica) Mineralogia dominante: pirox\u00eanio e plagiocl\u00e1sio. Ocorr\u00eancia no RS: ocorrem predominantemente nas regi\u00f5es do Planalto e da Campanha. Caracter\u00edsticas impressas nos solos: formam solos argilosos, com CTC m\u00e9dia a alta.<\/figcaption>\n\t\t\t\t\t\t\t\t\t\t<\/figure>\n\t\t\t\t\t\t\t<\/div>\n\t\t\t\t<\/div>\n\t\t\t\t\t<\/div>\n\t\t<\/div>\n\t\t\t\t<div class=\"elementor-column elementor-col-33 elementor-top-column elementor-element elementor-element-39aeae7\" data-id=\"39aeae7\" data-element_type=\"column\">\n\t\t\t<div class=\"elementor-widget-wrap elementor-element-populated\">\n\t\t\t\t\t\t<div class=\"elementor-element elementor-element-97e5dfc elementor-widget elementor-widget-image\" data-id=\"97e5dfc\" data-element_type=\"widget\" data-widget_type=\"image.default\">\n\t\t\t\t<div class=\"elementor-widget-container\">\n\t\t\t\t\t\t\t\t\t\t<figure class=\"wp-caption\">\n\t\t\t\t\t\t\t\t\t\t<img decoding=\"async\" src=\"https:\/\/www.ufsm.br\/app\/uploads\/sites\/806\/elementor\/thumbs\/riolito-or9fjl6ul010n8sjwz3w1kq25gtzvkzk1vhmgk1mc0.jpg\" title=\"riolito\" alt=\"riolito\" loading=\"lazy\" \/>\t\t\t\t\t\t\t\t\t\t\t<figcaption class=\"widget-image-caption wp-caption-text\">Ri\u00f3lito - Tipo: \u00edgnea (vulc\u00e2nica \u00e1cida) Mineralogia dominante: quartzo e feldspato alcalino. Ocorr\u00eancia no RS: ocorrem predominantemente na regi\u00e3o do Planalto. Caracter\u00edsticas impressas nos solos: formam solos argilosos, com CTC m\u00e9dia a alta.<\/figcaption>\n\t\t\t\t\t\t\t\t\t\t<\/figure>\n\t\t\t\t\t\t\t<\/div>\n\t\t\t\t<\/div>\n\t\t\t\t\t<\/div>\n\t\t<\/div>\n\t\t\t\t\t<\/div>\n\t\t<\/section>\n\t\t\t\t<section class=\"elementor-section elementor-top-section elementor-element elementor-element-066fada elementor-section-boxed elementor-section-height-default elementor-section-height-default\" data-id=\"066fada\" data-element_type=\"section\">\n\t\t\t\t\t\t<div class=\"elementor-container elementor-column-gap-default\">\n\t\t\t\t\t<div class=\"elementor-column elementor-col-33 elementor-top-column elementor-element elementor-element-23b5080\" data-id=\"23b5080\" data-element_type=\"column\">\n\t\t\t<div class=\"elementor-widget-wrap elementor-element-populated\">\n\t\t\t\t\t\t<div class=\"elementor-element elementor-element-333712c elementor-widget elementor-widget-image\" data-id=\"333712c\" data-element_type=\"widget\" data-widget_type=\"image.default\">\n\t\t\t\t<div class=\"elementor-widget-container\">\n\t\t\t\t\t\t\t\t\t\t<figure class=\"wp-caption\">\n\t\t\t\t\t\t\t\t\t\t<img decoding=\"async\" src=\"https:\/\/www.ufsm.br\/app\/uploads\/sites\/806\/elementor\/thumbs\/granito-1-olavabjp0worifq9hrwtpw9hx2kqloe0uzhbkc1u8g.jpg\" title=\"granito\" alt=\"granito\" loading=\"lazy\" \/>\t\t\t\t\t\t\t\t\t\t\t<figcaption class=\"widget-image-caption wp-caption-text\">Granito - Tipo: \u00edgnea (plut\u00f4nica \u00e1cida) Mineralogia dominante: quartzo e feldspato alcalino. Ocorr\u00eancia no RS: ocorrem na regi\u00e3o do Escudo Cristalino. Caracter\u00edsticas impressas nos solos: formam solos com textura cascalhenta, rasos a profundos.<\/figcaption>\n\t\t\t\t\t\t\t\t\t\t<\/figure>\n\t\t\t\t\t\t\t<\/div>\n\t\t\t\t<\/div>\n\t\t\t\t\t<\/div>\n\t\t<\/div>\n\t\t\t\t<div class=\"elementor-column elementor-col-33 elementor-top-column elementor-element elementor-element-eeab919\" data-id=\"eeab919\" data-element_type=\"column\">\n\t\t\t<div class=\"elementor-widget-wrap elementor-element-populated\">\n\t\t\t\t\t\t<div class=\"elementor-element elementor-element-cf0353d elementor-widget elementor-widget-image\" data-id=\"cf0353d\" data-element_type=\"widget\" data-widget_type=\"image.default\">\n\t\t\t\t<div class=\"elementor-widget-container\">\n\t\t\t\t\t\t\t\t\t\t<figure class=\"wp-caption\">\n\t\t\t\t\t\t\t\t\t\t<img decoding=\"async\" src=\"https:\/\/www.ufsm.br\/app\/uploads\/sites\/806\/elementor\/thumbs\/siltito-or9fkakhpizrcpross2tewbi6vcwnesb5d3qf0zzo0.jpg\" title=\"siltito\" alt=\"siltito\" loading=\"lazy\" \/>\t\t\t\t\t\t\t\t\t\t\t<figcaption class=\"widget-image-caption wp-caption-text\">Siltito - Tipo: Sedimentar (lacustre) Mineralogia dominante: quartzo, feldspatos, micas e argilas. Ocorr\u00eancia no RS: ocorrem na regi\u00e3o da Depress\u00e3o Central. Caracter\u00edsticas impressas nos solos: formam solos com textura argilosa, rasos a profundos.<\/figcaption>\n\t\t\t\t\t\t\t\t\t\t<\/figure>\n\t\t\t\t\t\t\t<\/div>\n\t\t\t\t<\/div>\n\t\t\t\t\t<\/div>\n\t\t<\/div>\n\t\t\t\t<div class=\"elementor-column elementor-col-33 elementor-top-column elementor-element elementor-element-9a06fea\" data-id=\"9a06fea\" data-element_type=\"column\">\n\t\t\t<div class=\"elementor-widget-wrap elementor-element-populated\">\n\t\t\t\t\t\t<div class=\"elementor-element elementor-element-c5791a4 elementor-widget elementor-widget-image\" data-id=\"c5791a4\" data-element_type=\"widget\" data-widget_type=\"image.default\">\n\t\t\t\t<div class=\"elementor-widget-container\">\n\t\t\t\t\t\t\t\t\t\t<figure class=\"wp-caption\">\n\t\t\t\t\t\t\t\t\t\t<img decoding=\"async\" src=\"https:\/\/www.ufsm.br\/app\/uploads\/sites\/806\/elementor\/thumbs\/folhelho-or9gq5bs0yaebmz1eddrxu3efj2ae7y18iv2pkxwls.jpg\" title=\"folhelho\" alt=\"folhelho\" loading=\"lazy\" \/>\t\t\t\t\t\t\t\t\t\t\t<figcaption class=\"widget-image-caption wp-caption-text\">Folhelho - Tipo: Sedimentar (marinho) Mineralogia dominante: micas e argilas. Ocorr\u00eancia no RS: ocorrem na regi\u00e3o da Depress\u00e3o Central. Caracter\u00edsticas impressas nos solos: formam solos com textura argilosa, geralmente mais rasos, com elevada CTC e satura\u00e7\u00e3o por bases.<\/figcaption>\n\t\t\t\t\t\t\t\t\t\t<\/figure>\n\t\t\t\t\t\t\t<\/div>\n\t\t\t\t<\/div>\n\t\t\t\t\t<\/div>\n\t\t<\/div>\n\t\t\t\t\t<\/div>\n\t\t<\/section>\n\t\t\t\t<section class=\"elementor-section elementor-top-section elementor-element elementor-element-d7b7c84 elementor-section-boxed elementor-section-height-default elementor-section-height-default\" data-id=\"d7b7c84\" data-element_type=\"section\">\n\t\t\t\t\t\t<div class=\"elementor-container elementor-column-gap-default\">\n\t\t\t\t\t<div class=\"elementor-column elementor-col-33 elementor-top-column elementor-element elementor-element-3114ca0\" data-id=\"3114ca0\" data-element_type=\"column\">\n\t\t\t<div class=\"elementor-widget-wrap elementor-element-populated\">\n\t\t\t\t\t\t<div class=\"elementor-element elementor-element-a9e77c1 elementor-widget elementor-widget-image\" data-id=\"a9e77c1\" data-element_type=\"widget\" data-widget_type=\"image.default\">\n\t\t\t\t<div class=\"elementor-widget-container\">\n\t\t\t\t\t\t\t\t\t\t<figure class=\"wp-caption\">\n\t\t\t\t\t\t\t\t\t\t<img decoding=\"async\" src=\"https:\/\/www.ufsm.br\/app\/uploads\/sites\/806\/elementor\/thumbs\/argilito-or9fn9q3cn2g49g1f2eab5a1wsor0wlpk3h34kl3yo.jpg\" title=\"argilito\" alt=\"argilito\" loading=\"lazy\" \/>\t\t\t\t\t\t\t\t\t\t\t<figcaption class=\"widget-image-caption wp-caption-text\">Argilito - Tipo: Sedimentar (lacustre) Mineralogia dominante: micas e argilas. Ocorr\u00eancia no RS: ocorrem na regi\u00e3o da Depress\u00e3o Central. Caracter\u00edsticas impressas nos solos: formam solos com textura argilosa, geralmente mais rasos, com elevada CTC e satura\u00e7\u00e3o por bases vari\u00e1vel.<\/figcaption>\n\t\t\t\t\t\t\t\t\t\t<\/figure>\n\t\t\t\t\t\t\t<\/div>\n\t\t\t\t<\/div>\n\t\t\t\t\t<\/div>\n\t\t<\/div>\n\t\t\t\t<div class=\"elementor-column elementor-col-33 elementor-top-column elementor-element elementor-element-261fad8\" data-id=\"261fad8\" data-element_type=\"column\">\n\t\t\t<div class=\"elementor-widget-wrap elementor-element-populated\">\n\t\t\t\t\t\t<div class=\"elementor-element elementor-element-6f7e19a elementor-widget elementor-widget-image\" data-id=\"6f7e19a\" data-element_type=\"widget\" data-widget_type=\"image.default\">\n\t\t\t\t<div class=\"elementor-widget-container\">\n\t\t\t\t\t\t\t\t\t\t<figure class=\"wp-caption\">\n\t\t\t\t\t\t\t\t\t\t<img decoding=\"async\" src=\"https:\/\/www.ufsm.br\/app\/uploads\/sites\/806\/elementor\/thumbs\/xisto-or9fnsiv5bs6kgoqdaitp0j9si43auocaoisq3t8i8.jpg\" title=\"xisto\" alt=\"xisto\" loading=\"lazy\" \/>\t\t\t\t\t\t\t\t\t\t\t<figcaption class=\"widget-image-caption wp-caption-text\">Xisto - Tipo: Metam\u00f3rfica Mineralogia dominante: depende da rocha pret\u00e9rita. Ocorr\u00eancia no RS: ocorrem na regi\u00e3o do Escudo Cristalino. Caracter\u00edsticas impressas nos solos: formam solos com textura vari\u00e1vel, geralmente rasos e pouco desenvolvidos.<\/figcaption>\n\t\t\t\t\t\t\t\t\t\t<\/figure>\n\t\t\t\t\t\t\t<\/div>\n\t\t\t\t<\/div>\n\t\t\t\t\t<\/div>\n\t\t<\/div>\n\t\t\t\t<div class=\"elementor-column elementor-col-33 elementor-top-column elementor-element elementor-element-b836995\" data-id=\"b836995\" data-element_type=\"column\">\n\t\t\t<div class=\"elementor-widget-wrap elementor-element-populated\">\n\t\t\t\t\t\t<div class=\"elementor-element elementor-element-6ff9af2 elementor-widget elementor-widget-image\" data-id=\"6ff9af2\" data-element_type=\"widget\" data-widget_type=\"image.default\">\n\t\t\t\t<div class=\"elementor-widget-container\">\n\t\t\t\t\t\t\t\t\t\t<figure class=\"wp-caption\">\n\t\t\t\t\t\t\t\t\t\t<img decoding=\"async\" src=\"https:\/\/www.ufsm.br\/app\/uploads\/sites\/806\/elementor\/thumbs\/gnaisse-olava25b4kbwac3x0nuk0ymvz7v2gpcphoygrkfryo.jpg\" title=\"gnaisse\" alt=\"gnaisse\" loading=\"lazy\" \/>\t\t\t\t\t\t\t\t\t\t\t<figcaption class=\"widget-image-caption wp-caption-text\">Gnaisse - Tipo: Metam\u00f3rfica Mineralogia dominante: feldspato K, plagiocl\u00e1sio e quartzo. Ocorr\u00eancia no RS: ocorrem na regi\u00e3o do Escudo Cristalino. Caracter\u00edsticas impressas nos solos: formam solos com textura vari\u00e1vel, geralmente rasos e pouco desenvolvidos.<\/figcaption>\n\t\t\t\t\t\t\t\t\t\t<\/figure>\n\t\t\t\t\t\t\t<\/div>\n\t\t\t\t<\/div>\n\t\t\t\t\t<\/div>\n\t\t<\/div>\n\t\t\t\t\t<\/div>\n\t\t<\/section>\n\t\t\t\t<section class=\"elementor-section elementor-top-section elementor-element elementor-element-2c3b6c4 elementor-section-boxed elementor-section-height-default elementor-section-height-default\" data-id=\"2c3b6c4\" data-element_type=\"section\">\n\t\t\t\t\t\t<div class=\"elementor-container elementor-column-gap-default\">\n\t\t\t\t\t<div class=\"elementor-column elementor-col-100 elementor-top-column elementor-element elementor-element-5d0525b\" data-id=\"5d0525b\" data-element_type=\"column\">\n\t\t\t<div class=\"elementor-widget-wrap elementor-element-populated\">\n\t\t\t\t\t\t<div class=\"elementor-element elementor-element-61291fd elementor-widget elementor-widget-image\" data-id=\"61291fd\" data-element_type=\"widget\" data-widget_type=\"image.default\">\n\t\t\t\t<div class=\"elementor-widget-container\">\n\t\t\t\t\t\t\t\t\t\t<figure class=\"wp-caption\">\n\t\t\t\t\t\t\t\t\t\t<img decoding=\"async\" src=\"https:\/\/www.ufsm.br\/app\/uploads\/sites\/806\/elementor\/thumbs\/conglomerado-1-olav9wi9zk46coc3xlesm024ewmv6iqbgx1jvwo500.jpg\" title=\"conglomerado\" alt=\"conglomerado\" loading=\"lazy\" \/>\t\t\t\t\t\t\t\t\t\t\t<figcaption class=\"widget-image-caption wp-caption-text\">Conglomerado - Tipo: Sedimentar (fluvial-coluvial) Mineralogia dominante: quartzo, feldspato K. Ocorr\u00eancia no RS: ocorrem na regi\u00e3o do Escudo Cristalino. Caracter\u00edsticas impressas nos solos: formam solos com textura arenosa cascalhenta, geralmente rasos, com baixa CTC e reten\u00e7\u00e3o de \u00e1gua.<\/figcaption>\n\t\t\t\t\t\t\t\t\t\t<\/figure>\n\t\t\t\t\t\t\t<\/div>\n\t\t\t\t<\/div>\n\t\t\t\t\t<\/div>\n\t\t<\/div>\n\t\t\t\t\t<\/div>\n\t\t<\/section>\n\t\t\t\t<\/div>\n\t\t","protected":false},"excerpt":{"rendered":"<p>Arenito &#8211; Tipo: Sedimentar (e\u00f3lico-fluvial) Mineralogia dominante: quartzo e feldspato. Ocorr\u00eancia no RS: ocorrem predominantemente nas regi\u00f5es da Depress\u00e3o Central e Litoral. Caracter\u00edsticas impressas nos solos: formam solos arenosos e mais profundos, com baixa reten\u00e7\u00e3o de \u00e1gua e fertilidade natural. Basalto &#8211; Tipo: \u00edgnea (vulc\u00e2nica b\u00e1sica) Mineralogia dominante: pirox\u00eanio e plagiocl\u00e1sio. Ocorr\u00eancia no RS: ocorrem [&hellip;]<\/p>\n","protected":false},"author":867,"featured_media":0,"parent":0,"menu_order":0,"comment_status":"closed","ping_status":"closed","template":"","meta":{"footnotes":""},"categories":[],"tags":[],"class_list":["post-205","page","type-page","status-publish","hentry"],"acf":[],"_links":{"self":[{"href":"https:\/\/www.ufsm.br\/museus\/msrs\/wp-json\/wp\/v2\/pages\/205","targetHints":{"allow":["GET"]}}],"collection":[{"href":"https:\/\/www.ufsm.br\/museus\/msrs\/wp-json\/wp\/v2\/pages"}],"about":[{"href":"https:\/\/www.ufsm.br\/museus\/msrs\/wp-json\/wp\/v2\/types\/page"}],"author":[{"embeddable":true,"href":"https:\/\/www.ufsm.br\/museus\/msrs\/wp-json\/wp\/v2\/users\/867"}],"replies":[{"embeddable":true,"href":"https:\/\/www.ufsm.br\/museus\/msrs\/wp-json\/wp\/v2\/comments?post=205"}],"version-history":[{"count":0,"href":"https:\/\/www.ufsm.br\/museus\/msrs\/wp-json\/wp\/v2\/pages\/205\/revisions"}],"wp:attachment":[{"href":"https:\/\/www.ufsm.br\/museus\/msrs\/wp-json\/wp\/v2\/media?parent=205"}],"wp:term":[{"taxonomy":"category","embeddable":true,"href":"https:\/\/www.ufsm.br\/museus\/msrs\/wp-json\/wp\/v2\/categories?post=205"},{"taxonomy":"post_tag","embeddable":true,"href":"https:\/\/www.ufsm.br\/museus\/msrs\/wp-json\/wp\/v2\/tags?post=205"}],"curies":[{"name":"wp","href":"https:\/\/api.w.org\/{rel}","templated":true}]}}