{"id":237,"date":"2020-02-11T11:35:31","date_gmt":"2020-02-11T14:35:31","guid":{"rendered":"https:\/\/www.ufsm.br\/unidades-universitarias\/ccr\/msrs\/?page_id=237"},"modified":"2020-02-17T10:42:55","modified_gmt":"2020-02-17T13:42:55","slug":"funcoes-do-solo","status":"publish","type":"page","link":"https:\/\/www.ufsm.br\/museus\/msrs\/funcoes-do-solo","title":{"rendered":"Fun\u00e7\u00f5es do Solo"},"content":{"rendered":"\t\t<div data-elementor-type=\"wp-page\" data-elementor-id=\"237\" class=\"elementor elementor-237\">\n\t\t\t\t\t\t<section class=\"elementor-section elementor-top-section elementor-element elementor-element-fd41348 elementor-section-boxed elementor-section-height-default elementor-section-height-default\" data-id=\"fd41348\" data-element_type=\"section\">\n\t\t\t\t\t\t<div class=\"elementor-container elementor-column-gap-default\">\n\t\t\t\t\t<div class=\"elementor-column elementor-col-100 elementor-top-column elementor-element elementor-element-6b08110\" data-id=\"6b08110\" data-element_type=\"column\">\n\t\t\t<div class=\"elementor-widget-wrap elementor-element-populated\">\n\t\t\t\t\t\t<div class=\"elementor-element elementor-element-b277864 elementor-widget elementor-widget-text-editor\" data-id=\"b277864\" data-element_type=\"widget\" data-widget_type=\"text-editor.default\">\n\t\t\t\t<div class=\"elementor-widget-container\">\n\t\t\t\t\t\t\t<p>Os solos nos prestam diversos servi\u00e7os ambientais, muitos dos quais s\u00e3o fundamentais para a manuten\u00e7\u00e3o da biodiversidade que conhecemos hoje no planeta. O gr\u00e1fico abaixo, produzido pela FAO-ONU, exemplifica bem a import\u00e2ncia dos solos para a nossa vida.<\/p>\t\t\t\t\t\t<\/div>\n\t\t\t\t<\/div>\n\t\t\t\t\t<\/div>\n\t\t<\/div>\n\t\t\t\t\t<\/div>\n\t\t<\/section>\n\t\t\t\t<section class=\"elementor-section elementor-top-section elementor-element elementor-element-a6cf7ef elementor-section-boxed elementor-section-height-default elementor-section-height-default\" data-id=\"a6cf7ef\" data-element_type=\"section\">\n\t\t\t\t\t\t<div class=\"elementor-container elementor-column-gap-default\">\n\t\t\t\t\t<div class=\"elementor-column elementor-col-100 elementor-top-column elementor-element elementor-element-2fe6007\" data-id=\"2fe6007\" data-element_type=\"column\">\n\t\t\t<div class=\"elementor-widget-wrap elementor-element-populated\">\n\t\t\t\t\t\t<div class=\"elementor-element elementor-element-9f06482 elementor-widget elementor-widget-image\" data-id=\"9f06482\" data-element_type=\"widget\" data-widget_type=\"image.default\">\n\t\t\t\t<div class=\"elementor-widget-container\">\n\t\t\t\t\t\t\t\t\t\t\t\t\t<img fetchpriority=\"high\" decoding=\"async\" width=\"818\" height=\"577\" src=\"https:\/\/www.ufsm.br\/app\/uploads\/sites\/806\/2020\/02\/Fun\u00e7\u00f5es_do_solo.jpg\" class=\"attachment-large size-large wp-image-664\" alt=\"\" srcset=\"https:\/\/www.ufsm.br\/app\/uploads\/sites\/806\/2020\/02\/Fun\u00e7\u00f5es_do_solo.jpg 818w, https:\/\/www.ufsm.br\/app\/uploads\/sites\/806\/2020\/02\/Fun\u00e7\u00f5es_do_solo-300x212.jpg 300w, https:\/\/www.ufsm.br\/app\/uploads\/sites\/806\/2020\/02\/Fun\u00e7\u00f5es_do_solo-768x542.jpg 768w\" sizes=\"(max-width: 818px) 100vw, 818px\" \/>\t\t\t\t\t\t\t\t\t\t\t\t\t<\/div>\n\t\t\t\t<\/div>\n\t\t\t\t\t<\/div>\n\t\t<\/div>\n\t\t\t\t\t<\/div>\n\t\t<\/section>\n\t\t\t\t<\/div>\n\t\t","protected":false},"excerpt":{"rendered":"<p>Os solos nos prestam diversos servi\u00e7os ambientais, muitos dos quais s\u00e3o fundamentais para a manuten\u00e7\u00e3o da biodiversidade que conhecemos hoje no planeta. O gr\u00e1fico abaixo, produzido pela FAO-ONU, exemplifica bem a import\u00e2ncia dos solos para a nossa vida.<\/p>\n","protected":false},"author":867,"featured_media":0,"parent":0,"menu_order":0,"comment_status":"closed","ping_status":"closed","template":"","meta":{"footnotes":""},"categories":[],"tags":[],"class_list":["post-237","page","type-page","status-publish","hentry"],"acf":[],"_links":{"self":[{"href":"https:\/\/www.ufsm.br\/museus\/msrs\/wp-json\/wp\/v2\/pages\/237","targetHints":{"allow":["GET"]}}],"collection":[{"href":"https:\/\/www.ufsm.br\/museus\/msrs\/wp-json\/wp\/v2\/pages"}],"about":[{"href":"https:\/\/www.ufsm.br\/museus\/msrs\/wp-json\/wp\/v2\/types\/page"}],"author":[{"embeddable":true,"href":"https:\/\/www.ufsm.br\/museus\/msrs\/wp-json\/wp\/v2\/users\/867"}],"replies":[{"embeddable":true,"href":"https:\/\/www.ufsm.br\/museus\/msrs\/wp-json\/wp\/v2\/comments?post=237"}],"version-history":[{"count":0,"href":"https:\/\/www.ufsm.br\/museus\/msrs\/wp-json\/wp\/v2\/pages\/237\/revisions"}],"wp:attachment":[{"href":"https:\/\/www.ufsm.br\/museus\/msrs\/wp-json\/wp\/v2\/media?parent=237"}],"wp:term":[{"taxonomy":"category","embeddable":true,"href":"https:\/\/www.ufsm.br\/museus\/msrs\/wp-json\/wp\/v2\/categories?post=237"},{"taxonomy":"post_tag","embeddable":true,"href":"https:\/\/www.ufsm.br\/museus\/msrs\/wp-json\/wp\/v2\/tags?post=237"}],"curies":[{"name":"wp","href":"https:\/\/api.w.org\/{rel}","templated":true}]}}