{"id":332,"date":"2020-02-12T09:32:39","date_gmt":"2020-02-12T12:32:39","guid":{"rendered":"https:\/\/www.ufsm.br\/unidades-universitarias\/ccr\/msrs\/?page_id=332"},"modified":"2020-02-17T11:30:31","modified_gmt":"2020-02-17T14:30:31","slug":"2019-2","status":"publish","type":"page","link":"https:\/\/www.ufsm.br\/museus\/msrs\/2019-2","title":{"rendered":"Dia Mundial do Solo 2019"},"content":{"rendered":"\t\t<div data-elementor-type=\"wp-page\" data-elementor-id=\"332\" class=\"elementor elementor-332\">\n\t\t\t\t\t\t<section class=\"elementor-section elementor-top-section elementor-element elementor-element-a44f966 elementor-section-boxed elementor-section-height-default elementor-section-height-default\" data-id=\"a44f966\" data-element_type=\"section\">\n\t\t\t\t\t\t<div class=\"elementor-container elementor-column-gap-default\">\n\t\t\t\t\t<div class=\"elementor-column elementor-col-100 elementor-top-column elementor-element elementor-element-82ff098\" data-id=\"82ff098\" data-element_type=\"column\">\n\t\t\t<div class=\"elementor-widget-wrap elementor-element-populated\">\n\t\t\t\t\t\t<div class=\"elementor-element elementor-element-3f714a3 elementor-widget elementor-widget-text-editor\" data-id=\"3f714a3\" data-element_type=\"widget\" data-widget_type=\"text-editor.default\">\n\t\t\t\t<div class=\"elementor-widget-container\">\n\t\t\t\t\t\t\t<div class=\"page-header\"><p style=\"text-align: center\"><span style=\"text-align: left\">O Museu de Solos do Rio Grande do Sul se juntou a mais de 75 outros grupos brasileiros para a realiza\u00e7\u00e3o de atividades educativas em comemora\u00e7\u00e3o ao dia mundial do solo (05 de dezembro), promovido pela Global Soil Partnership &#8211; FAO\/ONU. Tr\u00eas atividades foram preparadas pelo Museu de Solos do RS, uma a\u00e7\u00e3o junto a escola de ensino fundamental Bernardino Ferreira (28\/11\/19), onde foram realizadas diversas atividades l\u00fadicas com aproximadamente 60 crian\u00e7as. Atendimento a visita de estudantes de Agronomia da UERGS (29\/11\/19) e, no dia 05 de dezembro, os t\u00e9cnicos do Museu de Solos participaram da organiza\u00e7\u00e3o da 1\u00ba Competi\u00e7\u00e3o de Solos da Bahia, realizada pelo PET Solos da UESC, na cidade de Ilh\u00e9us, BA.<\/span><\/p><\/div>\t\t\t\t\t\t<\/div>\n\t\t\t\t<\/div>\n\t\t\t\t\t<\/div>\n\t\t<\/div>\n\t\t\t\t\t<\/div>\n\t\t<\/section>\n\t\t\t\t<section class=\"elementor-section elementor-top-section elementor-element elementor-element-12e06d6 elementor-section-boxed elementor-section-height-default elementor-section-height-default\" data-id=\"12e06d6\" data-element_type=\"section\">\n\t\t\t\t\t\t<div class=\"elementor-container elementor-column-gap-default\">\n\t\t\t\t\t<div class=\"elementor-column elementor-col-100 elementor-top-column elementor-element elementor-element-b0a3599\" data-id=\"b0a3599\" data-element_type=\"column\">\n\t\t\t<div class=\"elementor-widget-wrap elementor-element-populated\">\n\t\t\t\t\t\t<div class=\"elementor-element elementor-element-cdd23cd elementor-widget elementor-widget-image\" data-id=\"cdd23cd\" data-element_type=\"widget\" data-widget_type=\"image.default\">\n\t\t\t\t<div class=\"elementor-widget-container\">\n\t\t\t\t\t\t\t\t\t\t\t\t\t<img decoding=\"async\" src=\"https:\/\/www.ufsm.br\/app\/uploads\/sites\/806\/elementor\/thumbs\/WhatsApp_Image_2019-11-20_at_08.55.15-olayg20pfuzo0i7l4psgdhtg8x5j7pa5fbmd4kshqw.jpeg\" title=\"WhatsApp_Image_2019-11-20_at_08.55.15\" alt=\"WhatsApp_Image_2019-11-20_at_08.55.15\" loading=\"lazy\" \/>\t\t\t\t\t\t\t\t\t\t\t\t\t<\/div>\n\t\t\t\t<\/div>\n\t\t\t\t\t<\/div>\n\t\t<\/div>\n\t\t\t\t\t<\/div>\n\t\t<\/section>\n\t\t\t\t<section class=\"elementor-section elementor-top-section elementor-element elementor-element-d91aec3 elementor-section-boxed elementor-section-height-default elementor-section-height-default\" data-id=\"d91aec3\" data-element_type=\"section\">\n\t\t\t\t\t\t<div class=\"elementor-container elementor-column-gap-default\">\n\t\t\t\t\t<div class=\"elementor-column elementor-col-50 elementor-top-column elementor-element elementor-element-b714bae\" data-id=\"b714bae\" data-element_type=\"column\">\n\t\t\t<div class=\"elementor-widget-wrap elementor-element-populated\">\n\t\t\t\t\t\t<div class=\"elementor-element elementor-element-c6cefbe elementor-widget elementor-widget-image\" data-id=\"c6cefbe\" data-element_type=\"widget\" data-widget_type=\"image.default\">\n\t\t\t\t<div class=\"elementor-widget-container\">\n\t\t\t\t\t\t\t\t\t\t<figure class=\"wp-caption\">\n\t\t\t\t\t\t\t\t\t\t<img decoding=\"async\" src=\"https:\/\/www.ufsm.br\/app\/uploads\/sites\/806\/elementor\/thumbs\/WhatsApp_Image_2019-11-28_at_20.19.19_1-olayiulewflyvf7qf50lnkzvtbjstnlise2uhfrwe0.jpeg\" title=\"WhatsApp_Image_2019-11-28_at_20.19.19_1\" alt=\"WhatsApp_Image_2019-11-28_at_20.19.19_1\" loading=\"lazy\" \/>\t\t\t\t\t\t\t\t\t\t\t<figcaption class=\"widget-image-caption wp-caption-text\">Alunos da escola desenvolvendo atividade com tintas de solo<\/figcaption>\n\t\t\t\t\t\t\t\t\t\t<\/figure>\n\t\t\t\t\t\t\t<\/div>\n\t\t\t\t<\/div>\n\t\t\t\t\t<\/div>\n\t\t<\/div>\n\t\t\t\t<div class=\"elementor-column elementor-col-50 elementor-top-column elementor-element elementor-element-9426f3f\" data-id=\"9426f3f\" data-element_type=\"column\">\n\t\t\t<div class=\"elementor-widget-wrap elementor-element-populated\">\n\t\t\t\t\t\t<div class=\"elementor-element elementor-element-a8cf2f4 elementor-widget elementor-widget-image\" data-id=\"a8cf2f4\" data-element_type=\"widget\" data-widget_type=\"image.default\">\n\t\t\t\t<div class=\"elementor-widget-container\">\n\t\t\t\t\t\t\t\t\t\t<figure class=\"wp-caption\">\n\t\t\t\t\t\t\t\t\t\t<img decoding=\"async\" src=\"https:\/\/www.ufsm.br\/app\/uploads\/sites\/806\/elementor\/thumbs\/WhatsApp_Image_2019-11-28_at_20.19.20-olayixexgxptu93myo8hd2a9lh5wgqwpss1ax9npvc.jpeg\" title=\"WhatsApp_Image_2019-11-28_at_20.19.20\" alt=\"WhatsApp_Image_2019-11-28_at_20.19.20\" loading=\"lazy\" \/>\t\t\t\t\t\t\t\t\t\t\t<figcaption class=\"widget-image-caption wp-caption-text\">Professor e bolssitas do Museu de Solos apresentando as atividades para as crian\u00e7as<\/figcaption>\n\t\t\t\t\t\t\t\t\t\t<\/figure>\n\t\t\t\t\t\t\t<\/div>\n\t\t\t\t<\/div>\n\t\t\t\t\t<\/div>\n\t\t<\/div>\n\t\t\t\t\t<\/div>\n\t\t<\/section>\n\t\t\t\t<section class=\"elementor-section elementor-top-section elementor-element elementor-element-07776f2 elementor-section-boxed elementor-section-height-default elementor-section-height-default\" data-id=\"07776f2\" data-element_type=\"section\">\n\t\t\t\t\t\t<div class=\"elementor-container elementor-column-gap-default\">\n\t\t\t\t\t<div class=\"elementor-column elementor-col-33 elementor-top-column elementor-element elementor-element-360abb6\" data-id=\"360abb6\" data-element_type=\"column\">\n\t\t\t<div class=\"elementor-widget-wrap elementor-element-populated\">\n\t\t\t\t\t\t<div class=\"elementor-element elementor-element-85340c1 elementor-widget elementor-widget-image\" data-id=\"85340c1\" data-element_type=\"widget\" data-widget_type=\"image.default\">\n\t\t\t\t<div class=\"elementor-widget-container\">\n\t\t\t\t\t\t\t\t\t\t<figure class=\"wp-caption\">\n\t\t\t\t\t\t\t\t\t\t<img decoding=\"async\" src=\"https:\/\/www.ufsm.br\/app\/uploads\/sites\/806\/elementor\/thumbs\/WhatsApp_Image_2019-11-29_at_14.33.19-olayj8ozqy59pkn94t406zfsq3mb145hubv4ol6zso.jpeg\" title=\"WhatsApp_Image_2019-11-29_at_14.33.19\" alt=\"WhatsApp_Image_2019-11-29_at_14.33.19\" loading=\"lazy\" \/>\t\t\t\t\t\t\t\t\t\t\t<figcaption class=\"widget-image-caption wp-caption-text\">Visita de campo dos alunos da Agronomia da UERGS<\/figcaption>\n\t\t\t\t\t\t\t\t\t\t<\/figure>\n\t\t\t\t\t\t\t<\/div>\n\t\t\t\t<\/div>\n\t\t\t\t\t<\/div>\n\t\t<\/div>\n\t\t\t\t<div class=\"elementor-column elementor-col-33 elementor-top-column elementor-element elementor-element-76aeea8\" data-id=\"76aeea8\" data-element_type=\"column\">\n\t\t\t<div class=\"elementor-widget-wrap elementor-element-populated\">\n\t\t\t\t\t\t<div class=\"elementor-element elementor-element-a9b8750 elementor-widget elementor-widget-image\" data-id=\"a9b8750\" data-element_type=\"widget\" data-widget_type=\"image.default\">\n\t\t\t\t<div class=\"elementor-widget-container\">\n\t\t\t\t\t\t\t\t\t\t<figure class=\"wp-caption\">\n\t\t\t\t\t\t\t\t\t\t<img fetchpriority=\"high\" decoding=\"async\" width=\"960\" height=\"720\" src=\"https:\/\/www.ufsm.br\/app\/uploads\/sites\/806\/2020\/02\/competi\u00e7\u00e3o_bahia_1.jpg\" class=\"attachment-large size-large wp-image-737\" alt=\"\" srcset=\"https:\/\/www.ufsm.br\/app\/uploads\/sites\/806\/2020\/02\/competi\u00e7\u00e3o_bahia_1.jpg 960w, https:\/\/www.ufsm.br\/app\/uploads\/sites\/806\/2020\/02\/competi\u00e7\u00e3o_bahia_1-300x225.jpg 300w, https:\/\/www.ufsm.br\/app\/uploads\/sites\/806\/2020\/02\/competi\u00e7\u00e3o_bahia_1-768x576.jpg 768w\" sizes=\"(max-width: 960px) 100vw, 960px\" \/>\t\t\t\t\t\t\t\t\t\t\t<figcaption class=\"widget-image-caption wp-caption-text\">Competi\u00e7\u00e3o de solos da Bahia<\/figcaption>\n\t\t\t\t\t\t\t\t\t\t<\/figure>\n\t\t\t\t\t\t\t<\/div>\n\t\t\t\t<\/div>\n\t\t\t\t\t<\/div>\n\t\t<\/div>\n\t\t\t\t<div class=\"elementor-column elementor-col-33 elementor-top-column elementor-element elementor-element-f908e77\" data-id=\"f908e77\" data-element_type=\"column\">\n\t\t\t<div class=\"elementor-widget-wrap elementor-element-populated\">\n\t\t\t\t\t\t<div class=\"elementor-element elementor-element-dcc29c0 elementor-widget elementor-widget-image\" data-id=\"dcc29c0\" data-element_type=\"widget\" data-widget_type=\"image.default\">\n\t\t\t\t<div class=\"elementor-widget-container\">\n\t\t\t\t\t\t\t\t\t\t<figure class=\"wp-caption\">\n\t\t\t\t\t\t\t\t\t\t<img decoding=\"async\" src=\"https:\/\/www.ufsm.br\/app\/uploads\/sites\/806\/elementor\/thumbs\/competi\u00e7\u00e3o_bahia_3-olayjec0vyczn8f27vjrly0kaeuibarvv3s1k8ymrc.jpg\" title=\"competi\u00e7\u00e3o_bahia_3\" alt=\"competi\u00e7\u00e3o_bahia_3\" loading=\"lazy\" \/>\t\t\t\t\t\t\t\t\t\t\t<figcaption class=\"widget-image-caption wp-caption-text\">Grupo participante da 1\u00aa Competi\u00e7\u00e3o de Solos da Bahia<\/figcaption>\n\t\t\t\t\t\t\t\t\t\t<\/figure>\n\t\t\t\t\t\t\t<\/div>\n\t\t\t\t<\/div>\n\t\t\t\t\t<\/div>\n\t\t<\/div>\n\t\t\t\t\t<\/div>\n\t\t<\/section>\n\t\t\t\t<\/div>\n\t\t","protected":false},"excerpt":{"rendered":"<p>O Museu de Solos do Rio Grande do Sul se juntou a mais de 75 outros grupos brasileiros para a realiza\u00e7\u00e3o de atividades educativas em comemora\u00e7\u00e3o ao dia mundial do solo (05 de dezembro), promovido pela Global Soil Partnership &#8211; FAO\/ONU. Tr\u00eas atividades foram preparadas pelo Museu de Solos do RS, uma a\u00e7\u00e3o junto a [&hellip;]<\/p>\n","protected":false},"author":867,"featured_media":0,"parent":0,"menu_order":0,"comment_status":"closed","ping_status":"closed","template":"","meta":{"footnotes":""},"categories":[],"tags":[],"class_list":["post-332","page","type-page","status-publish","hentry"],"acf":[],"_links":{"self":[{"href":"https:\/\/www.ufsm.br\/museus\/msrs\/wp-json\/wp\/v2\/pages\/332","targetHints":{"allow":["GET"]}}],"collection":[{"href":"https:\/\/www.ufsm.br\/museus\/msrs\/wp-json\/wp\/v2\/pages"}],"about":[{"href":"https:\/\/www.ufsm.br\/museus\/msrs\/wp-json\/wp\/v2\/types\/page"}],"author":[{"embeddable":true,"href":"https:\/\/www.ufsm.br\/museus\/msrs\/wp-json\/wp\/v2\/users\/867"}],"replies":[{"embeddable":true,"href":"https:\/\/www.ufsm.br\/museus\/msrs\/wp-json\/wp\/v2\/comments?post=332"}],"version-history":[{"count":0,"href":"https:\/\/www.ufsm.br\/museus\/msrs\/wp-json\/wp\/v2\/pages\/332\/revisions"}],"wp:attachment":[{"href":"https:\/\/www.ufsm.br\/museus\/msrs\/wp-json\/wp\/v2\/media?parent=332"}],"wp:term":[{"taxonomy":"category","embeddable":true,"href":"https:\/\/www.ufsm.br\/museus\/msrs\/wp-json\/wp\/v2\/categories?post=332"},{"taxonomy":"post_tag","embeddable":true,"href":"https:\/\/www.ufsm.br\/museus\/msrs\/wp-json\/wp\/v2\/tags?post=332"}],"curies":[{"name":"wp","href":"https:\/\/api.w.org\/{rel}","templated":true}]}}