{"id":347,"date":"2020-02-12T10:04:23","date_gmt":"2020-02-12T13:04:23","guid":{"rendered":"https:\/\/www.ufsm.br\/unidades-universitarias\/ccr\/msrs\/?page_id=347"},"modified":"2020-02-17T11:35:59","modified_gmt":"2020-02-17T14:35:59","slug":"programa-janela-aberta-2019","status":"publish","type":"page","link":"https:\/\/www.ufsm.br\/museus\/msrs\/programa-janela-aberta-2019","title":{"rendered":"Programa Janela Aberta UFSM\/2019"},"content":{"rendered":"\t\t<div data-elementor-type=\"wp-page\" data-elementor-id=\"347\" class=\"elementor elementor-347\">\n\t\t\t\t\t\t<section class=\"elementor-section elementor-top-section elementor-element elementor-element-3c8a22c elementor-section-boxed elementor-section-height-default elementor-section-height-default\" data-id=\"3c8a22c\" data-element_type=\"section\">\n\t\t\t\t\t\t<div class=\"elementor-container elementor-column-gap-default\">\n\t\t\t\t\t<div class=\"elementor-column elementor-col-100 elementor-top-column elementor-element elementor-element-d3a40ff\" data-id=\"d3a40ff\" data-element_type=\"column\">\n\t\t\t<div class=\"elementor-widget-wrap elementor-element-populated\">\n\t\t\t\t\t\t<div class=\"elementor-element elementor-element-ab523a8 elementor-widget elementor-widget-text-editor\" data-id=\"ab523a8\" data-element_type=\"widget\" data-widget_type=\"text-editor.default\">\n\t\t\t\t<div class=\"elementor-widget-container\">\n\t\t\t\t\t\t\t<p>O Museu de Solos do Rio Grande do Sul colaborou com o Programa Janela Aberta Edi\u00e7\u00e3o 2019 da UFSM, com diversas visitas de alunos do Ensino M\u00e9dio de Santa Maria e regi\u00e3o, que v\u00eam at\u00e9 os espa\u00e7os da Universidade para conhecer mais sobre os cursos ofertados pela instiui\u00e7\u00e3o. Al\u00e9m de terem contato com o acervo de monolitos e rochas os alunos foram provocados a refletir sobre as profiss\u00f5es que atuam nessa \u00e1rea do conhecimento e os desafios acerca do uso sustent\u00e1vel do solo e da natureza. O evento ocorreu entre os dias 12 e 16 de Agosto, onde o Museu atendeu a 130 visitantes de diversas escolas do Rio Grande do Sul.<\/p>\t\t\t\t\t\t<\/div>\n\t\t\t\t<\/div>\n\t\t\t\t\t<\/div>\n\t\t<\/div>\n\t\t\t\t\t<\/div>\n\t\t<\/section>\n\t\t\t\t<section class=\"elementor-section elementor-top-section elementor-element elementor-element-6332be2 elementor-section-boxed elementor-section-height-default elementor-section-height-default\" data-id=\"6332be2\" data-element_type=\"section\">\n\t\t\t\t\t\t<div class=\"elementor-container elementor-column-gap-default\">\n\t\t\t\t\t<div class=\"elementor-column elementor-col-100 elementor-top-column elementor-element elementor-element-68a8101\" data-id=\"68a8101\" data-element_type=\"column\">\n\t\t\t<div class=\"elementor-widget-wrap elementor-element-populated\">\n\t\t\t\t\t\t<div class=\"elementor-element elementor-element-9f53532 elementor-widget elementor-widget-image\" data-id=\"9f53532\" data-element_type=\"widget\" data-widget_type=\"image.default\">\n\t\t\t\t<div class=\"elementor-widget-container\">\n\t\t\t\t\t\t\t\t\t\t\t\t\t<img decoding=\"async\" src=\"https:\/\/www.ufsm.br\/app\/uploads\/sites\/806\/elementor\/thumbs\/foto_Janela_aberta_2019-olayv776cmurbt2jvkfq6znz4wewdzbclxfcvluen4.jpg\" title=\"foto_Janela_aberta_2019\" alt=\"foto_Janela_aberta_2019\" loading=\"lazy\" \/>\t\t\t\t\t\t\t\t\t\t\t\t\t<\/div>\n\t\t\t\t<\/div>\n\t\t\t\t\t<\/div>\n\t\t<\/div>\n\t\t\t\t\t<\/div>\n\t\t<\/section>\n\t\t\t\t<\/div>\n\t\t","protected":false},"excerpt":{"rendered":"<p>O Museu de Solos do Rio Grande do Sul colaborou com o Programa Janela Aberta Edi\u00e7\u00e3o 2019 da UFSM, com diversas visitas de alunos do Ensino M\u00e9dio de Santa Maria e regi\u00e3o, que v\u00eam at\u00e9 os espa\u00e7os da Universidade para conhecer mais sobre os cursos ofertados pela instiui\u00e7\u00e3o. Al\u00e9m de terem contato com o acervo [&hellip;]<\/p>\n","protected":false},"author":867,"featured_media":0,"parent":0,"menu_order":0,"comment_status":"closed","ping_status":"closed","template":"","meta":{"footnotes":""},"categories":[],"tags":[],"class_list":["post-347","page","type-page","status-publish","hentry"],"acf":[],"_links":{"self":[{"href":"https:\/\/www.ufsm.br\/museus\/msrs\/wp-json\/wp\/v2\/pages\/347","targetHints":{"allow":["GET"]}}],"collection":[{"href":"https:\/\/www.ufsm.br\/museus\/msrs\/wp-json\/wp\/v2\/pages"}],"about":[{"href":"https:\/\/www.ufsm.br\/museus\/msrs\/wp-json\/wp\/v2\/types\/page"}],"author":[{"embeddable":true,"href":"https:\/\/www.ufsm.br\/museus\/msrs\/wp-json\/wp\/v2\/users\/867"}],"replies":[{"embeddable":true,"href":"https:\/\/www.ufsm.br\/museus\/msrs\/wp-json\/wp\/v2\/comments?post=347"}],"version-history":[{"count":0,"href":"https:\/\/www.ufsm.br\/museus\/msrs\/wp-json\/wp\/v2\/pages\/347\/revisions"}],"wp:attachment":[{"href":"https:\/\/www.ufsm.br\/museus\/msrs\/wp-json\/wp\/v2\/media?parent=347"}],"wp:term":[{"taxonomy":"category","embeddable":true,"href":"https:\/\/www.ufsm.br\/museus\/msrs\/wp-json\/wp\/v2\/categories?post=347"},{"taxonomy":"post_tag","embeddable":true,"href":"https:\/\/www.ufsm.br\/museus\/msrs\/wp-json\/wp\/v2\/tags?post=347"}],"curies":[{"name":"wp","href":"https:\/\/api.w.org\/{rel}","templated":true}]}}