{"id":353,"date":"2020-02-12T10:07:22","date_gmt":"2020-02-12T13:07:22","guid":{"rendered":"https:\/\/www.ufsm.br\/unidades-universitarias\/ccr\/msrs\/?page_id=353"},"modified":"2020-02-17T11:38:22","modified_gmt":"2020-02-17T14:38:22","slug":"minicurso-de-identificacao-de-solos-2018","status":"publish","type":"page","link":"https:\/\/www.ufsm.br\/museus\/msrs\/minicurso-de-identificacao-de-solos-2018","title":{"rendered":"Minicurso de identifica\u00e7\u00e3o de solos 2018"},"content":{"rendered":"\t\t<div data-elementor-type=\"wp-page\" data-elementor-id=\"353\" class=\"elementor elementor-353\">\n\t\t\t\t\t\t<section class=\"elementor-section elementor-top-section elementor-element elementor-element-b2a7980 elementor-section-boxed elementor-section-height-default elementor-section-height-default\" data-id=\"b2a7980\" data-element_type=\"section\">\n\t\t\t\t\t\t<div class=\"elementor-container elementor-column-gap-default\">\n\t\t\t\t\t<div class=\"elementor-column elementor-col-100 elementor-top-column elementor-element elementor-element-129af5b\" data-id=\"129af5b\" data-element_type=\"column\">\n\t\t\t<div class=\"elementor-widget-wrap elementor-element-populated\">\n\t\t\t\t\t\t<div class=\"elementor-element elementor-element-a5e7fa0 elementor-widget elementor-widget-text-editor\" data-id=\"a5e7fa0\" data-element_type=\"widget\" data-widget_type=\"text-editor.default\">\n\t\t\t\t<div class=\"elementor-widget-container\">\n\t\t\t\t\t\t\t<p class=\"Default\">s solos s\u00e3o recursos naturais fundamentais a manuten\u00e7\u00e3o da vida no planeta. O seu uso sustent\u00e1vel, por meio de pr\u00e1ticas conservacionistas s\u00e3o imprescind\u00edveis \u00e0s atividades agrosilvipastoris. Para tanto, \u00e9 importante que os t\u00e9cnicos de campo saibam reconhecer os diferentes solos que ocorrem na paisagem, seus aspectos morfol\u00f3gicos, sua rela\u00e7\u00e3o com a paisagem e geologia local, suas limita\u00e7\u00f5es e potenciais de uso.<\/p><p class=\"Default\">O objetivo desta atividade foi oportunizar aos participantes treinamento pr\u00e1tico sobre a identifica\u00e7\u00e3o de solos, suas propriedades morfol\u00f3gicas importantes na identifica\u00e7\u00e3o, seus aspectos pedogen\u00e9ticos e a sua classifica\u00e7\u00e3o taxon\u00f4mica aplicada.<\/p><p class=\"Default\">O evento foi realizado no dia 19 de dezembro de 2018, das 10 \u00e0s 12h no Museu de Solos do Rio Grande do Sul, pr\u00e9dio 44 (CCR\/UFSM) e das 14 \u00e0s 18h no campo, na regi\u00e3o da 4\u00aa Col\u00f4nia, RS. O evento foi organizado pelo Museu de Solos do RS em parceria como o PET Agronomia e o Clube de Soil Judging da UFSM.<\/p><p class=\"Default\">O programa do curso foi o seguinte:<\/p><p class=\"Default\"><strong>Conte\u00fado te\u00f3rico (Museu de Solos)<\/strong><\/p><p class=\"Default\">&#8211; Import\u00e2ncia do conhecimento dos solos; Aspectos pedogen\u00e9ticos; Rela\u00e7\u00e3o solo-paisagem; Morfologia do solo; Classifica\u00e7\u00e3o de solos; Levantamento de solos; Geologia aplicada a Pedologia; Solos do RS.<\/p><p class=\"Default\"><strong>Conte\u00fado pr\u00e1tico (Campo na regi\u00e3o da 4\u00aa Col\u00f4nia)<\/strong><\/p><p class=\"Default\">&#8211; Preparo de perfis de solos para a sua descri\u00e7\u00e3o no campo; Descri\u00e7\u00e3o morfol\u00f3gica de solos no campo; Discuss\u00e3o sobre rela\u00e7\u00e3o solo-paisagem, pedog\u00eanese e limita\u00e7\u00f5es dos solos da regi\u00e3o; Aspectos importantes para identifica\u00e7\u00e3o dos solos; Coleta de monolitos de solos.<\/p><p class=\"Default\">O minicurso contou com a participa\u00e7\u00e3o de 20 pessoas e a carga hor\u00e1ria total foi de 6 horas de atividades.<\/p>\t\t\t\t\t\t<\/div>\n\t\t\t\t<\/div>\n\t\t\t\t\t<\/div>\n\t\t<\/div>\n\t\t\t\t\t<\/div>\n\t\t<\/section>\n\t\t\t\t<section class=\"elementor-section elementor-top-section elementor-element elementor-element-b1d356c elementor-section-boxed elementor-section-height-default elementor-section-height-default\" data-id=\"b1d356c\" data-element_type=\"section\">\n\t\t\t\t\t\t<div class=\"elementor-container elementor-column-gap-default\">\n\t\t\t\t\t<div class=\"elementor-column elementor-col-50 elementor-top-column elementor-element elementor-element-13fbdfe\" data-id=\"13fbdfe\" data-element_type=\"column\">\n\t\t\t<div class=\"elementor-widget-wrap elementor-element-populated\">\n\t\t\t\t\t\t<div class=\"elementor-element elementor-element-22ac486 elementor-widget elementor-widget-image\" data-id=\"22ac486\" data-element_type=\"widget\" data-widget_type=\"image.default\">\n\t\t\t\t<div class=\"elementor-widget-container\">\n\t\t\t\t\t\t\t\t\t\t<figure class=\"wp-caption\">\n\t\t\t\t\t\t\t\t\t\t<img decoding=\"async\" src=\"https:\/\/www.ufsm.br\/app\/uploads\/sites\/806\/2020\/02\/MInicurso_1.jpg\" title=\"MInicurso_1\" alt=\"MInicurso_1\" loading=\"lazy\" \/>\t\t\t\t\t\t\t\t\t\t\t<figcaption class=\"widget-image-caption wp-caption-text\">Apresenta\u00e7\u00f5es te\u00f3ricas no museu de solos do RS.<\/figcaption>\n\t\t\t\t\t\t\t\t\t\t<\/figure>\n\t\t\t\t\t\t\t<\/div>\n\t\t\t\t<\/div>\n\t\t\t\t\t<\/div>\n\t\t<\/div>\n\t\t\t\t<div class=\"elementor-column elementor-col-50 elementor-top-column elementor-element elementor-element-0395b74\" data-id=\"0395b74\" data-element_type=\"column\">\n\t\t\t<div class=\"elementor-widget-wrap elementor-element-populated\">\n\t\t\t\t\t\t<div class=\"elementor-element elementor-element-1038f84 elementor-widget elementor-widget-image\" data-id=\"1038f84\" data-element_type=\"widget\" data-widget_type=\"image.default\">\n\t\t\t\t<div class=\"elementor-widget-container\">\n\t\t\t\t\t\t\t\t\t\t<figure class=\"wp-caption\">\n\t\t\t\t\t\t\t\t\t\t<img fetchpriority=\"high\" decoding=\"async\" width=\"1024\" height=\"576\" src=\"https:\/\/www.ufsm.br\/app\/uploads\/sites\/806\/2020\/02\/minicurso_2-1024x576.jpg\" class=\"attachment-large size-large wp-image-746\" alt=\"\" srcset=\"https:\/\/www.ufsm.br\/app\/uploads\/sites\/806\/2020\/02\/minicurso_2-1024x576.jpg 1024w, https:\/\/www.ufsm.br\/app\/uploads\/sites\/806\/2020\/02\/minicurso_2-300x169.jpg 300w, https:\/\/www.ufsm.br\/app\/uploads\/sites\/806\/2020\/02\/minicurso_2-768x432.jpg 768w, https:\/\/www.ufsm.br\/app\/uploads\/sites\/806\/2020\/02\/minicurso_2.jpg 1457w\" sizes=\"(max-width: 1024px) 100vw, 1024px\" \/>\t\t\t\t\t\t\t\t\t\t\t<figcaption class=\"widget-image-caption wp-caption-text\">Pr\u00e1tica de campo em Silveira Martins, RS.<\/figcaption>\n\t\t\t\t\t\t\t\t\t\t<\/figure>\n\t\t\t\t\t\t\t<\/div>\n\t\t\t\t<\/div>\n\t\t\t\t\t<\/div>\n\t\t<\/div>\n\t\t\t\t\t<\/div>\n\t\t<\/section>\n\t\t\t\t<\/div>\n\t\t","protected":false},"excerpt":{"rendered":"<p>s solos s\u00e3o recursos naturais fundamentais a manuten\u00e7\u00e3o da vida no planeta. O seu uso sustent\u00e1vel, por meio de pr\u00e1ticas conservacionistas s\u00e3o imprescind\u00edveis \u00e0s atividades agrosilvipastoris. Para tanto, \u00e9 importante que os t\u00e9cnicos de campo saibam reconhecer os diferentes solos que ocorrem na paisagem, seus aspectos morfol\u00f3gicos, sua rela\u00e7\u00e3o com a paisagem e geologia local, [&hellip;]<\/p>\n","protected":false},"author":867,"featured_media":0,"parent":0,"menu_order":0,"comment_status":"closed","ping_status":"closed","template":"","meta":{"footnotes":""},"categories":[],"tags":[],"class_list":["post-353","page","type-page","status-publish","hentry"],"acf":[],"_links":{"self":[{"href":"https:\/\/www.ufsm.br\/museus\/msrs\/wp-json\/wp\/v2\/pages\/353","targetHints":{"allow":["GET"]}}],"collection":[{"href":"https:\/\/www.ufsm.br\/museus\/msrs\/wp-json\/wp\/v2\/pages"}],"about":[{"href":"https:\/\/www.ufsm.br\/museus\/msrs\/wp-json\/wp\/v2\/types\/page"}],"author":[{"embeddable":true,"href":"https:\/\/www.ufsm.br\/museus\/msrs\/wp-json\/wp\/v2\/users\/867"}],"replies":[{"embeddable":true,"href":"https:\/\/www.ufsm.br\/museus\/msrs\/wp-json\/wp\/v2\/comments?post=353"}],"version-history":[{"count":0,"href":"https:\/\/www.ufsm.br\/museus\/msrs\/wp-json\/wp\/v2\/pages\/353\/revisions"}],"wp:attachment":[{"href":"https:\/\/www.ufsm.br\/museus\/msrs\/wp-json\/wp\/v2\/media?parent=353"}],"wp:term":[{"taxonomy":"category","embeddable":true,"href":"https:\/\/www.ufsm.br\/museus\/msrs\/wp-json\/wp\/v2\/categories?post=353"},{"taxonomy":"post_tag","embeddable":true,"href":"https:\/\/www.ufsm.br\/museus\/msrs\/wp-json\/wp\/v2\/tags?post=353"}],"curies":[{"name":"wp","href":"https:\/\/api.w.org\/{rel}","templated":true}]}}