{"id":356,"date":"2020-02-12T10:09:56","date_gmt":"2020-02-12T13:09:56","guid":{"rendered":"https:\/\/www.ufsm.br\/unidades-universitarias\/ccr\/msrs\/?page_id=356"},"modified":"2020-02-17T11:40:41","modified_gmt":"2020-02-17T14:40:41","slug":"painel-dia-mundial-do-solo","status":"publish","type":"page","link":"https:\/\/www.ufsm.br\/museus\/msrs\/painel-dia-mundial-do-solo","title":{"rendered":"Painel dia mundial do solo"},"content":{"rendered":"\t\t<div data-elementor-type=\"wp-page\" data-elementor-id=\"356\" class=\"elementor elementor-356\">\n\t\t\t\t\t\t<section class=\"elementor-section elementor-top-section elementor-element elementor-element-17894c5 elementor-section-boxed elementor-section-height-default elementor-section-height-default\" data-id=\"17894c5\" data-element_type=\"section\">\n\t\t\t\t\t\t<div class=\"elementor-container elementor-column-gap-default\">\n\t\t\t\t\t<div class=\"elementor-column elementor-col-100 elementor-top-column elementor-element elementor-element-75546a6\" data-id=\"75546a6\" data-element_type=\"column\">\n\t\t\t<div class=\"elementor-widget-wrap elementor-element-populated\">\n\t\t\t\t\t\t<div class=\"elementor-element elementor-element-dbf05d7 elementor-widget elementor-widget-image\" data-id=\"dbf05d7\" data-element_type=\"widget\" data-widget_type=\"image.default\">\n\t\t\t\t<div class=\"elementor-widget-container\">\n\t\t\t\t\t\t\t\t\t\t\t\t\t<img fetchpriority=\"high\" decoding=\"async\" width=\"768\" height=\"513\" src=\"https:\/\/www.ufsm.br\/app\/uploads\/sites\/806\/2020\/02\/painel_dia_mundial_do_solo-768x513.jpg\" class=\"attachment-medium_large size-medium_large wp-image-747\" alt=\"\" srcset=\"https:\/\/www.ufsm.br\/app\/uploads\/sites\/806\/2020\/02\/painel_dia_mundial_do_solo-768x513.jpg 768w, https:\/\/www.ufsm.br\/app\/uploads\/sites\/806\/2020\/02\/painel_dia_mundial_do_solo-300x200.jpg 300w, https:\/\/www.ufsm.br\/app\/uploads\/sites\/806\/2020\/02\/painel_dia_mundial_do_solo-1024x684.jpg 1024w, https:\/\/www.ufsm.br\/app\/uploads\/sites\/806\/2020\/02\/painel_dia_mundial_do_solo-272x182.jpg 272w, https:\/\/www.ufsm.br\/app\/uploads\/sites\/806\/2020\/02\/painel_dia_mundial_do_solo.jpg 1041w\" sizes=\"(max-width: 768px) 100vw, 768px\" \/>\t\t\t\t\t\t\t\t\t\t\t\t\t<\/div>\n\t\t\t\t<\/div>\n\t\t\t\t\t<\/div>\n\t\t<\/div>\n\t\t\t\t\t<\/div>\n\t\t<\/section>\n\t\t\t\t<section class=\"elementor-section elementor-top-section elementor-element elementor-element-fbaa301 elementor-section-boxed elementor-section-height-default elementor-section-height-default\" data-id=\"fbaa301\" data-element_type=\"section\">\n\t\t\t\t\t\t<div class=\"elementor-container elementor-column-gap-default\">\n\t\t\t\t\t<div class=\"elementor-column elementor-col-100 elementor-top-column elementor-element elementor-element-1a40be2\" data-id=\"1a40be2\" data-element_type=\"column\">\n\t\t\t<div class=\"elementor-widget-wrap elementor-element-populated\">\n\t\t\t\t\t\t<div class=\"elementor-element elementor-element-ef58089 elementor-widget elementor-widget-text-editor\" data-id=\"ef58089\" data-element_type=\"widget\" data-widget_type=\"text-editor.default\">\n\t\t\t\t<div class=\"elementor-widget-container\">\n\t\t\t\t\t\t\t<p>No dia 05 de dezembro, o Museu de Solos do RS, juntamente com o Departamento de Solos, PET Agronomia e Unidade de apoio Pedag\u00f3gico do CCR, realizaram o painel do dia mundial do solo e comemora\u00e7\u00e3o aos 45 anos do museu de solos do RS.\u00a0O evento tamb\u00e9m fez parte das a\u00e7\u00f5es associadas ao Global Soil Partnership &#8211; FAO para celebra\u00e7\u00e3o e prote\u00e7\u00e3o de solos.<\/p><p>O\u00a0tema do dia Mundial do Solo neste ano foi: &#8220;Seja a solu\u00e7\u00e3o \u00e0 polui\u00e7\u00e3o do solo\u201d. O\u00a0painel contou com discuss\u00f5es sobre a polui\u00e7\u00e3o\u00a0<span class=\"textexposedshow\">e o museu foi reapresentado \u00e0 comunidade, agora com 105 monolitos de solos em exposi\u00e7\u00e3o, uma das maiores cole\u00e7\u00f5es de solos do mundo. Pela primeira vez o Museu conta com as 75 unidades de solos t\u00edpicas do estado do RS, uma diversidade pedol\u00f3gica bastante significativa. O evento contou com 60 participantes.<\/span><\/p>\t\t\t\t\t\t<\/div>\n\t\t\t\t<\/div>\n\t\t\t\t\t<\/div>\n\t\t<\/div>\n\t\t\t\t\t<\/div>\n\t\t<\/section>\n\t\t\t\t<section class=\"elementor-section elementor-top-section elementor-element elementor-element-fcd423e elementor-section-boxed elementor-section-height-default elementor-section-height-default\" data-id=\"fcd423e\" data-element_type=\"section\">\n\t\t\t\t\t\t<div class=\"elementor-container elementor-column-gap-default\">\n\t\t\t\t\t<div class=\"elementor-column elementor-col-50 elementor-top-column elementor-element elementor-element-5b93934\" data-id=\"5b93934\" data-element_type=\"column\">\n\t\t\t<div class=\"elementor-widget-wrap elementor-element-populated\">\n\t\t\t\t\t\t<div class=\"elementor-element elementor-element-3f87c57 elementor-widget elementor-widget-image\" data-id=\"3f87c57\" data-element_type=\"widget\" data-widget_type=\"image.default\">\n\t\t\t\t<div class=\"elementor-widget-container\">\n\t\t\t\t\t\t\t\t\t\t<figure class=\"wp-caption\">\n\t\t\t\t\t\t\t\t\t\t<img decoding=\"async\" src=\"https:\/\/www.ufsm.br\/app\/uploads\/sites\/806\/elementor\/thumbs\/WhatsApp_Image_2018-12-05_at_17.36.36-olaz1s2fr6apu4jaynrtya1f560c82zgce57jhnq2g.jpeg\" title=\"WhatsApp_Image_2018-12-05_at_17.36.36\" alt=\"WhatsApp_Image_2018-12-05_at_17.36.36\" loading=\"lazy\" \/>\t\t\t\t\t\t\t\t\t\t\t<figcaption class=\"widget-image-caption wp-caption-text\">Palestras do painel do dia mundial do solo.<\/figcaption>\n\t\t\t\t\t\t\t\t\t\t<\/figure>\n\t\t\t\t\t\t\t<\/div>\n\t\t\t\t<\/div>\n\t\t\t\t\t<\/div>\n\t\t<\/div>\n\t\t\t\t<div class=\"elementor-column elementor-col-50 elementor-top-column elementor-element elementor-element-46396fc\" data-id=\"46396fc\" data-element_type=\"column\">\n\t\t\t<div class=\"elementor-widget-wrap elementor-element-populated\">\n\t\t\t\t\t\t<div class=\"elementor-element elementor-element-73b4014 elementor-widget elementor-widget-image\" data-id=\"73b4014\" data-element_type=\"widget\" data-widget_type=\"image.default\">\n\t\t\t\t<div class=\"elementor-widget-container\">\n\t\t\t\t\t\t\t\t\t\t<figure class=\"wp-caption\">\n\t\t\t\t\t\t\t\t\t\t<img decoding=\"async\" src=\"https:\/\/www.ufsm.br\/app\/uploads\/sites\/806\/elementor\/thumbs\/WhatsApp_Image_2018-12-05_at_18.38.24a-olaz2doq4d4b95nwgf491ml0t11s54da3d5dkuro3c.jpeg\" title=\"WhatsApp_Image_2018-12-05_at_18.38.24a\" alt=\"WhatsApp_Image_2018-12-05_at_18.38.24a\" loading=\"lazy\" \/>\t\t\t\t\t\t\t\t\t\t\t<figcaption class=\"widget-image-caption wp-caption-text\">Coquetel de apresenta\u00e7\u00e3o do Museu de Solos do RS a comunidade.<\/figcaption>\n\t\t\t\t\t\t\t\t\t\t<\/figure>\n\t\t\t\t\t\t\t<\/div>\n\t\t\t\t<\/div>\n\t\t\t\t\t<\/div>\n\t\t<\/div>\n\t\t\t\t\t<\/div>\n\t\t<\/section>\n\t\t\t\t<\/div>\n\t\t","protected":false},"excerpt":{"rendered":"<p>No dia 05 de dezembro, o Museu de Solos do RS, juntamente com o Departamento de Solos, PET Agronomia e Unidade de apoio Pedag\u00f3gico do CCR, realizaram o painel do dia mundial do solo e comemora\u00e7\u00e3o aos 45 anos do museu de solos do RS.\u00a0O evento tamb\u00e9m fez parte das a\u00e7\u00f5es associadas ao Global Soil [&hellip;]<\/p>\n","protected":false},"author":867,"featured_media":0,"parent":0,"menu_order":0,"comment_status":"closed","ping_status":"closed","template":"","meta":{"footnotes":""},"categories":[],"tags":[],"class_list":["post-356","page","type-page","status-publish","hentry"],"acf":[],"_links":{"self":[{"href":"https:\/\/www.ufsm.br\/museus\/msrs\/wp-json\/wp\/v2\/pages\/356","targetHints":{"allow":["GET"]}}],"collection":[{"href":"https:\/\/www.ufsm.br\/museus\/msrs\/wp-json\/wp\/v2\/pages"}],"about":[{"href":"https:\/\/www.ufsm.br\/museus\/msrs\/wp-json\/wp\/v2\/types\/page"}],"author":[{"embeddable":true,"href":"https:\/\/www.ufsm.br\/museus\/msrs\/wp-json\/wp\/v2\/users\/867"}],"replies":[{"embeddable":true,"href":"https:\/\/www.ufsm.br\/museus\/msrs\/wp-json\/wp\/v2\/comments?post=356"}],"version-history":[{"count":0,"href":"https:\/\/www.ufsm.br\/museus\/msrs\/wp-json\/wp\/v2\/pages\/356\/revisions"}],"wp:attachment":[{"href":"https:\/\/www.ufsm.br\/museus\/msrs\/wp-json\/wp\/v2\/media?parent=356"}],"wp:term":[{"taxonomy":"category","embeddable":true,"href":"https:\/\/www.ufsm.br\/museus\/msrs\/wp-json\/wp\/v2\/categories?post=356"},{"taxonomy":"post_tag","embeddable":true,"href":"https:\/\/www.ufsm.br\/museus\/msrs\/wp-json\/wp\/v2\/tags?post=356"}],"curies":[{"name":"wp","href":"https:\/\/api.w.org\/{rel}","templated":true}]}}