{"id":374,"date":"2020-02-12T10:23:40","date_gmt":"2020-02-12T13:23:40","guid":{"rendered":"https:\/\/www.ufsm.br\/unidades-universitarias\/ccr\/msrs\/?page_id=374"},"modified":"2020-02-17T11:51:57","modified_gmt":"2020-02-17T14:51:57","slug":"muteco-escoteiro","status":"publish","type":"page","link":"https:\/\/www.ufsm.br\/museus\/msrs\/muteco-escoteiro","title":{"rendered":"MUTECO escoteiro"},"content":{"rendered":"\t\t<div data-elementor-type=\"wp-page\" data-elementor-id=\"374\" class=\"elementor elementor-374\">\n\t\t\t\t\t\t<section class=\"elementor-section elementor-top-section elementor-element elementor-element-92fbc6f elementor-section-boxed elementor-section-height-default elementor-section-height-default\" data-id=\"92fbc6f\" data-element_type=\"section\">\n\t\t\t\t\t\t<div class=\"elementor-container elementor-column-gap-default\">\n\t\t\t\t\t<div class=\"elementor-column elementor-col-100 elementor-top-column elementor-element elementor-element-5b04b76\" data-id=\"5b04b76\" data-element_type=\"column\">\n\t\t\t<div class=\"elementor-widget-wrap elementor-element-populated\">\n\t\t\t\t\t\t<div class=\"elementor-element elementor-element-e9f8da4 elementor-widget elementor-widget-image\" data-id=\"e9f8da4\" data-element_type=\"widget\" data-widget_type=\"image.default\">\n\t\t\t\t<div class=\"elementor-widget-container\">\n\t\t\t\t\t\t\t\t\t\t\t\t\t<img fetchpriority=\"high\" decoding=\"async\" width=\"312\" height=\"214\" src=\"https:\/\/www.ufsm.br\/app\/uploads\/sites\/806\/2020\/02\/muteco_2018_2.jpg\" class=\"attachment-large size-large wp-image-759\" alt=\"\" srcset=\"https:\/\/www.ufsm.br\/app\/uploads\/sites\/806\/2020\/02\/muteco_2018_2.jpg 312w, https:\/\/www.ufsm.br\/app\/uploads\/sites\/806\/2020\/02\/muteco_2018_2-300x206.jpg 300w\" sizes=\"(max-width: 312px) 100vw, 312px\" \/>\t\t\t\t\t\t\t\t\t\t\t\t\t<\/div>\n\t\t\t\t<\/div>\n\t\t\t\t\t<\/div>\n\t\t<\/div>\n\t\t\t\t\t<\/div>\n\t\t<\/section>\n\t\t\t\t<section class=\"elementor-section elementor-top-section elementor-element elementor-element-f1d21fe elementor-section-boxed elementor-section-height-default elementor-section-height-default\" data-id=\"f1d21fe\" data-element_type=\"section\">\n\t\t\t\t\t\t<div class=\"elementor-container elementor-column-gap-default\">\n\t\t\t\t\t<div class=\"elementor-column elementor-col-100 elementor-top-column elementor-element elementor-element-e8d9576\" data-id=\"e8d9576\" data-element_type=\"column\">\n\t\t\t<div class=\"elementor-widget-wrap elementor-element-populated\">\n\t\t\t\t\t\t<div class=\"elementor-element elementor-element-d9b4cd8 elementor-widget elementor-widget-text-editor\" data-id=\"d9b4cd8\" data-element_type=\"widget\" data-widget_type=\"text-editor.default\">\n\t\t\t\t<div class=\"elementor-widget-container\">\n\t\t\t\t\t\t\t<p>No turno da manh\u00e3 o programa de atividades contou com quatro bases:<\/p><p><strong>Base 1. Conhecendo os solos:<\/strong>\u00a0visita ao museu de solos, entender a import\u00e2ncia ambiental dos solos.<\/p><p><strong>Base 2. Produ\u00e7\u00e3o saud\u00e1vel de alimentos:<\/strong>\u00a0consumo e produ\u00e7\u00e3o sustent\u00e1vel, horta caseira, compostagem caseira.<\/p><p><strong>Base 3. Conserva\u00e7\u00e3o dos solos e da \u00e1gua:<\/strong>\u00a0como proteger o solo e a \u00e1gua nos acampamentos, t\u00e9cnicas de conserva\u00e7\u00e3o dos solos. Efeitos da degrada\u00e7\u00e3o dos solos e da \u00e1gua.<\/p><p><strong>Base 4. Contamina\u00e7\u00e3o do solo e da \u00e1gua:<\/strong>\u00a0principais contaminantes, efeitos na sa\u00fade p\u00fablica, pr\u00e1ticas de mitiga\u00e7\u00e3o.<\/p><p>No turno da tarde as Tropas Escoteira e S\u00eanior e Cl\u00e3 realizaram atividades de identifica\u00e7\u00e3o e interpreta\u00e7\u00e3o de solos na \u00e1rea experimental do Departamento de Solos, Campus UFSM.<\/p><p>\u00a0<\/p>\t\t\t\t\t\t<\/div>\n\t\t\t\t<\/div>\n\t\t\t\t\t<\/div>\n\t\t<\/div>\n\t\t\t\t\t<\/div>\n\t\t<\/section>\n\t\t\t\t<section class=\"elementor-section elementor-top-section elementor-element elementor-element-9290f34 elementor-section-boxed elementor-section-height-default elementor-section-height-default\" data-id=\"9290f34\" data-element_type=\"section\">\n\t\t\t\t\t\t<div class=\"elementor-container elementor-column-gap-default\">\n\t\t\t\t\t<div class=\"elementor-column elementor-col-50 elementor-top-column elementor-element elementor-element-e1cb744\" data-id=\"e1cb744\" data-element_type=\"column\">\n\t\t\t<div class=\"elementor-widget-wrap elementor-element-populated\">\n\t\t\t\t\t\t<div class=\"elementor-element elementor-element-713df72 elementor-widget elementor-widget-image\" data-id=\"713df72\" data-element_type=\"widget\" data-widget_type=\"image.default\">\n\t\t\t\t<div class=\"elementor-widget-container\">\n\t\t\t\t\t\t\t\t\t\t<figure class=\"wp-caption\">\n\t\t\t\t\t\t\t\t\t\t<img decoding=\"async\" width=\"1024\" height=\"768\" src=\"https:\/\/www.ufsm.br\/app\/uploads\/sites\/806\/2020\/02\/WhatsApp_Image_2018-06-10_at_09.27.18-1024x768.jpeg\" class=\"attachment-large size-large wp-image-760\" alt=\"\" srcset=\"https:\/\/www.ufsm.br\/app\/uploads\/sites\/806\/2020\/02\/WhatsApp_Image_2018-06-10_at_09.27.18-1024x768.jpeg 1024w, https:\/\/www.ufsm.br\/app\/uploads\/sites\/806\/2020\/02\/WhatsApp_Image_2018-06-10_at_09.27.18-300x225.jpeg 300w, https:\/\/www.ufsm.br\/app\/uploads\/sites\/806\/2020\/02\/WhatsApp_Image_2018-06-10_at_09.27.18-768x576.jpeg 768w, https:\/\/www.ufsm.br\/app\/uploads\/sites\/806\/2020\/02\/WhatsApp_Image_2018-06-10_at_09.27.18.jpeg 1280w\" sizes=\"(max-width: 1024px) 100vw, 1024px\" \/>\t\t\t\t\t\t\t\t\t\t\t<figcaption class=\"widget-image-caption wp-caption-text\">Escoteiros no museu de solos.<\/figcaption>\n\t\t\t\t\t\t\t\t\t\t<\/figure>\n\t\t\t\t\t\t\t<\/div>\n\t\t\t\t<\/div>\n\t\t\t\t\t<\/div>\n\t\t<\/div>\n\t\t\t\t<div class=\"elementor-column elementor-col-50 elementor-top-column elementor-element elementor-element-cf03a17\" data-id=\"cf03a17\" data-element_type=\"column\">\n\t\t\t<div class=\"elementor-widget-wrap elementor-element-populated\">\n\t\t\t\t\t\t<div class=\"elementor-element elementor-element-5525a20 elementor-widget elementor-widget-image\" data-id=\"5525a20\" data-element_type=\"widget\" data-widget_type=\"image.default\">\n\t\t\t\t<div class=\"elementor-widget-container\">\n\t\t\t\t\t\t\t\t\t\t<figure class=\"wp-caption\">\n\t\t\t\t\t\t\t\t\t\t<img decoding=\"async\" width=\"1024\" height=\"768\" src=\"https:\/\/www.ufsm.br\/app\/uploads\/sites\/806\/2020\/02\/WhatsApp_Image_2018-06-09_at_11.39.57-1024x768.jpeg\" class=\"attachment-large size-large wp-image-761\" alt=\"\" srcset=\"https:\/\/www.ufsm.br\/app\/uploads\/sites\/806\/2020\/02\/WhatsApp_Image_2018-06-09_at_11.39.57-1024x768.jpeg 1024w, https:\/\/www.ufsm.br\/app\/uploads\/sites\/806\/2020\/02\/WhatsApp_Image_2018-06-09_at_11.39.57-300x225.jpeg 300w, https:\/\/www.ufsm.br\/app\/uploads\/sites\/806\/2020\/02\/WhatsApp_Image_2018-06-09_at_11.39.57-768x576.jpeg 768w, https:\/\/www.ufsm.br\/app\/uploads\/sites\/806\/2020\/02\/WhatsApp_Image_2018-06-09_at_11.39.57.jpeg 1280w\" sizes=\"(max-width: 1024px) 100vw, 1024px\" \/>\t\t\t\t\t\t\t\t\t\t\t<figcaption class=\"widget-image-caption wp-caption-text\">Escoteiros participando das oficinas.<\/figcaption>\n\t\t\t\t\t\t\t\t\t\t<\/figure>\n\t\t\t\t\t\t\t<\/div>\n\t\t\t\t<\/div>\n\t\t\t\t\t<\/div>\n\t\t<\/div>\n\t\t\t\t\t<\/div>\n\t\t<\/section>\n\t\t\t\t<\/div>\n\t\t","protected":false},"excerpt":{"rendered":"<p>No turno da manh\u00e3 o programa de atividades contou com quatro bases: Base 1. Conhecendo os solos:\u00a0visita ao museu de solos, entender a import\u00e2ncia ambiental dos solos. Base 2. Produ\u00e7\u00e3o saud\u00e1vel de alimentos:\u00a0consumo e produ\u00e7\u00e3o sustent\u00e1vel, horta caseira, compostagem caseira. Base 3. Conserva\u00e7\u00e3o dos solos e da \u00e1gua:\u00a0como proteger o solo e a \u00e1gua nos [&hellip;]<\/p>\n","protected":false},"author":867,"featured_media":0,"parent":0,"menu_order":0,"comment_status":"closed","ping_status":"closed","template":"","meta":{"footnotes":""},"categories":[],"tags":[],"class_list":["post-374","page","type-page","status-publish","hentry"],"acf":[],"_links":{"self":[{"href":"https:\/\/www.ufsm.br\/museus\/msrs\/wp-json\/wp\/v2\/pages\/374","targetHints":{"allow":["GET"]}}],"collection":[{"href":"https:\/\/www.ufsm.br\/museus\/msrs\/wp-json\/wp\/v2\/pages"}],"about":[{"href":"https:\/\/www.ufsm.br\/museus\/msrs\/wp-json\/wp\/v2\/types\/page"}],"author":[{"embeddable":true,"href":"https:\/\/www.ufsm.br\/museus\/msrs\/wp-json\/wp\/v2\/users\/867"}],"replies":[{"embeddable":true,"href":"https:\/\/www.ufsm.br\/museus\/msrs\/wp-json\/wp\/v2\/comments?post=374"}],"version-history":[{"count":0,"href":"https:\/\/www.ufsm.br\/museus\/msrs\/wp-json\/wp\/v2\/pages\/374\/revisions"}],"wp:attachment":[{"href":"https:\/\/www.ufsm.br\/museus\/msrs\/wp-json\/wp\/v2\/media?parent=374"}],"wp:term":[{"taxonomy":"category","embeddable":true,"href":"https:\/\/www.ufsm.br\/museus\/msrs\/wp-json\/wp\/v2\/categories?post=374"},{"taxonomy":"post_tag","embeddable":true,"href":"https:\/\/www.ufsm.br\/museus\/msrs\/wp-json\/wp\/v2\/tags?post=374"}],"curies":[{"name":"wp","href":"https:\/\/api.w.org\/{rel}","templated":true}]}}