{"id":378,"date":"2020-02-12T10:28:58","date_gmt":"2020-02-12T13:28:58","guid":{"rendered":"https:\/\/www.ufsm.br\/unidades-universitarias\/ccr\/msrs\/?page_id=378"},"modified":"2020-02-17T11:53:20","modified_gmt":"2020-02-17T14:53:20","slug":"iii-competicao-sul-brasileira-de-identificacao-de-solos","status":"publish","type":"page","link":"https:\/\/www.ufsm.br\/museus\/msrs\/iii-competicao-sul-brasileira-de-identificacao-de-solos","title":{"rendered":"III Competi\u00e7\u00e3o Sul Brasileira de Identifica\u00e7\u00e3o de Solos"},"content":{"rendered":"\t\t<div data-elementor-type=\"wp-page\" data-elementor-id=\"378\" class=\"elementor elementor-378\">\n\t\t\t\t\t\t<section class=\"elementor-section elementor-top-section elementor-element elementor-element-36f36f8 elementor-section-boxed elementor-section-height-default elementor-section-height-default\" data-id=\"36f36f8\" data-element_type=\"section\">\n\t\t\t\t\t\t<div class=\"elementor-container elementor-column-gap-default\">\n\t\t\t\t\t<div class=\"elementor-column elementor-col-100 elementor-top-column elementor-element elementor-element-c498677\" data-id=\"c498677\" data-element_type=\"column\">\n\t\t\t<div class=\"elementor-widget-wrap elementor-element-populated\">\n\t\t\t\t\t\t<div class=\"elementor-element elementor-element-089279f elementor-widget elementor-widget-text-editor\" data-id=\"089279f\" data-element_type=\"widget\" data-widget_type=\"text-editor.default\">\n\t\t\t\t<div class=\"elementor-widget-container\">\n\t\t\t\t\t\t\t<p>Equipe do Departamento de Solos\/Museu de Solos do RS da UFSM conquistou a III Competi\u00e7\u00e3o Sul Brasileira de Identifica\u00e7\u00e3o de Solos. Nos dias 14 e 15 de abril, no campus da UFFS em Chapec\u00f3, SC, foi realizada a III Competi\u00e7\u00e3o Sul Brasileira de Identifica\u00e7\u00e3o de Solos. O Departamento de Solos da UFSM\/Museu de Solos do RS, participou com uma equipe, a qual se consagrou campe\u00e3 pela terceira vez consecutiva. A doutoranda Taciara Zborowski Horst tamb\u00e9m levou o primeiro lugar individual, pela segunda vez consecutiva. A competi\u00e7\u00e3o \u00e9 um evento pioneiro no Brasil na \u00e1rea da Ci\u00eancia do Solo, tendo sido iniciada em Santa Maria em 2015 como parte das comemora\u00e7\u00f5es do Ano Internacional do Solo (ONU\/FAO). Atualmente a competi\u00e7\u00e3o j\u00e1 faz parte do calend\u00e1rio da Sociedade Brasileira de Ci\u00eancia do Solo &#8211; N\u00facleo Regional Sul, sendo realizada juntamente com as Reuni\u00f5es Sul Brasileiras de Ci\u00eancia do Solo.<\/p>\t\t\t\t\t\t<\/div>\n\t\t\t\t<\/div>\n\t\t\t\t\t<\/div>\n\t\t<\/div>\n\t\t\t\t\t<\/div>\n\t\t<\/section>\n\t\t\t\t<section class=\"elementor-section elementor-top-section elementor-element elementor-element-aaf8407 elementor-section-boxed elementor-section-height-default elementor-section-height-default\" data-id=\"aaf8407\" data-element_type=\"section\">\n\t\t\t\t\t\t<div class=\"elementor-container elementor-column-gap-default\">\n\t\t\t\t\t<div class=\"elementor-column elementor-col-100 elementor-top-column elementor-element elementor-element-730ab91\" data-id=\"730ab91\" data-element_type=\"column\">\n\t\t\t<div class=\"elementor-widget-wrap elementor-element-populated\">\n\t\t\t\t\t\t<div class=\"elementor-element elementor-element-7824f74 elementor-widget elementor-widget-image\" data-id=\"7824f74\" data-element_type=\"widget\" data-widget_type=\"image.default\">\n\t\t\t\t<div class=\"elementor-widget-container\">\n\t\t\t\t\t\t\t\t\t\t<figure class=\"wp-caption\">\n\t\t\t\t\t\t\t\t\t\t<img fetchpriority=\"high\" decoding=\"async\" width=\"274\" height=\"209\" src=\"https:\/\/www.ufsm.br\/app\/uploads\/sites\/806\/2020\/02\/unnamed-file.jpg\" class=\"attachment-large size-large wp-image-762\" alt=\"\" \/>\t\t\t\t\t\t\t\t\t\t\t<figcaption class=\"widget-image-caption wp-caption-text\">Equipe da UFSM (Taciara Horst, Fabr\u00edcio Pedron, Candida Muller, Guilherme Reis e Nicolas Rosin)<\/figcaption>\n\t\t\t\t\t\t\t\t\t\t<\/figure>\n\t\t\t\t\t\t\t<\/div>\n\t\t\t\t<\/div>\n\t\t\t\t\t<\/div>\n\t\t<\/div>\n\t\t\t\t\t<\/div>\n\t\t<\/section>\n\t\t\t\t<section class=\"elementor-section elementor-top-section elementor-element elementor-element-ec4c4e8 elementor-section-boxed elementor-section-height-default elementor-section-height-default\" data-id=\"ec4c4e8\" data-element_type=\"section\">\n\t\t\t\t\t\t<div class=\"elementor-container elementor-column-gap-default\">\n\t\t\t\t\t<div class=\"elementor-column elementor-col-100 elementor-top-column elementor-element elementor-element-0a3f760\" data-id=\"0a3f760\" data-element_type=\"column\">\n\t\t\t<div class=\"elementor-widget-wrap elementor-element-populated\">\n\t\t\t\t\t\t<div class=\"elementor-element elementor-element-3b82ba8 elementor-widget elementor-widget-text-editor\" data-id=\"3b82ba8\" data-element_type=\"widget\" data-widget_type=\"text-editor.default\">\n\t\t\t\t<div class=\"elementor-widget-container\">\n\t\t\t\t\t\t\t<p>Os quatro melhores competidores individuais foram selecionados para representar o Brasil na 3rd International Soil Judging Contest em agosto de 2018 em Serop\u00e9dica, RJ, evento associado ao 21 Congresso Mundial de Solo. Esta competi\u00e7\u00e3o internacional teve como coordenador o professor do Departamento de Solos da USM\/Museu de Solos do RS, Dr. Fabr\u00edcio de Ara\u00fajo Pedron.<\/p>\t\t\t\t\t\t<\/div>\n\t\t\t\t<\/div>\n\t\t\t\t\t<\/div>\n\t\t<\/div>\n\t\t\t\t\t<\/div>\n\t\t<\/section>\n\t\t\t\t<section class=\"elementor-section elementor-top-section elementor-element elementor-element-2a61edb elementor-section-boxed elementor-section-height-default elementor-section-height-default\" data-id=\"2a61edb\" data-element_type=\"section\">\n\t\t\t\t\t\t<div class=\"elementor-container elementor-column-gap-default\">\n\t\t\t\t\t<div class=\"elementor-column elementor-col-100 elementor-top-column elementor-element elementor-element-ae014ff\" data-id=\"ae014ff\" data-element_type=\"column\">\n\t\t\t<div class=\"elementor-widget-wrap elementor-element-populated\">\n\t\t\t\t\t\t<div class=\"elementor-element elementor-element-83ec937 elementor-widget elementor-widget-text-editor\" data-id=\"83ec937\" data-element_type=\"widget\" data-widget_type=\"text-editor.default\">\n\t\t\t\t<div class=\"elementor-widget-container\">\n\t\t\t\t\t\t\t<p><strong>Equipe campe\u00e3 da III Competi\u00e7\u00e3o Sul Brasileira de Identifica\u00e7\u00e3o de Solos<\/strong>:<\/p><p>Taciara Zborowski Horst \u2013 Doutoranda do PPG Ci\u00eancia do Solo<\/p><p>Candida Regina Muller \u2013 Mestranda do PPG Ci\u00eancia do Solo<\/p><p>Nicolas Augusto Rosin \u2013 Graduando em Agronomia<\/p><p>Guilherme Reis \u2013 Graduando em Agronomia<\/p><p>T\u00e9cnico: Fabr\u00edcio de Ara\u00fajo Pedron \u2013 Prof. Departamento de Solos<\/p>\t\t\t\t\t\t<\/div>\n\t\t\t\t<\/div>\n\t\t\t\t\t<\/div>\n\t\t<\/div>\n\t\t\t\t\t<\/div>\n\t\t<\/section>\n\t\t\t\t<section class=\"elementor-section elementor-top-section elementor-element elementor-element-d75f8b3 elementor-section-boxed elementor-section-height-default elementor-section-height-default\" data-id=\"d75f8b3\" data-element_type=\"section\">\n\t\t\t\t\t\t<div class=\"elementor-container elementor-column-gap-default\">\n\t\t\t\t\t<div class=\"elementor-column elementor-col-100 elementor-top-column elementor-element elementor-element-12d9585\" data-id=\"12d9585\" data-element_type=\"column\">\n\t\t\t<div class=\"elementor-widget-wrap elementor-element-populated\">\n\t\t\t\t\t\t<div class=\"elementor-element elementor-element-f224533 elementor-widget elementor-widget-image\" data-id=\"f224533\" data-element_type=\"widget\" data-widget_type=\"image.default\">\n\t\t\t\t<div class=\"elementor-widget-container\">\n\t\t\t\t\t\t\t\t\t\t<figure class=\"wp-caption\">\n\t\t\t\t\t\t\t\t\t\t<img decoding=\"async\" width=\"325\" height=\"210\" src=\"https:\/\/www.ufsm.br\/app\/uploads\/sites\/806\/2020\/02\/III_CIS_2.jpg\" class=\"attachment-large size-large wp-image-763\" alt=\"\" srcset=\"https:\/\/www.ufsm.br\/app\/uploads\/sites\/806\/2020\/02\/III_CIS_2.jpg 325w, https:\/\/www.ufsm.br\/app\/uploads\/sites\/806\/2020\/02\/III_CIS_2-300x194.jpg 300w\" sizes=\"(max-width: 325px) 100vw, 325px\" \/>\t\t\t\t\t\t\t\t\t\t\t<figcaption class=\"widget-image-caption wp-caption-text\">Equipe da UFSM (Fabr\u00edcio Pedron, Nicolas Rosin, Taciara Horst, Candida Muller e Guilherme Reis)<\/figcaption>\n\t\t\t\t\t\t\t\t\t\t<\/figure>\n\t\t\t\t\t\t\t<\/div>\n\t\t\t\t<\/div>\n\t\t\t\t\t<\/div>\n\t\t<\/div>\n\t\t\t\t\t<\/div>\n\t\t<\/section>\n\t\t\t\t<\/div>\n\t\t","protected":false},"excerpt":{"rendered":"<p>Equipe do Departamento de Solos\/Museu de Solos do RS da UFSM conquistou a III Competi\u00e7\u00e3o Sul Brasileira de Identifica\u00e7\u00e3o de Solos. Nos dias 14 e 15 de abril, no campus da UFFS em Chapec\u00f3, SC, foi realizada a III Competi\u00e7\u00e3o Sul Brasileira de Identifica\u00e7\u00e3o de Solos. O Departamento de Solos da UFSM\/Museu de Solos do [&hellip;]<\/p>\n","protected":false},"author":867,"featured_media":0,"parent":0,"menu_order":0,"comment_status":"closed","ping_status":"closed","template":"","meta":{"footnotes":""},"categories":[],"tags":[],"class_list":["post-378","page","type-page","status-publish","hentry"],"acf":[],"_links":{"self":[{"href":"https:\/\/www.ufsm.br\/museus\/msrs\/wp-json\/wp\/v2\/pages\/378","targetHints":{"allow":["GET"]}}],"collection":[{"href":"https:\/\/www.ufsm.br\/museus\/msrs\/wp-json\/wp\/v2\/pages"}],"about":[{"href":"https:\/\/www.ufsm.br\/museus\/msrs\/wp-json\/wp\/v2\/types\/page"}],"author":[{"embeddable":true,"href":"https:\/\/www.ufsm.br\/museus\/msrs\/wp-json\/wp\/v2\/users\/867"}],"replies":[{"embeddable":true,"href":"https:\/\/www.ufsm.br\/museus\/msrs\/wp-json\/wp\/v2\/comments?post=378"}],"version-history":[{"count":0,"href":"https:\/\/www.ufsm.br\/museus\/msrs\/wp-json\/wp\/v2\/pages\/378\/revisions"}],"wp:attachment":[{"href":"https:\/\/www.ufsm.br\/museus\/msrs\/wp-json\/wp\/v2\/media?parent=378"}],"wp:term":[{"taxonomy":"category","embeddable":true,"href":"https:\/\/www.ufsm.br\/museus\/msrs\/wp-json\/wp\/v2\/categories?post=378"},{"taxonomy":"post_tag","embeddable":true,"href":"https:\/\/www.ufsm.br\/museus\/msrs\/wp-json\/wp\/v2\/tags?post=378"}],"curies":[{"name":"wp","href":"https:\/\/api.w.org\/{rel}","templated":true}]}}