{"id":391,"date":"2020-02-12T10:39:21","date_gmt":"2020-02-12T13:39:21","guid":{"rendered":"https:\/\/www.ufsm.br\/unidades-universitarias\/ccr\/msrs\/?page_id=391"},"modified":"2020-02-17T11:56:58","modified_gmt":"2020-02-17T14:56:58","slug":"descubra-ufsm-2017","status":"publish","type":"page","link":"https:\/\/www.ufsm.br\/museus\/msrs\/descubra-ufsm-2017","title":{"rendered":"Descubra UFSM 2017"},"content":{"rendered":"\t\t<div data-elementor-type=\"wp-page\" data-elementor-id=\"391\" class=\"elementor elementor-391\">\n\t\t\t\t\t\t<section class=\"elementor-section elementor-top-section elementor-element elementor-element-51e50f6 elementor-section-boxed elementor-section-height-default elementor-section-height-default\" data-id=\"51e50f6\" data-element_type=\"section\">\n\t\t\t\t\t\t<div class=\"elementor-container elementor-column-gap-default\">\n\t\t\t\t\t<div class=\"elementor-column elementor-col-33 elementor-top-column elementor-element elementor-element-5a939da\" data-id=\"5a939da\" data-element_type=\"column\">\n\t\t\t<div class=\"elementor-widget-wrap elementor-element-populated\">\n\t\t\t\t\t\t<div class=\"elementor-element elementor-element-27db78d elementor-widget elementor-widget-image\" data-id=\"27db78d\" data-element_type=\"widget\" data-widget_type=\"image.default\">\n\t\t\t\t<div class=\"elementor-widget-container\">\n\t\t\t\t\t\t\t\t\t\t\t\t\t<img decoding=\"async\" src=\"https:\/\/www.ufsm.br\/app\/uploads\/sites\/806\/elementor\/thumbs\/Descubra_ufsm_2017-olazof0gn518r96wc4c3jpue119kt82r1s0kwhm6x4.jpg\" title=\"Descubra_ufsm_2017\" alt=\"Descubra_ufsm_2017\" loading=\"lazy\" \/>\t\t\t\t\t\t\t\t\t\t\t\t\t<\/div>\n\t\t\t\t<\/div>\n\t\t\t\t\t<\/div>\n\t\t<\/div>\n\t\t\t\t<div class=\"elementor-column elementor-col-33 elementor-top-column elementor-element elementor-element-5420bab\" data-id=\"5420bab\" data-element_type=\"column\">\n\t\t\t<div class=\"elementor-widget-wrap elementor-element-populated\">\n\t\t\t\t\t\t<div class=\"elementor-element elementor-element-5ed2dc0 elementor-widget elementor-widget-image\" data-id=\"5ed2dc0\" data-element_type=\"widget\" data-widget_type=\"image.default\">\n\t\t\t\t<div class=\"elementor-widget-container\">\n\t\t\t\t\t\t\t\t\t\t\t\t\t<img decoding=\"async\" src=\"https:\/\/www.ufsm.br\/app\/uploads\/sites\/806\/elementor\/thumbs\/Descubra_ufsm_2017_3-olazomj6ncsqvij6h73oh1he9tn2xdg1v5vqc5tzug.jpg\" title=\"Descubra_ufsm_2017_3\" alt=\"Descubra_ufsm_2017_3\" loading=\"lazy\" \/>\t\t\t\t\t\t\t\t\t\t\t\t\t<\/div>\n\t\t\t\t<\/div>\n\t\t\t\t\t<\/div>\n\t\t<\/div>\n\t\t\t\t<div class=\"elementor-column elementor-col-33 elementor-top-column elementor-element elementor-element-1c90d62\" data-id=\"1c90d62\" data-element_type=\"column\">\n\t\t\t<div class=\"elementor-widget-wrap elementor-element-populated\">\n\t\t\t\t\t\t<div class=\"elementor-element elementor-element-ce96fe4 elementor-widget elementor-widget-image\" data-id=\"ce96fe4\" data-element_type=\"widget\" data-widget_type=\"image.default\">\n\t\t\t\t<div class=\"elementor-widget-container\">\n\t\t\t\t\t\t\t\t\t\t\t\t\t<img decoding=\"async\" src=\"https:\/\/www.ufsm.br\/app\/uploads\/sites\/806\/elementor\/thumbs\/Descubra_ufsm_2017_2-olazollcgirgjwkjmop1wjpxofrppocbj188uvve0o.jpg\" title=\"Descubra_ufsm_2017_2\" alt=\"Descubra_ufsm_2017_2\" loading=\"lazy\" \/>\t\t\t\t\t\t\t\t\t\t\t\t\t<\/div>\n\t\t\t\t<\/div>\n\t\t\t\t\t<\/div>\n\t\t<\/div>\n\t\t\t\t\t<\/div>\n\t\t<\/section>\n\t\t\t\t<section class=\"elementor-section elementor-top-section elementor-element elementor-element-655c034 elementor-section-boxed elementor-section-height-default elementor-section-height-default\" data-id=\"655c034\" data-element_type=\"section\">\n\t\t\t\t\t\t<div class=\"elementor-container elementor-column-gap-default\">\n\t\t\t\t\t<div class=\"elementor-column elementor-col-100 elementor-top-column elementor-element elementor-element-8e439d4\" data-id=\"8e439d4\" data-element_type=\"column\">\n\t\t\t<div class=\"elementor-widget-wrap elementor-element-populated\">\n\t\t\t\t\t\t<div class=\"elementor-element elementor-element-11b99ab elementor-widget elementor-widget-text-editor\" data-id=\"11b99ab\" data-element_type=\"widget\" data-widget_type=\"text-editor.default\">\n\t\t\t\t<div class=\"elementor-widget-container\">\n\t\t\t\t\t\t\t<p>O Descubra \u00e9 um evento promovido pela UFSM para divulga\u00e7\u00e3o dos seus cursos de gradua\u00e7\u00e3o aos alunos do Ensino M\u00e9dio, que est\u00e3o em fase de decis\u00e3o sobre qual carreira seguir\u00e3o no ensino superior. O Museu de Solos do Rio Grande do Sul partcipou desta edi\u00e7\u00e3o do Descubra, recebendo turmas de alunos para visitar seu acervo e aprender um pouco mais sobre os solos e sua rela\u00e7\u00e3o com nossas vidas, bem como, os cursos da UFSM que tratam deste importante recurso natural. Aproximadamente 300 alunos passaram pelo museu nos 3 dias do Descubra.<\/p>\t\t\t\t\t\t<\/div>\n\t\t\t\t<\/div>\n\t\t\t\t\t<\/div>\n\t\t<\/div>\n\t\t\t\t\t<\/div>\n\t\t<\/section>\n\t\t\t\t<section class=\"elementor-section elementor-top-section elementor-element elementor-element-8bdb2b6 elementor-section-boxed elementor-section-height-default elementor-section-height-default\" data-id=\"8bdb2b6\" data-element_type=\"section\">\n\t\t\t\t\t\t<div class=\"elementor-container elementor-column-gap-default\">\n\t\t\t\t\t<div class=\"elementor-column elementor-col-50 elementor-top-column elementor-element elementor-element-62d9b89\" data-id=\"62d9b89\" data-element_type=\"column\">\n\t\t\t<div class=\"elementor-widget-wrap elementor-element-populated\">\n\t\t\t\t\t\t<div class=\"elementor-element elementor-element-ae0397f elementor-widget elementor-widget-image\" data-id=\"ae0397f\" data-element_type=\"widget\" data-widget_type=\"image.default\">\n\t\t\t\t<div class=\"elementor-widget-container\">\n\t\t\t\t\t\t\t\t\t\t<figure class=\"wp-caption\">\n\t\t\t\t\t\t\t\t\t\t<img fetchpriority=\"high\" decoding=\"async\" width=\"1024\" height=\"576\" src=\"https:\/\/www.ufsm.br\/app\/uploads\/sites\/806\/2020\/02\/msrs_descubra_2017_2-1024x576.jpg\" class=\"attachment-large size-large wp-image-767\" alt=\"\" srcset=\"https:\/\/www.ufsm.br\/app\/uploads\/sites\/806\/2020\/02\/msrs_descubra_2017_2-1024x576.jpg 1024w, https:\/\/www.ufsm.br\/app\/uploads\/sites\/806\/2020\/02\/msrs_descubra_2017_2-300x169.jpg 300w, https:\/\/www.ufsm.br\/app\/uploads\/sites\/806\/2020\/02\/msrs_descubra_2017_2-768x432.jpg 768w, https:\/\/www.ufsm.br\/app\/uploads\/sites\/806\/2020\/02\/msrs_descubra_2017_2.jpg 1280w\" sizes=\"(max-width: 1024px) 100vw, 1024px\" \/>\t\t\t\t\t\t\t\t\t\t\t<figcaption class=\"widget-image-caption wp-caption-text\">Alunos em visita no Museu de Solos do RS em setembro de 2017.<\/figcaption>\n\t\t\t\t\t\t\t\t\t\t<\/figure>\n\t\t\t\t\t\t\t<\/div>\n\t\t\t\t<\/div>\n\t\t\t\t\t<\/div>\n\t\t<\/div>\n\t\t\t\t<div class=\"elementor-column elementor-col-50 elementor-top-column elementor-element elementor-element-f433383\" data-id=\"f433383\" data-element_type=\"column\">\n\t\t\t<div class=\"elementor-widget-wrap elementor-element-populated\">\n\t\t\t\t\t\t<div class=\"elementor-element elementor-element-929ecb4 elementor-widget elementor-widget-image\" data-id=\"929ecb4\" data-element_type=\"widget\" data-widget_type=\"image.default\">\n\t\t\t\t<div class=\"elementor-widget-container\">\n\t\t\t\t\t\t\t\t\t\t<figure class=\"wp-caption\">\n\t\t\t\t\t\t\t\t\t\t<img decoding=\"async\" width=\"1024\" height=\"576\" src=\"https:\/\/www.ufsm.br\/app\/uploads\/sites\/806\/2020\/02\/Foto_msrs_descubra_2017-1024x576.jpg\" class=\"attachment-large size-large wp-image-768\" alt=\"\" srcset=\"https:\/\/www.ufsm.br\/app\/uploads\/sites\/806\/2020\/02\/Foto_msrs_descubra_2017-1024x576.jpg 1024w, https:\/\/www.ufsm.br\/app\/uploads\/sites\/806\/2020\/02\/Foto_msrs_descubra_2017-300x169.jpg 300w, https:\/\/www.ufsm.br\/app\/uploads\/sites\/806\/2020\/02\/Foto_msrs_descubra_2017-768x432.jpg 768w, https:\/\/www.ufsm.br\/app\/uploads\/sites\/806\/2020\/02\/Foto_msrs_descubra_2017.jpg 1032w\" sizes=\"(max-width: 1024px) 100vw, 1024px\" \/>\t\t\t\t\t\t\t\t\t\t\t<figcaption class=\"widget-image-caption wp-caption-text\">Alunos em visita no Museu de Solos do RS em setembro de 2017.<\/figcaption>\n\t\t\t\t\t\t\t\t\t\t<\/figure>\n\t\t\t\t\t\t\t<\/div>\n\t\t\t\t<\/div>\n\t\t\t\t\t<\/div>\n\t\t<\/div>\n\t\t\t\t\t<\/div>\n\t\t<\/section>\n\t\t\t\t<\/div>\n\t\t","protected":false},"excerpt":{"rendered":"<p>O Descubra \u00e9 um evento promovido pela UFSM para divulga\u00e7\u00e3o dos seus cursos de gradua\u00e7\u00e3o aos alunos do Ensino M\u00e9dio, que est\u00e3o em fase de decis\u00e3o sobre qual carreira seguir\u00e3o no ensino superior. O Museu de Solos do Rio Grande do Sul partcipou desta edi\u00e7\u00e3o do Descubra, recebendo turmas de alunos para visitar seu acervo [&hellip;]<\/p>\n","protected":false},"author":867,"featured_media":0,"parent":0,"menu_order":0,"comment_status":"closed","ping_status":"closed","template":"","meta":{"footnotes":""},"categories":[],"tags":[],"class_list":["post-391","page","type-page","status-publish","hentry"],"acf":[],"_links":{"self":[{"href":"https:\/\/www.ufsm.br\/museus\/msrs\/wp-json\/wp\/v2\/pages\/391","targetHints":{"allow":["GET"]}}],"collection":[{"href":"https:\/\/www.ufsm.br\/museus\/msrs\/wp-json\/wp\/v2\/pages"}],"about":[{"href":"https:\/\/www.ufsm.br\/museus\/msrs\/wp-json\/wp\/v2\/types\/page"}],"author":[{"embeddable":true,"href":"https:\/\/www.ufsm.br\/museus\/msrs\/wp-json\/wp\/v2\/users\/867"}],"replies":[{"embeddable":true,"href":"https:\/\/www.ufsm.br\/museus\/msrs\/wp-json\/wp\/v2\/comments?post=391"}],"version-history":[{"count":0,"href":"https:\/\/www.ufsm.br\/museus\/msrs\/wp-json\/wp\/v2\/pages\/391\/revisions"}],"wp:attachment":[{"href":"https:\/\/www.ufsm.br\/museus\/msrs\/wp-json\/wp\/v2\/media?parent=391"}],"wp:term":[{"taxonomy":"category","embeddable":true,"href":"https:\/\/www.ufsm.br\/museus\/msrs\/wp-json\/wp\/v2\/categories?post=391"},{"taxonomy":"post_tag","embeddable":true,"href":"https:\/\/www.ufsm.br\/museus\/msrs\/wp-json\/wp\/v2\/tags?post=391"}],"curies":[{"name":"wp","href":"https:\/\/api.w.org\/{rel}","templated":true}]}}