{"id":398,"date":"2020-02-12T10:49:01","date_gmt":"2020-02-12T13:49:01","guid":{"rendered":"https:\/\/www.ufsm.br\/unidades-universitarias\/ccr\/msrs\/?page_id=398"},"modified":"2020-02-17T12:00:46","modified_gmt":"2020-02-17T15:00:46","slug":"design","status":"publish","type":"page","link":"https:\/\/www.ufsm.br\/museus\/msrs\/design","title":{"rendered":"Design+"},"content":{"rendered":"\t\t<div data-elementor-type=\"wp-page\" data-elementor-id=\"398\" class=\"elementor elementor-398\">\n\t\t\t\t\t\t<section class=\"elementor-section elementor-top-section elementor-element elementor-element-99a6085 elementor-section-boxed elementor-section-height-default elementor-section-height-default\" data-id=\"99a6085\" data-element_type=\"section\">\n\t\t\t\t\t\t<div class=\"elementor-container elementor-column-gap-default\">\n\t\t\t\t\t<div class=\"elementor-column elementor-col-100 elementor-top-column elementor-element elementor-element-8776cd9\" data-id=\"8776cd9\" data-element_type=\"column\">\n\t\t\t<div class=\"elementor-widget-wrap elementor-element-populated\">\n\t\t\t\t\t\t<div class=\"elementor-element elementor-element-7964fcc elementor-widget elementor-widget-image\" data-id=\"7964fcc\" data-element_type=\"widget\" data-widget_type=\"image.default\">\n\t\t\t\t<div class=\"elementor-widget-container\">\n\t\t\t\t\t\t\t\t\t\t\t\t\t<img fetchpriority=\"high\" decoding=\"async\" width=\"693\" height=\"265\" src=\"https:\/\/www.ufsm.br\/app\/uploads\/sites\/806\/2020\/02\/disign.jpg\" class=\"attachment-large size-large wp-image-769\" alt=\"\" srcset=\"https:\/\/www.ufsm.br\/app\/uploads\/sites\/806\/2020\/02\/disign.jpg 693w, https:\/\/www.ufsm.br\/app\/uploads\/sites\/806\/2020\/02\/disign-300x115.jpg 300w\" sizes=\"(max-width: 693px) 100vw, 693px\" \/>\t\t\t\t\t\t\t\t\t\t\t\t\t<\/div>\n\t\t\t\t<\/div>\n\t\t\t\t\t<\/div>\n\t\t<\/div>\n\t\t\t\t\t<\/div>\n\t\t<\/section>\n\t\t\t\t<section class=\"elementor-section elementor-top-section elementor-element elementor-element-8539d3f elementor-section-boxed elementor-section-height-default elementor-section-height-default\" data-id=\"8539d3f\" data-element_type=\"section\">\n\t\t\t\t\t\t<div class=\"elementor-container elementor-column-gap-default\">\n\t\t\t\t\t<div class=\"elementor-column elementor-col-100 elementor-top-column elementor-element elementor-element-e376b43\" data-id=\"e376b43\" data-element_type=\"column\">\n\t\t\t<div class=\"elementor-widget-wrap elementor-element-populated\">\n\t\t\t\t\t\t<div class=\"elementor-element elementor-element-d9612f8 elementor-widget elementor-widget-text-editor\" data-id=\"d9612f8\" data-element_type=\"widget\" data-widget_type=\"text-editor.default\">\n\t\t\t\t<div class=\"elementor-widget-container\">\n\t\t\t\t\t\t\t<p>O museu de solos do RS participou do evento Design+ 2017, promovido pelo Curso de Desenho Industrial da UFSM nos dias 06, 07 e 08 de junho. O professor Ricardo Schenato participou de uma mesa redonda sobre Natureza, cidades, conex\u00f5es e a\u00e7\u00f5es, enquanto o professor Fabr\u00edcio Pedron ministrou um minicurso de tintas a base de solos. Abaixo segue o registro fotogr\u00e1fico do minicurso, desenvolvido nas depend\u00eancias do museu de solos.<\/p>\t\t\t\t\t\t<\/div>\n\t\t\t\t<\/div>\n\t\t\t\t\t<\/div>\n\t\t<\/div>\n\t\t\t\t\t<\/div>\n\t\t<\/section>\n\t\t\t\t<section class=\"elementor-section elementor-top-section elementor-element elementor-element-26584ee elementor-section-boxed elementor-section-height-default elementor-section-height-default\" data-id=\"26584ee\" data-element_type=\"section\">\n\t\t\t\t\t\t<div class=\"elementor-container elementor-column-gap-default\">\n\t\t\t\t\t<div class=\"elementor-column elementor-col-50 elementor-top-column elementor-element elementor-element-e79f2d6\" data-id=\"e79f2d6\" data-element_type=\"column\">\n\t\t\t<div class=\"elementor-widget-wrap elementor-element-populated\">\n\t\t\t\t\t\t<div class=\"elementor-element elementor-element-39603c1 elementor-widget elementor-widget-image\" data-id=\"39603c1\" data-element_type=\"widget\" data-widget_type=\"image.default\">\n\t\t\t\t<div class=\"elementor-widget-container\">\n\t\t\t\t\t\t\t\t\t\t\t\t\t<img decoding=\"async\" width=\"768\" height=\"575\" src=\"https:\/\/www.ufsm.br\/app\/uploads\/sites\/806\/2020\/02\/IMG-20170613-WA0004-768x575.jpg\" class=\"attachment-medium_large size-medium_large wp-image-770\" alt=\"\" srcset=\"https:\/\/www.ufsm.br\/app\/uploads\/sites\/806\/2020\/02\/IMG-20170613-WA0004-768x575.jpg 768w, https:\/\/www.ufsm.br\/app\/uploads\/sites\/806\/2020\/02\/IMG-20170613-WA0004-300x225.jpg 300w, https:\/\/www.ufsm.br\/app\/uploads\/sites\/806\/2020\/02\/IMG-20170613-WA0004-1024x767.jpg 1024w, https:\/\/www.ufsm.br\/app\/uploads\/sites\/806\/2020\/02\/IMG-20170613-WA0004.jpg 1280w\" sizes=\"(max-width: 768px) 100vw, 768px\" \/>\t\t\t\t\t\t\t\t\t\t\t\t\t<\/div>\n\t\t\t\t<\/div>\n\t\t\t\t\t<\/div>\n\t\t<\/div>\n\t\t\t\t<div class=\"elementor-column elementor-col-50 elementor-top-column elementor-element elementor-element-dc878e3\" data-id=\"dc878e3\" data-element_type=\"column\">\n\t\t\t<div class=\"elementor-widget-wrap elementor-element-populated\">\n\t\t\t\t\t\t<div class=\"elementor-element elementor-element-b9f9336 elementor-widget elementor-widget-image\" data-id=\"b9f9336\" data-element_type=\"widget\" data-widget_type=\"image.default\">\n\t\t\t\t<div class=\"elementor-widget-container\">\n\t\t\t\t\t\t\t\t\t\t\t\t\t<img decoding=\"async\" width=\"1024\" height=\"767\" src=\"https:\/\/www.ufsm.br\/app\/uploads\/sites\/806\/2020\/02\/IMG-20170613-WA0005-1024x767.jpg\" class=\"attachment-large size-large wp-image-771\" alt=\"\" srcset=\"https:\/\/www.ufsm.br\/app\/uploads\/sites\/806\/2020\/02\/IMG-20170613-WA0005-1024x767.jpg 1024w, https:\/\/www.ufsm.br\/app\/uploads\/sites\/806\/2020\/02\/IMG-20170613-WA0005-300x225.jpg 300w, https:\/\/www.ufsm.br\/app\/uploads\/sites\/806\/2020\/02\/IMG-20170613-WA0005-768x575.jpg 768w, https:\/\/www.ufsm.br\/app\/uploads\/sites\/806\/2020\/02\/IMG-20170613-WA0005.jpg 1280w\" sizes=\"(max-width: 1024px) 100vw, 1024px\" \/>\t\t\t\t\t\t\t\t\t\t\t\t\t<\/div>\n\t\t\t\t<\/div>\n\t\t\t\t\t<\/div>\n\t\t<\/div>\n\t\t\t\t\t<\/div>\n\t\t<\/section>\n\t\t\t\t<section class=\"elementor-section elementor-top-section elementor-element elementor-element-d165706 elementor-section-boxed elementor-section-height-default elementor-section-height-default\" data-id=\"d165706\" data-element_type=\"section\">\n\t\t\t\t\t\t<div class=\"elementor-container elementor-column-gap-default\">\n\t\t\t\t\t<div class=\"elementor-column elementor-col-50 elementor-top-column elementor-element elementor-element-0131531\" data-id=\"0131531\" data-element_type=\"column\">\n\t\t\t<div class=\"elementor-widget-wrap elementor-element-populated\">\n\t\t\t\t\t\t<div class=\"elementor-element elementor-element-7eb13d3 elementor-widget elementor-widget-image\" data-id=\"7eb13d3\" data-element_type=\"widget\" data-widget_type=\"image.default\">\n\t\t\t\t<div class=\"elementor-widget-container\">\n\t\t\t\t\t\t\t\t\t\t\t\t\t<img loading=\"lazy\" decoding=\"async\" width=\"1024\" height=\"767\" src=\"https:\/\/www.ufsm.br\/app\/uploads\/sites\/806\/2020\/02\/IMG-20170613-WA0001-e1581951550185-1024x767.jpg\" class=\"attachment-large size-large wp-image-772\" alt=\"\" srcset=\"https:\/\/www.ufsm.br\/app\/uploads\/sites\/806\/2020\/02\/IMG-20170613-WA0001-e1581951550185-1024x767.jpg 1024w, https:\/\/www.ufsm.br\/app\/uploads\/sites\/806\/2020\/02\/IMG-20170613-WA0001-e1581951550185-300x225.jpg 300w, https:\/\/www.ufsm.br\/app\/uploads\/sites\/806\/2020\/02\/IMG-20170613-WA0001-e1581951550185-768x575.jpg 768w, https:\/\/www.ufsm.br\/app\/uploads\/sites\/806\/2020\/02\/IMG-20170613-WA0001-e1581951550185.jpg 1280w\" sizes=\"(max-width: 1024px) 100vw, 1024px\" \/>\t\t\t\t\t\t\t\t\t\t\t\t\t<\/div>\n\t\t\t\t<\/div>\n\t\t\t\t\t<\/div>\n\t\t<\/div>\n\t\t\t\t<div class=\"elementor-column elementor-col-50 elementor-top-column elementor-element elementor-element-f8db3c5\" data-id=\"f8db3c5\" data-element_type=\"column\">\n\t\t\t<div class=\"elementor-widget-wrap elementor-element-populated\">\n\t\t\t\t\t\t<div class=\"elementor-element elementor-element-79b6d4f elementor-widget elementor-widget-image\" data-id=\"79b6d4f\" data-element_type=\"widget\" data-widget_type=\"image.default\">\n\t\t\t\t<div class=\"elementor-widget-container\">\n\t\t\t\t\t\t\t\t\t\t\t\t\t<img loading=\"lazy\" decoding=\"async\" width=\"1024\" height=\"767\" src=\"https:\/\/www.ufsm.br\/app\/uploads\/sites\/806\/2020\/02\/IMG-20170613-WA0000-1-1024x767.jpg\" class=\"attachment-large size-large wp-image-773\" alt=\"\" srcset=\"https:\/\/www.ufsm.br\/app\/uploads\/sites\/806\/2020\/02\/IMG-20170613-WA0000-1-1024x767.jpg 1024w, https:\/\/www.ufsm.br\/app\/uploads\/sites\/806\/2020\/02\/IMG-20170613-WA0000-1-300x225.jpg 300w, https:\/\/www.ufsm.br\/app\/uploads\/sites\/806\/2020\/02\/IMG-20170613-WA0000-1-768x575.jpg 768w, https:\/\/www.ufsm.br\/app\/uploads\/sites\/806\/2020\/02\/IMG-20170613-WA0000-1.jpg 1280w\" sizes=\"(max-width: 1024px) 100vw, 1024px\" \/>\t\t\t\t\t\t\t\t\t\t\t\t\t<\/div>\n\t\t\t\t<\/div>\n\t\t\t\t\t<\/div>\n\t\t<\/div>\n\t\t\t\t\t<\/div>\n\t\t<\/section>\n\t\t\t\t<\/div>\n\t\t","protected":false},"excerpt":{"rendered":"<p>O museu de solos do RS participou do evento Design+ 2017, promovido pelo Curso de Desenho Industrial da UFSM nos dias 06, 07 e 08 de junho. O professor Ricardo Schenato participou de uma mesa redonda sobre Natureza, cidades, conex\u00f5es e a\u00e7\u00f5es, enquanto o professor Fabr\u00edcio Pedron ministrou um minicurso de tintas a base de [&hellip;]<\/p>\n","protected":false},"author":867,"featured_media":0,"parent":0,"menu_order":0,"comment_status":"closed","ping_status":"closed","template":"","meta":{"footnotes":""},"categories":[],"tags":[],"class_list":["post-398","page","type-page","status-publish","hentry"],"acf":[],"_links":{"self":[{"href":"https:\/\/www.ufsm.br\/museus\/msrs\/wp-json\/wp\/v2\/pages\/398","targetHints":{"allow":["GET"]}}],"collection":[{"href":"https:\/\/www.ufsm.br\/museus\/msrs\/wp-json\/wp\/v2\/pages"}],"about":[{"href":"https:\/\/www.ufsm.br\/museus\/msrs\/wp-json\/wp\/v2\/types\/page"}],"author":[{"embeddable":true,"href":"https:\/\/www.ufsm.br\/museus\/msrs\/wp-json\/wp\/v2\/users\/867"}],"replies":[{"embeddable":true,"href":"https:\/\/www.ufsm.br\/museus\/msrs\/wp-json\/wp\/v2\/comments?post=398"}],"version-history":[{"count":0,"href":"https:\/\/www.ufsm.br\/museus\/msrs\/wp-json\/wp\/v2\/pages\/398\/revisions"}],"wp:attachment":[{"href":"https:\/\/www.ufsm.br\/museus\/msrs\/wp-json\/wp\/v2\/media?parent=398"}],"wp:term":[{"taxonomy":"category","embeddable":true,"href":"https:\/\/www.ufsm.br\/museus\/msrs\/wp-json\/wp\/v2\/categories?post=398"},{"taxonomy":"post_tag","embeddable":true,"href":"https:\/\/www.ufsm.br\/museus\/msrs\/wp-json\/wp\/v2\/tags?post=398"}],"curies":[{"name":"wp","href":"https:\/\/api.w.org\/{rel}","templated":true}]}}