{"id":405,"date":"2020-02-12T10:53:38","date_gmt":"2020-02-12T13:53:38","guid":{"rendered":"https:\/\/www.ufsm.br\/unidades-universitarias\/ccr\/msrs\/?page_id=405"},"modified":"2020-02-17T12:02:21","modified_gmt":"2020-02-17T15:02:21","slug":"janela-aberta","status":"publish","type":"page","link":"https:\/\/www.ufsm.br\/museus\/msrs\/janela-aberta","title":{"rendered":"Janela Aberta"},"content":{"rendered":"\t\t<div data-elementor-type=\"wp-page\" data-elementor-id=\"405\" class=\"elementor elementor-405\">\n\t\t\t\t\t\t<section class=\"elementor-section elementor-top-section elementor-element elementor-element-ac000a2 elementor-section-boxed elementor-section-height-default elementor-section-height-default\" data-id=\"ac000a2\" data-element_type=\"section\">\n\t\t\t\t\t\t<div class=\"elementor-container elementor-column-gap-default\">\n\t\t\t\t\t<div class=\"elementor-column elementor-col-100 elementor-top-column elementor-element elementor-element-afb00eb\" data-id=\"afb00eb\" data-element_type=\"column\">\n\t\t\t<div class=\"elementor-widget-wrap elementor-element-populated\">\n\t\t\t\t\t\t<div class=\"elementor-element elementor-element-42fdb68 elementor-widget elementor-widget-image\" data-id=\"42fdb68\" data-element_type=\"widget\" data-widget_type=\"image.default\">\n\t\t\t\t<div class=\"elementor-widget-container\">\n\t\t\t\t\t\t\t\t\t\t\t\t\t<img fetchpriority=\"high\" decoding=\"async\" width=\"410\" height=\"130\" src=\"https:\/\/www.ufsm.br\/app\/uploads\/sites\/806\/2020\/02\/Janela_aberta_2017_2.jpg\" class=\"attachment-large size-large wp-image-774\" alt=\"\" srcset=\"https:\/\/www.ufsm.br\/app\/uploads\/sites\/806\/2020\/02\/Janela_aberta_2017_2.jpg 410w, https:\/\/www.ufsm.br\/app\/uploads\/sites\/806\/2020\/02\/Janela_aberta_2017_2-300x95.jpg 300w\" sizes=\"(max-width: 410px) 100vw, 410px\" \/>\t\t\t\t\t\t\t\t\t\t\t\t\t<\/div>\n\t\t\t\t<\/div>\n\t\t\t\t\t<\/div>\n\t\t<\/div>\n\t\t\t\t\t<\/div>\n\t\t<\/section>\n\t\t\t\t<section class=\"elementor-section elementor-top-section elementor-element elementor-element-6ea37aa elementor-section-boxed elementor-section-height-default elementor-section-height-default\" data-id=\"6ea37aa\" data-element_type=\"section\">\n\t\t\t\t\t\t<div class=\"elementor-container elementor-column-gap-default\">\n\t\t\t\t\t<div class=\"elementor-column elementor-col-100 elementor-top-column elementor-element elementor-element-2ca35c7\" data-id=\"2ca35c7\" data-element_type=\"column\">\n\t\t\t<div class=\"elementor-widget-wrap elementor-element-populated\">\n\t\t\t\t\t\t<div class=\"elementor-element elementor-element-b4bbce9 elementor-widget elementor-widget-text-editor\" data-id=\"b4bbce9\" data-element_type=\"widget\" data-widget_type=\"text-editor.default\">\n\t\t\t\t<div class=\"elementor-widget-container\">\n\t\t\t\t\t\t\t<p>O museu de solos do Rio Grande do Sul participou da 15\u00aa edi\u00e7\u00e3o do Programa Janela Aberta da UFSM. Esta atividade tem por objetivo receber os alunos do Ensino M\u00e9dio para conhecer a estrutura da UFSM, de forma a contribuir na escolha do caminho profissional que os alunos tomar\u00e3o nos anos seguintes. Neste ano o Museu de Solos recebeu em torno de 500 alunos de diferentes escolas dos estados do RS e SC. As visita\u00e7\u00f5es ocorreram no m\u00eas de maio. Abaixo seguem alguns registros fotogr\u00e1ficos da atividade:<\/p>\t\t\t\t\t\t<\/div>\n\t\t\t\t<\/div>\n\t\t\t\t\t<\/div>\n\t\t<\/div>\n\t\t\t\t\t<\/div>\n\t\t<\/section>\n\t\t\t\t<section class=\"elementor-section elementor-top-section elementor-element elementor-element-e52d631 elementor-section-boxed elementor-section-height-default elementor-section-height-default\" data-id=\"e52d631\" data-element_type=\"section\">\n\t\t\t\t\t\t<div class=\"elementor-container elementor-column-gap-default\">\n\t\t\t\t\t<div class=\"elementor-column elementor-col-50 elementor-top-column elementor-element elementor-element-4bc9c36\" data-id=\"4bc9c36\" data-element_type=\"column\">\n\t\t\t<div class=\"elementor-widget-wrap elementor-element-populated\">\n\t\t\t\t\t\t<div class=\"elementor-element elementor-element-0b8813c elementor-widget elementor-widget-image\" data-id=\"0b8813c\" data-element_type=\"widget\" data-widget_type=\"image.default\">\n\t\t\t\t<div class=\"elementor-widget-container\">\n\t\t\t\t\t\t\t\t\t\t\t\t\t<img decoding=\"async\" width=\"1024\" height=\"768\" src=\"https:\/\/www.ufsm.br\/app\/uploads\/sites\/806\/2020\/02\/IMG-20170524-WA0007-1024x768.jpg\" class=\"attachment-large size-large wp-image-775\" alt=\"\" srcset=\"https:\/\/www.ufsm.br\/app\/uploads\/sites\/806\/2020\/02\/IMG-20170524-WA0007-1024x768.jpg 1024w, https:\/\/www.ufsm.br\/app\/uploads\/sites\/806\/2020\/02\/IMG-20170524-WA0007-300x225.jpg 300w, https:\/\/www.ufsm.br\/app\/uploads\/sites\/806\/2020\/02\/IMG-20170524-WA0007-768x576.jpg 768w, https:\/\/www.ufsm.br\/app\/uploads\/sites\/806\/2020\/02\/IMG-20170524-WA0007.jpg 1280w\" sizes=\"(max-width: 1024px) 100vw, 1024px\" \/>\t\t\t\t\t\t\t\t\t\t\t\t\t<\/div>\n\t\t\t\t<\/div>\n\t\t\t\t\t<\/div>\n\t\t<\/div>\n\t\t\t\t<div class=\"elementor-column elementor-col-50 elementor-top-column elementor-element elementor-element-65f7459\" data-id=\"65f7459\" data-element_type=\"column\">\n\t\t\t<div class=\"elementor-widget-wrap elementor-element-populated\">\n\t\t\t\t\t\t<div class=\"elementor-element elementor-element-1b99739 elementor-widget elementor-widget-image\" data-id=\"1b99739\" data-element_type=\"widget\" data-widget_type=\"image.default\">\n\t\t\t\t<div class=\"elementor-widget-container\">\n\t\t\t\t\t\t\t\t\t\t\t\t\t<img decoding=\"async\" width=\"1024\" height=\"768\" src=\"https:\/\/www.ufsm.br\/app\/uploads\/sites\/806\/2020\/02\/IMG-20170524-WA0009-1024x768.jpg\" class=\"attachment-large size-large wp-image-776\" alt=\"\" srcset=\"https:\/\/www.ufsm.br\/app\/uploads\/sites\/806\/2020\/02\/IMG-20170524-WA0009-1024x768.jpg 1024w, https:\/\/www.ufsm.br\/app\/uploads\/sites\/806\/2020\/02\/IMG-20170524-WA0009-300x225.jpg 300w, https:\/\/www.ufsm.br\/app\/uploads\/sites\/806\/2020\/02\/IMG-20170524-WA0009-768x576.jpg 768w, https:\/\/www.ufsm.br\/app\/uploads\/sites\/806\/2020\/02\/IMG-20170524-WA0009.jpg 1280w\" sizes=\"(max-width: 1024px) 100vw, 1024px\" \/>\t\t\t\t\t\t\t\t\t\t\t\t\t<\/div>\n\t\t\t\t<\/div>\n\t\t\t\t\t<\/div>\n\t\t<\/div>\n\t\t\t\t\t<\/div>\n\t\t<\/section>\n\t\t\t\t<\/div>\n\t\t","protected":false},"excerpt":{"rendered":"<p>O museu de solos do Rio Grande do Sul participou da 15\u00aa edi\u00e7\u00e3o do Programa Janela Aberta da UFSM. Esta atividade tem por objetivo receber os alunos do Ensino M\u00e9dio para conhecer a estrutura da UFSM, de forma a contribuir na escolha do caminho profissional que os alunos tomar\u00e3o nos anos seguintes. Neste ano o [&hellip;]<\/p>\n","protected":false},"author":867,"featured_media":0,"parent":0,"menu_order":0,"comment_status":"closed","ping_status":"closed","template":"","meta":{"footnotes":""},"categories":[],"tags":[],"class_list":["post-405","page","type-page","status-publish","hentry"],"acf":[],"_links":{"self":[{"href":"https:\/\/www.ufsm.br\/museus\/msrs\/wp-json\/wp\/v2\/pages\/405","targetHints":{"allow":["GET"]}}],"collection":[{"href":"https:\/\/www.ufsm.br\/museus\/msrs\/wp-json\/wp\/v2\/pages"}],"about":[{"href":"https:\/\/www.ufsm.br\/museus\/msrs\/wp-json\/wp\/v2\/types\/page"}],"author":[{"embeddable":true,"href":"https:\/\/www.ufsm.br\/museus\/msrs\/wp-json\/wp\/v2\/users\/867"}],"replies":[{"embeddable":true,"href":"https:\/\/www.ufsm.br\/museus\/msrs\/wp-json\/wp\/v2\/comments?post=405"}],"version-history":[{"count":0,"href":"https:\/\/www.ufsm.br\/museus\/msrs\/wp-json\/wp\/v2\/pages\/405\/revisions"}],"wp:attachment":[{"href":"https:\/\/www.ufsm.br\/museus\/msrs\/wp-json\/wp\/v2\/media?parent=405"}],"wp:term":[{"taxonomy":"category","embeddable":true,"href":"https:\/\/www.ufsm.br\/museus\/msrs\/wp-json\/wp\/v2\/categories?post=405"},{"taxonomy":"post_tag","embeddable":true,"href":"https:\/\/www.ufsm.br\/museus\/msrs\/wp-json\/wp\/v2\/tags?post=405"}],"curies":[{"name":"wp","href":"https:\/\/api.w.org\/{rel}","templated":true}]}}