{"id":409,"date":"2020-02-12T10:55:19","date_gmt":"2020-02-12T13:55:19","guid":{"rendered":"https:\/\/www.ufsm.br\/unidades-universitarias\/ccr\/msrs\/?page_id=409"},"modified":"2020-02-17T12:06:38","modified_gmt":"2020-02-17T15:06:38","slug":"expedicao-escudo-2017","status":"publish","type":"page","link":"https:\/\/www.ufsm.br\/museus\/msrs\/expedicao-escudo-2017","title":{"rendered":"Expedi\u00e7\u00e3o Escudo 2017"},"content":{"rendered":"\t\t<div data-elementor-type=\"wp-page\" data-elementor-id=\"409\" class=\"elementor elementor-409\">\n\t\t\t\t\t\t<section class=\"elementor-section elementor-top-section elementor-element elementor-element-6a3b59b elementor-section-boxed elementor-section-height-default elementor-section-height-default\" data-id=\"6a3b59b\" data-element_type=\"section\">\n\t\t\t\t\t\t<div class=\"elementor-container elementor-column-gap-default\">\n\t\t\t\t\t<div class=\"elementor-column elementor-col-100 elementor-top-column elementor-element elementor-element-8d41c49\" data-id=\"8d41c49\" data-element_type=\"column\">\n\t\t\t<div class=\"elementor-widget-wrap elementor-element-populated\">\n\t\t\t\t\t\t<div class=\"elementor-element elementor-element-e75d0c0 elementor-widget elementor-widget-text-editor\" data-id=\"e75d0c0\" data-element_type=\"widget\" data-widget_type=\"text-editor.default\">\n\t\t\t\t<div class=\"elementor-widget-container\">\n\t\t\t\t\t\t\t<p>Nos dias 29 e 30 de abril de 2017 a equipe do museu de solos partiu rumo a regi\u00e3o do Escudo Sulriograndense, juntamente com os alunos de P\u00f3s-gradua\u00e7\u00e3o em Ci\u00eancia do Solo, participantes da Disciplina de G\u00eanese, Morfologia e Classifica\u00e7\u00e3o de Solos (SOL 848). Dentre as atividades desenvolvidas na regi\u00e3o, foram coletados mais dois monolitos de solos referentes as unidades Seival (Chernossolo Eb\u00e2nico) e Matarazo (Argissolo Vermelho-Amarelo). A Expedi\u00e7\u00e3o foi coordenada pelo prof. Fabr\u00edcio Pedron e teve a participa\u00e7\u00e3o dos professores Ricardo Schenato e Ricardo Dalmolin. Abaixo seguem os registros fotogr\u00e1ficos.<\/p>\t\t\t\t\t\t<\/div>\n\t\t\t\t<\/div>\n\t\t\t\t\t<\/div>\n\t\t<\/div>\n\t\t\t\t\t<\/div>\n\t\t<\/section>\n\t\t\t\t<section class=\"elementor-section elementor-top-section elementor-element elementor-element-a7e9bf9 elementor-section-boxed elementor-section-height-default elementor-section-height-default\" data-id=\"a7e9bf9\" data-element_type=\"section\">\n\t\t\t\t\t\t<div class=\"elementor-container elementor-column-gap-default\">\n\t\t\t\t\t<div class=\"elementor-column elementor-col-50 elementor-top-column elementor-element elementor-element-0969be9\" data-id=\"0969be9\" data-element_type=\"column\">\n\t\t\t<div class=\"elementor-widget-wrap elementor-element-populated\">\n\t\t\t\t\t\t<div class=\"elementor-element elementor-element-e9c48ac elementor-widget elementor-widget-image\" data-id=\"e9c48ac\" data-element_type=\"widget\" data-widget_type=\"image.default\">\n\t\t\t\t<div class=\"elementor-widget-container\">\n\t\t\t\t\t\t\t\t\t\t<figure class=\"wp-caption\">\n\t\t\t\t\t\t\t\t\t\t<img decoding=\"async\" src=\"https:\/\/www.ufsm.br\/app\/uploads\/sites\/806\/elementor\/thumbs\/expedi\u00e7\u00e3o_escudo_1-olb02fruakhamnacwi81710l65bof4ildu2xbzazeg.jpg\" title=\"expedi\u00e7\u00e3o_escudo_1\" alt=\"expedi\u00e7\u00e3o_escudo_1\" loading=\"lazy\" \/>\t\t\t\t\t\t\t\t\t\t\t<figcaption class=\"widget-image-caption wp-caption-text\"> Turma de professores e alunos participantes da expedi\u00e7\u00e3o.<\/figcaption>\n\t\t\t\t\t\t\t\t\t\t<\/figure>\n\t\t\t\t\t\t\t<\/div>\n\t\t\t\t<\/div>\n\t\t\t\t\t<\/div>\n\t\t<\/div>\n\t\t\t\t<div class=\"elementor-column elementor-col-50 elementor-top-column elementor-element elementor-element-86b45c5\" data-id=\"86b45c5\" data-element_type=\"column\">\n\t\t\t<div class=\"elementor-widget-wrap elementor-element-populated\">\n\t\t\t\t\t\t<div class=\"elementor-element elementor-element-c1306fb elementor-widget elementor-widget-image\" data-id=\"c1306fb\" data-element_type=\"widget\" data-widget_type=\"image.default\">\n\t\t\t\t<div class=\"elementor-widget-container\">\n\t\t\t\t\t\t\t\t\t\t<figure class=\"wp-caption\">\n\t\t\t\t\t\t\t\t\t\t<img decoding=\"async\" src=\"https:\/\/www.ufsm.br\/app\/uploads\/sites\/806\/elementor\/thumbs\/expedi\u00e7\u00e3o_escudo_2-olb02tvf530lgspvm6bfqfgi2xe6ml2kfrv7j4q2t4.jpg\" title=\"expedi\u00e7\u00e3o_escudo_2\" alt=\"expedi\u00e7\u00e3o_escudo_2\" loading=\"lazy\" \/>\t\t\t\t\t\t\t\t\t\t\t<figcaption class=\"widget-image-caption wp-caption-text\"> Escava\u00e7\u00e3o para coleta do monolito da unidade Seival (Chernossolo Eb\u00e2nico).<\/figcaption>\n\t\t\t\t\t\t\t\t\t\t<\/figure>\n\t\t\t\t\t\t\t<\/div>\n\t\t\t\t<\/div>\n\t\t\t\t\t<\/div>\n\t\t<\/div>\n\t\t\t\t\t<\/div>\n\t\t<\/section>\n\t\t\t\t<section class=\"elementor-section elementor-top-section elementor-element elementor-element-27e647e elementor-section-boxed elementor-section-height-default elementor-section-height-default\" data-id=\"27e647e\" data-element_type=\"section\">\n\t\t\t\t\t\t<div class=\"elementor-container elementor-column-gap-default\">\n\t\t\t\t\t<div class=\"elementor-column elementor-col-50 elementor-top-column elementor-element elementor-element-7cef79b\" data-id=\"7cef79b\" data-element_type=\"column\">\n\t\t\t<div class=\"elementor-widget-wrap elementor-element-populated\">\n\t\t\t\t\t\t<div class=\"elementor-element elementor-element-051ef94 elementor-widget elementor-widget-image\" data-id=\"051ef94\" data-element_type=\"widget\" data-widget_type=\"image.default\">\n\t\t\t\t<div class=\"elementor-widget-container\">\n\t\t\t\t\t\t\t\t\t\t<figure class=\"wp-caption\">\n\t\t\t\t\t\t\t\t\t\t<img decoding=\"async\" src=\"https:\/\/www.ufsm.br\/app\/uploads\/sites\/806\/elementor\/thumbs\/expedi\u00e7\u00e3o_escudo_3-olb03gfjp3vh7ft3yg2he9rkc6azrbk4iviv1rsmns.jpg\" title=\"expedi\u00e7\u00e3o_escudo_3\" alt=\"expedi\u00e7\u00e3o_escudo_3\" loading=\"lazy\" \/>\t\t\t\t\t\t\t\t\t\t\t<figcaption class=\"widget-image-caption wp-caption-text\"> Retirada do monolito da unidade Seival.<\/figcaption>\n\t\t\t\t\t\t\t\t\t\t<\/figure>\n\t\t\t\t\t\t\t<\/div>\n\t\t\t\t<\/div>\n\t\t\t\t\t<\/div>\n\t\t<\/div>\n\t\t\t\t<div class=\"elementor-column elementor-col-50 elementor-top-column elementor-element elementor-element-be4149c\" data-id=\"be4149c\" data-element_type=\"column\">\n\t\t\t<div class=\"elementor-widget-wrap elementor-element-populated\">\n\t\t\t\t\t\t<div class=\"elementor-element elementor-element-7afe1fa elementor-widget elementor-widget-image\" data-id=\"7afe1fa\" data-element_type=\"widget\" data-widget_type=\"image.default\">\n\t\t\t\t<div class=\"elementor-widget-container\">\n\t\t\t\t\t\t\t\t\t\t<figure class=\"wp-caption\">\n\t\t\t\t\t\t\t\t\t\t<img decoding=\"async\" src=\"https:\/\/www.ufsm.br\/app\/uploads\/sites\/806\/elementor\/thumbs\/expedi\u00e7\u00e3o_escudo_4-olb03xcn44in0f4j7ndrn5hv13zllvfal79lor3jjs.jpg\" title=\"expedi\u00e7\u00e3o_escudo_4\" alt=\"expedi\u00e7\u00e3o_escudo_4\" loading=\"lazy\" \/>\t\t\t\t\t\t\t\t\t\t\t<figcaption class=\"widget-image-caption wp-caption-text\"> Avalia\u00e7\u00e3o e discuss\u00e3o t\u00e9cnica de um Vertissolo Eb\u00e2nico da unidade Acegu\u00e1.<\/figcaption>\n\t\t\t\t\t\t\t\t\t\t<\/figure>\n\t\t\t\t\t\t\t<\/div>\n\t\t\t\t<\/div>\n\t\t\t\t\t<\/div>\n\t\t<\/div>\n\t\t\t\t\t<\/div>\n\t\t<\/section>\n\t\t\t\t<section class=\"elementor-section elementor-top-section elementor-element elementor-element-0bc60d1 elementor-section-boxed elementor-section-height-default elementor-section-height-default\" data-id=\"0bc60d1\" data-element_type=\"section\">\n\t\t\t\t\t\t<div class=\"elementor-container elementor-column-gap-default\">\n\t\t\t\t\t<div class=\"elementor-column elementor-col-100 elementor-top-column elementor-element elementor-element-55d963d\" data-id=\"55d963d\" data-element_type=\"column\">\n\t\t\t<div class=\"elementor-widget-wrap elementor-element-populated\">\n\t\t\t\t\t\t<div class=\"elementor-element elementor-element-ae3813e elementor-widget elementor-widget-image\" data-id=\"ae3813e\" data-element_type=\"widget\" data-widget_type=\"image.default\">\n\t\t\t\t<div class=\"elementor-widget-container\">\n\t\t\t\t\t\t\t\t\t\t<figure class=\"wp-caption\">\n\t\t\t\t\t\t\t\t\t\t<img decoding=\"async\" src=\"https:\/\/www.ufsm.br\/app\/uploads\/sites\/806\/elementor\/thumbs\/Perfil_matarazo-olb074yq11ebati9z0cdk3yvk7jaoonkngbbithkeg.jpg\" title=\"Perfil_matarazo\" alt=\"Perfil_matarazo\" loading=\"lazy\" \/>\t\t\t\t\t\t\t\t\t\t\t<figcaption class=\"widget-image-caption wp-caption-text\"> Escava\u00e7\u00e3o para coleta do monolito da unidade Matarazo (Argissolo Vermelho-Amarelo).<\/figcaption>\n\t\t\t\t\t\t\t\t\t\t<\/figure>\n\t\t\t\t\t\t\t<\/div>\n\t\t\t\t<\/div>\n\t\t\t\t\t<\/div>\n\t\t<\/div>\n\t\t\t\t\t<\/div>\n\t\t<\/section>\n\t\t\t\t<\/div>\n\t\t","protected":false},"excerpt":{"rendered":"<p>Nos dias 29 e 30 de abril de 2017 a equipe do museu de solos partiu rumo a regi\u00e3o do Escudo Sulriograndense, juntamente com os alunos de P\u00f3s-gradua\u00e7\u00e3o em Ci\u00eancia do Solo, participantes da Disciplina de G\u00eanese, Morfologia e Classifica\u00e7\u00e3o de Solos (SOL 848). Dentre as atividades desenvolvidas na regi\u00e3o, foram coletados mais dois monolitos [&hellip;]<\/p>\n","protected":false},"author":867,"featured_media":0,"parent":0,"menu_order":0,"comment_status":"closed","ping_status":"closed","template":"","meta":{"footnotes":""},"categories":[],"tags":[],"class_list":["post-409","page","type-page","status-publish","hentry"],"acf":[],"_links":{"self":[{"href":"https:\/\/www.ufsm.br\/museus\/msrs\/wp-json\/wp\/v2\/pages\/409","targetHints":{"allow":["GET"]}}],"collection":[{"href":"https:\/\/www.ufsm.br\/museus\/msrs\/wp-json\/wp\/v2\/pages"}],"about":[{"href":"https:\/\/www.ufsm.br\/museus\/msrs\/wp-json\/wp\/v2\/types\/page"}],"author":[{"embeddable":true,"href":"https:\/\/www.ufsm.br\/museus\/msrs\/wp-json\/wp\/v2\/users\/867"}],"replies":[{"embeddable":true,"href":"https:\/\/www.ufsm.br\/museus\/msrs\/wp-json\/wp\/v2\/comments?post=409"}],"version-history":[{"count":0,"href":"https:\/\/www.ufsm.br\/museus\/msrs\/wp-json\/wp\/v2\/pages\/409\/revisions"}],"wp:attachment":[{"href":"https:\/\/www.ufsm.br\/museus\/msrs\/wp-json\/wp\/v2\/media?parent=409"}],"wp:term":[{"taxonomy":"category","embeddable":true,"href":"https:\/\/www.ufsm.br\/museus\/msrs\/wp-json\/wp\/v2\/categories?post=409"},{"taxonomy":"post_tag","embeddable":true,"href":"https:\/\/www.ufsm.br\/museus\/msrs\/wp-json\/wp\/v2\/tags?post=409"}],"curies":[{"name":"wp","href":"https:\/\/api.w.org\/{rel}","templated":true}]}}