{"id":443,"date":"2020-02-12T11:20:32","date_gmt":"2020-02-12T14:20:32","guid":{"rendered":"https:\/\/www.ufsm.br\/unidades-universitarias\/ccr\/msrs\/?page_id=443"},"modified":"2020-02-17T12:23:29","modified_gmt":"2020-02-17T15:23:29","slug":"i-competicao-de-identificacao-de-solos-do-ensino-medio-integrado","status":"publish","type":"page","link":"https:\/\/www.ufsm.br\/museus\/msrs\/i-competicao-de-identificacao-de-solos-do-ensino-medio-integrado","title":{"rendered":"I Competi\u00e7\u00e3o de Identifica\u00e7\u00e3o de Solos do Ensino M\u00e9dio Integrado"},"content":{"rendered":"\t\t<div data-elementor-type=\"wp-page\" data-elementor-id=\"443\" class=\"elementor elementor-443\">\n\t\t\t\t\t\t<section class=\"elementor-section elementor-top-section elementor-element elementor-element-b2b4594 elementor-section-boxed elementor-section-height-default elementor-section-height-default\" data-id=\"b2b4594\" data-element_type=\"section\">\n\t\t\t\t\t\t<div class=\"elementor-container elementor-column-gap-default\">\n\t\t\t\t\t<div class=\"elementor-column elementor-col-100 elementor-top-column elementor-element elementor-element-5fa06c6\" data-id=\"5fa06c6\" data-element_type=\"column\">\n\t\t\t<div class=\"elementor-widget-wrap elementor-element-populated\">\n\t\t\t\t\t\t<div class=\"elementor-element elementor-element-9b120ce elementor-widget elementor-widget-text-editor\" data-id=\"9b120ce\" data-element_type=\"widget\" data-widget_type=\"text-editor.default\">\n\t\t\t\t<div class=\"elementor-widget-container\">\n\t\t\t\t\t\t\t<p>O Museu de Solos do RS tamb\u00e9m esteve envolvido em 2015 na organiza\u00e7\u00e3o da I Competi\u00e7\u00e3o de Identifica\u00e7\u00e3o de Solos para o Ensino M\u00e9dio Integrado, realizado no Campus da UFSM com os alunos do CTISM (Col\u00e9gio T\u00e9cnico Industrial de Santa Maria). O evento teve apoio da Professora da Disciplina de Biologia, a Dr. Josiane Pacheco Menezes. A competi\u00e7\u00e3o de solos foi realizada com os alunos do ensino m\u00e9dio integrado com o objetivo de transmitir os conhecimentos sobre solos e suas aplica\u00e7\u00f5es agr\u00edcolas, ambientais e industriais, e suas rela\u00e7\u00f5es ecol\u00f3gicas, por meio de atividade pr\u00e1tica de campo, de forma que os alunos tivessem um maior envolvimento e apropria\u00e7\u00e3o dos conhecimentos. A avalia\u00e7\u00e3o do evento foi positiva e os alunos adoraram as atividades, sempre participando plenamente.<\/p>\t\t\t\t\t\t<\/div>\n\t\t\t\t<\/div>\n\t\t\t\t\t<\/div>\n\t\t<\/div>\n\t\t\t\t\t<\/div>\n\t\t<\/section>\n\t\t\t\t<section class=\"elementor-section elementor-top-section elementor-element elementor-element-5c0af34 elementor-section-boxed elementor-section-height-default elementor-section-height-default\" data-id=\"5c0af34\" data-element_type=\"section\">\n\t\t\t\t\t\t<div class=\"elementor-container elementor-column-gap-default\">\n\t\t\t\t\t<div class=\"elementor-column elementor-col-33 elementor-top-column elementor-element elementor-element-b858943\" data-id=\"b858943\" data-element_type=\"column\">\n\t\t\t<div class=\"elementor-widget-wrap elementor-element-populated\">\n\t\t\t\t\t\t<div class=\"elementor-element elementor-element-fddc38d elementor-widget elementor-widget-image\" data-id=\"fddc38d\" data-element_type=\"widget\" data-widget_type=\"image.default\">\n\t\t\t\t<div class=\"elementor-widget-container\">\n\t\t\t\t\t\t\t\t\t\t<figure class=\"wp-caption\">\n\t\t\t\t\t\t\t\t\t\t<img decoding=\"async\" src=\"https:\/\/www.ufsm.br\/app\/uploads\/sites\/806\/elementor\/thumbs\/I_CIS_EMI_1-olb0uy7llniz9f7oqwl3cxty8r8p6honwfyzf3k1pc.jpg\" title=\"I_CIS_EMI_1\" alt=\"I_CIS_EMI_1\" loading=\"lazy\" \/>\t\t\t\t\t\t\t\t\t\t\t<figcaption class=\"widget-image-caption wp-caption-text\">Prepara\u00e7\u00e3o pr\u00e1tica para an\u00e1lise dos perfis de solos.<\/figcaption>\n\t\t\t\t\t\t\t\t\t\t<\/figure>\n\t\t\t\t\t\t\t<\/div>\n\t\t\t\t<\/div>\n\t\t\t\t\t<\/div>\n\t\t<\/div>\n\t\t\t\t<div class=\"elementor-column elementor-col-33 elementor-top-column elementor-element elementor-element-a137a28\" data-id=\"a137a28\" data-element_type=\"column\">\n\t\t\t<div class=\"elementor-widget-wrap elementor-element-populated\">\n\t\t\t\t\t\t<div class=\"elementor-element elementor-element-b002dd9 elementor-widget elementor-widget-image\" data-id=\"b002dd9\" data-element_type=\"widget\" data-widget_type=\"image.default\">\n\t\t\t\t<div class=\"elementor-widget-container\">\n\t\t\t\t\t\t\t\t\t\t<figure class=\"wp-caption\">\n\t\t\t\t\t\t\t\t\t\t<img decoding=\"async\" src=\"https:\/\/www.ufsm.br\/app\/uploads\/sites\/806\/elementor\/thumbs\/I_CIS_EMI_2-olb0v2wsjtpevh0uzgm87en97olj8z7bl38ethd2u8.jpg\" title=\"I_CIS_EMI_2\" alt=\"I_CIS_EMI_2\" loading=\"lazy\" \/>\t\t\t\t\t\t\t\t\t\t\t<figcaption class=\"widget-image-caption wp-caption-text\">Alunos participando da competi\u00e7\u00e3o de identifica\u00e7\u00e3o de solos.<\/figcaption>\n\t\t\t\t\t\t\t\t\t\t<\/figure>\n\t\t\t\t\t\t\t<\/div>\n\t\t\t\t<\/div>\n\t\t\t\t\t<\/div>\n\t\t<\/div>\n\t\t\t\t<div class=\"elementor-column elementor-col-33 elementor-top-column elementor-element elementor-element-3670145\" data-id=\"3670145\" data-element_type=\"column\">\n\t\t\t<div class=\"elementor-widget-wrap elementor-element-populated\">\n\t\t\t\t\t\t<div class=\"elementor-element elementor-element-c0af475 elementor-widget elementor-widget-image\" data-id=\"c0af475\" data-element_type=\"widget\" data-widget_type=\"image.default\">\n\t\t\t\t<div class=\"elementor-widget-container\">\n\t\t\t\t\t\t\t\t\t\t<figure class=\"wp-caption\">\n\t\t\t\t\t\t\t\t\t\t<img decoding=\"async\" src=\"https:\/\/www.ufsm.br\/app\/uploads\/sites\/806\/elementor\/thumbs\/I_CIS_EMI_3-olb0utienhcjndeiicjyih0n9tvv40607spk0pr0kg.jpg\" title=\"I_CIS_EMI_3\" alt=\"I_CIS_EMI_3\" loading=\"lazy\" \/>\t\t\t\t\t\t\t\t\t\t\t<figcaption class=\"widget-image-caption wp-caption-text\">Alunos participando da competi\u00e7\u00e3o de identifica\u00e7\u00e3o de solos.<\/figcaption>\n\t\t\t\t\t\t\t\t\t\t<\/figure>\n\t\t\t\t\t\t\t<\/div>\n\t\t\t\t<\/div>\n\t\t\t\t\t<\/div>\n\t\t<\/div>\n\t\t\t\t\t<\/div>\n\t\t<\/section>\n\t\t\t\t<section class=\"elementor-section elementor-top-section elementor-element elementor-element-ab8f6a9 elementor-section-boxed elementor-section-height-default elementor-section-height-default\" data-id=\"ab8f6a9\" data-element_type=\"section\">\n\t\t\t\t\t\t<div class=\"elementor-container elementor-column-gap-default\">\n\t\t\t\t\t<div class=\"elementor-column elementor-col-50 elementor-top-column elementor-element elementor-element-fe908a2\" data-id=\"fe908a2\" data-element_type=\"column\">\n\t\t\t<div class=\"elementor-widget-wrap elementor-element-populated\">\n\t\t\t\t\t\t<div class=\"elementor-element elementor-element-8d202a8 elementor-widget elementor-widget-image\" data-id=\"8d202a8\" data-element_type=\"widget\" data-widget_type=\"image.default\">\n\t\t\t\t<div class=\"elementor-widget-container\">\n\t\t\t\t\t\t\t\t\t\t<figure class=\"wp-caption\">\n\t\t\t\t\t\t\t\t\t\t<img decoding=\"async\" src=\"https:\/\/www.ufsm.br\/app\/uploads\/sites\/806\/elementor\/thumbs\/I_CIS_EMI_4-olb0upr1w57ecxjz4axg8hyswaee97r2va3m3lwl9c.jpg\" title=\"I_CIS_EMI_4\" alt=\"I_CIS_EMI_4\" loading=\"lazy\" \/>\t\t\t\t\t\t\t\t\t\t\t<figcaption class=\"widget-image-caption wp-caption-text\">Alunos participando da competi\u00e7\u00e3o de identifica\u00e7\u00e3o de solos.<\/figcaption>\n\t\t\t\t\t\t\t\t\t\t<\/figure>\n\t\t\t\t\t\t\t<\/div>\n\t\t\t\t<\/div>\n\t\t\t\t\t<\/div>\n\t\t<\/div>\n\t\t\t\t<div class=\"elementor-column elementor-col-50 elementor-top-column elementor-element elementor-element-9c87af9\" data-id=\"9c87af9\" data-element_type=\"column\">\n\t\t\t<div class=\"elementor-widget-wrap elementor-element-populated\">\n\t\t\t\t\t\t<div class=\"elementor-element elementor-element-7901de0 elementor-widget elementor-widget-image\" data-id=\"7901de0\" data-element_type=\"widget\" data-widget_type=\"image.default\">\n\t\t\t\t<div class=\"elementor-widget-container\">\n\t\t\t\t\t\t\t\t\t\t<figure class=\"wp-caption\">\n\t\t\t\t\t\t\t\t\t\t<img decoding=\"async\" src=\"https:\/\/www.ufsm.br\/app\/uploads\/sites\/806\/elementor\/thumbs\/I_CIS_EMI_5-olb0v1yyczo4jv284y7lmwvsmaq61a3l8ykxc7eh0g.jpg\" title=\"I_CIS_EMI_5\" alt=\"I_CIS_EMI_5\" loading=\"lazy\" \/>\t\t\t\t\t\t\t\t\t\t\t<figcaption class=\"widget-image-caption wp-caption-text\">Alunos participando da competi\u00e7\u00e3o de identifica\u00e7\u00e3o de solos.<\/figcaption>\n\t\t\t\t\t\t\t\t\t\t<\/figure>\n\t\t\t\t\t\t\t<\/div>\n\t\t\t\t<\/div>\n\t\t\t\t\t<\/div>\n\t\t<\/div>\n\t\t\t\t\t<\/div>\n\t\t<\/section>\n\t\t\t\t<\/div>\n\t\t","protected":false},"excerpt":{"rendered":"<p>O Museu de Solos do RS tamb\u00e9m esteve envolvido em 2015 na organiza\u00e7\u00e3o da I Competi\u00e7\u00e3o de Identifica\u00e7\u00e3o de Solos para o Ensino M\u00e9dio Integrado, realizado no Campus da UFSM com os alunos do CTISM (Col\u00e9gio T\u00e9cnico Industrial de Santa Maria). O evento teve apoio da Professora da Disciplina de Biologia, a Dr. Josiane Pacheco [&hellip;]<\/p>\n","protected":false},"author":867,"featured_media":0,"parent":0,"menu_order":0,"comment_status":"closed","ping_status":"closed","template":"","meta":{"footnotes":""},"categories":[],"tags":[],"class_list":["post-443","page","type-page","status-publish","hentry"],"acf":[],"_links":{"self":[{"href":"https:\/\/www.ufsm.br\/museus\/msrs\/wp-json\/wp\/v2\/pages\/443","targetHints":{"allow":["GET"]}}],"collection":[{"href":"https:\/\/www.ufsm.br\/museus\/msrs\/wp-json\/wp\/v2\/pages"}],"about":[{"href":"https:\/\/www.ufsm.br\/museus\/msrs\/wp-json\/wp\/v2\/types\/page"}],"author":[{"embeddable":true,"href":"https:\/\/www.ufsm.br\/museus\/msrs\/wp-json\/wp\/v2\/users\/867"}],"replies":[{"embeddable":true,"href":"https:\/\/www.ufsm.br\/museus\/msrs\/wp-json\/wp\/v2\/comments?post=443"}],"version-history":[{"count":0,"href":"https:\/\/www.ufsm.br\/museus\/msrs\/wp-json\/wp\/v2\/pages\/443\/revisions"}],"wp:attachment":[{"href":"https:\/\/www.ufsm.br\/museus\/msrs\/wp-json\/wp\/v2\/media?parent=443"}],"wp:term":[{"taxonomy":"category","embeddable":true,"href":"https:\/\/www.ufsm.br\/museus\/msrs\/wp-json\/wp\/v2\/categories?post=443"},{"taxonomy":"post_tag","embeddable":true,"href":"https:\/\/www.ufsm.br\/museus\/msrs\/wp-json\/wp\/v2\/tags?post=443"}],"curies":[{"name":"wp","href":"https:\/\/api.w.org\/{rel}","templated":true}]}}