{"id":494,"date":"2020-02-13T08:47:01","date_gmt":"2020-02-13T11:47:01","guid":{"rendered":"https:\/\/www.ufsm.br\/unidades-universitarias\/ccr\/msrs\/?page_id=494"},"modified":"2020-02-13T08:48:14","modified_gmt":"2020-02-13T11:48:14","slug":"contato-2","status":"publish","type":"page","link":"https:\/\/www.ufsm.br\/museus\/msrs\/contato-2","title":{"rendered":"Contato"},"content":{"rendered":"\t\t<div data-elementor-type=\"wp-page\" data-elementor-id=\"494\" class=\"elementor elementor-494\">\n\t\t\t\t\t\t<section class=\"elementor-section elementor-top-section elementor-element elementor-element-776a8d15 elementor-section-boxed elementor-section-height-default elementor-section-height-default\" data-id=\"776a8d15\" data-element_type=\"section\">\n\t\t\t\t\t\t<div class=\"elementor-container elementor-column-gap-default\">\n\t\t\t\t\t<div class=\"elementor-column elementor-col-100 elementor-top-column elementor-element elementor-element-4553a4a2\" data-id=\"4553a4a2\" data-element_type=\"column\">\n\t\t\t<div class=\"elementor-widget-wrap elementor-element-populated\">\n\t\t\t\t\t\t<div class=\"elementor-element elementor-element-1cddbbf7 elementor-widget elementor-widget-text-editor\" data-id=\"1cddbbf7\" data-element_type=\"widget\" data-widget_type=\"text-editor.default\">\n\t\t\t\t<div class=\"elementor-widget-container\">\n\t\t\t\t\t\t\t<!-- wp:tadv\/classic-paragraph \/-->\t\t\t\t\t\t<\/div>\n\t\t\t\t<\/div>\n\t\t\t\t\t<\/div>\n\t\t<\/div>\n\t\t\t\t\t<\/div>\n\t\t<\/section>\n\t\t\t\t<section class=\"elementor-section elementor-top-section elementor-element elementor-element-7bff679 elementor-section-boxed elementor-section-height-default elementor-section-height-default\" data-id=\"7bff679\" data-element_type=\"section\">\n\t\t\t\t\t\t<div class=\"elementor-container elementor-column-gap-default\">\n\t\t\t\t\t<div class=\"elementor-column elementor-col-100 elementor-top-column elementor-element elementor-element-1581e5a\" data-id=\"1581e5a\" data-element_type=\"column\">\n\t\t\t<div class=\"elementor-widget-wrap elementor-element-populated\">\n\t\t\t\t\t\t<div class=\"elementor-element elementor-element-f4efb73 elementor-widget elementor-widget-text-editor\" data-id=\"f4efb73\" data-element_type=\"widget\" data-widget_type=\"text-editor.default\">\n\t\t\t\t<div class=\"elementor-widget-container\">\n\t\t\t\t\t\t\t<p><strong>Museu de Solos do Rio Grande do Sul<\/strong><\/p>\n<p>Departamento de Solos, CCR, UFSM<br \/>Campus UFSM, Pr\u00e9dio 42, Sala 3309<br \/>Bairro Camobi, Santa Maria, RS, 97105-900<br \/>Fone: (55) 3020-8108<br \/>Email:\u00a0<span id=\"cloaked232efbb15901c7efe7073608d4a41c\"><a href=\"mailto:fapedron@ufsm.br\">fapedron@ufsm.br<\/a><\/span><\/p>\n<p>Aten\u00e7\u00e3o! O endere\u00e7o administrativo do Museu \u00e9 no pr\u00e9dio 42 (sala 3309), junto a secretaria do Departamento de Solos. No entanto, as visitas s\u00e3o realizadas na sala 4999, no pr\u00e9dio 44, onde se localiza o acervo do museu.<\/p>\t\t\t\t\t\t<\/div>\n\t\t\t\t<\/div>\n\t\t\t\t\t<\/div>\n\t\t<\/div>\n\t\t\t\t\t<\/div>\n\t\t<\/section>\n\t\t\t\t<\/div>\n\t\t","protected":false},"excerpt":{"rendered":"<p>Museu de Solos do Rio Grande do Sul Departamento de Solos, CCR, UFSMCampus UFSM, Pr\u00e9dio 42, Sala 3309Bairro Camobi, Santa Maria, RS, 97105-900Fone: (55) 3020-8108Email:\u00a0fapedron@ufsm.br Aten\u00e7\u00e3o! O endere\u00e7o administrativo do Museu \u00e9 no pr\u00e9dio 42 (sala 3309), junto a secretaria do Departamento de Solos. No entanto, as visitas s\u00e3o realizadas na sala 4999, no pr\u00e9dio [&hellip;]<\/p>\n","protected":false},"author":867,"featured_media":0,"parent":0,"menu_order":0,"comment_status":"closed","ping_status":"closed","template":"","meta":{"footnotes":""},"categories":[],"tags":[],"class_list":["post-494","page","type-page","status-publish","hentry"],"acf":[],"_links":{"self":[{"href":"https:\/\/www.ufsm.br\/museus\/msrs\/wp-json\/wp\/v2\/pages\/494","targetHints":{"allow":["GET"]}}],"collection":[{"href":"https:\/\/www.ufsm.br\/museus\/msrs\/wp-json\/wp\/v2\/pages"}],"about":[{"href":"https:\/\/www.ufsm.br\/museus\/msrs\/wp-json\/wp\/v2\/types\/page"}],"author":[{"embeddable":true,"href":"https:\/\/www.ufsm.br\/museus\/msrs\/wp-json\/wp\/v2\/users\/867"}],"replies":[{"embeddable":true,"href":"https:\/\/www.ufsm.br\/museus\/msrs\/wp-json\/wp\/v2\/comments?post=494"}],"version-history":[{"count":0,"href":"https:\/\/www.ufsm.br\/museus\/msrs\/wp-json\/wp\/v2\/pages\/494\/revisions"}],"wp:attachment":[{"href":"https:\/\/www.ufsm.br\/museus\/msrs\/wp-json\/wp\/v2\/media?parent=494"}],"wp:term":[{"taxonomy":"category","embeddable":true,"href":"https:\/\/www.ufsm.br\/museus\/msrs\/wp-json\/wp\/v2\/categories?post=494"},{"taxonomy":"post_tag","embeddable":true,"href":"https:\/\/www.ufsm.br\/museus\/msrs\/wp-json\/wp\/v2\/tags?post=494"}],"curies":[{"name":"wp","href":"https:\/\/api.w.org\/{rel}","templated":true}]}}