{"id":726,"date":"2020-02-17T11:19:56","date_gmt":"2020-02-17T14:19:56","guid":{"rendered":"https:\/\/www.ufsm.br\/museus\/solos-do-rio-grande-do-sul\/?page_id=726"},"modified":"2020-02-17T11:21:06","modified_gmt":"2020-02-17T14:21:06","slug":"elementor-726","status":"publish","type":"page","link":"https:\/\/www.ufsm.br\/museus\/msrs\/elementor-726","title":{"rendered":"Ensino"},"content":{"rendered":"\t\t<div data-elementor-type=\"wp-page\" data-elementor-id=\"726\" class=\"elementor elementor-726\">\n\t\t\t\t\t\t<section class=\"elementor-section elementor-top-section elementor-element elementor-element-b1e3f3c elementor-section-boxed elementor-section-height-default elementor-section-height-default\" data-id=\"b1e3f3c\" data-element_type=\"section\">\n\t\t\t\t\t\t<div class=\"elementor-container elementor-column-gap-default\">\n\t\t\t\t\t<div class=\"elementor-column elementor-col-100 elementor-top-column elementor-element elementor-element-a643920\" data-id=\"a643920\" data-element_type=\"column\">\n\t\t\t<div class=\"elementor-widget-wrap elementor-element-populated\">\n\t\t\t\t\t\t<div class=\"elementor-element elementor-element-1551d80 elementor-widget elementor-widget-text-editor\" data-id=\"1551d80\" data-element_type=\"widget\" data-widget_type=\"text-editor.default\">\n\t\t\t\t<div class=\"elementor-widget-container\">\n\t\t\t\t\t\t\t<p style=\"text-align: center\"><strong>Projetos de ensino<\/strong><\/p>\t\t\t\t\t\t<\/div>\n\t\t\t\t<\/div>\n\t\t\t\t\t<\/div>\n\t\t<\/div>\n\t\t\t\t\t<\/div>\n\t\t<\/section>\n\t\t\t\t<section class=\"elementor-section elementor-top-section elementor-element elementor-element-e1f872a elementor-section-boxed elementor-section-height-default elementor-section-height-default\" data-id=\"e1f872a\" data-element_type=\"section\">\n\t\t\t\t\t\t<div class=\"elementor-container elementor-column-gap-default\">\n\t\t\t\t\t<div class=\"elementor-column elementor-col-100 elementor-top-column elementor-element elementor-element-a48e7ea\" data-id=\"a48e7ea\" data-element_type=\"column\">\n\t\t\t<div class=\"elementor-widget-wrap elementor-element-populated\">\n\t\t\t\t\t\t<div class=\"elementor-element elementor-element-b7134be elementor-widget elementor-widget-text-editor\" data-id=\"b7134be\" data-element_type=\"widget\" data-widget_type=\"text-editor.default\">\n\t\t\t\t<div class=\"elementor-widget-container\">\n\t\t\t\t\t\t\t<p><strong>Clube de Soil Judging da UFSM<\/strong><\/p><p>Soil Judging s\u00e3o atividades competitivas, do tipo competi\u00e7\u00e3o acad\u00eamica da \u00e1rea de solos, onde os alunos s\u00e3o desafiados a realizarem a identifica\u00e7\u00e3o e interpreta\u00e7\u00e3o de solos. O Clube de Soil Judging da UFSM tem como objetivos organizar e promover atividades para alunos de gradua\u00e7\u00e3o e p\u00f3s gradua\u00e7\u00e3o que desenvolvam habilidades t\u00e9cnicas de interpreta\u00e7\u00e3o de solos e suas paisagens, fomentando o desenvolvimento acad\u00eamico\/cient\u00edfico dos participantes.<\/p><p>Coordenador: Prof. Fabr\u00edcio de A. Pedron (<span id=\"cloak1b91dad0220fde97acdfffaa18cc04a7\"><a href=\"mailto:fapedron@ufsm.br\">fapedron@ufsm.br<\/a><\/span>)<\/p>\t\t\t\t\t\t<\/div>\n\t\t\t\t<\/div>\n\t\t\t\t\t<\/div>\n\t\t<\/div>\n\t\t\t\t\t<\/div>\n\t\t<\/section>\n\t\t\t\t<section class=\"elementor-section elementor-top-section elementor-element elementor-element-8a19773 elementor-section-boxed elementor-section-height-default elementor-section-height-default\" data-id=\"8a19773\" data-element_type=\"section\">\n\t\t\t\t\t\t<div class=\"elementor-container elementor-column-gap-default\">\n\t\t\t\t\t<div class=\"elementor-column elementor-col-100 elementor-top-column elementor-element elementor-element-0f6e3e6\" data-id=\"0f6e3e6\" data-element_type=\"column\">\n\t\t\t<div class=\"elementor-widget-wrap elementor-element-populated\">\n\t\t\t\t\t\t<div class=\"elementor-element elementor-element-a70b604 elementor-widget elementor-widget-text-editor\" data-id=\"a70b604\" data-element_type=\"widget\" data-widget_type=\"text-editor.default\">\n\t\t\t\t<div class=\"elementor-widget-container\">\n\t\t\t\t\t\t\t<p><strong>Programa de forma\u00e7\u00e3o em Pedologia Aplicada<\/strong><\/p><p>A Pedologia tem ampliado suas aplica\u00e7\u00f5es com a populariza\u00e7\u00e3o da Pedometria. No entanto, existe um demanda consider\u00e1vel para treinamento de campo dos t\u00e9cnicos que se inserem nessa \u00e1rea de atua\u00e7\u00e3o. Diante deste contexto, esse projeto objetiva promover eventos que permitam o treinamento de campo em Pedologia, de forma continuada, buscando qualificar os novos t\u00e9cnicos. Destinado a alunos de gradua\u00e7\u00e3o e p\u00f3s gradua\u00e7\u00e3o da UFSM.<\/p><p>Coordenador: Prof. Fabr\u00edcio de A. Pedron (<span id=\"cloakbedde41fec18ec6f801cd100130ef1a5\"><a href=\"mailto:fapedron@ufsm.br\">fapedron@ufsm.br<\/a><\/span>)<\/p>\t\t\t\t\t\t<\/div>\n\t\t\t\t<\/div>\n\t\t\t\t\t<\/div>\n\t\t<\/div>\n\t\t\t\t\t<\/div>\n\t\t<\/section>\n\t\t\t\t<section class=\"elementor-section elementor-top-section elementor-element elementor-element-0089df5 elementor-section-boxed elementor-section-height-default elementor-section-height-default\" data-id=\"0089df5\" data-element_type=\"section\">\n\t\t\t\t\t\t<div class=\"elementor-container elementor-column-gap-default\">\n\t\t\t\t\t<div class=\"elementor-column elementor-col-100 elementor-top-column elementor-element elementor-element-d6ed9ce\" data-id=\"d6ed9ce\" data-element_type=\"column\">\n\t\t\t<div class=\"elementor-widget-wrap elementor-element-populated\">\n\t\t\t\t\t\t<div class=\"elementor-element elementor-element-7911935 elementor-widget elementor-widget-text-editor\" data-id=\"7911935\" data-element_type=\"widget\" data-widget_type=\"text-editor.default\">\n\t\t\t\t<div class=\"elementor-widget-container\">\n\t\t\t\t\t\t\t<p><strong>Educa\u00e7\u00e3o ambiental via aplicativos computacionais<\/strong><\/p><p>O desenvolvimento de atividades alternativas que potencializem o ensino-aprendizagem das quest\u00f5es ambientais nas escolas, em seus mais diversos n\u00edveis, \u00e9 fundamental para uma mudan\u00e7a de paradigma socioambiental. Os jogos educacionais s\u00e3o ferramentas importantes na educa\u00e7\u00e3o, pois apresentam aspectos pedag\u00f3gicos diferenciados. Portanto, os objetivos desse trabalho s\u00e3o criar e avaliar o desempenho de atividades educativas no fomento \u00e0 Educa\u00e7\u00e3o Ambiental para o n\u00edvel m\u00e9dio integrado ao t\u00e9cnico, com poss\u00edvel expans\u00e3o para outros n\u00edveis de ensino.<\/p><p>Coordenador: Prof. Josiane Pacheco Menezes (<span id=\"cloake8c32d43146ee6f56f51e49f2d47b291\"><a href=\"mailto:josipm@ctism.ufsm.br\">josipm@ctism.ufsm.br<\/a><\/span>)<\/p><p>\u00a0<\/p>\t\t\t\t\t\t<\/div>\n\t\t\t\t<\/div>\n\t\t\t\t\t<\/div>\n\t\t<\/div>\n\t\t\t\t\t<\/div>\n\t\t<\/section>\n\t\t\t\t<\/div>\n\t\t","protected":false},"excerpt":{"rendered":"<p>Projetos de ensino Clube de Soil Judging da UFSM Soil Judging s\u00e3o atividades competitivas, do tipo competi\u00e7\u00e3o acad\u00eamica da \u00e1rea de solos, onde os alunos s\u00e3o desafiados a realizarem a identifica\u00e7\u00e3o e interpreta\u00e7\u00e3o de solos. O Clube de Soil Judging da UFSM tem como objetivos organizar e promover atividades para alunos de gradua\u00e7\u00e3o e p\u00f3s [&hellip;]<\/p>\n","protected":false},"author":867,"featured_media":0,"parent":0,"menu_order":0,"comment_status":"closed","ping_status":"closed","template":"","meta":{"footnotes":""},"categories":[],"tags":[],"class_list":["post-726","page","type-page","status-publish","hentry"],"acf":[],"_links":{"self":[{"href":"https:\/\/www.ufsm.br\/museus\/msrs\/wp-json\/wp\/v2\/pages\/726","targetHints":{"allow":["GET"]}}],"collection":[{"href":"https:\/\/www.ufsm.br\/museus\/msrs\/wp-json\/wp\/v2\/pages"}],"about":[{"href":"https:\/\/www.ufsm.br\/museus\/msrs\/wp-json\/wp\/v2\/types\/page"}],"author":[{"embeddable":true,"href":"https:\/\/www.ufsm.br\/museus\/msrs\/wp-json\/wp\/v2\/users\/867"}],"replies":[{"embeddable":true,"href":"https:\/\/www.ufsm.br\/museus\/msrs\/wp-json\/wp\/v2\/comments?post=726"}],"version-history":[{"count":0,"href":"https:\/\/www.ufsm.br\/museus\/msrs\/wp-json\/wp\/v2\/pages\/726\/revisions"}],"wp:attachment":[{"href":"https:\/\/www.ufsm.br\/museus\/msrs\/wp-json\/wp\/v2\/media?parent=726"}],"wp:term":[{"taxonomy":"category","embeddable":true,"href":"https:\/\/www.ufsm.br\/museus\/msrs\/wp-json\/wp\/v2\/categories?post=726"},{"taxonomy":"post_tag","embeddable":true,"href":"https:\/\/www.ufsm.br\/museus\/msrs\/wp-json\/wp\/v2\/tags?post=726"}],"curies":[{"name":"wp","href":"https:\/\/api.w.org\/{rel}","templated":true}]}}