{"id":728,"date":"2020-02-17T11:21:39","date_gmt":"2020-02-17T14:21:39","guid":{"rendered":"https:\/\/www.ufsm.br\/museus\/solos-do-rio-grande-do-sul\/?page_id=728"},"modified":"2022-05-26T17:23:35","modified_gmt":"2022-05-26T20:23:35","slug":"extensao-2","status":"publish","type":"page","link":"https:\/\/www.ufsm.br\/museus\/msrs\/extensao-2","title":{"rendered":"Extens\u00e3o"},"content":{"rendered":"\t\t<div data-elementor-type=\"wp-page\" data-elementor-id=\"728\" class=\"elementor elementor-728\">\n\t\t\t\t\t\t<section class=\"elementor-section elementor-top-section elementor-element elementor-element-a2a2768 elementor-section-boxed elementor-section-height-default elementor-section-height-default\" data-id=\"a2a2768\" data-element_type=\"section\">\n\t\t\t\t\t\t<div class=\"elementor-container elementor-column-gap-default\">\n\t\t\t\t\t<div class=\"elementor-column elementor-col-100 elementor-top-column elementor-element elementor-element-1669210\" data-id=\"1669210\" data-element_type=\"column\">\n\t\t\t<div class=\"elementor-widget-wrap elementor-element-populated\">\n\t\t\t\t\t\t<div class=\"elementor-element elementor-element-80c9c66 elementor-widget elementor-widget-text-editor\" data-id=\"80c9c66\" data-element_type=\"widget\" data-widget_type=\"text-editor.default\">\n\t\t\t\t<div class=\"elementor-widget-container\">\n\t\t\t\t\t\t\t<p style=\"text-align: center\"><strong>Projetos de Extens\u00e3o<\/strong><\/p>\t\t\t\t\t\t<\/div>\n\t\t\t\t<\/div>\n\t\t\t\t\t<\/div>\n\t\t<\/div>\n\t\t\t\t\t<\/div>\n\t\t<\/section>\n\t\t\t\t<section class=\"elementor-section elementor-top-section elementor-element elementor-element-6ad4974 elementor-section-boxed elementor-section-height-default elementor-section-height-default\" data-id=\"6ad4974\" data-element_type=\"section\">\n\t\t\t\t\t\t<div class=\"elementor-container elementor-column-gap-default\">\n\t\t\t\t\t<div class=\"elementor-column elementor-col-100 elementor-top-column elementor-element elementor-element-d52f438\" data-id=\"d52f438\" data-element_type=\"column\">\n\t\t\t<div class=\"elementor-widget-wrap elementor-element-populated\">\n\t\t\t\t\t\t<div class=\"elementor-element elementor-element-334c991 elementor-widget elementor-widget-text-editor\" data-id=\"334c991\" data-element_type=\"widget\" data-widget_type=\"text-editor.default\">\n\t\t\t\t<div class=\"elementor-widget-container\">\n\t\t\t\t\t\t\t<p><strong>Programa de Educa\u00e7\u00e3o em Solos<\/strong><\/p><p>O mau uso do solo \u00e9 capaz de degrad\u00e1-lo, reduzindo o equil\u00edbrio ambiental e a qualidade de vida nos ecossistemas. Frente a isso, estamos diante de um grande desafio: estimular a popula\u00e7\u00e3o a conhecer o solo, para a compreens\u00e3o de suas fun\u00e7\u00f5es e para a sua preserva\u00e7\u00e3o, j\u00e1 que este se encontra amea\u00e7ado. Uma das formas de incorporar este assunto na sociedade \u00e9 por meio de a\u00e7\u00f5es educativas, para que haja uma revis\u00e3o ou at\u00e9 mesmo uma reconstru\u00e7\u00e3o de atitudes e valores. Neste sentido, o Programa de Educa\u00e7\u00e3o em Solos tem como objetivo servir de base para o desenvolvimento de diversas a\u00e7\u00f5es educativas que permitam a divulga\u00e7\u00e3o da Ci\u00eancia do Solo para diferentes p\u00fablicos, contribuindo para a conscientiza\u00e7\u00e3o da popula\u00e7\u00e3o e preserva\u00e7\u00e3o dos solos.<\/p><p>Coordenador: Prof. Fabr\u00edcio de A. Pedron (<span id=\"cloakff46a334040a938e870d25ddabd5ea4f\"><a href=\"mailto:fapedron@ufsm.br\">fapedron@ufsm.br<\/a><\/span>)<\/p><h3><a href=\"https:\/\/www.ufsm.br\/app\/uploads\/sites\/806\/2022\/05\/Edital-Selecao-de-Bolsistas-Educacao-em-Solos-1.pdf\"><u>Edital de sele\u00e7\u00e3o bolsistas FIEX 2022<\/u><\/a><\/h3>\t\t\t\t\t\t<\/div>\n\t\t\t\t<\/div>\n\t\t\t\t\t<\/div>\n\t\t<\/div>\n\t\t\t\t\t<\/div>\n\t\t<\/section>\n\t\t\t\t<\/div>\n\t\t","protected":false},"excerpt":{"rendered":"<p>Projetos de Extens\u00e3o Programa de Educa\u00e7\u00e3o em Solos O mau uso do solo \u00e9 capaz de degrad\u00e1-lo, reduzindo o equil\u00edbrio ambiental e a qualidade de vida nos ecossistemas. Frente a isso, estamos diante de um grande desafio: estimular a popula\u00e7\u00e3o a conhecer o solo, para a compreens\u00e3o de suas fun\u00e7\u00f5es e para a sua preserva\u00e7\u00e3o, [&hellip;]<\/p>\n","protected":false},"author":867,"featured_media":0,"parent":0,"menu_order":0,"comment_status":"closed","ping_status":"closed","template":"","meta":{"footnotes":""},"categories":[],"tags":[],"class_list":["post-728","page","type-page","status-publish","hentry"],"acf":[],"_links":{"self":[{"href":"https:\/\/www.ufsm.br\/museus\/msrs\/wp-json\/wp\/v2\/pages\/728","targetHints":{"allow":["GET"]}}],"collection":[{"href":"https:\/\/www.ufsm.br\/museus\/msrs\/wp-json\/wp\/v2\/pages"}],"about":[{"href":"https:\/\/www.ufsm.br\/museus\/msrs\/wp-json\/wp\/v2\/types\/page"}],"author":[{"embeddable":true,"href":"https:\/\/www.ufsm.br\/museus\/msrs\/wp-json\/wp\/v2\/users\/867"}],"replies":[{"embeddable":true,"href":"https:\/\/www.ufsm.br\/museus\/msrs\/wp-json\/wp\/v2\/comments?post=728"}],"version-history":[{"count":0,"href":"https:\/\/www.ufsm.br\/museus\/msrs\/wp-json\/wp\/v2\/pages\/728\/revisions"}],"wp:attachment":[{"href":"https:\/\/www.ufsm.br\/museus\/msrs\/wp-json\/wp\/v2\/media?parent=728"}],"wp:term":[{"taxonomy":"category","embeddable":true,"href":"https:\/\/www.ufsm.br\/museus\/msrs\/wp-json\/wp\/v2\/categories?post=728"},{"taxonomy":"post_tag","embeddable":true,"href":"https:\/\/www.ufsm.br\/museus\/msrs\/wp-json\/wp\/v2\/tags?post=728"}],"curies":[{"name":"wp","href":"https:\/\/api.w.org\/{rel}","templated":true}]}}