{"id":882,"date":"2020-06-18T20:47:07","date_gmt":"2020-06-18T23:47:07","guid":{"rendered":"https:\/\/www.ufsm.br\/museus\/msrs\/?page_id=882"},"modified":"2021-03-22T11:24:50","modified_gmt":"2021-03-22T14:24:50","slug":"atividades-realizadas","status":"publish","type":"page","link":"https:\/\/www.ufsm.br\/museus\/msrs\/atividades-realizadas","title":{"rendered":"Atividades realizadas"},"content":{"rendered":"\n<p><strong>Atividades 2020<\/strong><\/p>\n<ul>\n<li><a href=\"https:\/\/www.ufsm.br\/museus\/msrs\/ciclo-de-palestras-dia-mundial-do-solo-2020\/\" target=\"_blank\" rel=\"noopener\">Ciclo de Palestras comemorativas ao dia mundial do solo<\/a><\/li>\n<li><a href=\"https:\/\/www.ufsm.br\/museus\/msrs\/iv-csbs-i-cbos\">I Competi\u00e7\u00e3o Brasileira On-line de Solos<\/a><\/li>\n<li><a href=\"https:\/\/www.ufsm.br\/museus\/msrs\/iv-csbs-i-cbos\">IV Competi\u00e7\u00e3o Sul Brasileira de Solos<\/a><\/li>\n<li><a href=\"https:\/\/www.ufsm.br\/museus\/msrs\/i-competicao-on-line-de-solos-da-ufsm\/\" target=\"_blank\" rel=\"noopener\">I Competi\u00e7\u00e3o On-line de Solos da UFSM<\/a><\/li>\n<\/ul>\n\n\n\n<p><strong>Atividades 2019<\/strong><\/p>\n<ul>\n<li><a href=\"https:\/\/www.ufsm.br\/museus\/msrs\/2019-2\/\" target=\"_blank\" rel=\"noopener noreferrer\">Dia mundial do solo<\/a><\/li>\n<li><a href=\"https:\/\/www.ufsm.br\/museus\/msrs\/i-competicao-de-solos-da-ufsm\/\" target=\"_blank\" rel=\"noopener noreferrer\">I Competi\u00e7\u00e3o de Solos da UFSM<\/a><\/li>\n<li><a href=\"https:\/\/www.ufsm.br\/museus\/msrs\/programa-janela-aberta-2019\/\" target=\"_blank\" rel=\"noopener noreferrer\">Programa Janela Aberta<\/a><\/li>\n<\/ul>\n\n\n\n<p><strong>Atividades 2018<\/strong><\/p>\n<ul>\n<li><a href=\"https:\/\/www.ufsm.br\/museus\/msrs\/minicurso-de-identificacao-de-solos-2018\/\" target=\"_blank\" rel=\"noopener noreferrer\">Minicurso de Identifica\u00e7\u00e3o de Solos<\/a><\/li>\n<li><a href=\"https:\/\/www.ufsm.br\/museus\/msrs\/painel-dia-mundial-do-solo\/\" target=\"_blank\" rel=\"noopener noreferrer\">Painel dia mundial do solo<\/a><\/li>\n<li><a href=\"https:\/\/www.ufsm.br\/museus\/msrs\/descubra-ufsm-2018\/\" target=\"_blank\" rel=\"noopener noreferrer\">Descubra UFSM<\/a><\/li>\n<li><a href=\"https:\/\/www.ufsm.br\/museus\/msrs\/seminario-a-vida-no-solo-manejo-e-conservacao-a-partir-da-interferencia-humana\/\" target=\"_blank\" rel=\"noopener noreferrer\">Semin\u00e1rio a vida no solo<\/a><\/li>\n<li><a href=\"https:\/\/www.ufsm.br\/museus\/msrs\/muteco-escoteiro\/\" target=\"_blank\" rel=\"noopener noreferrer\">Muteco Escoteiro<\/a><\/li>\n<li><a href=\"https:\/\/www.ufsm.br\/museus\/msrs\/3rd-international-soil-judging-contest\/\" target=\"_blank\" rel=\"noopener noreferrer\">3rd International Soil Judging Contest<\/a><\/li>\n<li><a href=\"https:\/\/www.ufsm.br\/museus\/msrs\/programa-janela-aberta-ufsm\/\" target=\"_blank\" rel=\"noopener noreferrer\">Programa Janela Aberta<\/a><\/li>\n<li><a href=\"https:\/\/www.ufsm.br\/museus\/msrs\/iii-competicao-sul-brasileira-de-identificacao-de-solos\/\" target=\"_blank\" rel=\"noopener noreferrer\">III Competi\u00e7\u00e3o Sul Brasileira de Identifica\u00e7\u00e3o de Solos<\/a><\/li>\n<\/ul>\n\n\n\n<p><strong>Atividades 2017<\/strong><\/p>\n<ul>\n<li><a href=\"https:\/\/www.ufsm.br\/museus\/msrs\/descubra-ufsm-2017\/\" target=\"_blank\" rel=\"noopener noreferrer\">Descubra UFSM<\/a><\/li>\n<li><a href=\"https:\/\/www.ufsm.br\/museus\/msrs\/design\/\" target=\"_blank\" rel=\"noopener noreferrer\">Design+<\/a><\/li>\n<li><a href=\"https:\/\/www.ufsm.br\/museus\/msrs\/janela-aberta\/\" target=\"_blank\" rel=\"noopener noreferrer\">Programa Janela Aberta<\/a><\/li>\n<\/ul>\n\n\n\n<p><strong>Atividades 2016<\/strong><\/p>\n<ul>\n<li><a href=\"https:\/\/www.ufsm.br\/museus\/msrs\/ii-competicao-sul-brasileira-de-identificacao-de-solos\/\" target=\"_blank\" rel=\"noopener noreferrer\">II Competi\u00e7\u00e3o Sul Brasileira de Identifica\u00e7\u00e3o de Solos<\/a><\/li>\n<li>Programa Janela Aberta<\/li>\n<li><a href=\"https:\/\/www.ufsm.br\/museus\/msrs\/muteco-2016\/\" target=\"_blank\" rel=\"noopener noreferrer\">Muteco Escoteiro<\/a><\/li>\n<\/ul>\n\n\n\n<p><strong>Atividades 2015<\/strong><\/p>\n<ul>\n<li><a href=\"https:\/\/www.ufsm.br\/museus\/msrs\/i-competicao-sul-brasileira-de-identificacao-de-solos\/\" target=\"_blank\" rel=\"noopener noreferrer\">I Competi\u00e7\u00e3o Sul Brasileira de Identifica\u00e7\u00e3o de Solos<\/a><\/li>\n<li><a href=\"https:\/\/www.ufsm.br\/museus\/msrs\/i-competicao-de-identificacao-de-solos-do-ensino-medio-integrado\/\" target=\"_blank\" rel=\"noopener noreferrer\">I Competi\u00e7\u00e3o de Identifica\u00e7\u00e3o de Solos do Ensino M\u00e9dio Integrado<\/a><\/li>\n<\/ul>\n\n\n\n<p><strong>Atividades 2014<\/strong><\/p>\n<ul>\n<li><a href=\"https:\/\/www.ufsm.br\/museus\/msrs\/curso-de-pedologia-aplicada-2014\/\" target=\"_blank\" rel=\"noopener noreferrer\">I Curso de Pedologia Aplicada<\/a><\/li>\n<\/ul>\n","protected":false},"excerpt":{"rendered":"<p>Atividades 2020 Ciclo de Palestras comemorativas ao dia mundial do solo I Competi\u00e7\u00e3o Brasileira On-line de Solos IV Competi\u00e7\u00e3o Sul Brasileira de Solos I Competi\u00e7\u00e3o On-line de Solos da UFSM Atividades 2019 Dia mundial do solo I Competi\u00e7\u00e3o de Solos da UFSM Programa Janela Aberta Atividades 2018 Minicurso de Identifica\u00e7\u00e3o de Solos Painel dia mundial [&hellip;]<\/p>\n","protected":false},"author":2638,"featured_media":0,"parent":0,"menu_order":0,"comment_status":"closed","ping_status":"closed","template":"","meta":{"footnotes":""},"categories":[],"tags":[],"class_list":["post-882","page","type-page","status-publish","hentry"],"acf":[],"_links":{"self":[{"href":"https:\/\/www.ufsm.br\/museus\/msrs\/wp-json\/wp\/v2\/pages\/882","targetHints":{"allow":["GET"]}}],"collection":[{"href":"https:\/\/www.ufsm.br\/museus\/msrs\/wp-json\/wp\/v2\/pages"}],"about":[{"href":"https:\/\/www.ufsm.br\/museus\/msrs\/wp-json\/wp\/v2\/types\/page"}],"author":[{"embeddable":true,"href":"https:\/\/www.ufsm.br\/museus\/msrs\/wp-json\/wp\/v2\/users\/2638"}],"replies":[{"embeddable":true,"href":"https:\/\/www.ufsm.br\/museus\/msrs\/wp-json\/wp\/v2\/comments?post=882"}],"version-history":[{"count":0,"href":"https:\/\/www.ufsm.br\/museus\/msrs\/wp-json\/wp\/v2\/pages\/882\/revisions"}],"wp:attachment":[{"href":"https:\/\/www.ufsm.br\/museus\/msrs\/wp-json\/wp\/v2\/media?parent=882"}],"wp:term":[{"taxonomy":"category","embeddable":true,"href":"https:\/\/www.ufsm.br\/museus\/msrs\/wp-json\/wp\/v2\/categories?post=882"},{"taxonomy":"post_tag","embeddable":true,"href":"https:\/\/www.ufsm.br\/museus\/msrs\/wp-json\/wp\/v2\/tags?post=882"}],"curies":[{"name":"wp","href":"https:\/\/api.w.org\/{rel}","templated":true}]}}