{"id":930,"date":"2020-06-20T18:40:45","date_gmt":"2020-06-20T21:40:45","guid":{"rendered":"https:\/\/www.ufsm.br\/museus\/msrs\/?page_id=930"},"modified":"2020-06-22T03:17:23","modified_gmt":"2020-06-22T06:17:23","slug":"aplicativos-educativos","status":"publish","type":"page","link":"https:\/\/www.ufsm.br\/museus\/msrs\/aplicativos-educativos","title":{"rendered":"Aplicativos educativos"},"content":{"rendered":"\t\t<div data-elementor-type=\"wp-page\" data-elementor-id=\"930\" class=\"elementor elementor-930\">\n\t\t\t\t\t\t<section class=\"elementor-section elementor-top-section elementor-element elementor-element-0fdd519 elementor-section-boxed elementor-section-height-default elementor-section-height-default\" data-id=\"0fdd519\" data-element_type=\"section\">\n\t\t\t\t\t\t<div class=\"elementor-container elementor-column-gap-default\">\n\t\t\t\t\t<div class=\"elementor-column elementor-col-100 elementor-top-column elementor-element elementor-element-69f30db\" data-id=\"69f30db\" data-element_type=\"column\">\n\t\t\t<div class=\"elementor-widget-wrap elementor-element-populated\">\n\t\t\t\t\t\t<div class=\"elementor-element elementor-element-c5be294 elementor-widget elementor-widget-toggle\" data-id=\"c5be294\" data-element_type=\"widget\" data-widget_type=\"toggle.default\">\n\t\t\t\t<div class=\"elementor-widget-container\">\n\t\t\t\t\t<div class=\"elementor-toggle\">\n\t\t\t\t\t\t\t<div class=\"elementor-toggle-item\">\n\t\t\t\t\t<div id=\"elementor-tab-title-2071\" class=\"elementor-tab-title\" data-tab=\"1\" role=\"button\" aria-controls=\"elementor-tab-content-2071\" aria-expanded=\"false\">\n\t\t\t\t\t\t\t\t\t\t\t\t<span class=\"elementor-toggle-icon elementor-toggle-icon-left\" aria-hidden=\"true\">\n\t\t\t\t\t\t\t\t\t\t\t\t\t\t\t<span class=\"elementor-toggle-icon-closed\"><i class=\"fas fa-caret-right\"><\/i><\/span>\n\t\t\t\t\t\t\t\t<span class=\"elementor-toggle-icon-opened\"><i class=\"elementor-toggle-icon-opened fas fa-caret-up\"><\/i><\/span>\n\t\t\t\t\t\t\t\t\t\t\t\t\t<\/span>\n\t\t\t\t\t\t\t\t\t\t\t\t<a class=\"elementor-toggle-title\" tabindex=\"0\">Aplicativo Mapa de Solos do RS<\/a>\n\t\t\t\t\t<\/div>\n\n\t\t\t\t\t<div id=\"elementor-tab-content-2071\" class=\"elementor-tab-content elementor-clearfix\" data-tab=\"1\" role=\"region\" aria-labelledby=\"elementor-tab-title-2071\"><p>O aplicativo &#8220;Mapa de Solos do RS&#8221; foi desenvolvido pela equipe do MSRS e do Instituto Federal de Santa Catarina. Ele disponibiliza para o usu\u00e1rio o mapa de reconhecimento de solos do RS (Brasil, 1970 &#8211; escala 1:750.000), com sistema de navega\u00e7\u00e3o sobre o mapa, conforme o usu\u00e1rio se desloca no terreno. Dados das unidades de solos tamb\u00e9m s\u00e3o disponibilizados.<\/p><p>O Aplicativo pode ser baixado na <a href=\"https:\/\/play.google.com\/store\/apps\/details?id=br.ufsm.msrsmapa&amp;hl=pt_BR\" target=\"_blank\" rel=\"noopener\">Google Play Store<\/a> para o sistema android.<\/p><\/div>\n\t\t\t\t<\/div>\n\t\t\t\t\t\t\t\t<\/div>\n\t\t\t\t<\/div>\n\t\t\t\t<\/div>\n\t\t\t\t\t<\/div>\n\t\t<\/div>\n\t\t\t\t\t<\/div>\n\t\t<\/section>\n\t\t\t\t<\/div>\n\t\t","protected":false},"excerpt":{"rendered":"<p>Aplicativo Mapa de Solos do RS O aplicativo &#8220;Mapa de Solos do RS&#8221; foi desenvolvido pela equipe do MSRS e do Instituto Federal de Santa Catarina. Ele disponibiliza para o usu\u00e1rio o mapa de reconhecimento de solos do RS (Brasil, 1970 &#8211; escala 1:750.000), com sistema de navega\u00e7\u00e3o sobre o mapa, conforme o usu\u00e1rio se [&hellip;]<\/p>\n","protected":false},"author":2638,"featured_media":0,"parent":0,"menu_order":0,"comment_status":"closed","ping_status":"closed","template":"","meta":{"footnotes":""},"categories":[],"tags":[],"class_list":["post-930","page","type-page","status-publish","hentry"],"acf":[],"_links":{"self":[{"href":"https:\/\/www.ufsm.br\/museus\/msrs\/wp-json\/wp\/v2\/pages\/930","targetHints":{"allow":["GET"]}}],"collection":[{"href":"https:\/\/www.ufsm.br\/museus\/msrs\/wp-json\/wp\/v2\/pages"}],"about":[{"href":"https:\/\/www.ufsm.br\/museus\/msrs\/wp-json\/wp\/v2\/types\/page"}],"author":[{"embeddable":true,"href":"https:\/\/www.ufsm.br\/museus\/msrs\/wp-json\/wp\/v2\/users\/2638"}],"replies":[{"embeddable":true,"href":"https:\/\/www.ufsm.br\/museus\/msrs\/wp-json\/wp\/v2\/comments?post=930"}],"version-history":[{"count":0,"href":"https:\/\/www.ufsm.br\/museus\/msrs\/wp-json\/wp\/v2\/pages\/930\/revisions"}],"wp:attachment":[{"href":"https:\/\/www.ufsm.br\/museus\/msrs\/wp-json\/wp\/v2\/media?parent=930"}],"wp:term":[{"taxonomy":"category","embeddable":true,"href":"https:\/\/www.ufsm.br\/museus\/msrs\/wp-json\/wp\/v2\/categories?post=930"},{"taxonomy":"post_tag","embeddable":true,"href":"https:\/\/www.ufsm.br\/museus\/msrs\/wp-json\/wp\/v2\/tags?post=930"}],"curies":[{"name":"wp","href":"https:\/\/api.w.org\/{rel}","templated":true}]}}