{"id":953,"date":"2020-10-18T15:54:09","date_gmt":"2020-10-18T18:54:09","guid":{"rendered":"https:\/\/www.ufsm.br\/museus\/msrs\/?page_id=953"},"modified":"2021-03-10T08:58:46","modified_gmt":"2021-03-10T11:58:46","slug":"iv-csbs-i-cbos","status":"publish","type":"page","link":"https:\/\/www.ufsm.br\/museus\/msrs\/iv-csbs-i-cbos","title":{"rendered":"IV CSBS &#8211; I CBOS"},"content":{"rendered":"\t\t<div data-elementor-type=\"wp-page\" data-elementor-id=\"953\" class=\"elementor elementor-953\">\n\t\t\t\t\t\t<section class=\"elementor-section elementor-top-section elementor-element elementor-element-8006761 elementor-section-boxed elementor-section-height-default elementor-section-height-default\" data-id=\"8006761\" data-element_type=\"section\">\n\t\t\t\t\t\t<div class=\"elementor-container elementor-column-gap-default\">\n\t\t\t\t\t<div class=\"elementor-column elementor-col-100 elementor-top-column elementor-element elementor-element-94ea1f0\" data-id=\"94ea1f0\" data-element_type=\"column\">\n\t\t\t<div class=\"elementor-widget-wrap elementor-element-populated\">\n\t\t\t\t\t\t<div class=\"elementor-element elementor-element-f7cf51c elementor-widget elementor-widget-image\" data-id=\"f7cf51c\" data-element_type=\"widget\" data-widget_type=\"image.default\">\n\t\t\t\t<div class=\"elementor-widget-container\">\n\t\t\t\t\t\t\t\t\t\t\t\t\t<img decoding=\"async\" src=\"https:\/\/www.ufsm.br\/app\/uploads\/sites\/806\/elementor\/thumbs\/Arte-competicao-ox4c4x2wjsvplyfaox47o3vgzndrfg9gyqofcsv7og.jpg\" title=\"Arte competi\u00e7\u00e3o\" alt=\"Arte competi\u00e7\u00e3o\" loading=\"lazy\" \/>\t\t\t\t\t\t\t\t\t\t\t\t\t<\/div>\n\t\t\t\t<\/div>\n\t\t\t\t\t<\/div>\n\t\t<\/div>\n\t\t\t\t\t<\/div>\n\t\t<\/section>\n\t\t\t\t<section class=\"elementor-section elementor-top-section elementor-element elementor-element-b13d6e8 elementor-section-boxed elementor-section-height-default elementor-section-height-default\" data-id=\"b13d6e8\" data-element_type=\"section\">\n\t\t\t\t\t\t<div class=\"elementor-container elementor-column-gap-default\">\n\t\t\t\t\t<div class=\"elementor-column elementor-col-100 elementor-top-column elementor-element elementor-element-18a5f9b\" data-id=\"18a5f9b\" data-element_type=\"column\">\n\t\t\t<div class=\"elementor-widget-wrap elementor-element-populated\">\n\t\t\t\t\t\t<div class=\"elementor-element elementor-element-af36880 elementor-widget elementor-widget-toggle\" data-id=\"af36880\" data-element_type=\"widget\" data-widget_type=\"toggle.default\">\n\t\t\t\t<div class=\"elementor-widget-container\">\n\t\t\t\t\t<div class=\"elementor-toggle\">\n\t\t\t\t\t\t\t<div class=\"elementor-toggle-item\">\n\t\t\t\t\t<div id=\"elementor-tab-title-1831\" class=\"elementor-tab-title\" data-tab=\"1\" role=\"button\" aria-controls=\"elementor-tab-content-1831\" aria-expanded=\"false\">\n\t\t\t\t\t\t\t\t\t\t\t\t<span class=\"elementor-toggle-icon elementor-toggle-icon-left\" aria-hidden=\"true\">\n\t\t\t\t\t\t\t\t\t\t\t\t\t\t\t<span class=\"elementor-toggle-icon-closed\"><i class=\"fas fa-caret-right\"><\/i><\/span>\n\t\t\t\t\t\t\t\t<span class=\"elementor-toggle-icon-opened\"><i class=\"elementor-toggle-icon-opened fas fa-caret-up\"><\/i><\/span>\n\t\t\t\t\t\t\t\t\t\t\t\t\t<\/span>\n\t\t\t\t\t\t\t\t\t\t\t\t<a class=\"elementor-toggle-title\" tabindex=\"0\">Apresenta\u00e7\u00e3o<\/a>\n\t\t\t\t\t<\/div>\n\n\t\t\t\t\t<div id=\"elementor-tab-content-1831\" class=\"elementor-tab-content elementor-clearfix\" data-tab=\"1\" role=\"region\" aria-labelledby=\"elementor-tab-title-1831\"><p>As competi\u00e7\u00f5es de solos iniciaram no Brasil em 2015, com a I Competi\u00e7\u00e3o Sul Brasileira de Solos, promovida pelo Museu de Solos do RS, juntamente com o Departamento de Solos da UFSM. Estas atividades tem como principais objetivos oportunizar os estudantes conhecerem os solos do local de prova; exercitarem os conhecimentos t\u00e9cnicos exigidos para a interpreta\u00e7\u00e3o do potencial e limita\u00e7\u00f5es dos solos e paisagens; e promover a troca de experi\u00eancias entre professores, pesquisadores e estudantes da ci\u00eancia do solo.<\/p><p>Este evento ser\u00e1 adaptado e realizado de forma virtual, experi\u00eancia j\u00e1 testada e aprovada no Brasil pelos estudantes. O evento \u00e9 promovido pelo N\u00facleo Regional Sul da SBCS, pelo Museu de Solos do RS e pelo GT Soil Judging Contest da SBCS, sendo parte das atividades t\u00e9cnicas do XIII Reuni\u00e3o Sul Brasileira de Ci\u00eancia do Solo. Ele contar\u00e1 com duas etapas, que ocorrer\u00e3o simultaneamente, referentes \u00e0 IV Competi\u00e7\u00e3o Sul Brasileira de Solos e a I Competi\u00e7\u00e3o Brasileira On-line de Solos. Este evento tamb\u00e9m far\u00e1 parte da comemora\u00e7\u00e3o do dia mundial do solo (05 de dezembro).<\/p><p><span style=\"font-size: 12.0pt;line-height: 115%;font-family: 'Arial','sans-serif'\">Seus objetivos s\u00e3o promover a pr\u00e1tica do &#8220;<i>Soil Judging&#8221;<\/i> durante o per\u00edodo de isolamento social que vivemos, bem como, estimular os estudantes de todo o Brasil para o estudo ativo e interdisciplinar da ci\u00eancia do solo. Temos a convic\u00e7\u00e3o de que este evento apresenta uma enorme contribui\u00e7\u00e3o ao desenvolvimento dos seus participantes, gerando aprendizagem e integra\u00e7\u00e3o virtual. Ressaltamos que, muito mais que uma competi\u00e7\u00e3o, o evento oferece uma experi\u00eancia interdisciplinar importante para o desenvolvimento de conhecimentos pr\u00e1ticos. Portanto, sejam todos bem vindos e desejamos uma agrad\u00e1vel e proveitosa atividade.<\/span><\/p><\/div>\n\t\t\t\t<\/div>\n\t\t\t\t\t\t\t<div class=\"elementor-toggle-item\">\n\t\t\t\t\t<div id=\"elementor-tab-title-1832\" class=\"elementor-tab-title\" data-tab=\"2\" role=\"button\" aria-controls=\"elementor-tab-content-1832\" aria-expanded=\"false\">\n\t\t\t\t\t\t\t\t\t\t\t\t<span class=\"elementor-toggle-icon elementor-toggle-icon-left\" aria-hidden=\"true\">\n\t\t\t\t\t\t\t\t\t\t\t\t\t\t\t<span class=\"elementor-toggle-icon-closed\"><i class=\"fas fa-caret-right\"><\/i><\/span>\n\t\t\t\t\t\t\t\t<span class=\"elementor-toggle-icon-opened\"><i class=\"elementor-toggle-icon-opened fas fa-caret-up\"><\/i><\/span>\n\t\t\t\t\t\t\t\t\t\t\t\t\t<\/span>\n\t\t\t\t\t\t\t\t\t\t\t\t<a class=\"elementor-toggle-title\" tabindex=\"0\">Programa de atividades<\/a>\n\t\t\t\t\t<\/div>\n\n\t\t\t\t\t<div id=\"elementor-tab-content-1832\" class=\"elementor-tab-content elementor-clearfix\" data-tab=\"2\" role=\"region\" aria-labelledby=\"elementor-tab-title-1832\"><p style=\"text-align: justify\"><b>Datas:<\/b><span style=\"font-size: 12.0pt;font-family: 'Arial','sans-serif'\"> 20, 23 e 24 de novembro de 2020.<\/span><\/p><p style=\"text-align: justify\"><b>Hor\u00e1rios:<\/b><span style=\"font-size: 12.0pt;font-family: 'Arial','sans-serif'\"> Das 18 \u00e0s 20h.<\/span><\/p><p style=\"text-align: justify\"><b>Programa:<\/b><\/p><table style=\"border: initial none initial\" border=\"1\" cellspacing=\"0\" cellpadding=\"0\"><tbody><tr><td style=\"width: 69.2pt;border-width: 1pt;border-top-style: solid;border-bottom-style: solid;border-left-style: solid;border-color: black;padding: 0cm 5.4pt\" width=\"92\"><p style=\"text-align: center\" align=\"center\"><b>Data<\/b><\/p><\/td><td style=\"width: 99.25pt;border-top: 1pt solid black;border-right-width: 1pt;border-bottom: 1pt solid black;border-right-color: black;border-left: none;padding: 0cm 5.4pt\" width=\"132\"><p style=\"text-align: center\" align=\"center\"><b>Dia da semana<\/b><\/p><\/td><td style=\"width: 9cm;border-top: 1pt solid black;border-right-width: 1pt;border-bottom: 1pt solid black;border-right-color: black;border-left: none;padding: 0cm 5.4pt\" width=\"340\"><p style=\"text-align: center\" align=\"center\"><b>Atividade<\/b><\/p><\/td><td style=\"width: 63.75pt;border: solid black 1.0pt;border-left: none;padding: 0cm 5.4pt 0cm 5.4pt\" width=\"85\"><p style=\"text-align: center\" align=\"center\"><b>Tempo<\/b><\/p><\/td><\/tr><tr><td style=\"width: 69.2pt;border-right-width: 1pt;border-bottom: 1pt solid black;border-left: 1pt solid black;border-right-color: black;border-top: none;padding: 0cm 5.4pt\" width=\"92\"><p style=\"text-align: center\" align=\"center\"><span style=\"font-size: 12.0pt;font-family: 'Arial','sans-serif'\">20\/11\/20<\/span><\/p><\/td><td style=\"width: 99.25pt;border-top: none;border-left: none;border-bottom: 1pt solid black;border-right-width: 1pt;border-right-color: black;padding: 0cm 5.4pt\" width=\"132\"><p style=\"text-align: center\" align=\"center\"><span style=\"font-size: 12.0pt;font-family: 'Arial','sans-serif'\">Sexta-feira<\/span><\/p><\/td><td style=\"width: 9cm;border-top: none;border-left: none;border-bottom: 1pt solid black;border-right-width: 1pt;border-right-color: black;padding: 0cm 5.4pt\" width=\"340\"><p style=\"text-align: center\" align=\"center\"><span style=\"font-size: 12.0pt;font-family: 'Arial','sans-serif'\">Apresenta\u00e7\u00e3o das regras, materiais + treinamento<\/span><\/p><\/td><td style=\"width: 63.75pt;border-top: none;border-left: none;border-bottom: solid black 1.0pt;border-right: solid black 1.0pt;padding: 0cm 5.4pt 0cm 5.4pt\" width=\"85\"><p style=\"text-align: center\" align=\"center\"><span style=\"font-size: 12.0pt;font-family: 'Arial','sans-serif'\">2h<\/span><\/p><\/td><\/tr><tr><td style=\"width: 69.2pt;border-right-width: 1pt;border-bottom: 1pt solid black;border-left: 1pt solid black;border-right-color: black;border-top: none;padding: 0cm 5.4pt\" width=\"92\"><p style=\"text-align: center\" align=\"center\"><span style=\"font-size: 12.0pt;font-family: 'Arial','sans-serif'\">23\/11\/20<\/span><\/p><\/td><td style=\"width: 99.25pt;border-top: none;border-left: none;border-bottom: 1pt solid black;border-right-width: 1pt;border-right-color: black;padding: 0cm 5.4pt\" width=\"132\"><p style=\"text-align: center\" align=\"center\"><span style=\"font-size: 12.0pt;font-family: 'Arial','sans-serif'\">Segunda-feira<\/span><\/p><\/td><td style=\"width: 9cm;border-top: none;border-left: none;border-bottom: 1pt solid black;border-right-width: 1pt;border-right-color: black;padding: 0cm 5.4pt\" width=\"340\"><p style=\"text-align: center\" align=\"center\"><span style=\"font-size: 12.0pt;font-family: 'Arial','sans-serif'\">Apresenta\u00e7\u00e3o sobre os solos e as paisagens do RS + treinamento<\/span><\/p><\/td><td style=\"width: 63.75pt;border-top: none;border-left: none;border-bottom: solid black 1.0pt;border-right: solid black 1.0pt;padding: 0cm 5.4pt 0cm 5.4pt\" width=\"85\"><p style=\"text-align: center\" align=\"center\"><span style=\"font-size: 12.0pt;font-family: 'Arial','sans-serif'\">2h<\/span><\/p><\/td><\/tr><tr><td style=\"width: 69.2pt;border-right-width: 1pt;border-bottom: 1pt solid black;border-left: 1pt solid black;border-right-color: black;border-top: none;padding: 0cm 5.4pt\" width=\"92\"><p style=\"text-align: center\" align=\"center\"><span style=\"font-size: 12.0pt;font-family: 'Arial','sans-serif'\">24\/11\/20<\/span><\/p><\/td><td style=\"width: 99.25pt;border-top: none;border-left: none;border-bottom: 1pt solid black;border-right-width: 1pt;border-right-color: black;padding: 0cm 5.4pt\" width=\"132\"><p style=\"text-align: center\" align=\"center\"><span style=\"font-size: 12.0pt;font-family: 'Arial','sans-serif'\">Ter\u00e7a-feira<\/span><\/p><\/td><td style=\"width: 9cm;border-top: none;border-left: none;border-bottom: 1pt solid black;border-right-width: 1pt;border-right-color: black;padding: 0cm 5.4pt\" width=\"340\"><p style=\"text-align: center\" align=\"center\"><span style=\"font-size: 12.0pt;font-family: 'Arial','sans-serif'\">Competi\u00e7\u00e3o Individual<\/span><\/p><\/td><td style=\"width: 63.75pt;border-top: none;border-left: none;border-bottom: solid black 1.0pt;border-right: solid black 1.0pt;padding: 0cm 5.4pt 0cm 5.4pt\" width=\"85\"><p style=\"text-align: center\" align=\"center\"><span style=\"font-size: 12.0pt;font-family: 'Arial','sans-serif'\">2h<\/span><\/p><\/td><\/tr><tr><td style=\"width: 69.2pt;border-right-width: 1pt;border-bottom: 1pt solid black;border-left: 1pt solid black;border-right-color: black;border-top: none;padding: 0cm 5.4pt\" width=\"92\"><p style=\"text-align: center\" align=\"center\"><span style=\"font-size: 12.0pt;font-family: 'Arial','sans-serif'\">26\/11\/20<\/span><\/p><\/td><td style=\"width: 99.25pt;border-top: none;border-left: none;border-bottom: 1pt solid black;border-right-width: 1pt;border-right-color: black;padding: 0cm 5.4pt\" width=\"132\"><p style=\"text-align: center\" align=\"center\"><span style=\"font-size: 12.0pt;font-family: 'Arial','sans-serif'\">Quinta-feira<\/span><\/p><\/td><td style=\"width: 9cm;border-top: none;border-left: none;border-bottom: 1pt solid black;border-right-width: 1pt;border-right-color: black;padding: 0cm 5.4pt\" width=\"340\"><p style=\"text-align: center\" align=\"center\"><span style=\"font-size: 12.0pt;font-family: 'Arial','sans-serif'\">Divulga\u00e7\u00e3o dos resultados na cerim\u00f4nia de abertura da XIII RSBCS e nas redes sociais do Museu de Solos do RS<\/span><\/p><\/td><td style=\"width: 63.75pt;border-top: none;border-left: none;border-bottom: solid black 1.0pt;border-right: solid black 1.0pt;padding: 0cm 5.4pt 0cm 5.4pt\" width=\"85\"><p style=\"text-align: center\" align=\"center\"><span style=\"font-size: 12.0pt;font-family: 'Arial','sans-serif'\">&#8211;<\/span><\/p><\/td><\/tr><\/tbody><\/table><\/div>\n\t\t\t\t<\/div>\n\t\t\t\t\t\t\t<div class=\"elementor-toggle-item\">\n\t\t\t\t\t<div id=\"elementor-tab-title-1833\" class=\"elementor-tab-title\" data-tab=\"3\" role=\"button\" aria-controls=\"elementor-tab-content-1833\" aria-expanded=\"false\">\n\t\t\t\t\t\t\t\t\t\t\t\t<span class=\"elementor-toggle-icon elementor-toggle-icon-left\" aria-hidden=\"true\">\n\t\t\t\t\t\t\t\t\t\t\t\t\t\t\t<span class=\"elementor-toggle-icon-closed\"><i class=\"fas fa-caret-right\"><\/i><\/span>\n\t\t\t\t\t\t\t\t<span class=\"elementor-toggle-icon-opened\"><i class=\"elementor-toggle-icon-opened fas fa-caret-up\"><\/i><\/span>\n\t\t\t\t\t\t\t\t\t\t\t\t\t<\/span>\n\t\t\t\t\t\t\t\t\t\t\t\t<a class=\"elementor-toggle-title\" tabindex=\"0\">Inscri\u00e7\u00f5es<\/a>\n\t\t\t\t\t<\/div>\n\n\t\t\t\t\t<div id=\"elementor-tab-content-1833\" class=\"elementor-tab-content elementor-clearfix\" data-tab=\"3\" role=\"region\" aria-labelledby=\"elementor-tab-title-1833\"><p>O per\u00edodo de inscri\u00e7\u00f5es ser\u00e1 de <b>26\/10\/20 \u00e0 16\/11\/20<\/b>.<\/p>\n<p>As inscri\u00e7\u00f5es ser\u00e3o gratuitas. O n\u00famero de vagas \u00e9 limitado a 100 (50 vagas garantidas para a etapa Sul Brasileira e 50 vagas para a etapa nacional). Os estudantes s\u00f3cios da SBCS &#8211; Sociedade Brasileira de Ci\u00eancia do Solo ter\u00e3o prioridade em caso de falta de vagas para todos os interessados. As vagas ser\u00e3o preenchidas pela ordem de inscri\u00e7\u00e3o.<\/p>\n<p><span style=\"color: #1c1c1c;font-size: 16px\">Os competidores dever\u00e3o enviar as informa\u00e7\u00f5es e documentos abaixo para o email: <b>msrs.ufsm@gmail.com<\/b><\/span><\/p>\n<p><span style=\"color: #1c1c1c;font-size: 16px\"><b>Nome Completo:<\/b><\/span><\/p>\n<p><span style=\"color: #1c1c1c;font-size: 16px\"><b>Curso:<\/b><\/span><\/p>\n<p><span style=\"color: #1c1c1c;font-size: 16px\"><b>Institui\u00e7\u00e3o:<\/b><\/span><\/p>\n<p><span style=\"color: #1c1c1c;font-size: 16px\"><b>Cidade\/estado:<\/b><\/span><\/p>\n<p><span style=\"color: #1c1c1c;font-size: 16px\"><b>Email:<\/b><\/span><\/p>\n<p><span style=\"color: #1c1c1c;font-size: 16px\"><b>N\u00famero whatsapp:<\/b><\/span><\/p>\n<p><span style=\"color: #1c1c1c;font-size: 16px\"><b>\u00c9 s\u00f3cio da SBCS? (Essa informa\u00e7\u00e3o ser\u00e1 confirmada junto a SBCS):<\/b><\/span><\/p><p><span style=\"color: #1c1c1c;font-size: 16px\"><b>&#8211; Documento: Comprovante de matr\u00edcula atualizado.<\/b><\/span><\/p><\/div>\n\t\t\t\t<\/div>\n\t\t\t\t\t\t\t<div class=\"elementor-toggle-item\">\n\t\t\t\t\t<div id=\"elementor-tab-title-1834\" class=\"elementor-tab-title\" data-tab=\"4\" role=\"button\" aria-controls=\"elementor-tab-content-1834\" aria-expanded=\"false\">\n\t\t\t\t\t\t\t\t\t\t\t\t<span class=\"elementor-toggle-icon elementor-toggle-icon-left\" aria-hidden=\"true\">\n\t\t\t\t\t\t\t\t\t\t\t\t\t\t\t<span class=\"elementor-toggle-icon-closed\"><i class=\"fas fa-caret-right\"><\/i><\/span>\n\t\t\t\t\t\t\t\t<span class=\"elementor-toggle-icon-opened\"><i class=\"elementor-toggle-icon-opened fas fa-caret-up\"><\/i><\/span>\n\t\t\t\t\t\t\t\t\t\t\t\t\t<\/span>\n\t\t\t\t\t\t\t\t\t\t\t\t<a class=\"elementor-toggle-title\" tabindex=\"0\">P\u00fablico alvo<\/a>\n\t\t\t\t\t<\/div>\n\n\t\t\t\t\t<div id=\"elementor-tab-content-1834\" class=\"elementor-tab-content elementor-clearfix\" data-tab=\"4\" role=\"region\" aria-labelledby=\"elementor-tab-title-1834\"><p style=\"margin-bottom: .0001pt;text-align: justify;line-height: 150%\"><span style=\"font-size: 12.0pt;line-height: 150%;font-family: 'Arial','sans-serif'\">Competidores: estudantes de gradua\u00e7\u00e3o e p\u00f3s-gradua\u00e7\u00e3o (especializa\u00e7\u00e3o, mestrado e doutorado) ligados \u00e0 Ci\u00eancia do Solo de todo o Brasil.<\/span><\/p><\/div>\n\t\t\t\t<\/div>\n\t\t\t\t\t\t\t<div class=\"elementor-toggle-item\">\n\t\t\t\t\t<div id=\"elementor-tab-title-1835\" class=\"elementor-tab-title\" data-tab=\"5\" role=\"button\" aria-controls=\"elementor-tab-content-1835\" aria-expanded=\"false\">\n\t\t\t\t\t\t\t\t\t\t\t\t<span class=\"elementor-toggle-icon elementor-toggle-icon-left\" aria-hidden=\"true\">\n\t\t\t\t\t\t\t\t\t\t\t\t\t\t\t<span class=\"elementor-toggle-icon-closed\"><i class=\"fas fa-caret-right\"><\/i><\/span>\n\t\t\t\t\t\t\t\t<span class=\"elementor-toggle-icon-opened\"><i class=\"elementor-toggle-icon-opened fas fa-caret-up\"><\/i><\/span>\n\t\t\t\t\t\t\t\t\t\t\t\t\t<\/span>\n\t\t\t\t\t\t\t\t\t\t\t\t<a class=\"elementor-toggle-title\" tabindex=\"0\">Premia\u00e7\u00e3o<\/a>\n\t\t\t\t\t<\/div>\n\n\t\t\t\t\t<div id=\"elementor-tab-content-1835\" class=\"elementor-tab-content elementor-clearfix\" data-tab=\"5\" role=\"region\" aria-labelledby=\"elementor-tab-title-1835\"><p class=\"MsoNormal\" style=\"margin-bottom: .0001pt;text-align: justify;line-height: 150%\"><span style=\"font-size: 12.0pt;line-height: 150%;font-family: 'Arial','sans-serif'\">O primeiro, segundo e terceiro colocados em ambas as etapas receber\u00e3o certificados de m\u00e9rito e a inscri\u00e7\u00e3o para a XIII Reuni\u00e3o Sul Brasileira de Ci\u00eancia do Solo, a ser realizada nos dias 26 e 27 de novembro do corrente ano. Os demais participantes receber\u00e3o certificados de participa\u00e7\u00e3o.<\/span><\/p><\/div>\n\t\t\t\t<\/div>\n\t\t\t\t\t\t\t<div class=\"elementor-toggle-item\">\n\t\t\t\t\t<div id=\"elementor-tab-title-1836\" class=\"elementor-tab-title\" data-tab=\"6\" role=\"button\" aria-controls=\"elementor-tab-content-1836\" aria-expanded=\"false\">\n\t\t\t\t\t\t\t\t\t\t\t\t<span class=\"elementor-toggle-icon elementor-toggle-icon-left\" aria-hidden=\"true\">\n\t\t\t\t\t\t\t\t\t\t\t\t\t\t\t<span class=\"elementor-toggle-icon-closed\"><i class=\"fas fa-caret-right\"><\/i><\/span>\n\t\t\t\t\t\t\t\t<span class=\"elementor-toggle-icon-opened\"><i class=\"elementor-toggle-icon-opened fas fa-caret-up\"><\/i><\/span>\n\t\t\t\t\t\t\t\t\t\t\t\t\t<\/span>\n\t\t\t\t\t\t\t\t\t\t\t\t<a class=\"elementor-toggle-title\" tabindex=\"0\">Regras<\/a>\n\t\t\t\t\t<\/div>\n\n\t\t\t\t\t<div id=\"elementor-tab-content-1836\" class=\"elementor-tab-content elementor-clearfix\" data-tab=\"6\" role=\"region\" aria-labelledby=\"elementor-tab-title-1836\"><p>&#8211; Os competidores inscritos na etapa Sul Brasileira tamb\u00e9m concorrer\u00e3o, automaticamente, na etapa Nacional.&nbsp;<\/p>\n<p>&#8211; Nas duas etapas os estudante competir\u00e3o de suas casas, individualmente, de forma virtual.<\/p>\n<p>&#8211; Todas as atividades est\u00e3o programadas para ocorrerem em ambiente do google meet. Qualquer altera\u00e7\u00e3o ser\u00e1 previamente informada aos competidores.<\/p>\n<p>&#8211; Os estudantes dever\u00e3o realizar a avalia\u00e7\u00e3o interpretativa de um s\u00edtio, para isso utilizar\u00e3o um manual de orienta\u00e7\u00f5es e dados morfol\u00f3gicos, ambientais, biol\u00f3gicos, qu\u00edmicos e f\u00edsicos do solo e da paisagem (fornecidos pela organiza\u00e7\u00e3o do evento). A avalia\u00e7\u00e3o \u00e9 registrada em um cart\u00e3o resposta (gabarito) que ser\u00e1 comparado com o gabarito produzido por tr\u00eas ju\u00edzes (Professores\/pesquisadores da \u00e1rea da ci\u00eancia do solo). Toda a avalia\u00e7\u00e3o dever\u00e1 ser efetuada no prazo de 60 a 90 minutos (o tempo ainda est\u00e1 sendo avaliado pela comiss\u00e3o organizadora).<\/p>\n<p>&#8211; Maiores detalhes sobre as regras ser\u00e3o enviados, juntamente como manual de competi\u00e7\u00e3o, para os estudantes inscritos.<\/p>\n<p>&#8211; Casos omiss\u00e3o ser\u00e3o resolvidos pela comiss\u00e3o organizadora.<\/p><\/div>\n\t\t\t\t<\/div>\n\t\t\t\t\t\t\t\t<\/div>\n\t\t\t\t<\/div>\n\t\t\t\t<\/div>\n\t\t\t\t\t<\/div>\n\t\t<\/div>\n\t\t\t\t\t<\/div>\n\t\t<\/section>\n\t\t\t\t<section class=\"elementor-section elementor-top-section elementor-element elementor-element-c91b0f6 elementor-section-boxed elementor-section-height-default elementor-section-height-default\" data-id=\"c91b0f6\" data-element_type=\"section\">\n\t\t\t\t\t\t<div class=\"elementor-container elementor-column-gap-default\">\n\t\t\t\t\t<div class=\"elementor-column elementor-col-100 elementor-top-column elementor-element elementor-element-d7ffc67\" data-id=\"d7ffc67\" data-element_type=\"column\">\n\t\t\t<div class=\"elementor-widget-wrap elementor-element-populated\">\n\t\t\t\t\t\t<div class=\"elementor-element elementor-element-cbaee51 elementor-widget elementor-widget-image\" data-id=\"cbaee51\" data-element_type=\"widget\" data-widget_type=\"image.default\">\n\t\t\t\t<div class=\"elementor-widget-container\">\n\t\t\t\t\t\t\t\t\t\t\t\t\t<img fetchpriority=\"high\" decoding=\"async\" width=\"768\" height=\"331\" src=\"https:\/\/www.ufsm.br\/app\/uploads\/sites\/806\/2021\/03\/Figura-1-resumo-768x331.jpg\" class=\"attachment-medium_large size-medium_large wp-image-973\" alt=\"\" srcset=\"https:\/\/www.ufsm.br\/app\/uploads\/sites\/806\/2021\/03\/Figura-1-resumo-768x331.jpg 768w, https:\/\/www.ufsm.br\/app\/uploads\/sites\/806\/2021\/03\/Figura-1-resumo-300x129.jpg 300w, https:\/\/www.ufsm.br\/app\/uploads\/sites\/806\/2021\/03\/Figura-1-resumo-1024x441.jpg 1024w, https:\/\/www.ufsm.br\/app\/uploads\/sites\/806\/2021\/03\/Figura-1-resumo-1536x662.jpg 1536w, https:\/\/www.ufsm.br\/app\/uploads\/sites\/806\/2021\/03\/Figura-1-resumo.jpg 1920w\" sizes=\"(max-width: 768px) 100vw, 768px\" \/>\t\t\t\t\t\t\t\t\t\t\t\t\t<\/div>\n\t\t\t\t<\/div>\n\t\t\t\t\t<\/div>\n\t\t<\/div>\n\t\t\t\t\t<\/div>\n\t\t<\/section>\n\t\t\t\t<section class=\"elementor-section elementor-top-section elementor-element elementor-element-c336819 elementor-section-boxed elementor-section-height-default elementor-section-height-default\" data-id=\"c336819\" data-element_type=\"section\">\n\t\t\t\t\t\t<div class=\"elementor-container elementor-column-gap-default\">\n\t\t\t\t\t<div class=\"elementor-column elementor-col-100 elementor-top-column elementor-element elementor-element-1c31a4e\" data-id=\"1c31a4e\" data-element_type=\"column\">\n\t\t\t<div class=\"elementor-widget-wrap elementor-element-populated\">\n\t\t\t\t\t\t<div class=\"elementor-element elementor-element-6328ea4 elementor-widget elementor-widget-image\" data-id=\"6328ea4\" data-element_type=\"widget\" data-widget_type=\"image.default\">\n\t\t\t\t<div class=\"elementor-widget-container\">\n\t\t\t\t\t\t\t\t\t\t\t\t\t<img decoding=\"async\" width=\"768\" height=\"767\" src=\"https:\/\/www.ufsm.br\/app\/uploads\/sites\/806\/2021\/03\/Resultado-IVCSBS-ICBOS-768x767.png\" class=\"attachment-medium_large size-medium_large wp-image-974\" alt=\"\" srcset=\"https:\/\/www.ufsm.br\/app\/uploads\/sites\/806\/2021\/03\/Resultado-IVCSBS-ICBOS-768x767.png 768w, https:\/\/www.ufsm.br\/app\/uploads\/sites\/806\/2021\/03\/Resultado-IVCSBS-ICBOS-300x300.png 300w, https:\/\/www.ufsm.br\/app\/uploads\/sites\/806\/2021\/03\/Resultado-IVCSBS-ICBOS-150x150.png 150w, https:\/\/www.ufsm.br\/app\/uploads\/sites\/806\/2021\/03\/Resultado-IVCSBS-ICBOS.png 1002w\" sizes=\"(max-width: 768px) 100vw, 768px\" \/>\t\t\t\t\t\t\t\t\t\t\t\t\t<\/div>\n\t\t\t\t<\/div>\n\t\t\t\t\t<\/div>\n\t\t<\/div>\n\t\t\t\t\t<\/div>\n\t\t<\/section>\n\t\t\t\t<\/div>\n\t\t","protected":false},"excerpt":{"rendered":"<p>Apresenta\u00e7\u00e3o As competi\u00e7\u00f5es de solos iniciaram no Brasil em 2015, com a I Competi\u00e7\u00e3o Sul Brasileira de Solos, promovida pelo Museu de Solos do RS, juntamente com o Departamento de Solos da UFSM. Estas atividades tem como principais objetivos oportunizar os estudantes conhecerem os solos do local de prova; exercitarem os conhecimentos t\u00e9cnicos exigidos para [&hellip;]<\/p>\n","protected":false},"author":2638,"featured_media":0,"parent":0,"menu_order":0,"comment_status":"closed","ping_status":"closed","template":"","meta":{"footnotes":""},"categories":[],"tags":[],"class_list":["post-953","page","type-page","status-publish","hentry"],"acf":[],"_links":{"self":[{"href":"https:\/\/www.ufsm.br\/museus\/msrs\/wp-json\/wp\/v2\/pages\/953","targetHints":{"allow":["GET"]}}],"collection":[{"href":"https:\/\/www.ufsm.br\/museus\/msrs\/wp-json\/wp\/v2\/pages"}],"about":[{"href":"https:\/\/www.ufsm.br\/museus\/msrs\/wp-json\/wp\/v2\/types\/page"}],"author":[{"embeddable":true,"href":"https:\/\/www.ufsm.br\/museus\/msrs\/wp-json\/wp\/v2\/users\/2638"}],"replies":[{"embeddable":true,"href":"https:\/\/www.ufsm.br\/museus\/msrs\/wp-json\/wp\/v2\/comments?post=953"}],"version-history":[{"count":0,"href":"https:\/\/www.ufsm.br\/museus\/msrs\/wp-json\/wp\/v2\/pages\/953\/revisions"}],"wp:attachment":[{"href":"https:\/\/www.ufsm.br\/museus\/msrs\/wp-json\/wp\/v2\/media?parent=953"}],"wp:term":[{"taxonomy":"category","embeddable":true,"href":"https:\/\/www.ufsm.br\/museus\/msrs\/wp-json\/wp\/v2\/categories?post=953"},{"taxonomy":"post_tag","embeddable":true,"href":"https:\/\/www.ufsm.br\/museus\/msrs\/wp-json\/wp\/v2\/tags?post=953"}],"curies":[{"name":"wp","href":"https:\/\/api.w.org\/{rel}","templated":true}]}}