{"id":2,"date":"2023-06-02T09:23:56","date_gmt":"2023-06-02T12:23:56","guid":{"rendered":"https:\/\/www.ufsm.br\/reitoria-gabinete-do-reitor-cosame\/?page_id=2"},"modified":"2025-10-10T15:11:20","modified_gmt":"2025-10-10T18:11:20","slug":"sobre","status":"publish","type":"page","link":"https:\/\/www.ufsm.br\/museus\/museu-do-conhecimento\/sobre","title":{"rendered":"Sobre o Museu do Conhecimento"},"content":{"rendered":"\t\t<div data-elementor-type=\"wp-page\" data-elementor-id=\"2\" class=\"elementor elementor-2\">\n\t\t\t\t\t\t<section class=\"elementor-section elementor-top-section elementor-element elementor-element-78807b1 elementor-section-boxed elementor-section-height-default elementor-section-height-default\" data-id=\"78807b1\" data-element_type=\"section\">\n\t\t\t\t\t\t<div class=\"elementor-container elementor-column-gap-default\">\n\t\t\t\t\t<div class=\"elementor-column elementor-col-33 elementor-top-column elementor-element elementor-element-ee3caa7\" data-id=\"ee3caa7\" data-element_type=\"column\">\n\t\t\t<div class=\"elementor-widget-wrap elementor-element-populated\">\n\t\t\t\t\t\t<div class=\"elementor-element elementor-element-330d9a8 elementor-widget elementor-widget-image\" data-id=\"330d9a8\" data-element_type=\"widget\" data-widget_type=\"image.default\">\n\t\t\t\t<div class=\"elementor-widget-container\">\n\t\t\t\t\t\t\t\t\t\t\t\t\t<img fetchpriority=\"high\" decoding=\"async\" width=\"640\" height=\"640\" src=\"https:\/\/www.ufsm.br\/app\/uploads\/sites\/917\/2023\/10\/256186566_379105323954554_6159612488433993572_n.jpg\" class=\"attachment-large size-large wp-image-15\" alt=\"\" srcset=\"https:\/\/www.ufsm.br\/app\/uploads\/sites\/917\/2023\/10\/256186566_379105323954554_6159612488433993572_n.jpg 640w, https:\/\/www.ufsm.br\/app\/uploads\/sites\/917\/2023\/10\/256186566_379105323954554_6159612488433993572_n-300x300.jpg 300w, https:\/\/www.ufsm.br\/app\/uploads\/sites\/917\/2023\/10\/256186566_379105323954554_6159612488433993572_n-150x150.jpg 150w\" sizes=\"(max-width: 640px) 100vw, 640px\" \/>\t\t\t\t\t\t\t\t\t\t\t\t\t<\/div>\n\t\t\t\t<\/div>\n\t\t\t\t\t<\/div>\n\t\t<\/div>\n\t\t\t\t<div class=\"elementor-column elementor-col-33 elementor-top-column elementor-element elementor-element-046a3e6\" data-id=\"046a3e6\" data-element_type=\"column\">\n\t\t\t<div class=\"elementor-widget-wrap elementor-element-populated\">\n\t\t\t\t\t\t<div class=\"elementor-element elementor-element-c814269 elementor-widget elementor-widget-image\" data-id=\"c814269\" data-element_type=\"widget\" data-widget_type=\"image.default\">\n\t\t\t\t<div class=\"elementor-widget-container\">\n\t\t\t\t\t\t\t\t\t\t\t\t\t<img decoding=\"async\" width=\"1024\" height=\"1022\" src=\"https:\/\/www.ufsm.br\/app\/uploads\/sites\/917\/2025\/10\/Foto-geral-2025a-scaled-e1760118654112-1024x1022.jpg\" class=\"attachment-large size-large wp-image-103\" alt=\"\" srcset=\"https:\/\/www.ufsm.br\/app\/uploads\/sites\/917\/2025\/10\/Foto-geral-2025a-scaled-e1760118654112-1024x1022.jpg 1024w, https:\/\/www.ufsm.br\/app\/uploads\/sites\/917\/2025\/10\/Foto-geral-2025a-scaled-e1760118654112-300x300.jpg 300w, https:\/\/www.ufsm.br\/app\/uploads\/sites\/917\/2025\/10\/Foto-geral-2025a-scaled-e1760118654112-150x150.jpg 150w, https:\/\/www.ufsm.br\/app\/uploads\/sites\/917\/2025\/10\/Foto-geral-2025a-scaled-e1760118654112-768x766.jpg 768w, https:\/\/www.ufsm.br\/app\/uploads\/sites\/917\/2025\/10\/Foto-geral-2025a-scaled-e1760118654112.jpg 1433w\" sizes=\"(max-width: 1024px) 100vw, 1024px\" \/>\t\t\t\t\t\t\t\t\t\t\t\t\t<\/div>\n\t\t\t\t<\/div>\n\t\t\t\t\t<\/div>\n\t\t<\/div>\n\t\t\t\t<div class=\"elementor-column elementor-col-33 elementor-top-column elementor-element elementor-element-ba89524\" data-id=\"ba89524\" data-element_type=\"column\">\n\t\t\t<div class=\"elementor-widget-wrap elementor-element-populated\">\n\t\t\t\t\t\t<div class=\"elementor-element elementor-element-c21b5f1 elementor-widget elementor-widget-image\" data-id=\"c21b5f1\" data-element_type=\"widget\" data-widget_type=\"image.default\">\n\t\t\t\t<div class=\"elementor-widget-container\">\n\t\t\t\t\t\t\t\t\t\t\t\t\t<img decoding=\"async\" width=\"1200\" height=\"1200\" src=\"https:\/\/www.ufsm.br\/app\/uploads\/sites\/917\/2024\/04\/Image-2024-04-06-at-09.40.49-e1760119860606.jpeg\" class=\"attachment-full size-full wp-image-64\" alt=\"\" srcset=\"https:\/\/www.ufsm.br\/app\/uploads\/sites\/917\/2024\/04\/Image-2024-04-06-at-09.40.49-e1760119860606.jpeg 1200w, https:\/\/www.ufsm.br\/app\/uploads\/sites\/917\/2024\/04\/Image-2024-04-06-at-09.40.49-e1760119860606-300x300.jpeg 300w, https:\/\/www.ufsm.br\/app\/uploads\/sites\/917\/2024\/04\/Image-2024-04-06-at-09.40.49-e1760119860606-1024x1024.jpeg 1024w, https:\/\/www.ufsm.br\/app\/uploads\/sites\/917\/2024\/04\/Image-2024-04-06-at-09.40.49-e1760119860606-150x150.jpeg 150w, https:\/\/www.ufsm.br\/app\/uploads\/sites\/917\/2024\/04\/Image-2024-04-06-at-09.40.49-e1760119860606-768x768.jpeg 768w\" sizes=\"(max-width: 1200px) 100vw, 1200px\" \/>\t\t\t\t\t\t\t\t\t\t\t\t\t<\/div>\n\t\t\t\t<\/div>\n\t\t\t\t\t<\/div>\n\t\t<\/div>\n\t\t\t\t\t<\/div>\n\t\t<\/section>\n\t\t\t\t<section class=\"elementor-section elementor-top-section elementor-element elementor-element-5ed67425 elementor-section-boxed elementor-section-height-default elementor-section-height-default\" data-id=\"5ed67425\" data-element_type=\"section\">\n\t\t\t\t\t\t<div class=\"elementor-container elementor-column-gap-default\">\n\t\t\t\t\t<div class=\"elementor-column elementor-col-100 elementor-top-column elementor-element elementor-element-59ea59c6\" data-id=\"59ea59c6\" data-element_type=\"column\">\n\t\t\t<div class=\"elementor-widget-wrap elementor-element-populated\">\n\t\t\t\t\t\t<div class=\"elementor-element elementor-element-5a08320c elementor-widget elementor-widget-text-editor\" data-id=\"5a08320c\" data-element_type=\"widget\" data-widget_type=\"text-editor.default\">\n\t\t\t\t<div class=\"elementor-widget-container\">\n\t\t\t\t\t\t\t<!-- wp:paragraph -->\n<figure class=\"wp-block-gallery has-nested-images columns-default is-cropped\">\n<figure class=\"wp-block-image size-full\"><\/figure>\n<!-- \/wp:paragraph --><!-- wp:image {\"id\":64,\"sizeSlug\":\"full\",\"linkDestination\":\"none\"} -->\n<figure class=\"wp-block-image size-full\"><\/figure>\n<!-- \/wp:image --><!-- wp:image {\"id\":103,\"sizeSlug\":\"full\",\"linkDestination\":\"none\"} -->\n<figure class=\"wp-block-image size-full\"><\/figure>\n<!-- \/wp:image --><\/figure>\n<!-- \/wp:gallery --><!-- wp:paragraph {\"align\":\"left\"} -->\n<p class=\"has-text-align-left\">O Museu do Conhecimento agrega pesquisadores das \u00e1reas de Educa\u00e7\u00e3o, Letras e Comunica\u00e7\u00e3o vocacionados \u00e0 pesquisa e seus potenciais para a transforma\u00e7\u00e3o social: alfabetiza\u00e7\u00e3o, educa\u00e7\u00e3o musical, forma\u00e7\u00e3o de professores, pedagogia universit\u00e1ria, literatura, tecnologias sociais inovadoras, desinforma\u00e7\u00e3o, intelig\u00eancia artificial e algoritmos, populariza\u00e7\u00e3o da ci\u00eancia, multiletramentos e processos de literacia digital que t\u00eam incrementado e expandido os campos do conhecimento.<\/p>\n<!-- \/wp:paragraph --><!-- wp:paragraph -->\n<p>O Museu tem em sua agenda os <strong>Eventos externos de fluxo cont\u00ednuo<\/strong>, a partir de pesquisadores que reservam os espa\u00e7os para a populariza\u00e7\u00e3o dos conhecimentos e da ci\u00eancia, e tamb\u00e9m o <strong>Sextou com Caf\u00e9 no Museu<\/strong>, evento oficial organizado pela Equipe Museal, sobre os mais diversos assuntos das Humanidades.<\/p>\n<!-- \/wp:paragraph --><!-- wp:quote -->\n<blockquote class=\"wp-block-quote\"><!-- wp:paragraph -->\n<p>\u00a0<\/p>\n<!-- \/wp:paragraph --><\/blockquote>\n<!-- \/wp:quote --><!-- wp:paragraph -->\n<p>:<\/p>\n<!-- \/wp:paragraph --><!-- wp:quote -->\n<blockquote class=\"wp-block-quote\"><!-- wp:paragraph -->\n<p>\u00a0<\/p>\n<!-- \/wp:paragraph --><\/blockquote>\n<!-- \/wp:quote --><!-- wp:paragraph -->\n<p>\u00a0<\/p>\n<!-- \/wp:paragraph -->\t\t\t\t\t\t<\/div>\n\t\t\t\t<\/div>\n\t\t\t\t<div class=\"elementor-element elementor-element-97406cc elementor-align-left elementor-widget__width-initial elementor-icon-list--layout-traditional elementor-list-item-link-full_width elementor-widget elementor-widget-icon-list\" data-id=\"97406cc\" data-element_type=\"widget\" data-widget_type=\"icon-list.default\">\n\t\t\t\t<div class=\"elementor-widget-container\">\n\t\t\t\t\t<ul class=\"elementor-icon-list-items\">\n\t\t\t\t\t\t\t<li class=\"elementor-icon-list-item\">\n\t\t\t\t\t\t\t\t\t\t\t<span class=\"elementor-icon-list-icon\">\n\t\t\t\t\t\t\t<i aria-hidden=\"true\" class=\"far fa-bell\"><\/i>\t\t\t\t\t\t<\/span>\n\t\t\t\t\t\t\t\t\t\t<span class=\"elementor-icon-list-text\">Aberto: dias \u00fateis e alguns s\u00e1bados, mande um email marcando<\/span>\n\t\t\t\t\t\t\t\t\t<\/li>\n\t\t\t\t\t\t\t\t<li class=\"elementor-icon-list-item\">\n\t\t\t\t\t\t\t\t\t\t\t<span class=\"elementor-icon-list-icon\">\n\t\t\t\t\t\t\t<i aria-hidden=\"true\" class=\"fas fa-map\"><\/i>\t\t\t\t\t\t<\/span>\n\t\t\t\t\t\t\t\t\t\t<span class=\"elementor-icon-list-text\">Localiza\u00e7\u00e3o: Pr\u00e9dio 62C, UFSM<\/span>\n\t\t\t\t\t\t\t\t\t<\/li>\n\t\t\t\t\t\t\t\t<li class=\"elementor-icon-list-item\">\n\t\t\t\t\t\t\t\t\t\t\t<span class=\"elementor-icon-list-icon\">\n\t\t\t\t\t\t\t<i aria-hidden=\"true\" class=\"fas fa-female\"><\/i>\t\t\t\t\t\t<\/span>\n\t\t\t\t\t\t\t\t\t\t<span class=\"elementor-icon-list-text\">P\u00fablico: qualquer pessoa, acima de 10 pessoas necess\u00e1rio agendamento pr\u00e9vio<\/span>\n\t\t\t\t\t\t\t\t\t<\/li>\n\t\t\t\t\t\t<\/ul>\n\t\t\t\t<\/div>\n\t\t\t\t<\/div>\n\t\t\t\t\t<\/div>\n\t\t<\/div>\n\t\t\t\t\t<\/div>\n\t\t<\/section>\n\t\t\t\t<\/div>\n\t\t","protected":false},"excerpt":{"rendered":"<p>O Museu do Conhecimento agrega pesquisadores das \u00e1reas de Educa\u00e7\u00e3o, Letras e Comunica\u00e7\u00e3o vocacionados \u00e0 pesquisa e seus potenciais para a transforma\u00e7\u00e3o social: alfabetiza\u00e7\u00e3o, educa\u00e7\u00e3o musical, forma\u00e7\u00e3o de professores, pedagogia universit\u00e1ria, literatura, tecnologias sociais inovadoras, desinforma\u00e7\u00e3o, intelig\u00eancia artificial e algoritmos, populariza\u00e7\u00e3o da ci\u00eancia, multiletramentos e processos de literacia digital que t\u00eam incrementado e expandido os [&hellip;]<\/p>\n","protected":false},"author":6883,"featured_media":0,"parent":0,"menu_order":0,"comment_status":"closed","ping_status":"open","template":"","meta":{"footnotes":""},"categories":[],"tags":[],"class_list":["post-2","page","type-page","status-publish","hentry"],"acf":[],"_links":{"self":[{"href":"https:\/\/www.ufsm.br\/museus\/museu-do-conhecimento\/wp-json\/wp\/v2\/pages\/2","targetHints":{"allow":["GET"]}}],"collection":[{"href":"https:\/\/www.ufsm.br\/museus\/museu-do-conhecimento\/wp-json\/wp\/v2\/pages"}],"about":[{"href":"https:\/\/www.ufsm.br\/museus\/museu-do-conhecimento\/wp-json\/wp\/v2\/types\/page"}],"author":[{"embeddable":true,"href":"https:\/\/www.ufsm.br\/museus\/museu-do-conhecimento\/wp-json\/wp\/v2\/users\/6883"}],"replies":[{"embeddable":true,"href":"https:\/\/www.ufsm.br\/museus\/museu-do-conhecimento\/wp-json\/wp\/v2\/comments?post=2"}],"version-history":[{"count":0,"href":"https:\/\/www.ufsm.br\/museus\/museu-do-conhecimento\/wp-json\/wp\/v2\/pages\/2\/revisions"}],"wp:attachment":[{"href":"https:\/\/www.ufsm.br\/museus\/museu-do-conhecimento\/wp-json\/wp\/v2\/media?parent=2"}],"wp:term":[{"taxonomy":"category","embeddable":true,"href":"https:\/\/www.ufsm.br\/museus\/museu-do-conhecimento\/wp-json\/wp\/v2\/categories?post=2"},{"taxonomy":"post_tag","embeddable":true,"href":"https:\/\/www.ufsm.br\/museus\/museu-do-conhecimento\/wp-json\/wp\/v2\/tags?post=2"}],"curies":[{"name":"wp","href":"https:\/\/api.w.org\/{rel}","templated":true}]}}