{"id":41,"date":"2024-02-29T17:01:34","date_gmt":"2024-02-29T20:01:34","guid":{"rendered":"https:\/\/www.ufsm.br\/museus\/museu-do-conhecimento\/?page_id=41"},"modified":"2025-11-10T15:20:43","modified_gmt":"2025-11-10T18:20:43","slug":"ambientes-multiusuarios-de-pesquisa","status":"publish","type":"page","link":"https:\/\/www.ufsm.br\/museus\/museu-do-conhecimento\/ambientes-multiusuarios-de-pesquisa","title":{"rendered":"Ambientes Multiusu\u00e1rios de Pesquisa"},"content":{"rendered":"\t\t<div data-elementor-type=\"wp-page\" data-elementor-id=\"41\" class=\"elementor elementor-41\">\n\t\t\t\t\t\t<section class=\"elementor-section elementor-top-section elementor-element elementor-element-2374e408 elementor-section-boxed elementor-section-height-default elementor-section-height-default\" data-id=\"2374e408\" data-element_type=\"section\">\n\t\t\t\t\t\t<div class=\"elementor-container elementor-column-gap-default\">\n\t\t\t\t\t<div class=\"elementor-column elementor-col-100 elementor-top-column elementor-element elementor-element-52b0e799\" data-id=\"52b0e799\" data-element_type=\"column\">\n\t\t\t<div class=\"elementor-widget-wrap elementor-element-populated\">\n\t\t\t\t\t\t<div class=\"elementor-element elementor-element-318d15ba elementor-widget elementor-widget-text-editor\" data-id=\"318d15ba\" data-element_type=\"widget\" data-widget_type=\"text-editor.default\">\n\t\t\t\t<div class=\"elementor-widget-container\">\n\t\t\t\t\t\t\t<p style=\"text-align: center\"><b>AMBIENTES MULTIUSU\u00c1RIOS DE PESQUISA EM TECNOLOGIAS SOCIAIS DAS HUMANIDADES<\/b><\/p>\n<p>Espa\u00e7os multiusu\u00e1rios e interdisciplinares, destinados \u00e0 pesquisa e produ\u00e7\u00e3o da ci\u00eancia, envolvendo seis ambientes com 60m2 cada um. Os espa\u00e7os disp\u00f5em de equipamentos multiusu\u00e1rios de pequeno, m\u00e9dio e\/ou de grande porte, dispon\u00edveis para usu\u00e1rios internos e externos \u00e0 UFSM, operados\/executados por t\u00e9cnicos ou alunos de p\u00f3s-gradua\u00e7\u00e3o, devidamente treinados.<\/p>\n<p><!-- \/wp:paragraph --><!-- wp:paragraph --><\/p>\n<p>Os seis Ambientes compreendem:<\/p>\n<p><!-- \/wp:list-item --><\/p>\n<p><!-- \/wp:list --><\/p>\t\t\t\t\t\t<\/div>\n\t\t\t\t<\/div>\n\t\t\t\t\t<\/div>\n\t\t<\/div>\n\t\t\t\t\t<\/div>\n\t\t<\/section>\n\t\t\t\t<section class=\"elementor-section elementor-top-section elementor-element elementor-element-d1d61f6 elementor-section-boxed elementor-section-height-default elementor-section-height-default\" data-id=\"d1d61f6\" data-element_type=\"section\">\n\t\t\t\t\t\t<div class=\"elementor-container elementor-column-gap-default\">\n\t\t\t\t\t<div class=\"elementor-column elementor-col-100 elementor-top-column elementor-element elementor-element-e5dbb8d\" data-id=\"e5dbb8d\" data-element_type=\"column\">\n\t\t\t<div class=\"elementor-widget-wrap elementor-element-populated\">\n\t\t\t\t\t\t<div class=\"elementor-element elementor-element-6051fa4 elementor-list-item-link-inline elementor-align-left elementor-widget__width-initial elementor-icon-list--layout-traditional elementor-invisible elementor-widget elementor-widget-icon-list\" data-id=\"6051fa4\" data-element_type=\"widget\" data-settings=\"{&quot;_animation&quot;:&quot;fadeIn&quot;}\" data-widget_type=\"icon-list.default\">\n\t\t\t\t<div class=\"elementor-widget-container\">\n\t\t\t\t\t<ul class=\"elementor-icon-list-items\">\n\t\t\t\t\t\t\t<li class=\"elementor-icon-list-item\">\n\t\t\t\t\t\t\t\t\t\t\t<a href=\"https:\/\/www.ufsm.br\/museus\/museu-do-conhecimento\/ambitecs\">\n\n\t\t\t\t\t\t\t\t\t\t\t\t<span class=\"elementor-icon-list-icon\">\n\t\t\t\t\t\t\t<i aria-hidden=\"true\" class=\"fas fa-star\"><\/i>\t\t\t\t\t\t<\/span>\n\t\t\t\t\t\t\t\t\t\t<span class=\"elementor-icon-list-text\"><b>AmbiTECS <\/b>- Ambiente Multiusu\u00e1rio de Pesquisa em Tecnologias Sociais<\/span>\n\t\t\t\t\t\t\t\t\t\t\t<\/a>\n\t\t\t\t\t\t\t\t\t<\/li>\n\t\t\t\t\t\t\t\t<li class=\"elementor-icon-list-item\">\n\t\t\t\t\t\t\t\t\t\t\t<a href=\"https:\/\/www.ufsm.br\/museus\/museu-do-conhecimento\/ambipop\">\n\n\t\t\t\t\t\t\t\t\t\t\t\t<span class=\"elementor-icon-list-icon\">\n\t\t\t\t\t\t\t<i aria-hidden=\"true\" class=\"fas fa-star\"><\/i>\t\t\t\t\t\t<\/span>\n\t\t\t\t\t\t\t\t\t\t<span class=\"elementor-icon-list-text\"><b>AmbiPOP<\/b> - Ambiente Multiusu\u00e1rio de Investiga\u00e7\u00e3o em Linguagens, Metodologias,&nbsp; Populariza\u00e7\u00e3o da Ci\u00eancia e Tecnologias emergentes educacionais<\/span>\n\t\t\t\t\t\t\t\t\t\t\t<\/a>\n\t\t\t\t\t\t\t\t\t<\/li>\n\t\t\t\t\t\t\t\t<li class=\"elementor-icon-list-item\">\n\t\t\t\t\t\t\t\t\t\t\t<a href=\"https:\/\/www.ufsm.br\/museus\/museu-do-conhecimento\/ambipatri\">\n\n\t\t\t\t\t\t\t\t\t\t\t\t<span class=\"elementor-icon-list-icon\">\n\t\t\t\t\t\t\t<i aria-hidden=\"true\" class=\"fas fa-star\"><\/i>\t\t\t\t\t\t<\/span>\n\t\t\t\t\t\t\t\t\t\t<span class=\"elementor-icon-list-text\"><b>AmbiPATRI <\/b>- Ambiente Multiusu\u00e1rio de Pesquisa em Tratamentos de Acervos Liter\u00e1rios e Conserva\u00e7\u00e3o de Patrim\u00f4nios<\/span>\n\t\t\t\t\t\t\t\t\t\t\t<\/a>\n\t\t\t\t\t\t\t\t\t<\/li>\n\t\t\t\t\t\t\t\t<li class=\"elementor-icon-list-item\">\n\t\t\t\t\t\t\t\t\t\t\t<a href=\"https:\/\/www.ufsm.br\/museus\/museu-do-conhecimento\/ambimusica\">\n\n\t\t\t\t\t\t\t\t\t\t\t\t<span class=\"elementor-icon-list-icon\">\n\t\t\t\t\t\t\t<i aria-hidden=\"true\" class=\"fas fa-star\"><\/i>\t\t\t\t\t\t<\/span>\n\t\t\t\t\t\t\t\t\t\t<span class=\"elementor-icon-list-text\"><b>AmbiMUSICA<\/b> - Ambiente Multiusu\u00e1rio de Pesquisa hist\u00f3rica e contempor\u00e2nea em Educa\u00e7\u00e3o Musical<\/span>\n\t\t\t\t\t\t\t\t\t\t\t<\/a>\n\t\t\t\t\t\t\t\t\t<\/li>\n\t\t\t\t\t\t\t\t<li class=\"elementor-icon-list-item\">\n\t\t\t\t\t\t\t\t\t\t\t<a href=\"https:\/\/www.ufsm.br\/museus\/museu-do-conhecimento\/ambicult\">\n\n\t\t\t\t\t\t\t\t\t\t\t\t<span class=\"elementor-icon-list-icon\">\n\t\t\t\t\t\t\t<i aria-hidden=\"true\" class=\"fas fa-star\"><\/i>\t\t\t\t\t\t<\/span>\n\t\t\t\t\t\t\t\t\t\t<span class=\"elementor-icon-list-text\"><b>AmbiCULT<\/b> - Ambiente Multiusu\u00e1rio de Educa\u00e7\u00e3o para Sustentabilidade e Forma\u00e7\u00e3o Humana&nbsp;<\/span>\n\t\t\t\t\t\t\t\t\t\t\t<\/a>\n\t\t\t\t\t\t\t\t\t<\/li>\n\t\t\t\t\t\t\t\t<li class=\"elementor-icon-list-item\">\n\t\t\t\t\t\t\t\t\t\t\t<a href=\"https:\/\/www.ufsm.br\/museus\/museu-do-conhecimento\/ambidoce\">\n\n\t\t\t\t\t\t\t\t\t\t\t\t<span class=\"elementor-icon-list-icon\">\n\t\t\t\t\t\t\t<i aria-hidden=\"true\" class=\"fas fa-star\"><\/i>\t\t\t\t\t\t<\/span>\n\t\t\t\t\t\t\t\t\t\t<span class=\"elementor-icon-list-text\"><b>AmbiDOCE<\/b> -&nbsp;Ambiente Multiusu\u00e1rio de Pesquisa em Inova\u00e7\u00f5es para a Doc\u00eancia na Educa\u00e7\u00e3o B\u00e1sica e<\/span>\n\t\t\t\t\t\t\t\t\t\t\t<\/a>\n\t\t\t\t\t\t\t\t\t<\/li>\n\t\t\t\t\t\t<\/ul>\n\t\t\t\t<\/div>\n\t\t\t\t<\/div>\n\t\t\t\t\t<\/div>\n\t\t<\/div>\n\t\t\t\t\t<\/div>\n\t\t<\/section>\n\t\t\t\t<section class=\"elementor-section elementor-top-section elementor-element elementor-element-c31418b elementor-section-boxed elementor-section-height-default elementor-section-height-default\" data-id=\"c31418b\" data-element_type=\"section\">\n\t\t\t\t\t\t<div class=\"elementor-container elementor-column-gap-default\">\n\t\t\t\t\t<div class=\"elementor-column elementor-col-100 elementor-top-column elementor-element elementor-element-d9ada14\" data-id=\"d9ada14\" data-element_type=\"column\">\n\t\t\t<div class=\"elementor-widget-wrap elementor-element-populated\">\n\t\t\t\t\t\t<div class=\"elementor-element elementor-element-26be3d3 elementor-widget elementor-widget-spacer\" data-id=\"26be3d3\" data-element_type=\"widget\" data-widget_type=\"spacer.default\">\n\t\t\t\t<div class=\"elementor-widget-container\">\n\t\t\t\t\t<div class=\"elementor-spacer\">\n\t\t\t<div class=\"elementor-spacer-inner\"><\/div>\n\t\t<\/div>\n\t\t\t\t<\/div>\n\t\t\t\t<\/div>\n\t\t\t\t<div class=\"elementor-element elementor-element-c3e4b85 elementor-widget elementor-widget-spacer\" data-id=\"c3e4b85\" data-element_type=\"widget\" data-widget_type=\"spacer.default\">\n\t\t\t\t<div class=\"elementor-widget-container\">\n\t\t\t\t\t<div class=\"elementor-spacer\">\n\t\t\t<div class=\"elementor-spacer-inner\"><\/div>\n\t\t<\/div>\n\t\t\t\t<\/div>\n\t\t\t\t<\/div>\n\t\t\t\t\t<\/div>\n\t\t<\/div>\n\t\t\t\t\t<\/div>\n\t\t<\/section>\n\t\t\t\t<\/div>\n\t\t","protected":false},"excerpt":{"rendered":"<p>AMBIENTES MULTIUSU\u00c1RIOS DE PESQUISA EM TECNOLOGIAS SOCIAIS DAS HUMANIDADES Espa\u00e7os multiusu\u00e1rios e interdisciplinares, destinados \u00e0 pesquisa e produ\u00e7\u00e3o da ci\u00eancia, envolvendo seis ambientes com 60m2 cada um. Os espa\u00e7os disp\u00f5em de equipamentos multiusu\u00e1rios de pequeno, m\u00e9dio e\/ou de grande porte, dispon\u00edveis para usu\u00e1rios internos e externos \u00e0 UFSM, operados\/executados por t\u00e9cnicos ou alunos de p\u00f3s-gradua\u00e7\u00e3o, [&hellip;]<\/p>\n","protected":false},"author":1162,"featured_media":0,"parent":0,"menu_order":0,"comment_status":"closed","ping_status":"closed","template":"","meta":{"footnotes":""},"categories":[],"tags":[],"class_list":["post-41","page","type-page","status-publish","hentry"],"acf":[],"_links":{"self":[{"href":"https:\/\/www.ufsm.br\/museus\/museu-do-conhecimento\/wp-json\/wp\/v2\/pages\/41","targetHints":{"allow":["GET"]}}],"collection":[{"href":"https:\/\/www.ufsm.br\/museus\/museu-do-conhecimento\/wp-json\/wp\/v2\/pages"}],"about":[{"href":"https:\/\/www.ufsm.br\/museus\/museu-do-conhecimento\/wp-json\/wp\/v2\/types\/page"}],"author":[{"embeddable":true,"href":"https:\/\/www.ufsm.br\/museus\/museu-do-conhecimento\/wp-json\/wp\/v2\/users\/1162"}],"replies":[{"embeddable":true,"href":"https:\/\/www.ufsm.br\/museus\/museu-do-conhecimento\/wp-json\/wp\/v2\/comments?post=41"}],"version-history":[{"count":0,"href":"https:\/\/www.ufsm.br\/museus\/museu-do-conhecimento\/wp-json\/wp\/v2\/pages\/41\/revisions"}],"wp:attachment":[{"href":"https:\/\/www.ufsm.br\/museus\/museu-do-conhecimento\/wp-json\/wp\/v2\/media?parent=41"}],"wp:term":[{"taxonomy":"category","embeddable":true,"href":"https:\/\/www.ufsm.br\/museus\/museu-do-conhecimento\/wp-json\/wp\/v2\/categories?post=41"},{"taxonomy":"post_tag","embeddable":true,"href":"https:\/\/www.ufsm.br\/museus\/museu-do-conhecimento\/wp-json\/wp\/v2\/tags?post=41"}],"curies":[{"name":"wp","href":"https:\/\/api.w.org\/{rel}","templated":true}]}}