{"id":45,"date":"2024-02-29T18:04:45","date_gmt":"2024-02-29T21:04:45","guid":{"rendered":"https:\/\/www.ufsm.br\/museus\/museu-do-conhecimento\/?page_id=45"},"modified":"2025-10-10T15:14:32","modified_gmt":"2025-10-10T18:14:32","slug":"apoio-parcerias","status":"publish","type":"page","link":"https:\/\/www.ufsm.br\/museus\/museu-do-conhecimento\/apoio-parcerias","title":{"rendered":"Apoio\/Parcerias"},"content":{"rendered":"\n<p class=\"has-text-align-center\">O Museu do Conhecimento &#8211; SCIENTIAH MUSEUM &#8211; tem recebido o apoio de v\u00e1rios programas de P\u00f3s-Gradua\u00e7\u00e3o, institui\u00e7\u00f5es, pesquisadores e entidades.<\/p>\n\n\n\n<p class=\"has-text-align-center\"><strong>Abaixo listamos alguns apoiadores e parceiros de nossas a\u00e7\u00f5es:<\/strong><\/p>\n\n\n\n<p><\/p>\n\n\n\n<ul class=\"wp-block-list\">\n<li>PPGE <\/li>\n\n\n\n<li>PPGTER<\/li>\n\n\n\n<li>PPGL<\/li>\n\n\n\n<li>POSCOM<\/li>\n\n\n\n<li>UFMG POSLIN <\/li>\n\n\n\n<li>UFLA PPGE<\/li>\n\n\n\n<li>UFMA &#8211; Grupo de Estudos e Pesquisas em Processos Art\u00edsticos e Tecnologia Interativa \u2013 GEPPARTI<\/li>\n\n\n\n<li>Secretaria de Mun\u00edcipio de Educa\u00e7\u00e3o de Santa Maria-RS<\/li>\n\n\n\n<li>Secretaria de Cultura de Dona Francisca-RS<\/li>\n\n\n\n<li>Cons\u00f3rcio de Desenvolvimento Sustent\u00e1vel da Quarta Col\u00f4nia (CONDESUS Quarta Col\u00f4nia),<\/li>\n\n\n\n<li>Ca\u00e7apava GeoParque Mundial da Unesco <\/li>\n\n\n\n<li>Cultura e Arte da UFSM e respons\u00e1vel pelo GT Rede de Museus<\/li>\n\n\n\n<li>ESCOLA MUNICIPAL DE ARTES EDUARDO TREVISAN<\/li>\n\n\n\n<li>RIES \u2013 Rede Sul-Brasileira de Investigadores da Educa\u00e7\u00e3o Superior<\/li>\n\n\n\n<li>ABEM &#8211; Associa\u00e7\u00e3o Brasileira de Educa\u00e7\u00e3o Musical <\/li>\n\n\n\n<li>Conselho Regional de Desenvolvimento Rio da V\u00e1rzea<\/li>\n<\/ul>\n","protected":false},"excerpt":{"rendered":"<p>O Museu do Conhecimento &#8211; SCIENTIAH MUSEUM &#8211; tem recebido o apoio de v\u00e1rios programas de P\u00f3s-Gradua\u00e7\u00e3o, institui\u00e7\u00f5es, pesquisadores e entidades. Abaixo listamos alguns apoiadores e parceiros de nossas a\u00e7\u00f5es:<\/p>\n","protected":false},"author":1162,"featured_media":0,"parent":0,"menu_order":0,"comment_status":"closed","ping_status":"closed","template":"","meta":{"footnotes":""},"categories":[],"tags":[],"class_list":["post-45","page","type-page","status-publish","hentry"],"acf":[],"_links":{"self":[{"href":"https:\/\/www.ufsm.br\/museus\/museu-do-conhecimento\/wp-json\/wp\/v2\/pages\/45","targetHints":{"allow":["GET"]}}],"collection":[{"href":"https:\/\/www.ufsm.br\/museus\/museu-do-conhecimento\/wp-json\/wp\/v2\/pages"}],"about":[{"href":"https:\/\/www.ufsm.br\/museus\/museu-do-conhecimento\/wp-json\/wp\/v2\/types\/page"}],"author":[{"embeddable":true,"href":"https:\/\/www.ufsm.br\/museus\/museu-do-conhecimento\/wp-json\/wp\/v2\/users\/1162"}],"replies":[{"embeddable":true,"href":"https:\/\/www.ufsm.br\/museus\/museu-do-conhecimento\/wp-json\/wp\/v2\/comments?post=45"}],"version-history":[{"count":0,"href":"https:\/\/www.ufsm.br\/museus\/museu-do-conhecimento\/wp-json\/wp\/v2\/pages\/45\/revisions"}],"wp:attachment":[{"href":"https:\/\/www.ufsm.br\/museus\/museu-do-conhecimento\/wp-json\/wp\/v2\/media?parent=45"}],"wp:term":[{"taxonomy":"category","embeddable":true,"href":"https:\/\/www.ufsm.br\/museus\/museu-do-conhecimento\/wp-json\/wp\/v2\/categories?post=45"},{"taxonomy":"post_tag","embeddable":true,"href":"https:\/\/www.ufsm.br\/museus\/museu-do-conhecimento\/wp-json\/wp\/v2\/tags?post=45"}],"curies":[{"name":"wp","href":"https:\/\/api.w.org\/{rel}","templated":true}]}}