{"id":13,"date":"2018-08-24T13:18:56","date_gmt":"2018-08-24T16:18:56","guid":{"rendered":"https:\/\/www.ufsm.br\/orgaos-executivos\/dcf\/?page_id=13"},"modified":"2026-04-06T10:05:24","modified_gmt":"2026-04-06T13:05:24","slug":"secao-financeira","status":"publish","type":"page","link":"https:\/\/www.ufsm.br\/orgaos-executivos\/dcf\/secao-financeira","title":{"rendered":"Se\u00e7\u00e3o Financeira (Suprimento de Fundos)"},"content":{"rendered":"\t\t<div data-elementor-type=\"wp-page\" data-elementor-id=\"13\" class=\"elementor elementor-13\">\n\t\t\t\t\t\t<section class=\"elementor-section elementor-top-section elementor-element elementor-element-1390ca17 elementor-section-boxed elementor-section-height-default elementor-section-height-default\" data-id=\"1390ca17\" data-element_type=\"section\">\n\t\t\t\t\t\t<div class=\"elementor-container elementor-column-gap-default\">\n\t\t\t\t\t<div class=\"elementor-column elementor-col-100 elementor-top-column elementor-element elementor-element-5f979785\" data-id=\"5f979785\" data-element_type=\"column\">\n\t\t\t<div class=\"elementor-widget-wrap elementor-element-populated\">\n\t\t\t\t\t\t<div class=\"elementor-element elementor-element-5963dcd7 elementor-widget elementor-widget-text-editor\" data-id=\"5963dcd7\" data-element_type=\"widget\" data-widget_type=\"text-editor.default\">\n\t\t\t\t<div class=\"elementor-widget-container\">\n\t\t\t\t\t\t\t<p><strong><span style=\"font-family: georgia, palatino, serif;font-size: 12pt\"><span style=\"text-align: var(--bs-body-text-align);color: #000000\">A Se\u00e7\u00e3o Financeira tem como objetivo:<\/span><\/span><\/strong><\/p><ul><li><span style=\"font-family: georgia, palatino, serif;font-size: 12pt\"><span style=\"font-weight: var( --e-global-typography-text-font-weight );text-align: var(--bs-body-text-align);color: #000000\">Gerenciar a concess\u00e3o e a utiliza\u00e7\u00e3o de recursos da UFSM por meio da modalidade Suprimento de Fundos atrav\u00e9s do uso do <\/span><span style=\"font-weight: var( --e-global-typography-text-font-weight );text-align: var(--bs-body-text-align);color: #000000\">Cart\u00e3o de Pagamento do Governo Federal (CPGF);<\/span><\/span><\/li><li>\u00a0liquida\u00e7\u00e3o e pagamento das despesas que, pela sua excepcionalidade, n\u00e3o possam se subordinar aos procedimentos normais de licita\u00e7\u00e3o ou de dispensa, em conformidade com a\u00a0<a href=\"https:\/\/www.planalto.gov.br\/ccivil_03\/_ato2019-2022\/2021\/lei\/l14133.htm\" target=\"_blank\" rel=\"noopener\">lei n\u00b0 14133\/2021<\/a>\u00a0<span style=\"font-size: 1rem;font-weight: var( --e-global-typography-text-font-weight );text-align: var(--bs-body-text-align)\">, n\u00e3o sendo poss\u00edvel o empenho direto ao fornecedor ou prestador, na forma da\u00a0<\/span><a style=\"font-family: georgia, palatino, serif;font-size: 12pt;font-weight: var( --e-global-typography-text-font-weight );text-align: var(--bs-body-text-align)\" href=\"https:\/\/www.planalto.gov.br\/ccivil_03\/leis\/l4320.htm\" target=\"_blank\" rel=\"noopener\">lei n\u00ba 4320\/1964<\/a><span style=\"font-size: 1rem;font-weight: var( --e-global-typography-text-font-weight );text-align: var(--bs-body-text-align)\">.<\/span><\/li><\/ul><p>A despesa executada por meio de Suprimento de Fundos dever\u00e1, na mesma forma que no processo licitat\u00f3rio, observar os princ\u00edpios b\u00e1sicos da legalidade, da impessoalidade, da moralidade e da igualdade, al\u00e9m de garantir a aquisi\u00e7\u00e3o mais vantajosa para a administra\u00e7\u00e3o p\u00fablica.\u00a0 \u00a0<\/p><div style=\"color: #222222;font-family: Arial, Helvetica, sans-serif;font-size: small\"><span style=\"font-family: georgia, palatino, serif;font-size: 12pt\">\u00a0<\/span><\/div><div style=\"color: #222222;font-family: Arial, Helvetica, sans-serif;font-size: small\"><span style=\"font-family: georgia, palatino, serif;font-size: 12pt\"><b>Atividades desenvolvidas:<\/b><\/span><\/div><div style=\"color: #222222;font-family: Arial, Helvetica, sans-serif;font-size: small\"><span style=\"font-family: georgia, palatino, serif;font-size: 12pt\">\u00a0<\/span><\/div><ul><li style=\"color: #222222;font-family: Arial, Helvetica, sans-serif;font-size: small\"><span style=\"font-family: georgia, palatino, serif;font-size: 12pt\">cadastro de suprido no Banco do Brasil;<\/span><\/li><li style=\"color: #222222;font-family: Arial, Helvetica, sans-serif;font-size: small\"><span style=\"font-family: georgia, palatino, serif;font-size: 12pt\">an\u00e1lise de restri\u00e7\u00f5es de concess\u00e3o;<\/span><\/li><li style=\"color: #222222;font-family: Arial, Helvetica, sans-serif;font-size: small\"><span style=\"font-family: georgia, palatino, serif;font-size: 12pt\">an\u00e1lise de propostas de concess\u00e3o para envio aos Ordenadores de Despesas;<\/span><\/li><li style=\"color: #222222;font-family: Arial, Helvetica, sans-serif;font-size: small\"><span style=\"font-family: georgia, palatino, serif;font-size: 12pt\">libera\u00e7\u00e3o e informa\u00e7\u00e3o de per\u00edodo para gastos aos supridos;<\/span><\/li><li style=\"color: #222222;font-family: Arial, Helvetica, sans-serif;font-size: small\"><span style=\"font-family: georgia, palatino, serif;font-size: 12pt\">an\u00e1lise da presta\u00e7\u00e3o de contas;<\/span><\/li><li style=\"color: #222222;font-family: Arial, Helvetica, sans-serif;font-size: small\"><span style=\"font-family: georgia, palatino, serif;font-size: 12pt\">realiza\u00e7\u00e3o da despesa de Suprimento de Fundos, nas fases de liquida\u00e7\u00e3o e pagamento;<\/span><\/li><li style=\"color: #222222;font-family: Arial, Helvetica, sans-serif;font-size: small\"><span style=\"font-family: georgia, palatino, serif;font-size: 12pt\">assessoramento ao Ordenador de Despesas;<\/span><\/li><li style=\"color: #222222;font-family: Arial, Helvetica, sans-serif;font-size: small\"><span style=\"font-family: georgia, palatino, serif;font-size: 12pt\">gerar relat\u00f3rios gerenciais;<\/span><\/li><li style=\"color: #222222;font-family: Arial, Helvetica, sans-serif;font-size: small\"><span style=\"font-family: georgia, palatino, serif;font-size: 12pt\">treinamento de supridos.<\/span><\/li><\/ul>\t\t\t\t\t\t<\/div>\n\t\t\t\t<\/div>\n\t\t\t\t<div class=\"elementor-element elementor-element-2af86d2 elementor-widget-divider--view-line elementor-widget elementor-widget-divider\" data-id=\"2af86d2\" data-element_type=\"widget\" data-widget_type=\"divider.default\">\n\t\t\t\t<div class=\"elementor-widget-container\">\n\t\t\t\t\t<div class=\"elementor-divider\">\n\t\t\t<span class=\"elementor-divider-separator\">\n\t\t\t\t\t\t<\/span>\n\t\t<\/div>\n\t\t\t\t<\/div>\n\t\t\t\t<\/div>\n\t\t\t\t<div class=\"elementor-element elementor-element-b1db325 elementor-widget elementor-widget-text-editor\" data-id=\"b1db325\" data-element_type=\"widget\" data-widget_type=\"text-editor.default\">\n\t\t\t\t<div class=\"elementor-widget-container\">\n\t\t\t\t\t\t\t<p><strong>Atualiza\u00e7\u00f5es sobre Suprimentos de Fundos<\/strong><\/p><p>Permane\u00e7a atualizado consultando os materiais elaborados pela Se\u00e7\u00e3o Financeira atrav\u00e9s <strong><a href=\"https:\/\/www.ufsm.br\/orgaos-executivos\/dcf\/servicos\/manuais-e-legislacoes\">deste link<\/a>.<\/strong><\/p><p>Mais op\u00e7\u00f5es em <strong><a href=\"https:\/\/www.ufsm.br\/orgaos-executivos\/dcf\">DCF<\/a> &gt; <a href=\"https:\/\/www.ufsm.br\/orgaos-executivos\/dcf\/servicos\">Servi\u00e7os<\/a> &gt; Suprimento de Fundos<\/strong><\/p>\t\t\t\t\t\t<\/div>\n\t\t\t\t<\/div>\n\t\t\t\t\t<\/div>\n\t\t<\/div>\n\t\t\t\t\t<\/div>\n\t\t<\/section>\n\t\t\t\t<section class=\"elementor-section elementor-top-section elementor-element elementor-element-595dced elementor-section-boxed elementor-section-height-default elementor-section-height-default\" data-id=\"595dced\" data-element_type=\"section\">\n\t\t\t\t\t\t<div class=\"elementor-container elementor-column-gap-default\">\n\t\t\t\t\t<div class=\"elementor-column elementor-col-100 elementor-top-column elementor-element elementor-element-636d909\" data-id=\"636d909\" data-element_type=\"column\">\n\t\t\t<div class=\"elementor-widget-wrap elementor-element-populated\">\n\t\t\t\t\t\t<div class=\"elementor-element elementor-element-8429520 elementor-absolute elementor-widget-divider--view-line elementor-widget elementor-widget-divider\" data-id=\"8429520\" data-element_type=\"widget\" data-settings=\"{&quot;_position&quot;:&quot;absolute&quot;}\" data-widget_type=\"divider.default\">\n\t\t\t\t<div class=\"elementor-widget-container\">\n\t\t\t\t\t<div class=\"elementor-divider\">\n\t\t\t<span class=\"elementor-divider-separator\">\n\t\t\t\t\t\t<\/span>\n\t\t<\/div>\n\t\t\t\t<\/div>\n\t\t\t\t<\/div>\n\t\t\t\t\t<\/div>\n\t\t<\/div>\n\t\t\t\t\t<\/div>\n\t\t<\/section>\n\t\t\t\t<section class=\"elementor-section elementor-top-section elementor-element elementor-element-4c40625 elementor-section-boxed elementor-section-height-default elementor-section-height-default\" data-id=\"4c40625\" data-element_type=\"section\">\n\t\t\t\t\t\t<div class=\"elementor-container elementor-column-gap-default\">\n\t\t\t\t\t<div class=\"elementor-column elementor-col-100 elementor-top-column elementor-element elementor-element-574fc73\" data-id=\"574fc73\" data-element_type=\"column\">\n\t\t\t<div class=\"elementor-widget-wrap elementor-element-populated\">\n\t\t\t\t\t\t<div class=\"elementor-element elementor-element-9454ca1 elementor-position-left elementor-vertical-align-middle elementor-absolute elementor-view-default elementor-mobile-position-top elementor-widget elementor-widget-icon-box\" data-id=\"9454ca1\" data-element_type=\"widget\" data-settings=\"{&quot;_position&quot;:&quot;absolute&quot;}\" data-widget_type=\"icon-box.default\">\n\t\t\t\t<div class=\"elementor-widget-container\">\n\t\t\t\t\t<div class=\"elementor-icon-box-wrapper\">\n\n\t\t\t\t\t\t<div class=\"elementor-icon-box-icon\">\n\t\t\t\t<span  class=\"elementor-icon elementor-animation-\">\n\t\t\t\t<i aria-hidden=\"true\" class=\"fas fa-user\"><\/i>\t\t\t\t<\/span>\n\t\t\t<\/div>\n\t\t\t\n\t\t\t\t\t\t<div class=\"elementor-icon-box-content\">\n\n\t\t\t\t\t\t\t\t\t<h3 class=\"elementor-icon-box-title\">\n\t\t\t\t\t\t<span  >\n\t\t\t\t\t\t\tP\u00fablico Alvo\t\t\t\t\t\t<\/span>\n\t\t\t\t\t<\/h3>\n\t\t\t\t\n\t\t\t\t\n\t\t\t<\/div>\n\t\t\t\n\t\t<\/div>\n\t\t\t\t<\/div>\n\t\t\t\t<\/div>\n\t\t\t\t\t<\/div>\n\t\t<\/div>\n\t\t\t\t\t<\/div>\n\t\t<\/section>\n\t\t\t\t<section class=\"elementor-section elementor-top-section elementor-element elementor-element-ed5cb79 elementor-section-boxed elementor-section-height-default elementor-section-height-default\" data-id=\"ed5cb79\" data-element_type=\"section\">\n\t\t\t\t\t\t<div class=\"elementor-container elementor-column-gap-default\">\n\t\t\t\t\t<div class=\"elementor-column elementor-col-100 elementor-top-column elementor-element elementor-element-3c92344\" data-id=\"3c92344\" data-element_type=\"column\">\n\t\t\t<div class=\"elementor-widget-wrap elementor-element-populated\">\n\t\t\t\t\t\t<div class=\"elementor-element elementor-element-403ed13 elementor-absolute elementor-widget elementor-widget-text-editor\" data-id=\"403ed13\" data-element_type=\"widget\" data-settings=\"{&quot;_position&quot;:&quot;absolute&quot;}\" data-widget_type=\"text-editor.default\">\n\t\t\t\t<div class=\"elementor-widget-container\">\n\t\t\t\t\t\t\t<p>Servidores.<\/p>\t\t\t\t\t\t<\/div>\n\t\t\t\t<\/div>\n\t\t\t\t\t<\/div>\n\t\t<\/div>\n\t\t\t\t\t<\/div>\n\t\t<\/section>\n\t\t\t\t<section class=\"elementor-section elementor-top-section elementor-element elementor-element-a5b0940 elementor-section-boxed elementor-section-height-default elementor-section-height-default\" data-id=\"a5b0940\" data-element_type=\"section\">\n\t\t\t\t\t\t<div class=\"elementor-container elementor-column-gap-default\">\n\t\t\t\t\t<div class=\"elementor-column elementor-col-100 elementor-top-column elementor-element elementor-element-d1704c6\" data-id=\"d1704c6\" data-element_type=\"column\">\n\t\t\t<div class=\"elementor-widget-wrap elementor-element-populated\">\n\t\t\t\t\t\t<div class=\"elementor-element elementor-element-e374f46 elementor-absolute elementor-widget-divider--view-line elementor-widget elementor-widget-divider\" data-id=\"e374f46\" data-element_type=\"widget\" data-settings=\"{&quot;_position&quot;:&quot;absolute&quot;}\" data-widget_type=\"divider.default\">\n\t\t\t\t<div class=\"elementor-widget-container\">\n\t\t\t\t\t<div class=\"elementor-divider\">\n\t\t\t<span class=\"elementor-divider-separator\">\n\t\t\t\t\t\t<\/span>\n\t\t<\/div>\n\t\t\t\t<\/div>\n\t\t\t\t<\/div>\n\t\t\t\t\t<\/div>\n\t\t<\/div>\n\t\t\t\t\t<\/div>\n\t\t<\/section>\n\t\t\t\t<section class=\"elementor-section elementor-top-section elementor-element elementor-element-7589db2 elementor-section-boxed elementor-section-height-default elementor-section-height-default\" data-id=\"7589db2\" data-element_type=\"section\">\n\t\t\t\t\t\t<div class=\"elementor-container elementor-column-gap-default\">\n\t\t\t\t\t<div class=\"elementor-column elementor-col-100 elementor-top-column elementor-element elementor-element-4f365bb\" data-id=\"4f365bb\" data-element_type=\"column\">\n\t\t\t<div class=\"elementor-widget-wrap elementor-element-populated\">\n\t\t\t\t\t\t<div class=\"elementor-element elementor-element-3f04d91 elementor-position-left elementor-vertical-align-middle elementor-absolute elementor-view-default elementor-mobile-position-top elementor-widget elementor-widget-icon-box\" data-id=\"3f04d91\" data-element_type=\"widget\" data-settings=\"{&quot;_position&quot;:&quot;absolute&quot;}\" data-widget_type=\"icon-box.default\">\n\t\t\t\t<div class=\"elementor-widget-container\">\n\t\t\t\t\t<div class=\"elementor-icon-box-wrapper\">\n\n\t\t\t\t\t\t<div class=\"elementor-icon-box-icon\">\n\t\t\t\t<span  class=\"elementor-icon elementor-animation-\">\n\t\t\t\t<i aria-hidden=\"true\" class=\"fas fa-table\"><\/i>\t\t\t\t<\/span>\n\t\t\t<\/div>\n\t\t\t\n\t\t\t\t\t\t<div class=\"elementor-icon-box-content\">\n\n\t\t\t\t\t\t\t\t\t<h3 class=\"elementor-icon-box-title\">\n\t\t\t\t\t\t<span  >\n\t\t\t\t\t\t\tContato\t\t\t\t\t\t<\/span>\n\t\t\t\t\t<\/h3>\n\t\t\t\t\n\t\t\t\t\n\t\t\t<\/div>\n\t\t\t\n\t\t<\/div>\n\t\t\t\t<\/div>\n\t\t\t\t<\/div>\n\t\t\t\t\t<\/div>\n\t\t<\/div>\n\t\t\t\t\t<\/div>\n\t\t<\/section>\n\t\t\t\t<section class=\"elementor-section elementor-top-section elementor-element elementor-element-0d5a383 elementor-section-boxed elementor-section-height-default elementor-section-height-default\" data-id=\"0d5a383\" data-element_type=\"section\">\n\t\t\t\t\t\t<div class=\"elementor-container elementor-column-gap-default\">\n\t\t\t\t\t<div class=\"elementor-column elementor-col-100 elementor-top-column elementor-element elementor-element-3cfb516\" data-id=\"3cfb516\" data-element_type=\"column\">\n\t\t\t<div class=\"elementor-widget-wrap elementor-element-populated\">\n\t\t\t\t\t\t<div class=\"elementor-element elementor-element-55a2d9d elementor-widget__width-initial elementor-absolute elementor-view-default elementor-widget elementor-widget-icon\" data-id=\"55a2d9d\" data-element_type=\"widget\" data-settings=\"{&quot;_position&quot;:&quot;absolute&quot;}\" data-widget_type=\"icon.default\">\n\t\t\t\t<div class=\"elementor-widget-container\">\n\t\t\t\t\t<div class=\"elementor-icon-wrapper\">\n\t\t\t<div class=\"elementor-icon\">\n\t\t\t<i aria-hidden=\"true\" class=\"far fa-clock\"><\/i>\t\t\t<\/div>\n\t\t<\/div>\n\t\t\t\t<\/div>\n\t\t\t\t<\/div>\n\t\t\t\t\t<\/div>\n\t\t<\/div>\n\t\t\t\t\t<\/div>\n\t\t<\/section>\n\t\t\t\t<section class=\"elementor-section elementor-top-section elementor-element elementor-element-5f59f04 elementor-section-boxed elementor-section-height-default elementor-section-height-default\" data-id=\"5f59f04\" data-element_type=\"section\">\n\t\t\t\t\t\t<div class=\"elementor-container elementor-column-gap-default\">\n\t\t\t\t\t<div class=\"elementor-column elementor-col-100 elementor-top-column elementor-element elementor-element-a8bc6bf\" data-id=\"a8bc6bf\" data-element_type=\"column\">\n\t\t\t<div class=\"elementor-widget-wrap elementor-element-populated\">\n\t\t\t\t\t\t<div class=\"elementor-element elementor-element-4771eca elementor-widget__width-initial elementor-absolute elementor-widget elementor-widget-text-editor\" data-id=\"4771eca\" data-element_type=\"widget\" data-settings=\"{&quot;_position&quot;:&quot;absolute&quot;}\" data-widget_type=\"text-editor.default\">\n\t\t\t\t<div class=\"elementor-widget-container\">\n\t\t\t\t\t\t\t<p><strong>Atendimento:<\/strong> <span style=\"font-family: georgia, palatino, serif;font-size: 12pt\">das 8h \u00e0s 12h\/13h \u00e0s 17h<\/span><\/p>\t\t\t\t\t\t<\/div>\n\t\t\t\t<\/div>\n\t\t\t\t\t<\/div>\n\t\t<\/div>\n\t\t\t\t\t<\/div>\n\t\t<\/section>\n\t\t\t\t<section class=\"elementor-section elementor-top-section elementor-element elementor-element-4500277 elementor-section-boxed elementor-section-height-default elementor-section-height-default\" data-id=\"4500277\" data-element_type=\"section\">\n\t\t\t\t\t\t<div class=\"elementor-container elementor-column-gap-default\">\n\t\t\t\t\t<div class=\"elementor-column elementor-col-100 elementor-top-column elementor-element elementor-element-fa8789f\" data-id=\"fa8789f\" data-element_type=\"column\">\n\t\t\t<div class=\"elementor-widget-wrap elementor-element-populated\">\n\t\t\t\t\t\t<div class=\"elementor-element elementor-element-11103b1 elementor-widget__width-initial elementor-absolute elementor-view-default elementor-widget elementor-widget-icon\" data-id=\"11103b1\" data-element_type=\"widget\" data-settings=\"{&quot;_position&quot;:&quot;absolute&quot;}\" data-widget_type=\"icon.default\">\n\t\t\t\t<div class=\"elementor-widget-container\">\n\t\t\t\t\t<div class=\"elementor-icon-wrapper\">\n\t\t\t<div class=\"elementor-icon\">\n\t\t\t<i aria-hidden=\"true\" class=\"fas fa-phone-alt\"><\/i>\t\t\t<\/div>\n\t\t<\/div>\n\t\t\t\t<\/div>\n\t\t\t\t<\/div>\n\t\t\t\t\t<\/div>\n\t\t<\/div>\n\t\t\t\t\t<\/div>\n\t\t<\/section>\n\t\t\t\t<section class=\"elementor-section elementor-top-section elementor-element elementor-element-1eeae10 elementor-section-boxed elementor-section-height-default elementor-section-height-default\" data-id=\"1eeae10\" data-element_type=\"section\">\n\t\t\t\t\t\t<div class=\"elementor-container elementor-column-gap-default\">\n\t\t\t\t\t<div class=\"elementor-column elementor-col-100 elementor-top-column elementor-element elementor-element-9eb46a1\" data-id=\"9eb46a1\" data-element_type=\"column\">\n\t\t\t<div class=\"elementor-widget-wrap elementor-element-populated\">\n\t\t\t\t\t\t<div class=\"elementor-element elementor-element-dd1a946 elementor-widget__width-initial elementor-absolute elementor-widget elementor-widget-text-editor\" data-id=\"dd1a946\" data-element_type=\"widget\" data-settings=\"{&quot;_position&quot;:&quot;absolute&quot;}\" data-widget_type=\"text-editor.default\">\n\t\t\t\t<div class=\"elementor-widget-container\">\n\t\t\t\t\t\t\t<p><strong>Telefone: 31780-910<\/strong><\/p>\t\t\t\t\t\t<\/div>\n\t\t\t\t<\/div>\n\t\t\t\t\t<\/div>\n\t\t<\/div>\n\t\t\t\t\t<\/div>\n\t\t<\/section>\n\t\t\t\t<section class=\"elementor-section elementor-top-section elementor-element elementor-element-60d1d2c elementor-section-boxed elementor-section-height-default elementor-section-height-default\" data-id=\"60d1d2c\" data-element_type=\"section\">\n\t\t\t\t\t\t<div class=\"elementor-container elementor-column-gap-default\">\n\t\t\t\t\t<div class=\"elementor-column elementor-col-100 elementor-top-column elementor-element elementor-element-ff8d338\" data-id=\"ff8d338\" data-element_type=\"column\">\n\t\t\t<div class=\"elementor-widget-wrap elementor-element-populated\">\n\t\t\t\t\t\t<div class=\"elementor-element elementor-element-a95bff0 elementor-widget__width-initial elementor-absolute elementor-view-default elementor-widget elementor-widget-icon\" data-id=\"a95bff0\" data-element_type=\"widget\" data-settings=\"{&quot;_position&quot;:&quot;absolute&quot;}\" data-widget_type=\"icon.default\">\n\t\t\t\t<div class=\"elementor-widget-container\">\n\t\t\t\t\t<div class=\"elementor-icon-wrapper\">\n\t\t\t<div class=\"elementor-icon\">\n\t\t\t<i aria-hidden=\"true\" class=\"fas fa-map-marker-alt\"><\/i>\t\t\t<\/div>\n\t\t<\/div>\n\t\t\t\t<\/div>\n\t\t\t\t<\/div>\n\t\t\t\t\t<\/div>\n\t\t<\/div>\n\t\t\t\t\t<\/div>\n\t\t<\/section>\n\t\t\t\t<section class=\"elementor-section elementor-top-section elementor-element elementor-element-c70fb7b elementor-section-boxed elementor-section-height-default elementor-section-height-default\" data-id=\"c70fb7b\" data-element_type=\"section\">\n\t\t\t\t\t\t<div class=\"elementor-container elementor-column-gap-default\">\n\t\t\t\t\t<div class=\"elementor-column elementor-col-100 elementor-top-column elementor-element elementor-element-9ad7d67\" data-id=\"9ad7d67\" data-element_type=\"column\">\n\t\t\t<div class=\"elementor-widget-wrap elementor-element-populated\">\n\t\t\t\t\t\t<div class=\"elementor-element elementor-element-3369825 elementor-absolute elementor-widget elementor-widget-text-editor\" data-id=\"3369825\" data-element_type=\"widget\" data-settings=\"{&quot;_position&quot;:&quot;absolute&quot;}\" data-widget_type=\"text-editor.default\">\n\t\t\t\t<div class=\"elementor-widget-container\">\n\t\t\t\t\t\t\t<p><strong>Endere\u00e7o:<\/strong> Localiza-se no pr\u00e9dio 48A, no Campus Sede.<\/p>\t\t\t\t\t\t<\/div>\n\t\t\t\t<\/div>\n\t\t\t\t\t<\/div>\n\t\t<\/div>\n\t\t\t\t\t<\/div>\n\t\t<\/section>\n\t\t\t\t<section class=\"elementor-section elementor-top-section elementor-element elementor-element-f9586d3 elementor-section-boxed elementor-section-height-default elementor-section-height-default\" data-id=\"f9586d3\" data-element_type=\"section\">\n\t\t\t\t\t\t<div class=\"elementor-container elementor-column-gap-default\">\n\t\t\t\t\t<div class=\"elementor-column elementor-col-100 elementor-top-column elementor-element elementor-element-22a6932\" data-id=\"22a6932\" data-element_type=\"column\">\n\t\t\t<div class=\"elementor-widget-wrap\">\n\t\t\t\t\t\t\t<\/div>\n\t\t<\/div>\n\t\t\t\t\t<\/div>\n\t\t<\/section>\n\t\t\t\t<\/div>\n\t\t","protected":false},"excerpt":{"rendered":"<p>A Se\u00e7\u00e3o Financeira tem como objetivo: Gerenciar a concess\u00e3o e a utiliza\u00e7\u00e3o de recursos da UFSM por meio da modalidade Suprimento de Fundos atrav\u00e9s do uso do Cart\u00e3o de Pagamento do Governo Federal (CPGF); \u00a0liquida\u00e7\u00e3o e pagamento das despesas que, pela sua excepcionalidade, n\u00e3o possam se subordinar aos procedimentos normais de licita\u00e7\u00e3o ou de dispensa, [&hellip;]<\/p>\n","protected":false},"author":36,"featured_media":0,"parent":0,"menu_order":0,"comment_status":"closed","ping_status":"closed","template":"","meta":{"footnotes":""},"categories":[],"tags":[],"class_list":["post-13","page","type-page","status-publish","hentry"],"acf":[],"_links":{"self":[{"href":"https:\/\/www.ufsm.br\/orgaos-executivos\/dcf\/wp-json\/wp\/v2\/pages\/13","targetHints":{"allow":["GET"]}}],"collection":[{"href":"https:\/\/www.ufsm.br\/orgaos-executivos\/dcf\/wp-json\/wp\/v2\/pages"}],"about":[{"href":"https:\/\/www.ufsm.br\/orgaos-executivos\/dcf\/wp-json\/wp\/v2\/types\/page"}],"author":[{"embeddable":true,"href":"https:\/\/www.ufsm.br\/orgaos-executivos\/dcf\/wp-json\/wp\/v2\/users\/36"}],"replies":[{"embeddable":true,"href":"https:\/\/www.ufsm.br\/orgaos-executivos\/dcf\/wp-json\/wp\/v2\/comments?post=13"}],"version-history":[{"count":0,"href":"https:\/\/www.ufsm.br\/orgaos-executivos\/dcf\/wp-json\/wp\/v2\/pages\/13\/revisions"}],"wp:attachment":[{"href":"https:\/\/www.ufsm.br\/orgaos-executivos\/dcf\/wp-json\/wp\/v2\/media?parent=13"}],"wp:term":[{"taxonomy":"category","embeddable":true,"href":"https:\/\/www.ufsm.br\/orgaos-executivos\/dcf\/wp-json\/wp\/v2\/categories?post=13"},{"taxonomy":"post_tag","embeddable":true,"href":"https:\/\/www.ufsm.br\/orgaos-executivos\/dcf\/wp-json\/wp\/v2\/tags?post=13"}],"curies":[{"name":"wp","href":"https:\/\/api.w.org\/{rel}","templated":true}]}}