{"id":19,"date":"2018-08-24T13:28:02","date_gmt":"2018-08-24T16:28:02","guid":{"rendered":"https:\/\/www.ufsm.br\/orgaos-executivos\/dcf\/?page_id=19"},"modified":"2024-10-23T11:39:41","modified_gmt":"2024-10-23T14:39:41","slug":"secao-de-convenios","status":"publish","type":"page","link":"https:\/\/www.ufsm.br\/orgaos-executivos\/dcf\/secao-de-convenios","title":{"rendered":"Se\u00e7\u00e3o de Conv\u00eanios"},"content":{"rendered":"\t\t<div data-elementor-type=\"wp-page\" data-elementor-id=\"19\" class=\"elementor elementor-19\">\n\t\t\t\t\t\t<section class=\"elementor-section elementor-top-section elementor-element elementor-element-b78b97e elementor-section-boxed elementor-section-height-default elementor-section-height-default\" data-id=\"b78b97e\" data-element_type=\"section\">\n\t\t\t\t\t\t<div class=\"elementor-container elementor-column-gap-default\">\n\t\t\t\t\t<div class=\"elementor-column elementor-col-100 elementor-top-column elementor-element elementor-element-d8736b1\" data-id=\"d8736b1\" data-element_type=\"column\">\n\t\t\t<div class=\"elementor-widget-wrap elementor-element-populated\">\n\t\t\t\t\t\t<div class=\"elementor-element elementor-element-2613a7fc elementor-widget elementor-widget-text-editor\" data-id=\"2613a7fc\" data-element_type=\"widget\" data-widget_type=\"text-editor.default\">\n\t\t\t\t<div class=\"elementor-widget-container\">\n\t\t\t\t\t\t\t<div><div><p><span style=\"font-family: georgia, palatino, serif;font-size: 12pt\">A<span style=\"color: #000000\"> presta\u00e7\u00e3o de contas da administra\u00e7\u00e3o p\u00fablica \u00e9 um dever\u00a0por for\u00e7a da Constitui\u00e7\u00e3o da Rep\u00fablica Federativa do Brasil de 1988, conforme consta no\u00a0artigo 70, par\u00e1grafo \u00fanico. Observa-se, inclusive, como\u00a0um princ\u00edpio fundamental da ordem constitucional brasileira, previsto no artigo 34, inciso VII, al\u00ednea \u201cd\u201d.<\/span><\/span><\/p><p><span style=\"font-family: georgia, palatino, serif;font-size: 12pt;color: #000000\">Todo \u00f3rg\u00e3o, entidade ou pessoa f\u00edsica que receber recurso p\u00fablico \u00e9 obrigado a prestar contas, sob pena de sofrer as san\u00e7\u00f5es previstas em lei e de comprometer o fluxo dos recursos recebidos, mediante a suspens\u00e3o do repasse desses recursos. V\u00ea-se, pois, a relev\u00e2ncia do tema e a import\u00e2ncia de se demonstrar a correta e regular aplica\u00e7\u00e3o dos recursos p\u00fablicos sob a responsabilidade dos gestores p\u00fablicos, como meio de se atingir o interesse da coletividade.<\/span><\/p><p><strong><span style=\"font-family: georgia, palatino, serif;font-size: 12pt;color: #000000\">A Se\u00e7\u00e3o de Conv\u00eanios possui as seguintes atribui\u00e7\u00f5es:<\/span><\/strong><\/p><ul><li><span style=\"font-family: georgia, palatino, serif;font-size: 12pt;color: #000000\">Atender as funcionalidades do TransfereGOV, nas seguintes etapas: execu\u00e7\u00e3o or\u00e7ament\u00e1ria e financeira, an\u00e1lise e presta\u00e7\u00e3o de contas.<\/span><\/li><li><span style=\"font-family: georgia, palatino, serif;font-size: 12pt;color: #000000\">Executar as seguintes funcionalidades do TransfereGOV: cadastrador parcial, operacional financeiro do Concedente, financeiro do Concedente &#8211; Presta\u00e7\u00e3o de Contas e, por fim, respons\u00e1vel por instaurar TCE.\u00a0<\/span><\/li><li><span style=\"font-family: georgia, palatino, serif;font-size: 12pt;color: #000000\">Elaborar e analisar as presta\u00e7\u00f5es de contas das modalidades de conv\u00eanios, contratos e termos de execu\u00e7\u00e3o descentralizada;<\/span><\/li><li><span style=\"font-family: georgia, palatino, serif;font-size: 12pt;color: #000000\">Fornecer as orienta\u00e7\u00f5es para acompanhamento, an\u00e1lise e procedimento das presta\u00e7\u00f5es de contas, de forma clara e sistematizada, a fim de promover a efetiva qualidade da aplica\u00e7\u00e3o do recurso p\u00fablico;<\/span><\/li><li><span style=\"font-family: georgia, palatino, serif;font-size: 12pt;color: #000000\">Fornecer as informa\u00e7\u00f5es cont\u00e1beis de natureza or\u00e7ament\u00e1ria, financeira e patrimonial para suprir as necessidades dos profissionais envolvidos na gest\u00e3o de conv\u00eanios, contratos ou termos de execu\u00e7\u00e3o descentralizada, como gestores ou supervisores financeiros, assegurando a boa e regular aplica\u00e7\u00e3o dos recursos p\u00fablicos e, consequentemente, evitando preju\u00edzos ao er\u00e1rio.<\/span><\/li><\/ul><p><span style=\"font-family: georgia, palatino, serif;font-size: 12pt;color: #000000\">A Se\u00e7\u00e3o administra este fluxo de procedimentos com o objetivo de prestar contas e analisar contas, sob o prisma dos princ\u00edpios da legalidade, da moralidade administrativa, do interesse p\u00fablico, da publicidade e da motiva\u00e7\u00e3o dos atos, observando e obedecendo a legisla\u00e7\u00e3o pertinente e os conceitos utilizados sobre a mat\u00e9ria.<\/span><span style=\"font-family: verdana, geneva, sans-serif;font-size: 12pt;color: #000000\">\u00a0<\/span><\/p><\/div><\/div>\t\t\t\t\t\t<\/div>\n\t\t\t\t<\/div>\n\t\t\t\t\t<\/div>\n\t\t<\/div>\n\t\t\t\t\t<\/div>\n\t\t<\/section>\n\t\t\t\t<section class=\"elementor-section elementor-top-section elementor-element elementor-element-918e0b0 elementor-section-boxed elementor-section-height-default elementor-section-height-default\" data-id=\"918e0b0\" data-element_type=\"section\">\n\t\t\t\t\t\t<div class=\"elementor-container elementor-column-gap-default\">\n\t\t\t\t\t<div class=\"elementor-column elementor-col-100 elementor-top-column elementor-element elementor-element-0865442\" data-id=\"0865442\" data-element_type=\"column\">\n\t\t\t<div class=\"elementor-widget-wrap elementor-element-populated\">\n\t\t\t\t\t\t<div class=\"elementor-element elementor-element-72a5d6c elementor-absolute elementor-widget-divider--view-line elementor-widget elementor-widget-divider\" data-id=\"72a5d6c\" data-element_type=\"widget\" data-settings=\"{&quot;_position&quot;:&quot;absolute&quot;}\" data-widget_type=\"divider.default\">\n\t\t\t\t<div class=\"elementor-widget-container\">\n\t\t\t\t\t<div class=\"elementor-divider\">\n\t\t\t<span class=\"elementor-divider-separator\">\n\t\t\t\t\t\t<\/span>\n\t\t<\/div>\n\t\t\t\t<\/div>\n\t\t\t\t<\/div>\n\t\t\t\t\t<\/div>\n\t\t<\/div>\n\t\t\t\t\t<\/div>\n\t\t<\/section>\n\t\t\t\t<section class=\"elementor-section elementor-top-section elementor-element elementor-element-373804b elementor-section-boxed elementor-section-height-default elementor-section-height-default\" data-id=\"373804b\" data-element_type=\"section\">\n\t\t\t\t\t\t<div class=\"elementor-container elementor-column-gap-default\">\n\t\t\t\t\t<div class=\"elementor-column elementor-col-100 elementor-top-column elementor-element elementor-element-153ea2a\" data-id=\"153ea2a\" data-element_type=\"column\">\n\t\t\t<div class=\"elementor-widget-wrap elementor-element-populated\">\n\t\t\t\t\t\t<div class=\"elementor-element elementor-element-11c08c3 elementor-position-left elementor-vertical-align-middle elementor-absolute elementor-view-default elementor-mobile-position-top elementor-widget elementor-widget-icon-box\" data-id=\"11c08c3\" data-element_type=\"widget\" data-settings=\"{&quot;_position&quot;:&quot;absolute&quot;}\" data-widget_type=\"icon-box.default\">\n\t\t\t\t<div class=\"elementor-widget-container\">\n\t\t\t\t\t<div class=\"elementor-icon-box-wrapper\">\n\n\t\t\t\t\t\t<div class=\"elementor-icon-box-icon\">\n\t\t\t\t<span  class=\"elementor-icon elementor-animation-\">\n\t\t\t\t<i aria-hidden=\"true\" class=\"fas fa-user\"><\/i>\t\t\t\t<\/span>\n\t\t\t<\/div>\n\t\t\t\n\t\t\t\t\t\t<div class=\"elementor-icon-box-content\">\n\n\t\t\t\t\t\t\t\t\t<h3 class=\"elementor-icon-box-title\">\n\t\t\t\t\t\t<span  >\n\t\t\t\t\t\t\tP\u00fablico Alvo\t\t\t\t\t\t<\/span>\n\t\t\t\t\t<\/h3>\n\t\t\t\t\n\t\t\t\t\n\t\t\t<\/div>\n\t\t\t\n\t\t<\/div>\n\t\t\t\t<\/div>\n\t\t\t\t<\/div>\n\t\t\t\t\t<\/div>\n\t\t<\/div>\n\t\t\t\t\t<\/div>\n\t\t<\/section>\n\t\t\t\t<section class=\"elementor-section elementor-top-section elementor-element elementor-element-a7df1e7 elementor-section-boxed elementor-section-height-default elementor-section-height-default\" data-id=\"a7df1e7\" data-element_type=\"section\">\n\t\t\t\t\t\t<div class=\"elementor-container elementor-column-gap-default\">\n\t\t\t\t\t<div class=\"elementor-column elementor-col-100 elementor-top-column elementor-element elementor-element-02e573c\" data-id=\"02e573c\" data-element_type=\"column\">\n\t\t\t<div class=\"elementor-widget-wrap elementor-element-populated\">\n\t\t\t\t\t\t<div class=\"elementor-element elementor-element-bf22f8d elementor-absolute elementor-widget elementor-widget-text-editor\" data-id=\"bf22f8d\" data-element_type=\"widget\" data-settings=\"{&quot;_position&quot;:&quot;absolute&quot;}\" data-widget_type=\"text-editor.default\">\n\t\t\t\t<div class=\"elementor-widget-container\">\n\t\t\t\t\t\t\t<p>Servidores.<\/p>\t\t\t\t\t\t<\/div>\n\t\t\t\t<\/div>\n\t\t\t\t\t<\/div>\n\t\t<\/div>\n\t\t\t\t\t<\/div>\n\t\t<\/section>\n\t\t\t\t<section class=\"elementor-section elementor-top-section elementor-element elementor-element-306282b elementor-section-boxed elementor-section-height-default elementor-section-height-default\" data-id=\"306282b\" data-element_type=\"section\">\n\t\t\t\t\t\t<div class=\"elementor-container elementor-column-gap-default\">\n\t\t\t\t\t<div class=\"elementor-column elementor-col-100 elementor-top-column elementor-element elementor-element-a623b05\" data-id=\"a623b05\" data-element_type=\"column\">\n\t\t\t<div class=\"elementor-widget-wrap elementor-element-populated\">\n\t\t\t\t\t\t<div class=\"elementor-element elementor-element-fdea098 elementor-absolute elementor-widget-divider--view-line elementor-widget elementor-widget-divider\" data-id=\"fdea098\" data-element_type=\"widget\" data-settings=\"{&quot;_position&quot;:&quot;absolute&quot;}\" data-widget_type=\"divider.default\">\n\t\t\t\t<div class=\"elementor-widget-container\">\n\t\t\t\t\t<div class=\"elementor-divider\">\n\t\t\t<span class=\"elementor-divider-separator\">\n\t\t\t\t\t\t<\/span>\n\t\t<\/div>\n\t\t\t\t<\/div>\n\t\t\t\t<\/div>\n\t\t\t\t\t<\/div>\n\t\t<\/div>\n\t\t\t\t\t<\/div>\n\t\t<\/section>\n\t\t\t\t<section class=\"elementor-section elementor-top-section elementor-element elementor-element-5263a86 elementor-section-boxed elementor-section-height-default elementor-section-height-default\" data-id=\"5263a86\" data-element_type=\"section\">\n\t\t\t\t\t\t<div class=\"elementor-container elementor-column-gap-default\">\n\t\t\t\t\t<div class=\"elementor-column elementor-col-100 elementor-top-column elementor-element elementor-element-cbe238c\" data-id=\"cbe238c\" data-element_type=\"column\">\n\t\t\t<div class=\"elementor-widget-wrap elementor-element-populated\">\n\t\t\t\t\t\t<div class=\"elementor-element elementor-element-333ec13 elementor-position-left elementor-vertical-align-middle elementor-absolute elementor-view-default elementor-mobile-position-top elementor-widget elementor-widget-icon-box\" data-id=\"333ec13\" data-element_type=\"widget\" data-settings=\"{&quot;_position&quot;:&quot;absolute&quot;}\" data-widget_type=\"icon-box.default\">\n\t\t\t\t<div class=\"elementor-widget-container\">\n\t\t\t\t\t<div class=\"elementor-icon-box-wrapper\">\n\n\t\t\t\t\t\t<div class=\"elementor-icon-box-icon\">\n\t\t\t\t<span  class=\"elementor-icon elementor-animation-\">\n\t\t\t\t<i aria-hidden=\"true\" class=\"fas fa-table\"><\/i>\t\t\t\t<\/span>\n\t\t\t<\/div>\n\t\t\t\n\t\t\t\t\t\t<div class=\"elementor-icon-box-content\">\n\n\t\t\t\t\t\t\t\t\t<h3 class=\"elementor-icon-box-title\">\n\t\t\t\t\t\t<span  >\n\t\t\t\t\t\t\tContato\t\t\t\t\t\t<\/span>\n\t\t\t\t\t<\/h3>\n\t\t\t\t\n\t\t\t\t\n\t\t\t<\/div>\n\t\t\t\n\t\t<\/div>\n\t\t\t\t<\/div>\n\t\t\t\t<\/div>\n\t\t\t\t\t<\/div>\n\t\t<\/div>\n\t\t\t\t\t<\/div>\n\t\t<\/section>\n\t\t\t\t<section class=\"elementor-section elementor-top-section elementor-element elementor-element-468aa71 elementor-section-boxed elementor-section-height-default elementor-section-height-default\" data-id=\"468aa71\" data-element_type=\"section\">\n\t\t\t\t\t\t<div class=\"elementor-container elementor-column-gap-default\">\n\t\t\t\t\t<div class=\"elementor-column elementor-col-100 elementor-top-column elementor-element elementor-element-e835e94\" data-id=\"e835e94\" data-element_type=\"column\">\n\t\t\t<div class=\"elementor-widget-wrap elementor-element-populated\">\n\t\t\t\t\t\t<div class=\"elementor-element elementor-element-dcca874 elementor-widget__width-initial elementor-absolute elementor-view-default elementor-widget elementor-widget-icon\" data-id=\"dcca874\" data-element_type=\"widget\" data-settings=\"{&quot;_position&quot;:&quot;absolute&quot;}\" data-widget_type=\"icon.default\">\n\t\t\t\t<div class=\"elementor-widget-container\">\n\t\t\t\t\t<div class=\"elementor-icon-wrapper\">\n\t\t\t<div class=\"elementor-icon\">\n\t\t\t<i aria-hidden=\"true\" class=\"far fa-clock\"><\/i>\t\t\t<\/div>\n\t\t<\/div>\n\t\t\t\t<\/div>\n\t\t\t\t<\/div>\n\t\t\t\t\t<\/div>\n\t\t<\/div>\n\t\t\t\t\t<\/div>\n\t\t<\/section>\n\t\t\t\t<section class=\"elementor-section elementor-top-section elementor-element elementor-element-2ba0f05 elementor-section-boxed elementor-section-height-default elementor-section-height-default\" data-id=\"2ba0f05\" data-element_type=\"section\">\n\t\t\t\t\t\t<div class=\"elementor-container elementor-column-gap-default\">\n\t\t\t\t\t<div class=\"elementor-column elementor-col-100 elementor-top-column elementor-element elementor-element-64cc3e1\" data-id=\"64cc3e1\" data-element_type=\"column\">\n\t\t\t<div class=\"elementor-widget-wrap elementor-element-populated\">\n\t\t\t\t\t\t<div class=\"elementor-element elementor-element-328d97b elementor-widget__width-initial elementor-absolute elementor-widget elementor-widget-text-editor\" data-id=\"328d97b\" data-element_type=\"widget\" data-settings=\"{&quot;_position&quot;:&quot;absolute&quot;}\" data-widget_type=\"text-editor.default\">\n\t\t\t\t<div class=\"elementor-widget-container\">\n\t\t\t\t\t\t\t<p><strong>Atendimento:<\/strong><span style=\"font-family: georgia, palatino, serif;font-size: 12pt\">das 13h \u00e0s 17h<\/span><\/p>\t\t\t\t\t\t<\/div>\n\t\t\t\t<\/div>\n\t\t\t\t\t<\/div>\n\t\t<\/div>\n\t\t\t\t\t<\/div>\n\t\t<\/section>\n\t\t\t\t<section class=\"elementor-section elementor-top-section elementor-element elementor-element-44ec79f elementor-section-boxed elementor-section-height-default elementor-section-height-default\" data-id=\"44ec79f\" data-element_type=\"section\">\n\t\t\t\t\t\t<div class=\"elementor-container elementor-column-gap-default\">\n\t\t\t\t\t<div class=\"elementor-column elementor-col-100 elementor-top-column elementor-element elementor-element-1e5f2ed\" data-id=\"1e5f2ed\" data-element_type=\"column\">\n\t\t\t<div class=\"elementor-widget-wrap elementor-element-populated\">\n\t\t\t\t\t\t<div class=\"elementor-element elementor-element-d545991 elementor-widget__width-initial elementor-absolute elementor-view-default elementor-widget elementor-widget-icon\" data-id=\"d545991\" data-element_type=\"widget\" data-settings=\"{&quot;_position&quot;:&quot;absolute&quot;}\" data-widget_type=\"icon.default\">\n\t\t\t\t<div class=\"elementor-widget-container\">\n\t\t\t\t\t<div class=\"elementor-icon-wrapper\">\n\t\t\t<div class=\"elementor-icon\">\n\t\t\t<i aria-hidden=\"true\" class=\"fas fa-phone-alt\"><\/i>\t\t\t<\/div>\n\t\t<\/div>\n\t\t\t\t<\/div>\n\t\t\t\t<\/div>\n\t\t\t\t\t<\/div>\n\t\t<\/div>\n\t\t\t\t\t<\/div>\n\t\t<\/section>\n\t\t\t\t<section class=\"elementor-section elementor-top-section elementor-element elementor-element-198fdd6 elementor-section-boxed elementor-section-height-default elementor-section-height-default\" data-id=\"198fdd6\" data-element_type=\"section\">\n\t\t\t\t\t\t<div class=\"elementor-container elementor-column-gap-default\">\n\t\t\t\t\t<div class=\"elementor-column elementor-col-100 elementor-top-column elementor-element elementor-element-7c0c0f9\" data-id=\"7c0c0f9\" data-element_type=\"column\">\n\t\t\t<div class=\"elementor-widget-wrap elementor-element-populated\">\n\t\t\t\t\t\t<div class=\"elementor-element elementor-element-cc8d246 elementor-widget__width-initial elementor-absolute elementor-widget elementor-widget-text-editor\" data-id=\"cc8d246\" data-element_type=\"widget\" data-settings=\"{&quot;_position&quot;:&quot;absolute&quot;}\" data-widget_type=\"text-editor.default\">\n\t\t\t\t<div class=\"elementor-widget-container\">\n\t\t\t\t\t\t\t<p><strong>Telefone: <\/strong>3220 \u2013 8373<\/p>\t\t\t\t\t\t<\/div>\n\t\t\t\t<\/div>\n\t\t\t\t\t<\/div>\n\t\t<\/div>\n\t\t\t\t\t<\/div>\n\t\t<\/section>\n\t\t\t\t<section class=\"elementor-section elementor-top-section elementor-element elementor-element-f96a376 elementor-section-boxed elementor-section-height-default elementor-section-height-default\" data-id=\"f96a376\" data-element_type=\"section\">\n\t\t\t\t\t\t<div class=\"elementor-container elementor-column-gap-default\">\n\t\t\t\t\t<div class=\"elementor-column elementor-col-100 elementor-top-column elementor-element elementor-element-165fde4\" data-id=\"165fde4\" data-element_type=\"column\">\n\t\t\t<div class=\"elementor-widget-wrap elementor-element-populated\">\n\t\t\t\t\t\t<div class=\"elementor-element elementor-element-d5ab82e elementor-widget__width-initial elementor-absolute elementor-view-default elementor-widget elementor-widget-icon\" data-id=\"d5ab82e\" data-element_type=\"widget\" data-settings=\"{&quot;_position&quot;:&quot;absolute&quot;}\" data-widget_type=\"icon.default\">\n\t\t\t\t<div class=\"elementor-widget-container\">\n\t\t\t\t\t<div class=\"elementor-icon-wrapper\">\n\t\t\t<div class=\"elementor-icon\">\n\t\t\t<i aria-hidden=\"true\" class=\"fas fa-map-marker-alt\"><\/i>\t\t\t<\/div>\n\t\t<\/div>\n\t\t\t\t<\/div>\n\t\t\t\t<\/div>\n\t\t\t\t\t<\/div>\n\t\t<\/div>\n\t\t\t\t\t<\/div>\n\t\t<\/section>\n\t\t\t\t<section class=\"elementor-section elementor-top-section elementor-element elementor-element-13368bc elementor-section-boxed elementor-section-height-default elementor-section-height-default\" data-id=\"13368bc\" data-element_type=\"section\">\n\t\t\t\t\t\t<div class=\"elementor-container elementor-column-gap-default\">\n\t\t\t\t\t<div class=\"elementor-column elementor-col-100 elementor-top-column elementor-element elementor-element-2c018a3\" data-id=\"2c018a3\" data-element_type=\"column\">\n\t\t\t<div class=\"elementor-widget-wrap elementor-element-populated\">\n\t\t\t\t\t\t<div class=\"elementor-element elementor-element-19e08ef elementor-widget__width-initial elementor-absolute elementor-widget elementor-widget-text-editor\" data-id=\"19e08ef\" data-element_type=\"widget\" data-settings=\"{&quot;_position&quot;:&quot;absolute&quot;}\" data-widget_type=\"text-editor.default\">\n\t\t\t\t<div class=\"elementor-widget-container\">\n\t\t\t\t\t\t\t<p><strong>Endere\u00e7o:\u00a0<\/strong>Localiza-se no pr\u00e9dio 48A, no Campus Sede.<\/p>\t\t\t\t\t\t<\/div>\n\t\t\t\t<\/div>\n\t\t\t\t\t<\/div>\n\t\t<\/div>\n\t\t\t\t\t<\/div>\n\t\t<\/section>\n\t\t\t\t<\/div>\n\t\t","protected":false},"excerpt":{"rendered":"<p>A presta\u00e7\u00e3o de contas da administra\u00e7\u00e3o p\u00fablica \u00e9 um dever\u00a0por for\u00e7a da Constitui\u00e7\u00e3o da Rep\u00fablica Federativa do Brasil de 1988, conforme consta no\u00a0artigo 70, par\u00e1grafo \u00fanico. Observa-se, inclusive, como\u00a0um princ\u00edpio fundamental da ordem constitucional brasileira, previsto no artigo 34, inciso VII, al\u00ednea \u201cd\u201d. Todo \u00f3rg\u00e3o, entidade ou pessoa f\u00edsica que receber recurso p\u00fablico \u00e9 obrigado [&hellip;]<\/p>\n","protected":false},"author":117,"featured_media":0,"parent":0,"menu_order":0,"comment_status":"closed","ping_status":"closed","template":"","meta":{"footnotes":""},"categories":[],"tags":[],"class_list":["post-19","page","type-page","status-publish","hentry"],"acf":[],"_links":{"self":[{"href":"https:\/\/www.ufsm.br\/orgaos-executivos\/dcf\/wp-json\/wp\/v2\/pages\/19","targetHints":{"allow":["GET"]}}],"collection":[{"href":"https:\/\/www.ufsm.br\/orgaos-executivos\/dcf\/wp-json\/wp\/v2\/pages"}],"about":[{"href":"https:\/\/www.ufsm.br\/orgaos-executivos\/dcf\/wp-json\/wp\/v2\/types\/page"}],"author":[{"embeddable":true,"href":"https:\/\/www.ufsm.br\/orgaos-executivos\/dcf\/wp-json\/wp\/v2\/users\/117"}],"replies":[{"embeddable":true,"href":"https:\/\/www.ufsm.br\/orgaos-executivos\/dcf\/wp-json\/wp\/v2\/comments?post=19"}],"version-history":[{"count":0,"href":"https:\/\/www.ufsm.br\/orgaos-executivos\/dcf\/wp-json\/wp\/v2\/pages\/19\/revisions"}],"wp:attachment":[{"href":"https:\/\/www.ufsm.br\/orgaos-executivos\/dcf\/wp-json\/wp\/v2\/media?parent=19"}],"wp:term":[{"taxonomy":"category","embeddable":true,"href":"https:\/\/www.ufsm.br\/orgaos-executivos\/dcf\/wp-json\/wp\/v2\/categories?post=19"},{"taxonomy":"post_tag","embeddable":true,"href":"https:\/\/www.ufsm.br\/orgaos-executivos\/dcf\/wp-json\/wp\/v2\/tags?post=19"}],"curies":[{"name":"wp","href":"https:\/\/api.w.org\/{rel}","templated":true}]}}