{"id":208,"date":"2018-09-14T10:28:48","date_gmt":"2018-09-14T13:28:48","guid":{"rendered":"https:\/\/www.ufsm.br\/orgaos-executivos\/dcf\/?page_id=208"},"modified":"2021-07-09T09:34:39","modified_gmt":"2021-07-09T12:34:39","slug":"relacao-dos-convenios","status":"publish","type":"page","link":"https:\/\/www.ufsm.br\/orgaos-executivos\/dcf\/relacao-dos-convenios","title":{"rendered":"Rela\u00e7\u00e3o dos Conv\u00eanios"},"content":{"rendered":"\t\t<div data-elementor-type=\"wp-page\" data-elementor-id=\"208\" class=\"elementor elementor-208\">\n\t\t\t\t\t\t<section class=\"elementor-section elementor-top-section elementor-element elementor-element-6575cb39 elementor-section-boxed elementor-section-height-default elementor-section-height-default\" data-id=\"6575cb39\" data-element_type=\"section\">\n\t\t\t\t\t\t<div class=\"elementor-container elementor-column-gap-default\">\n\t\t\t\t\t<div class=\"elementor-column elementor-col-100 elementor-top-column elementor-element elementor-element-6708b745\" data-id=\"6708b745\" data-element_type=\"column\">\n\t\t\t<div class=\"elementor-widget-wrap elementor-element-populated\">\n\t\t\t\t\t\t<div class=\"elementor-element elementor-element-1818d4be elementor-widget elementor-widget-text-editor\" data-id=\"1818d4be\" data-element_type=\"widget\" data-widget_type=\"text-editor.default\">\n\t\t\t\t<div class=\"elementor-widget-container\">\n\t\t\t\t\t\t\t<div class=\"item-page\">\r\n<div>\r\n\r\n<span style=\"font-size: 12pt\">Para o entendimento dos relat\u00f3rios abaixo disponibilizados, considera-se:<\/span>\r\n<ol>\r\n \t<li><span style=\"font-size: 12pt\"><strong>Concedente<\/strong>: \u00f3rg\u00e3o ou entidade da administra\u00e7\u00e3o p\u00fablica federal, direta ou indireta, respons\u00e1vel pela transfer\u00eancia dos recursos financeiros e pela descentraliza\u00e7\u00e3o dos cr\u00e9ditos or\u00e7ament\u00e1rios destinados \u00e0 execu\u00e7\u00e3o do objeto do conv\u00eanio;<\/span><\/li>\r\n \t<li><span style=\"font-size: 12pt\"><strong>Convenente<\/strong>: \u00f3rg\u00e3o ou entidade da administra\u00e7\u00e3o p\u00fablica direta ou indireta, de qualquer esfera de governo, cons\u00f3rcio p\u00fablico ou entidade privada sem fins lucrativos, com a qual a administra\u00e7\u00e3o p\u00fablica federal pactua a execu\u00e7\u00e3o de programas, projetos e atividades de interesse rec\u00edproco; tamb\u00e9m entendido como contratado no \u00e2mbito do Contrato de Repasse;<\/span><\/li>\r\n \t<li><span style=\"font-size: 12pt\"><strong>Conv\u00eanio<\/strong>: acordo ou ajuste que discipline a transfer\u00eancia de recursos financeiros de dota\u00e7\u00f5es consignadas nos Or\u00e7amentos Fiscal e da Seguridade Social da Uni\u00e3o e tenha como part\u00edcipe, de um lado, \u00f3rg\u00e3o ou entidade da administra\u00e7\u00e3o p\u00fablica federal, direta ou indireta, e, de outro lado, \u00f3rg\u00e3o ou entidade da administra\u00e7\u00e3o p\u00fablica estadual, do Distrito Federal ou municipal, direta ou indireta, cons\u00f3rcios p\u00fablicos, ou ainda, entidades privadas sem fins lucrativos, visando \u00e0 execu\u00e7\u00e3o de programa de governo, envolvendo a realiza\u00e7\u00e3o de projeto, atividade, servi\u00e7o, aquisi\u00e7\u00e3o de bens ou evento de interesse rec\u00edproco, em regime de m\u00fatua coopera\u00e7\u00e3o.<\/span><\/li>\r\n<\/ol>\r\n&nbsp;\r\n\r\n<span style=\"font-size: 12pt\"><strong>Relat\u00f3rios dispon\u00edveis para consulta, posi\u00e7\u00e3o em 31\/12\/2017:<\/strong><\/span>\r\n<h6><span style=\"font-size: 12pt\"><strong>1. Rela\u00e7\u00e3o dos conv\u00eanios firmados entre UFSM e Funda\u00e7\u00e3o de Apoio \u00e0 Tecnologia e Ci\u00eancia\/FATEC;<\/strong><\/span><\/h6>\r\n<span style=\"font-size: 12pt\">A rela\u00e7\u00e3o ser\u00e1 disponibilizada em breve.<\/span>\r\n\r\n&nbsp;\r\n<h6><span style=\"font-size: 12pt\"><strong>2. Rela\u00e7\u00e3o dos conv\u00eanios firmados entre UFSM e Munic\u00edpios;<\/strong><\/span><\/h6>\r\n<span style=\"font-size: 12pt\">A rela\u00e7\u00e3o ser\u00e1 disponibilizada em breve.<\/span>\r\n\r\n&nbsp;\r\n<h6><span style=\"font-size: 12pt\"><a href=\"https:\/\/www.ufsm.br\/orgaos-executivos\/dcf\/wp-content\/uploads\/sites\/407\/2018\/09\/Relao_dos_Convnios_Estado.pdf\" target=\"_blank\" rel=\"noopener\">3. Rela\u00e7\u00e3o dos conv\u00eanios firmados entre UFSM e o Estado do Rio Grande do Sul;<\/a><\/span><\/h6>\r\n<\/div>\r\n<\/div>\t\t\t\t\t\t<\/div>\n\t\t\t\t<\/div>\n\t\t\t\t\t<\/div>\n\t\t<\/div>\n\t\t\t\t\t<\/div>\n\t\t<\/section>\n\t\t\t\t<\/div>\n\t\t","protected":false},"excerpt":{"rendered":"<p>Para o entendimento dos relat\u00f3rios abaixo disponibilizados, considera-se: Concedente: \u00f3rg\u00e3o ou entidade da administra\u00e7\u00e3o p\u00fablica federal, direta ou indireta, respons\u00e1vel pela transfer\u00eancia dos recursos financeiros e pela descentraliza\u00e7\u00e3o dos cr\u00e9ditos or\u00e7ament\u00e1rios destinados \u00e0 execu\u00e7\u00e3o do objeto do conv\u00eanio; Convenente: \u00f3rg\u00e3o ou entidade da administra\u00e7\u00e3o p\u00fablica direta ou indireta, de qualquer esfera de governo, cons\u00f3rcio p\u00fablico [&hellip;]<\/p>\n","protected":false},"author":194,"featured_media":0,"parent":0,"menu_order":0,"comment_status":"closed","ping_status":"closed","template":"","meta":{"footnotes":""},"categories":[],"tags":[],"class_list":["post-208","page","type-page","status-publish","hentry"],"acf":[],"_links":{"self":[{"href":"https:\/\/www.ufsm.br\/orgaos-executivos\/dcf\/wp-json\/wp\/v2\/pages\/208","targetHints":{"allow":["GET"]}}],"collection":[{"href":"https:\/\/www.ufsm.br\/orgaos-executivos\/dcf\/wp-json\/wp\/v2\/pages"}],"about":[{"href":"https:\/\/www.ufsm.br\/orgaos-executivos\/dcf\/wp-json\/wp\/v2\/types\/page"}],"author":[{"embeddable":true,"href":"https:\/\/www.ufsm.br\/orgaos-executivos\/dcf\/wp-json\/wp\/v2\/users\/194"}],"replies":[{"embeddable":true,"href":"https:\/\/www.ufsm.br\/orgaos-executivos\/dcf\/wp-json\/wp\/v2\/comments?post=208"}],"version-history":[{"count":0,"href":"https:\/\/www.ufsm.br\/orgaos-executivos\/dcf\/wp-json\/wp\/v2\/pages\/208\/revisions"}],"wp:attachment":[{"href":"https:\/\/www.ufsm.br\/orgaos-executivos\/dcf\/wp-json\/wp\/v2\/media?parent=208"}],"wp:term":[{"taxonomy":"category","embeddable":true,"href":"https:\/\/www.ufsm.br\/orgaos-executivos\/dcf\/wp-json\/wp\/v2\/categories?post=208"},{"taxonomy":"post_tag","embeddable":true,"href":"https:\/\/www.ufsm.br\/orgaos-executivos\/dcf\/wp-json\/wp\/v2\/tags?post=208"}],"curies":[{"name":"wp","href":"https:\/\/api.w.org\/{rel}","templated":true}]}}