{"id":211,"date":"2018-09-14T10:34:00","date_gmt":"2018-09-14T13:34:00","guid":{"rendered":"https:\/\/www.ufsm.br\/orgaos-executivos\/dcf\/?page_id=211"},"modified":"2021-07-09T09:41:41","modified_gmt":"2021-07-09T12:41:41","slug":"relacao-dos-contratos","status":"publish","type":"page","link":"https:\/\/www.ufsm.br\/orgaos-executivos\/dcf\/relacao-dos-contratos","title":{"rendered":"Rela\u00e7\u00e3o dos Contratos"},"content":{"rendered":"\t\t<div data-elementor-type=\"wp-page\" data-elementor-id=\"211\" class=\"elementor elementor-211\">\n\t\t\t\t\t\t<section class=\"elementor-section elementor-top-section elementor-element elementor-element-3625601a elementor-section-boxed elementor-section-height-default elementor-section-height-default\" data-id=\"3625601a\" data-element_type=\"section\">\n\t\t\t\t\t\t<div class=\"elementor-container elementor-column-gap-default\">\n\t\t\t\t\t<div class=\"elementor-column elementor-col-100 elementor-top-column elementor-element elementor-element-e7d9863\" data-id=\"e7d9863\" data-element_type=\"column\">\n\t\t\t<div class=\"elementor-widget-wrap elementor-element-populated\">\n\t\t\t\t\t\t<div class=\"elementor-element elementor-element-1ffdad05 elementor-widget elementor-widget-text-editor\" data-id=\"1ffdad05\" data-element_type=\"widget\" data-widget_type=\"text-editor.default\">\n\t\t\t\t<div class=\"elementor-widget-container\">\n\t\t\t\t\t\t\t<span style=\"font-size: 12pt\">De acordo com a\u00a0<a href=\"http:\/\/www.planalto.gov.br\/ccivil_03\/leis\/L8666cons.htm\" target=\"_blank\" rel=\"noopener\">Lei n.\u00ba 8.666, de 21 de junho de 1993<\/a>, considera-se:<\/span>\r\n<ol>\r\n \t<li><span style=\"font-size: 12pt\"><strong>Contrato<\/strong>: todo e qualquer ajuste entre \u00f3rg\u00e3os ou entidades da Administra\u00e7\u00e3o P\u00fablica e particulares, em que haja um acordo de vontades para a forma\u00e7\u00e3o de v\u00ednculo e a estipula\u00e7\u00e3o de obriga\u00e7\u00f5es rec\u00edprocas, seja qual for a denomina\u00e7\u00e3o utilizada.<\/span><\/li>\r\n \t<li><span style=\"font-size: 12pt\"><strong>Contratado<\/strong>: a pessoa f\u00edsica ou jur\u00eddica signat\u00e1ria de contrato com a Administra\u00e7\u00e3o P\u00fablica;<\/span><\/li>\r\n \t<li><span style=\"font-size: 12pt\"><strong>Contratante<\/strong>: \u00e9 o \u00f3rg\u00e3o ou entidade signat\u00e1ria do instrumento contratual;<\/span><\/li>\r\n<\/ol>\r\n<span style=\"font-size: 12pt\">O relat\u00f3rio abaixo disponibilizado refere-se,\u00a0<strong>especificamente, aos contratos firmados entre Universidade Federal de Santa Maria e Funda\u00e7\u00e3o de Apoio \u00e0 Tecnologia e Ci\u00eancia, FATEC,<\/strong>\u00a0tendo em vista que:\u00a0<\/span>\r\n\r\n<span style=\"font-size: 12pt\">1. A FATEC \u00e9 uma entidade de direito privado, sem fins lucrativos que tem como objetivo b\u00e1sico dar o suporte ao desenvolvimento da tecnologia, das ci\u00eancias e das artes, pelo apoio \u00e0s atividades de ensino, pesquisa e extens\u00e3o da Universidade Federal de Santa Maria \u2013 UFSM, pelo assessoramento \u00e0 elabora\u00e7\u00e3o de projetos e administra\u00e7\u00e3o dos recursos obtidos.<\/span>\r\n\r\n<span style=\"font-size: 12pt\">2. Os objetivos estatut\u00e1rios da FATEC s\u00e3o:<\/span>\r\n<ul>\r\n \t<li><span style=\"font-size: 12pt\">Promo\u00e7\u00e3o da integra\u00e7\u00e3o Universidade-Empresa-Estado;<\/span><\/li>\r\n \t<li><span style=\"font-size: 12pt\">Institui\u00e7\u00e3o de bolsas de estudo e de investiga\u00e7\u00e3o cient\u00edfica para o aprimoramento de recursos humanos;<\/span><\/li>\r\n \t<li><span style=\"font-size: 12pt\">Promo\u00e7\u00e3o de estudos, pesquisas e presta\u00e7\u00e3o de servi\u00e7os para \u00f3rg\u00e3os p\u00fablicos e privados;<\/span><\/li>\r\n \t<li><span style=\"font-size: 12pt\">Articula\u00e7\u00e3o com entidades p\u00fablicas ou privadas, nacionais ou estrangeiras, visando a forma de\u00a0colabora\u00e7\u00e3o, contratos ou conv\u00eanios, para a execu\u00e7\u00e3o de programas e atividades de forma\u00e7\u00e3o e\u00a0aperfei\u00e7oamento;<\/span><\/li>\r\n \t<li><span style=\"font-size: 12pt\">Capacita\u00e7\u00e3o e valoriza\u00e7\u00e3o de recursos humanos vinculados ou de interesse do desenvolvimento\u00a0tecnol\u00f3gico e da pesquisa, dentro de seu programa de a\u00e7\u00e3o.\u00a0<\/span><\/li>\r\n<\/ul>\r\n&nbsp;\r\n\r\n<span style=\"font-size: 12pt\"><strong>Relat\u00f3rio dispon\u00edvel para consulta, posi\u00e7\u00e3o em 31\/12\/2017:<\/strong>\u00a0<\/span>\r\n<h6><span style=\"font-size: 12pt\">1. Rela\u00e7\u00e3o dos contratos firmados entre UFSM e Funda\u00e7\u00e3o de Apoio \u00e0 Tecnologia e Ci\u00eancia\/FATEC<\/span><\/h6>\r\n<span style=\"font-size: 12pt\">A rela\u00e7\u00e3o ser\u00e1 disponibilizada em breve.<\/span>\t\t\t\t\t\t<\/div>\n\t\t\t\t<\/div>\n\t\t\t\t\t<\/div>\n\t\t<\/div>\n\t\t\t\t\t<\/div>\n\t\t<\/section>\n\t\t\t\t<\/div>\n\t\t","protected":false},"excerpt":{"rendered":"<p>De acordo com a\u00a0Lei n.\u00ba 8.666, de 21 de junho de 1993, considera-se: Contrato: todo e qualquer ajuste entre \u00f3rg\u00e3os ou entidades da Administra\u00e7\u00e3o P\u00fablica e particulares, em que haja um acordo de vontades para a forma\u00e7\u00e3o de v\u00ednculo e a estipula\u00e7\u00e3o de obriga\u00e7\u00f5es rec\u00edprocas, seja qual for a denomina\u00e7\u00e3o utilizada. Contratado: a pessoa f\u00edsica [&hellip;]<\/p>\n","protected":false},"author":194,"featured_media":0,"parent":0,"menu_order":0,"comment_status":"closed","ping_status":"closed","template":"","meta":{"footnotes":""},"categories":[],"tags":[],"class_list":["post-211","page","type-page","status-publish","hentry"],"acf":[],"_links":{"self":[{"href":"https:\/\/www.ufsm.br\/orgaos-executivos\/dcf\/wp-json\/wp\/v2\/pages\/211","targetHints":{"allow":["GET"]}}],"collection":[{"href":"https:\/\/www.ufsm.br\/orgaos-executivos\/dcf\/wp-json\/wp\/v2\/pages"}],"about":[{"href":"https:\/\/www.ufsm.br\/orgaos-executivos\/dcf\/wp-json\/wp\/v2\/types\/page"}],"author":[{"embeddable":true,"href":"https:\/\/www.ufsm.br\/orgaos-executivos\/dcf\/wp-json\/wp\/v2\/users\/194"}],"replies":[{"embeddable":true,"href":"https:\/\/www.ufsm.br\/orgaos-executivos\/dcf\/wp-json\/wp\/v2\/comments?post=211"}],"version-history":[{"count":0,"href":"https:\/\/www.ufsm.br\/orgaos-executivos\/dcf\/wp-json\/wp\/v2\/pages\/211\/revisions"}],"wp:attachment":[{"href":"https:\/\/www.ufsm.br\/orgaos-executivos\/dcf\/wp-json\/wp\/v2\/media?parent=211"}],"wp:term":[{"taxonomy":"category","embeddable":true,"href":"https:\/\/www.ufsm.br\/orgaos-executivos\/dcf\/wp-json\/wp\/v2\/categories?post=211"},{"taxonomy":"post_tag","embeddable":true,"href":"https:\/\/www.ufsm.br\/orgaos-executivos\/dcf\/wp-json\/wp\/v2\/tags?post=211"}],"curies":[{"name":"wp","href":"https:\/\/api.w.org\/{rel}","templated":true}]}}