{"id":2786,"date":"2026-03-16T12:35:39","date_gmt":"2026-03-16T15:35:39","guid":{"rendered":"https:\/\/www.ufsm.br\/orgaos-executivos\/dcf\/?page_id=2786"},"modified":"2026-04-08T12:08:45","modified_gmt":"2026-04-08T15:08:45","slug":"certidoes-federais","status":"publish","type":"page","link":"https:\/\/www.ufsm.br\/orgaos-executivos\/dcf\/certidoes-federais","title":{"rendered":"Certid\u00f5es Federais"},"content":{"rendered":"\t\t<div data-elementor-type=\"wp-page\" data-elementor-id=\"2786\" class=\"elementor elementor-2786\">\n\t\t\t\t\t\t<section class=\"elementor-section elementor-top-section elementor-element elementor-element-3f566052 elementor-section-boxed elementor-section-height-default elementor-section-height-default\" data-id=\"3f566052\" data-element_type=\"section\">\n\t\t\t\t\t\t<div class=\"elementor-container elementor-column-gap-default\">\n\t\t\t\t\t<div class=\"elementor-column elementor-col-100 elementor-top-column elementor-element elementor-element-599e921e\" data-id=\"599e921e\" data-element_type=\"column\">\n\t\t\t<div class=\"elementor-widget-wrap elementor-element-populated\">\n\t\t\t\t\t\t<div class=\"elementor-element elementor-element-4e9ecac3 elementor-widget elementor-widget-text-editor\" data-id=\"4e9ecac3\" data-element_type=\"widget\" data-widget_type=\"text-editor.default\">\n\t\t\t\t<div class=\"elementor-widget-container\">\n\t\t\t\t\t\t\t<hr class=\"wp-block-separator has-alpha-channel-opacity\" \/>\n<p><!-- \/wp:separator --><!-- wp:table --><\/p>\n<figure class=\"wp-block-table\">\n<table class=\"has-fixed-layout\" style=\"width: 107.075%;height: 200px\">\n<tbody>\n<tr style=\"height: 24px\">\n<td style=\"height: 24px;width: 100%\"><a href=\"https:\/\/www.ufsm.br\/app\/uploads\/sites\/407\/2025\/11\/Certidao-Negativa-de-Debitos-Trabalhista-validade-24.05.2026.pdf\"><strong>Certid\u00e3o de Negativa de D\u00e9bitos Trabalhistas<\/strong><\/a><\/td>\n<\/tr>\n<tr style=\"height: 24px\">\n<td style=\"height: 24px;width: 100%\"><a href=\"https:\/\/www.ufsm.br\/app\/uploads\/sites\/407\/2026\/03\/Certificado-de-Regularidade-do-FGTS-CRF-Vigencia-de-24.02.2026-a-25.03.2026.pdf\"><strong>Certificado de Regularidade do FGTS- CRF<\/strong><\/a><\/td>\n<\/tr>\n<tr style=\"height: 24px\">\n<td style=\"height: 24px;width: 100%\"><a href=\"https:\/\/www.ufsm.br\/app\/uploads\/sites\/407\/2026\/02\/Certidao-Negativa-de-Contas-Julgadas-e-Irregulares-TCU-Valida-ate-02.04.2026.pdf\"><strong>Certid\u00e3o Negativa de Contas Julgadas Irregulares (TCU)<\/strong><\/a><\/td>\n<\/tr>\n<tr style=\"height: 48px\">\n<td style=\"height: 48px;width: 100%\"><a href=\"https:\/\/www.ufsm.br\/app\/uploads\/sites\/407\/2026\/02\/Certidao-Negativa-de-Improbidade-Administrativa-e-Inelegibilidade-Acesso-em-19.02.2026-Validade-02.04.2026.pdf\"><strong>Certid\u00e3o Negativa de Improbidade Administrativa e Inelegibilidade<\/strong><\/a><\/td>\n<\/tr>\n<tr style=\"height: 24px\">\n<td style=\"height: 24px;width: 100%\"><a href=\"https:\/\/www.ufsm.br\/app\/uploads\/sites\/407\/2026\/02\/Certidao-Negativa-de-Licitantes-Inidoneos-Validade-02.04.2026.pdf\"><strong>Certid\u00e3o Negativa de Licitantes Inid\u00f4neos\u00a0<\/strong><\/a><\/td>\n<\/tr>\n<tr style=\"height: 24px\">\n<td style=\"height: 24px;width: 100%\"><a href=\"https:\/\/www.ufsm.br\/app\/uploads\/sites\/407\/2026\/02\/Certidao-Positiva-com-Efeitos-de-Negativa-de-Debitos-Relativos-aos-Tributos-Federais-e-Divida-Ativa-da-Uniao-Validade-14-08-2026.pdf\"><strong>Regularidade com a Fazenda Federal <\/strong><\/a><\/td>\n<\/tr>\n<tr style=\"height: 32px\">\n<td style=\"width: 100%;height: 32px\">\n<p><strong><a href=\"https:\/\/www.ufsm.br\/app\/uploads\/sites\/407\/2026\/04\/Consulta-CADIN-Uniao-Acesso-em-08.04.2026.pdf\">Consulta CADIN Uni\u00e3o<\/a><\/strong><\/p>\n<\/td>\n<\/tr>\n<\/tbody>\n<\/table>\n<\/figure>\n<p><!-- \/wp:paragraph --><\/p>\t\t\t\t\t\t<\/div>\n\t\t\t\t<\/div>\n\t\t\t\t\t<\/div>\n\t\t<\/div>\n\t\t\t\t\t<\/div>\n\t\t<\/section>\n\t\t\t\t<\/div>\n\t\t","protected":false},"excerpt":{"rendered":"<p>Certid\u00e3o de Negativa de D\u00e9bitos Trabalhistas Certificado de Regularidade do FGTS- CRF Certid\u00e3o Negativa de Contas Julgadas Irregulares (TCU) Certid\u00e3o Negativa de Improbidade Administrativa e Inelegibilidade Certid\u00e3o Negativa de Licitantes Inid\u00f4neos\u00a0 Regularidade com a Fazenda Federal Consulta CADIN Uni\u00e3o<\/p>\n","protected":false},"author":9037,"featured_media":0,"parent":0,"menu_order":0,"comment_status":"closed","ping_status":"closed","template":"","meta":{"footnotes":""},"categories":[],"tags":[],"class_list":["post-2786","page","type-page","status-publish","hentry"],"acf":[],"_links":{"self":[{"href":"https:\/\/www.ufsm.br\/orgaos-executivos\/dcf\/wp-json\/wp\/v2\/pages\/2786","targetHints":{"allow":["GET"]}}],"collection":[{"href":"https:\/\/www.ufsm.br\/orgaos-executivos\/dcf\/wp-json\/wp\/v2\/pages"}],"about":[{"href":"https:\/\/www.ufsm.br\/orgaos-executivos\/dcf\/wp-json\/wp\/v2\/types\/page"}],"author":[{"embeddable":true,"href":"https:\/\/www.ufsm.br\/orgaos-executivos\/dcf\/wp-json\/wp\/v2\/users\/9037"}],"replies":[{"embeddable":true,"href":"https:\/\/www.ufsm.br\/orgaos-executivos\/dcf\/wp-json\/wp\/v2\/comments?post=2786"}],"version-history":[{"count":0,"href":"https:\/\/www.ufsm.br\/orgaos-executivos\/dcf\/wp-json\/wp\/v2\/pages\/2786\/revisions"}],"wp:attachment":[{"href":"https:\/\/www.ufsm.br\/orgaos-executivos\/dcf\/wp-json\/wp\/v2\/media?parent=2786"}],"wp:term":[{"taxonomy":"category","embeddable":true,"href":"https:\/\/www.ufsm.br\/orgaos-executivos\/dcf\/wp-json\/wp\/v2\/categories?post=2786"},{"taxonomy":"post_tag","embeddable":true,"href":"https:\/\/www.ufsm.br\/orgaos-executivos\/dcf\/wp-json\/wp\/v2\/tags?post=2786"}],"curies":[{"name":"wp","href":"https:\/\/api.w.org\/{rel}","templated":true}]}}