{"id":2899,"date":"2026-03-13T14:31:38","date_gmt":"2026-03-13T17:31:38","guid":{"rendered":"https:\/\/www.ufsm.br\/orgaos-executivos\/dcf\/?page_id=2899"},"modified":"2026-03-17T14:38:47","modified_gmt":"2026-03-17T17:38:47","slug":"regularidade-institucional","status":"publish","type":"page","link":"https:\/\/www.ufsm.br\/orgaos-executivos\/dcf\/regularidade-institucional","title":{"rendered":"Regularidade Institucional"},"content":{"rendered":"\t\t<div data-elementor-type=\"wp-page\" data-elementor-id=\"2899\" class=\"elementor elementor-2899\">\n\t\t\t\t\t\t<section class=\"elementor-section elementor-top-section elementor-element elementor-element-9f5e651 elementor-section-boxed elementor-section-height-default elementor-section-height-default\" data-id=\"9f5e651\" data-element_type=\"section\">\n\t\t\t\t\t\t<div class=\"elementor-container elementor-column-gap-default\">\n\t\t\t\t\t<div class=\"elementor-column elementor-col-33 elementor-top-column elementor-element elementor-element-9a9d7c8\" data-id=\"9a9d7c8\" data-element_type=\"column\">\n\t\t\t<div class=\"elementor-widget-wrap elementor-element-populated\">\n\t\t\t\t\t\t<div class=\"elementor-element elementor-element-2e34c69 elementor-widget elementor-widget-image\" data-id=\"2e34c69\" data-element_type=\"widget\" data-widget_type=\"image.default\">\n\t\t\t\t<div class=\"elementor-widget-container\">\n\t\t\t\t\t\t\t\t\t\t<figure class=\"wp-caption\">\n\t\t\t\t\t\t\t\t\t\t\t<a href=\"https:\/\/www.ufsm.br\/orgaos-executivos\/dcf\/certidoes-federais\">\n\t\t\t\t\t\t\t<img decoding=\"async\" src=\"https:\/\/www.ufsm.br\/app\/uploads\/sites\/407\/2026\/03\/Brasil-cinza.png\" title=\"Brasil cinza\" alt=\"Brasil cinza\" loading=\"lazy\" \/>\t\t\t\t\t\t\t\t<\/a>\n\t\t\t\t\t\t\t\t\t\t\t<figcaption class=\"widget-image-caption wp-caption-text\">Certid\u00f5es Federais<\/figcaption>\n\t\t\t\t\t\t\t\t\t\t<\/figure>\n\t\t\t\t\t\t\t<\/div>\n\t\t\t\t<\/div>\n\t\t\t\t\t<\/div>\n\t\t<\/div>\n\t\t\t\t<div class=\"elementor-column elementor-col-33 elementor-top-column elementor-element elementor-element-d902843\" data-id=\"d902843\" data-element_type=\"column\">\n\t\t\t<div class=\"elementor-widget-wrap elementor-element-populated\">\n\t\t\t\t\t\t<div class=\"elementor-element elementor-element-800a941 elementor-widget elementor-widget-image\" data-id=\"800a941\" data-element_type=\"widget\" data-widget_type=\"image.default\">\n\t\t\t\t<div class=\"elementor-widget-container\">\n\t\t\t\t\t\t\t\t\t\t<figure class=\"wp-caption\">\n\t\t\t\t\t\t\t\t\t\t\t<a href=\"https:\/\/www.ufsm.br\/orgaos-executivos\/dcf\/certidoes-estaduais\">\n\t\t\t\t\t\t\t<img fetchpriority=\"high\" decoding=\"async\" width=\"225\" height=\"225\" src=\"https:\/\/www.ufsm.br\/app\/uploads\/sites\/407\/2026\/03\/rs-azul-esverdeado.png\" class=\"attachment-large size-large wp-image-2937\" alt=\"\" srcset=\"https:\/\/www.ufsm.br\/app\/uploads\/sites\/407\/2026\/03\/rs-azul-esverdeado.png 225w, https:\/\/www.ufsm.br\/app\/uploads\/sites\/407\/2026\/03\/rs-azul-esverdeado-150x150.png 150w\" sizes=\"(max-width: 225px) 100vw, 225px\" \/>\t\t\t\t\t\t\t\t<\/a>\n\t\t\t\t\t\t\t\t\t\t\t<figcaption class=\"widget-image-caption wp-caption-text\">Certid\u00f5es Estaduais<\/figcaption>\n\t\t\t\t\t\t\t\t\t\t<\/figure>\n\t\t\t\t\t\t\t<\/div>\n\t\t\t\t<\/div>\n\t\t\t\t\t<\/div>\n\t\t<\/div>\n\t\t\t\t<div class=\"elementor-column elementor-col-33 elementor-top-column elementor-element elementor-element-1593445\" data-id=\"1593445\" data-element_type=\"column\">\n\t\t\t<div class=\"elementor-widget-wrap elementor-element-populated\">\n\t\t\t\t\t\t<div class=\"elementor-element elementor-element-54e7808 elementor-widget elementor-widget-image\" data-id=\"54e7808\" data-element_type=\"widget\" data-widget_type=\"image.default\">\n\t\t\t\t<div class=\"elementor-widget-container\">\n\t\t\t\t\t\t\t\t\t\t<figure class=\"wp-caption\">\n\t\t\t\t\t\t\t\t\t\t\t<a href=\"https:\/\/www.ufsm.br\/orgaos-executivos\/dcf\/certidoes-municipais\">\n\t\t\t\t\t\t\t<img decoding=\"async\" width=\"300\" height=\"225\" src=\"https:\/\/www.ufsm.br\/app\/uploads\/sites\/407\/2026\/03\/mapa-santa-maria-colorido-2-300x225.jpg\" class=\"attachment-medium size-medium wp-image-2940\" alt=\"\" srcset=\"https:\/\/www.ufsm.br\/app\/uploads\/sites\/407\/2026\/03\/mapa-santa-maria-colorido-2-300x225.jpg 300w, https:\/\/www.ufsm.br\/app\/uploads\/sites\/407\/2026\/03\/mapa-santa-maria-colorido-2-768x576.jpg 768w, https:\/\/www.ufsm.br\/app\/uploads\/sites\/407\/2026\/03\/mapa-santa-maria-colorido-2.jpg 960w\" sizes=\"(max-width: 300px) 100vw, 300px\" \/>\t\t\t\t\t\t\t\t<\/a>\n\t\t\t\t\t\t\t\t\t\t\t<figcaption class=\"widget-image-caption wp-caption-text\">Certid\u00f5es Municipais<\/figcaption>\n\t\t\t\t\t\t\t\t\t\t<\/figure>\n\t\t\t\t\t\t\t<\/div>\n\t\t\t\t<\/div>\n\t\t\t\t\t<\/div>\n\t\t<\/div>\n\t\t\t\t\t<\/div>\n\t\t<\/section>\n\t\t\t\t<section class=\"elementor-section elementor-top-section elementor-element elementor-element-dec873d elementor-section-boxed elementor-section-height-default elementor-section-height-default\" data-id=\"dec873d\" data-element_type=\"section\">\n\t\t\t\t\t\t<div class=\"elementor-container elementor-column-gap-default\">\n\t\t\t\t\t<div class=\"elementor-column elementor-col-100 elementor-top-column elementor-element elementor-element-0a6e14d\" data-id=\"0a6e14d\" data-element_type=\"column\">\n\t\t\t<div class=\"elementor-widget-wrap elementor-element-populated\">\n\t\t\t\t\t\t<div class=\"elementor-element elementor-element-ae241ce elementor-widget elementor-widget-text-editor\" data-id=\"ae241ce\" data-element_type=\"widget\" data-widget_type=\"text-editor.default\">\n\t\t\t\t<div class=\"elementor-widget-container\">\n\t\t\t\t\t\t\t<p>Para maiores esclarecimentos entre em contato:<\/p><p><span style=\"font-family: georgia, palatino, serif;font-size: 12pt;font-weight: bolder\">Atendimento:\u00a0<\/span><span style=\"font-family: georgia, palatino, serif;font-size: 12pt\">das 08:00 \u00e0s 12:00 e das 13h \u00e0s 17h<\/span><\/p><section style=\"flex: 0 1 auto;align-self: auto;--swiper-theme-color: #000;--swiper-navigation-size: 44px;--swiper-pagination-bullet-size: 6px;--swiper-pagination-bullet-horizontal-gap: 6px;--widgets-spacing: 20px 20px;color: #1c1c1c;font-size: 16px\" data-id=\"486957d\" data-element_type=\"section\"><div><div style=\"flex: 0 1 auto;align-self: auto;--swiper-theme-color: #000;--swiper-navigation-size: 44px;--swiper-pagination-bullet-size: 6px;--swiper-pagination-bullet-horizontal-gap: 6px;--widgets-spacing: 20px 20px;width: 1162px\" data-id=\"afa9de4\" data-element_type=\"column\"><div style=\"width: 1162px\"><div style=\"flex: 0 1 auto;align-self: auto;flex-flow: row;align-items: normal;gap: normal;--swiper-theme-color: #000;--swiper-navigation-size: 44px;--swiper-pagination-bullet-size: 6px;--swiper-pagination-bullet-horizontal-gap: 6px;--widgets-spacing: 20px 20px;color: #000000;font-weight: 400;width: 30.377%;max-width: 30.377%;--container-widget-width: 30.377%;--container-widget-flex-grow: 0;top: -111px;left: 20px;font-size: 1rem !important\" data-id=\"d4903f5\" data-element_type=\"widget\" data-settings=\"{&quot;_position&quot;:&quot;absolute&quot;}\" data-widget_type=\"text-editor.default\"><div><p><span style=\"font-weight: bolder\">Telefone:\u00a0<\/span>3220-8667 e 3220-8203<\/p><\/div><\/div><\/div><\/div><\/div><\/section><section style=\"flex: 0 1 auto;align-self: auto;--swiper-theme-color: #000;--swiper-navigation-size: 44px;--swiper-pagination-bullet-size: 6px;--swiper-pagination-bullet-horizontal-gap: 6px;--widgets-spacing: 20px 20px;color: #1c1c1c;font-size: 16px\" data-id=\"23d8e3a\" data-element_type=\"section\"><div><div style=\"flex: 0 1 auto;align-self: auto;--swiper-theme-color: #000;--swiper-navigation-size: 44px;--swiper-pagination-bullet-size: 6px;--swiper-pagination-bullet-horizontal-gap: 6px;--widgets-spacing: 20px 20px;width: 1162px\" data-id=\"c55ef72\" data-element_type=\"column\"><div style=\"width: 1162px\"><div style=\"flex: 0 1 auto;align-self: auto;flex-flow: row;align-items: normal;gap: normal;--swiper-theme-color: #000;--swiper-navigation-size: 44px;--swiper-pagination-bullet-size: 6px;--swiper-pagination-bullet-horizontal-gap: 6px;--widgets-spacing: 20px 20px;color: #000000;font-weight: 400;width: 53.097%;max-width: 53.097%;--container-widget-width: 53.097%;--container-widget-flex-grow: 0;top: -149px;left: 20px;font-size: 1rem !important\" data-id=\"e2f571f\" data-element_type=\"widget\" data-settings=\"{&quot;_position&quot;:&quot;absolute&quot;}\" data-widget_type=\"text-editor.default\"><div><p><strong>E-mail:<\/strong> dcf@ufsm.br<\/p><p><span style=\"font-weight: bolder\">Endere\u00e7o:\u00a0<\/span>Presencialmente no pr\u00e9dio 47, no Campus Sede em Santa Maria.<\/p><p><span style=\"color: #333333\">Av. Roraima, n\u00ba 1000 <\/span><span style=\"color: #333333\">Cidade Universit\u00e1ria <\/span><span style=\"color: #333333\">Pr\u00e9dio 47, Reitoria <\/span><span style=\"color: #333333\">6\u00ba andar, sala 609.<\/span><\/p><\/div><\/div><\/div><\/div><\/div><\/section>\t\t\t\t\t\t<\/div>\n\t\t\t\t<\/div>\n\t\t\t\t\t<\/div>\n\t\t<\/div>\n\t\t\t\t\t<\/div>\n\t\t<\/section>\n\t\t\t\t<\/div>\n\t\t","protected":false},"excerpt":{"rendered":"<p>Certid\u00f5es Federais Certid\u00f5es Estaduais Certid\u00f5es Municipais Para maiores esclarecimentos entre em contato: Atendimento:\u00a0das 08:00 \u00e0s 12:00 e das 13h \u00e0s 17h Telefone:\u00a03220-8667 e 3220-8203 E-mail: dcf@ufsm.br Endere\u00e7o:\u00a0Presencialmente no pr\u00e9dio 47, no Campus Sede em Santa Maria. Av. Roraima, n\u00ba 1000 Cidade Universit\u00e1ria Pr\u00e9dio 47, Reitoria 6\u00ba andar, sala 609.<\/p>\n","protected":false},"author":214,"featured_media":0,"parent":0,"menu_order":0,"comment_status":"closed","ping_status":"closed","template":"","meta":{"footnotes":""},"categories":[],"tags":[],"class_list":["post-2899","page","type-page","status-publish","hentry"],"acf":[],"_links":{"self":[{"href":"https:\/\/www.ufsm.br\/orgaos-executivos\/dcf\/wp-json\/wp\/v2\/pages\/2899","targetHints":{"allow":["GET"]}}],"collection":[{"href":"https:\/\/www.ufsm.br\/orgaos-executivos\/dcf\/wp-json\/wp\/v2\/pages"}],"about":[{"href":"https:\/\/www.ufsm.br\/orgaos-executivos\/dcf\/wp-json\/wp\/v2\/types\/page"}],"author":[{"embeddable":true,"href":"https:\/\/www.ufsm.br\/orgaos-executivos\/dcf\/wp-json\/wp\/v2\/users\/214"}],"replies":[{"embeddable":true,"href":"https:\/\/www.ufsm.br\/orgaos-executivos\/dcf\/wp-json\/wp\/v2\/comments?post=2899"}],"version-history":[{"count":0,"href":"https:\/\/www.ufsm.br\/orgaos-executivos\/dcf\/wp-json\/wp\/v2\/pages\/2899\/revisions"}],"wp:attachment":[{"href":"https:\/\/www.ufsm.br\/orgaos-executivos\/dcf\/wp-json\/wp\/v2\/media?parent=2899"}],"wp:term":[{"taxonomy":"category","embeddable":true,"href":"https:\/\/www.ufsm.br\/orgaos-executivos\/dcf\/wp-json\/wp\/v2\/categories?post=2899"},{"taxonomy":"post_tag","embeddable":true,"href":"https:\/\/www.ufsm.br\/orgaos-executivos\/dcf\/wp-json\/wp\/v2\/tags?post=2899"}],"curies":[{"name":"wp","href":"https:\/\/api.w.org\/{rel}","templated":true}]}}