{"id":344,"date":"2019-12-19T11:33:26","date_gmt":"2019-12-19T14:33:26","guid":{"rendered":"https:\/\/www.ufsm.br\/orgaos-executivos\/dcf\/?page_id=344"},"modified":"2019-12-19T11:55:35","modified_gmt":"2019-12-19T14:55:35","slug":"documentos","status":"publish","type":"page","link":"https:\/\/www.ufsm.br\/orgaos-executivos\/dcf\/documentos","title":{"rendered":"Documentos"},"content":{"rendered":"\n<p><a href=\"https:\/\/www.ufsm.br\/orgaos-executivos\/dcf\/formularios-tabelas-e-modelos-de-documentos\/\">Formul\u00e1rios, Tabelas e Modelos de Documentos<\/a><\/p>\n\n\n\n<p><a href=\"https:\/\/www.ufsm.br\/orgaos-executivos\/dcf\/memorandos-e-circulares\/\">Memorandos e Circulares<\/a><\/p>\n\n\n\n<p><a href=\"https:\/\/www.ufsm.br\/orgaos-executivos\/dcf\/cadastros-certidoes-e-legislacao\/\">Cadastros, Certid\u00f5es e Legisla\u00e7\u00e3o<\/a><\/p>\n\n\n\n<p><a href=\"https:\/\/www.ufsm.br\/orgaos-executivos\/dcf\/suprimentos-de-fundos\/\">Suprimentos de Fundos<\/a><\/p>\n\n\n\n<p><a href=\"https:\/\/www.ufsm.br\/orgaos-executivos\/dcf\/tutoriais-e-manuais\/\">Tutoriais e Manuais<\/a><\/p>\n\n\n\n<p><a href=\"https:\/\/www.ufsm.br\/orgaos-executivos\/dcf\/informativos\/\">Informativos<\/a><\/p>\n\n\n\n<p><a href=\"https:\/\/www.ufsm.br\/orgaos-executivos\/dcf\/documentos-coordenacao-de-analise-contabil\/\">Coordena\u00e7\u00e3o de An\u00e1lise Cont\u00e1bil<\/a><\/p>\n\n\n\n<p><\/p>\n","protected":false},"excerpt":{"rendered":"<p>Formul\u00e1rios, Tabelas e Modelos de Documentos Memorandos e Circulares Cadastros, Certid\u00f5es e Legisla\u00e7\u00e3o Suprimentos de Fundos Tutoriais e Manuais Informativos Coordena\u00e7\u00e3o de An\u00e1lise Cont\u00e1bil<\/p>\n","protected":false},"author":36,"featured_media":0,"parent":0,"menu_order":0,"comment_status":"closed","ping_status":"closed","template":"","meta":{"footnotes":""},"categories":[],"tags":[],"class_list":["post-344","page","type-page","status-publish","hentry"],"acf":[],"_links":{"self":[{"href":"https:\/\/www.ufsm.br\/orgaos-executivos\/dcf\/wp-json\/wp\/v2\/pages\/344","targetHints":{"allow":["GET"]}}],"collection":[{"href":"https:\/\/www.ufsm.br\/orgaos-executivos\/dcf\/wp-json\/wp\/v2\/pages"}],"about":[{"href":"https:\/\/www.ufsm.br\/orgaos-executivos\/dcf\/wp-json\/wp\/v2\/types\/page"}],"author":[{"embeddable":true,"href":"https:\/\/www.ufsm.br\/orgaos-executivos\/dcf\/wp-json\/wp\/v2\/users\/36"}],"replies":[{"embeddable":true,"href":"https:\/\/www.ufsm.br\/orgaos-executivos\/dcf\/wp-json\/wp\/v2\/comments?post=344"}],"version-history":[{"count":0,"href":"https:\/\/www.ufsm.br\/orgaos-executivos\/dcf\/wp-json\/wp\/v2\/pages\/344\/revisions"}],"wp:attachment":[{"href":"https:\/\/www.ufsm.br\/orgaos-executivos\/dcf\/wp-json\/wp\/v2\/media?parent=344"}],"wp:term":[{"taxonomy":"category","embeddable":true,"href":"https:\/\/www.ufsm.br\/orgaos-executivos\/dcf\/wp-json\/wp\/v2\/categories?post=344"},{"taxonomy":"post_tag","embeddable":true,"href":"https:\/\/www.ufsm.br\/orgaos-executivos\/dcf\/wp-json\/wp\/v2\/tags?post=344"}],"curies":[{"name":"wp","href":"https:\/\/api.w.org\/{rel}","templated":true}]}}