{"id":382,"date":"2020-02-14T10:39:05","date_gmt":"2020-02-14T13:39:05","guid":{"rendered":"https:\/\/www.ufsm.br\/orgaos-executivos\/dcf\/?page_id=382"},"modified":"2026-04-06T09:51:51","modified_gmt":"2026-04-06T12:51:51","slug":"contatos","status":"publish","type":"page","link":"https:\/\/www.ufsm.br\/orgaos-executivos\/dcf\/contatos","title":{"rendered":"Contatos"},"content":{"rendered":"\t\t<div data-elementor-type=\"wp-page\" data-elementor-id=\"382\" class=\"elementor elementor-382\">\n\t\t\t\t\t\t<section class=\"elementor-section elementor-top-section elementor-element elementor-element-ca291b3 elementor-section-boxed elementor-section-height-default elementor-section-height-default\" data-id=\"ca291b3\" data-element_type=\"section\">\n\t\t\t\t\t\t<div class=\"elementor-container elementor-column-gap-default\">\n\t\t\t\t\t<div class=\"elementor-column elementor-col-100 elementor-top-column elementor-element elementor-element-1b189fc\" data-id=\"1b189fc\" data-element_type=\"column\">\n\t\t\t<div class=\"elementor-widget-wrap elementor-element-populated\">\n\t\t\t\t\t\t<div class=\"elementor-element elementor-element-5fa3a11 elementor-widget elementor-widget-text-editor\" data-id=\"5fa3a11\" data-element_type=\"widget\" data-widget_type=\"text-editor.default\">\n\t\t\t\t<div class=\"elementor-widget-container\">\n\t\t\t\t\t\t\t<table style=\"width: 100%;border-collapse: collapse\" border=\"1\">\n<tbody>\n<tr>\n<td style=\"width: 25%\">&nbsp;<b>SETOR<\/b><\/td>\n<td style=\"width: 26.4975%\"><b>TELEFONE<\/b><\/td>\n<td style=\"width: 23.5025%\">&nbsp;<b>EMAIL<\/b><\/td>\n<td style=\"width: 25%\"><b>SALA&nbsp;<\/b><\/td>\n<\/tr>\n<tr>\n<td style=\"width: 100%\" colspan=\"4\"><b>DIRE\u00c7\u00c3O<\/b><\/td>\n<\/tr>\n<tr>\n<td style=\"width: 25%\"><b>Dire\u00e7\u00e3o<\/b><\/td>\n<td style=\"width: 26.4975%\">55 3220 &#8211; 8667<\/td>\n<td style=\"width: 23.5025%\" rowspan=\"2\">dcf@ufsm.br<\/td>\n<td style=\"width: 25%\" rowspan=\"2\">609<\/td>\n<\/tr>\n<tr>\n<td style=\"width: 25%\"><strong>Vice-Dire\u00e7\u00e3o<\/strong><\/td>\n<td style=\"width: 26.4975%\">55 3220 &#8211; 8203<\/td>\n<\/tr>\n<tr>\n<td style=\"width: 100%\" colspan=\"4\"><b>COORDENA\u00c7\u00c3O DE AN\u00c1LISE CONT\u00c1BIL<\/b><\/td>\n<\/tr>\n<tr>\n<td style=\"width: 25%\">&#8211;<\/td>\n<td style=\"width: 26.4975%\">55 3220 &#8211; 8215<\/td>\n<td style=\"width: 23.5025%\">cac@.ufsm.br<\/td>\n<td style=\"width: 25%\">606<\/td>\n<\/tr>\n<tr>\n<td style=\"width: 100%\" colspan=\"4\"><b>DIVIS\u00c3O DE ADMINISTRA\u00c7\u00c3O FINANCEIRA<\/b><\/td>\n<\/tr>\n<tr>\n<td style=\"width: 25%\">\n<p><b>Se\u00e7\u00e3o Financeira<\/b><\/p>\n<p><b>(Suprimento de Fundos)<\/b><\/p>\n<\/td>\n<td style=\"width: 26.4975%\">55 31780-910<\/td>\n<td style=\"width: 23.5025%\">divadmfin@ufsm.br<\/td>\n<td style=\"width: 25%\">620<\/td>\n<\/tr>\n<tr>\n<td style=\"width: 25%\"><b>Se\u00e7\u00e3o de Processamento de Dados<\/b><\/td>\n<td style=\"width: 26.4975%\">55 3220 &#8211; 8317<\/td>\n<td style=\"width: 23.5025%\">siafi@ufsm.br<\/td>\n<td style=\"width: 25%\">615<\/td>\n<\/tr>\n<tr>\n<td style=\"width: 25%\"><b>Se\u00e7\u00e3o de Recebimentos e Pagamentos<\/b><\/td>\n<td style=\"width: 26.4975%\">\n<p>55 3220 &#8211; 8186<\/p>\n<\/td>\n<td style=\"width: 23.5025%\">srp.dcf@ufsm.br<\/td>\n<td style=\"width: 25%\">627<\/td>\n<\/tr>\n<tr>\n<td style=\"width: 25%\"><b>Protocolo e Arquivo<\/b><\/td>\n<td style=\"width: 26.4975%\">\n<p>55 3220 &#8211; 8318<\/p>\n<p>(Telefone e WhatsApp)<\/p>\n<\/td>\n<td style=\"width: 23.5025%\">dcf@ufsm.br<\/td>\n<td style=\"width: 25%\">636<\/td>\n<\/tr>\n<tr>\n<td style=\"width: 100%\" colspan=\"4\"><b>DIVIS\u00c3O DE CONTABILIDADE<\/b><\/td>\n<\/tr>\n<tr>\n<td style=\"width: 25%\"><b>Se\u00e7\u00e3o de An\u00e1lise e Execu\u00e7\u00e3o Or\u00e7ament\u00e1ria<\/b><\/td>\n<td style=\"width: 26.4975%\">55 3220 &#8211; 8319<\/td>\n<td style=\"width: 23.5025%\">\n<p>analise.dcf@ufsm.br<\/p>\n<\/td>\n<td style=\"width: 25%\">620<\/td>\n<\/tr>\n<tr>\n<td style=\"width: 25%\"><b>Se\u00e7\u00e3o de Contabilidade<\/b><\/td>\n<td style=\"width: 26.4975%\">55 3220 &#8211; 8286<\/td>\n<td style=\"width: 23.5025%\">diarias.dcf@ufsm.br<\/td>\n<td style=\"width: 25%\">612<\/td>\n<\/tr>\n<tr>\n<td style=\"width: 25%\"><b>Se\u00e7\u00e3o de Conv\u00eanios<\/b><\/td>\n<td style=\"width: 26.4975%\">\n<p>55 3220 &#8211; 8373<\/p>\n<p>55 3220 &#8211; 8285<\/p>\n<\/td>\n<td style=\"width: 23.5025%\">convenios@ufsm.br<\/td>\n<td style=\"width: 25%\">618<\/td>\n<\/tr>\n<\/tbody>\n<\/table>\n<p><img decoding=\"async\" style=\"width: 20px;height: 20px;float: left;position: relative;top: -2px;opacity: 0.71;color: #202124;font-family: 'Google Sans', Roboto, RobotoDraft, Helvetica, Arial, sans-serif;font-size: 13px;text-align: start\" src=\"https:\/\/mail.google.com\/mail\/u\/0\/images\/cleardot.gif\" alt=\"\"><\/p>\t\t\t\t\t\t<\/div>\n\t\t\t\t<\/div>\n\t\t\t\t\t<\/div>\n\t\t<\/div>\n\t\t\t\t\t<\/div>\n\t\t<\/section>\n\t\t\t\t<\/div>\n\t\t","protected":false},"excerpt":{"rendered":"<p>&nbsp;SETOR TELEFONE &nbsp;EMAIL SALA&nbsp; DIRE\u00c7\u00c3O Dire\u00e7\u00e3o 55 3220 &#8211; 8667 dcf@ufsm.br 609 Vice-Dire\u00e7\u00e3o 55 3220 &#8211; 8203 COORDENA\u00c7\u00c3O DE AN\u00c1LISE CONT\u00c1BIL &#8211; 55 3220 &#8211; 8215 cac@.ufsm.br 606 DIVIS\u00c3O DE ADMINISTRA\u00c7\u00c3O FINANCEIRA Se\u00e7\u00e3o Financeira (Suprimento de Fundos) 55 31780-910 divadmfin@ufsm.br 620 Se\u00e7\u00e3o de Processamento de Dados 55 3220 &#8211; 8317 siafi@ufsm.br 615 Se\u00e7\u00e3o de Recebimentos [&hellip;]<\/p>\n","protected":false},"author":36,"featured_media":0,"parent":0,"menu_order":0,"comment_status":"closed","ping_status":"closed","template":"","meta":{"footnotes":""},"categories":[],"tags":[],"class_list":["post-382","page","type-page","status-publish","hentry"],"acf":[],"_links":{"self":[{"href":"https:\/\/www.ufsm.br\/orgaos-executivos\/dcf\/wp-json\/wp\/v2\/pages\/382","targetHints":{"allow":["GET"]}}],"collection":[{"href":"https:\/\/www.ufsm.br\/orgaos-executivos\/dcf\/wp-json\/wp\/v2\/pages"}],"about":[{"href":"https:\/\/www.ufsm.br\/orgaos-executivos\/dcf\/wp-json\/wp\/v2\/types\/page"}],"author":[{"embeddable":true,"href":"https:\/\/www.ufsm.br\/orgaos-executivos\/dcf\/wp-json\/wp\/v2\/users\/36"}],"replies":[{"embeddable":true,"href":"https:\/\/www.ufsm.br\/orgaos-executivos\/dcf\/wp-json\/wp\/v2\/comments?post=382"}],"version-history":[{"count":0,"href":"https:\/\/www.ufsm.br\/orgaos-executivos\/dcf\/wp-json\/wp\/v2\/pages\/382\/revisions"}],"wp:attachment":[{"href":"https:\/\/www.ufsm.br\/orgaos-executivos\/dcf\/wp-json\/wp\/v2\/media?parent=382"}],"wp:term":[{"taxonomy":"category","embeddable":true,"href":"https:\/\/www.ufsm.br\/orgaos-executivos\/dcf\/wp-json\/wp\/v2\/categories?post=382"},{"taxonomy":"post_tag","embeddable":true,"href":"https:\/\/www.ufsm.br\/orgaos-executivos\/dcf\/wp-json\/wp\/v2\/tags?post=382"}],"curies":[{"name":"wp","href":"https:\/\/api.w.org\/{rel}","templated":true}]}}