{"id":545,"date":"2021-07-08T10:47:31","date_gmt":"2021-07-08T13:47:31","guid":{"rendered":"https:\/\/www.ufsm.br\/orgaos-executivos\/dcf\/?page_id=545"},"modified":"2026-03-18T09:01:28","modified_gmt":"2026-03-18T12:01:28","slug":"equipe","status":"publish","type":"page","link":"https:\/\/www.ufsm.br\/orgaos-executivos\/dcf\/equipe","title":{"rendered":"Equipe DCF"},"content":{"rendered":"\t\t<div data-elementor-type=\"wp-page\" data-elementor-id=\"545\" class=\"elementor elementor-545\">\n\t\t\t\t\t\t<section class=\"elementor-section elementor-top-section elementor-element elementor-element-504e45d elementor-section-boxed elementor-section-height-default elementor-section-height-default\" data-id=\"504e45d\" data-element_type=\"section\">\n\t\t\t\t\t\t<div class=\"elementor-container elementor-column-gap-default\">\n\t\t\t\t\t<div class=\"elementor-column elementor-col-100 elementor-top-column elementor-element elementor-element-4f770c3\" data-id=\"4f770c3\" data-element_type=\"column\">\n\t\t\t<div class=\"elementor-widget-wrap elementor-element-populated\">\n\t\t\t\t\t\t<div class=\"elementor-element elementor-element-dbddcd8 elementor-widget elementor-widget-heading\" data-id=\"dbddcd8\" data-element_type=\"widget\" data-widget_type=\"heading.default\">\n\t\t\t\t<div class=\"elementor-widget-container\">\n\t\t\t<h4 class=\"elementor-heading-title elementor-size-medium\">DIRE\u00c7\u00c3O<\/h4>\t\t<\/div>\n\t\t\t\t<\/div>\n\t\t\t\t\t<\/div>\n\t\t<\/div>\n\t\t\t\t\t<\/div>\n\t\t<\/section>\n\t\t\t\t<section class=\"elementor-section elementor-top-section elementor-element elementor-element-78fb742 elementor-section-boxed elementor-section-height-default elementor-section-height-default\" data-id=\"78fb742\" data-element_type=\"section\">\n\t\t\t\t\t\t<div class=\"elementor-container elementor-column-gap-default\">\n\t\t\t\t\t<div class=\"elementor-column elementor-col-100 elementor-top-column elementor-element elementor-element-de8cb01\" data-id=\"de8cb01\" data-element_type=\"column\">\n\t\t\t<div class=\"elementor-widget-wrap elementor-element-populated\">\n\t\t\t\t\t\t<div class=\"elementor-element elementor-element-2e24091 elementor-widget elementor-widget-text-editor\" data-id=\"2e24091\" data-element_type=\"widget\" data-widget_type=\"text-editor.default\">\n\t\t\t\t<div class=\"elementor-widget-container\">\n\t\t\t\t\t\t\t<p>Contador &#8211; Nelson Ortiz Bitencourt (Diretor)<\/p><p>Contadora &#8211; Greice Eccel Pontelli (Diretora Substituta)<\/p><p>Bolsista &#8211; Ewellyn Alves Natel<\/p><p>Bolsista &#8211; Vit\u00f3ria Rocha Severo<\/p>\t\t\t\t\t\t<\/div>\n\t\t\t\t<\/div>\n\t\t\t\t\t<\/div>\n\t\t<\/div>\n\t\t\t\t\t<\/div>\n\t\t<\/section>\n\t\t\t\t<section class=\"elementor-section elementor-top-section elementor-element elementor-element-ed32557 elementor-section-boxed elementor-section-height-default elementor-section-height-default\" data-id=\"ed32557\" data-element_type=\"section\">\n\t\t\t\t\t\t<div class=\"elementor-container elementor-column-gap-default\">\n\t\t\t\t\t<div class=\"elementor-column elementor-col-100 elementor-top-column elementor-element elementor-element-c5bbc6a\" data-id=\"c5bbc6a\" data-element_type=\"column\">\n\t\t\t<div class=\"elementor-widget-wrap elementor-element-populated\">\n\t\t\t\t\t\t<div class=\"elementor-element elementor-element-fbd415a elementor-widget elementor-widget-heading\" data-id=\"fbd415a\" data-element_type=\"widget\" data-widget_type=\"heading.default\">\n\t\t\t\t<div class=\"elementor-widget-container\">\n\t\t\t<h4 class=\"elementor-heading-title elementor-size-medium\">COORDENA\u00c7\u00c3O DE AN\u00c1LISE CONT\u00c1BIL<\/h4>\t\t<\/div>\n\t\t\t\t<\/div>\n\t\t\t\t\t<\/div>\n\t\t<\/div>\n\t\t\t\t\t<\/div>\n\t\t<\/section>\n\t\t\t\t<section class=\"elementor-section elementor-top-section elementor-element elementor-element-2d95822 elementor-section-boxed elementor-section-height-default elementor-section-height-default\" data-id=\"2d95822\" data-element_type=\"section\">\n\t\t\t\t\t\t<div class=\"elementor-container elementor-column-gap-default\">\n\t\t\t\t\t<div class=\"elementor-column elementor-col-100 elementor-top-column elementor-element elementor-element-ea8a3a7\" data-id=\"ea8a3a7\" data-element_type=\"column\">\n\t\t\t<div class=\"elementor-widget-wrap elementor-element-populated\">\n\t\t\t\t\t\t<div class=\"elementor-element elementor-element-8c31ae9 elementor-widget elementor-widget-text-editor\" data-id=\"8c31ae9\" data-element_type=\"widget\" data-widget_type=\"text-editor.default\">\n\t\t\t\t<div class=\"elementor-widget-container\">\n\t\t\t\t\t\t\t<p>Contador &#8211; Cla\u00fadio Roberto Scalcon &#8211; Coordenador<\/p>\n<p>Contadora &#8211; Fernanda Dalcin Fl\u00f4res<\/p>\n<p>Contadora &#8211; Luciane Ines Matte<\/p>\n<p>Contadora &#8211; Greice Eccel Pontelli&nbsp;<span style=\"color: #000000;font-size: 16px\">(Diretora Substituta)<\/span><\/p>\n<p>Assistente em Administra\u00e7\u00e3o &#8211; Paulo Ricardo de Jesus Costa<\/p>\n<p>Auditor &#8211; Paulo C\u00e9sar Barbosa Alves<\/p>\t\t\t\t\t\t<\/div>\n\t\t\t\t<\/div>\n\t\t\t\t\t<\/div>\n\t\t<\/div>\n\t\t\t\t\t<\/div>\n\t\t<\/section>\n\t\t\t\t<section class=\"elementor-section elementor-top-section elementor-element elementor-element-1c70143 elementor-section-boxed elementor-section-height-default elementor-section-height-default\" data-id=\"1c70143\" data-element_type=\"section\">\n\t\t\t\t\t\t<div class=\"elementor-container elementor-column-gap-default\">\n\t\t\t\t\t<div class=\"elementor-column elementor-col-100 elementor-top-column elementor-element elementor-element-22343d2\" data-id=\"22343d2\" data-element_type=\"column\">\n\t\t\t<div class=\"elementor-widget-wrap elementor-element-populated\">\n\t\t\t\t\t\t<div class=\"elementor-element elementor-element-78cef68 elementor-widget elementor-widget-heading\" data-id=\"78cef68\" data-element_type=\"widget\" data-widget_type=\"heading.default\">\n\t\t\t\t<div class=\"elementor-widget-container\">\n\t\t\t<h4 class=\"elementor-heading-title elementor-size-medium\">DIVIS\u00c3O DE ADMINISTRA\u00c7\u00c3O FINANCEIRA<\/h4>\t\t<\/div>\n\t\t\t\t<\/div>\n\t\t\t\t\t<\/div>\n\t\t<\/div>\n\t\t\t\t\t<\/div>\n\t\t<\/section>\n\t\t\t\t<section class=\"elementor-section elementor-top-section elementor-element elementor-element-341a44b elementor-section-boxed elementor-section-height-default elementor-section-height-default\" data-id=\"341a44b\" data-element_type=\"section\">\n\t\t\t\t\t\t<div class=\"elementor-container elementor-column-gap-default\">\n\t\t\t\t\t<div class=\"elementor-column elementor-col-100 elementor-top-column elementor-element elementor-element-4cf5ec7\" data-id=\"4cf5ec7\" data-element_type=\"column\">\n\t\t\t<div class=\"elementor-widget-wrap elementor-element-populated\">\n\t\t\t\t\t\t<div class=\"elementor-element elementor-element-72bbea1 elementor-widget elementor-widget-text-editor\" data-id=\"72bbea1\" data-element_type=\"widget\" data-widget_type=\"text-editor.default\">\n\t\t\t\t<div class=\"elementor-widget-container\">\n\t\t\t\t\t\t\t<p>Contador &#8211; Jos\u00e9 Marcos Molina Michele &#8211; Diretor da Divis\u00e3o\u00a0<\/p><p>Assistente em Administra\u00e7\u00e3o &#8211; Carlos Schmidt Feistler\u00a0<\/p><p><span style=\"color: #000000;font-size: 16px\">T\u00e9cnico em Contabilidade &#8211; Jo\u00e9l Marcondes Maria<\/span><\/p><p><span style=\"color: #000000;font-size: 16px;font-weight: var( --e-global-typography-text-font-weight );text-align: var(--bs-body-text-align)\">Bolsista &#8211;\u00a0<\/span><span style=\"color: #000000;font-size: 16px;font-weight: var( --e-global-typography-text-font-weight );text-align: var(--bs-body-text-align)\">Vit\u00f3ria Scalc\u00e3o Prado<\/span><span style=\"color: #000000;font-size: 16px\"><br \/><\/span><\/p>\t\t\t\t\t\t<\/div>\n\t\t\t\t<\/div>\n\t\t\t\t\t<\/div>\n\t\t<\/div>\n\t\t\t\t\t<\/div>\n\t\t<\/section>\n\t\t\t\t<section class=\"elementor-section elementor-top-section elementor-element elementor-element-5f498b3 elementor-section-boxed elementor-section-height-default elementor-section-height-default\" data-id=\"5f498b3\" data-element_type=\"section\">\n\t\t\t\t\t\t<div class=\"elementor-container elementor-column-gap-default\">\n\t\t\t\t\t<div class=\"elementor-column elementor-col-100 elementor-top-column elementor-element elementor-element-d313f1e\" data-id=\"d313f1e\" data-element_type=\"column\">\n\t\t\t<div class=\"elementor-widget-wrap elementor-element-populated\">\n\t\t\t\t\t\t<div class=\"elementor-element elementor-element-6a5d3dc elementor-widget elementor-widget-heading\" data-id=\"6a5d3dc\" data-element_type=\"widget\" data-widget_type=\"heading.default\">\n\t\t\t\t<div class=\"elementor-widget-container\">\n\t\t\t<h6 class=\"elementor-heading-title elementor-size-default\">Se\u00e7\u00e3o Financeira (Suprimento de Fundos)<\/h6>\t\t<\/div>\n\t\t\t\t<\/div>\n\t\t\t\t\t<\/div>\n\t\t<\/div>\n\t\t\t\t\t<\/div>\n\t\t<\/section>\n\t\t\t\t<section class=\"elementor-section elementor-top-section elementor-element elementor-element-3f936fe elementor-section-boxed elementor-section-height-default elementor-section-height-default\" data-id=\"3f936fe\" data-element_type=\"section\">\n\t\t\t\t\t\t<div class=\"elementor-container elementor-column-gap-default\">\n\t\t\t\t\t<div class=\"elementor-column elementor-col-100 elementor-top-column elementor-element elementor-element-315a195\" data-id=\"315a195\" data-element_type=\"column\">\n\t\t\t<div class=\"elementor-widget-wrap elementor-element-populated\">\n\t\t\t\t\t\t<div class=\"elementor-element elementor-element-82fa4b1 elementor-widget elementor-widget-text-editor\" data-id=\"82fa4b1\" data-element_type=\"widget\" data-widget_type=\"text-editor.default\">\n\t\t\t\t<div class=\"elementor-widget-container\">\n\t\t\t\t\t\t\t<p>Administradora &#8211; Ana Deise Souza Rodrigues &#8211; Chefe da Se\u00e7\u00e3o\u00a0<\/p><p>Contadora &#8211; Patr\u00edcia Anversa Marosterga<\/p>\t\t\t\t\t\t<\/div>\n\t\t\t\t<\/div>\n\t\t\t\t\t<\/div>\n\t\t<\/div>\n\t\t\t\t\t<\/div>\n\t\t<\/section>\n\t\t\t\t<section class=\"elementor-section elementor-top-section elementor-element elementor-element-e1fa01b elementor-section-boxed elementor-section-height-default elementor-section-height-default\" data-id=\"e1fa01b\" data-element_type=\"section\">\n\t\t\t\t\t\t<div class=\"elementor-container elementor-column-gap-default\">\n\t\t\t\t\t<div class=\"elementor-column elementor-col-100 elementor-top-column elementor-element elementor-element-d392088\" data-id=\"d392088\" data-element_type=\"column\">\n\t\t\t<div class=\"elementor-widget-wrap elementor-element-populated\">\n\t\t\t\t\t\t<div class=\"elementor-element elementor-element-4f22ecf elementor-widget elementor-widget-heading\" data-id=\"4f22ecf\" data-element_type=\"widget\" data-widget_type=\"heading.default\">\n\t\t\t\t<div class=\"elementor-widget-container\">\n\t\t\t<h6 class=\"elementor-heading-title elementor-size-default\">Se\u00e7\u00e3o de Recebimentos e Pagamentos<\/h6>\t\t<\/div>\n\t\t\t\t<\/div>\n\t\t\t\t\t<\/div>\n\t\t<\/div>\n\t\t\t\t\t<\/div>\n\t\t<\/section>\n\t\t\t\t<section class=\"elementor-section elementor-top-section elementor-element elementor-element-6590adf elementor-section-boxed elementor-section-height-default elementor-section-height-default\" data-id=\"6590adf\" data-element_type=\"section\">\n\t\t\t\t\t\t<div class=\"elementor-container elementor-column-gap-default\">\n\t\t\t\t\t<div class=\"elementor-column elementor-col-100 elementor-top-column elementor-element elementor-element-418828d\" data-id=\"418828d\" data-element_type=\"column\">\n\t\t\t<div class=\"elementor-widget-wrap elementor-element-populated\">\n\t\t\t\t\t\t<div class=\"elementor-element elementor-element-98dd677 elementor-widget elementor-widget-text-editor\" data-id=\"98dd677\" data-element_type=\"widget\" data-widget_type=\"text-editor.default\">\n\t\t\t\t<div class=\"elementor-widget-container\">\n\t\t\t\t\t\t\t<p><span style=\"color: #000000;font-size: 16px\">Administrador &#8211; Ari Alo\u00edsio Justen Junior\u00a0 &#8211; Chefe da se\u00e7\u00e3o<\/span><\/p><p><span style=\"color: #000000;font-size: 16px\">Contadora &#8211; J\u00e9ssica Cervo Zamberlan<\/span><span style=\"color: #000000;font-size: 16px\"><br \/><\/span><\/p><p>T\u00e9cnico em Contabilidade &#8211; Altemir Martins Ribeiro<\/p><p><span style=\"color: #000000;font-size: 16px\">Assistente em Administra\u00e7\u00e3o &#8211; Caroline Bassan Brondani<\/span><\/p><p><span style=\"color: #000000;font-size: 16px\">Assistente em Administra\u00e7\u00e3o &#8211; Guilherme Lerina Fialho<\/span><\/p><p><span style=\"color: #000000;font-size: 16px\">Bolsista &#8211; Paulo Ribeiro Menezes<\/span><\/p>\t\t\t\t\t\t<\/div>\n\t\t\t\t<\/div>\n\t\t\t\t\t<\/div>\n\t\t<\/div>\n\t\t\t\t\t<\/div>\n\t\t<\/section>\n\t\t\t\t<section class=\"elementor-section elementor-top-section elementor-element elementor-element-d8215d1 elementor-section-boxed elementor-section-height-default elementor-section-height-default\" data-id=\"d8215d1\" data-element_type=\"section\">\n\t\t\t\t\t\t<div class=\"elementor-container elementor-column-gap-default\">\n\t\t\t\t\t<div class=\"elementor-column elementor-col-100 elementor-top-column elementor-element elementor-element-4a3f9d3\" data-id=\"4a3f9d3\" data-element_type=\"column\">\n\t\t\t<div class=\"elementor-widget-wrap elementor-element-populated\">\n\t\t\t\t\t\t<div class=\"elementor-element elementor-element-59b8a59 elementor-widget elementor-widget-heading\" data-id=\"59b8a59\" data-element_type=\"widget\" data-widget_type=\"heading.default\">\n\t\t\t\t<div class=\"elementor-widget-container\">\n\t\t\t<h4 class=\"elementor-heading-title elementor-size-medium\">DIVIS\u00c3O DE CONTABILIDADE<\/h4>\t\t<\/div>\n\t\t\t\t<\/div>\n\t\t\t\t\t<\/div>\n\t\t<\/div>\n\t\t\t\t\t<\/div>\n\t\t<\/section>\n\t\t\t\t<section class=\"elementor-section elementor-top-section elementor-element elementor-element-8bf2613 elementor-section-boxed elementor-section-height-default elementor-section-height-default\" data-id=\"8bf2613\" data-element_type=\"section\">\n\t\t\t\t\t\t<div class=\"elementor-container elementor-column-gap-default\">\n\t\t\t\t\t<div class=\"elementor-column elementor-col-100 elementor-top-column elementor-element elementor-element-66c1356\" data-id=\"66c1356\" data-element_type=\"column\">\n\t\t\t<div class=\"elementor-widget-wrap elementor-element-populated\">\n\t\t\t\t\t\t<div class=\"elementor-element elementor-element-ac60ba8 elementor-widget elementor-widget-text-editor\" data-id=\"ac60ba8\" data-element_type=\"widget\" data-widget_type=\"text-editor.default\">\n\t\t\t\t<div class=\"elementor-widget-container\">\n\t\t\t\t\t\t\t<p><span style=\"color: #000000;font-size: 16px\">Contadora &#8211; Ana Paula da Costa Mayer &#8211; Diretora da Divis\u00e3o<\/span><\/p><p>Contadora &#8211; Ana Paula de Azevedo Dal Pozzolo<\/p>\t\t\t\t\t\t<\/div>\n\t\t\t\t<\/div>\n\t\t\t\t\t<\/div>\n\t\t<\/div>\n\t\t\t\t\t<\/div>\n\t\t<\/section>\n\t\t\t\t<section class=\"elementor-section elementor-top-section elementor-element elementor-element-975c8b7 elementor-section-boxed elementor-section-height-default elementor-section-height-default\" data-id=\"975c8b7\" data-element_type=\"section\">\n\t\t\t\t\t\t<div class=\"elementor-container elementor-column-gap-default\">\n\t\t\t\t\t<div class=\"elementor-column elementor-col-100 elementor-top-column elementor-element elementor-element-167c2fc\" data-id=\"167c2fc\" data-element_type=\"column\">\n\t\t\t<div class=\"elementor-widget-wrap elementor-element-populated\">\n\t\t\t\t\t\t<div class=\"elementor-element elementor-element-eedb06d elementor-widget elementor-widget-heading\" data-id=\"eedb06d\" data-element_type=\"widget\" data-widget_type=\"heading.default\">\n\t\t\t\t<div class=\"elementor-widget-container\">\n\t\t\t<h6 class=\"elementor-heading-title elementor-size-default\">Se\u00e7\u00e3o de An\u00e1lise e Execu\u00e7\u00e3o Or\u00e7ament\u00e1ria<\/h6>\t\t<\/div>\n\t\t\t\t<\/div>\n\t\t\t\t\t<\/div>\n\t\t<\/div>\n\t\t\t\t\t<\/div>\n\t\t<\/section>\n\t\t\t\t<section class=\"elementor-section elementor-top-section elementor-element elementor-element-3e98b98 elementor-section-boxed elementor-section-height-default elementor-section-height-default\" data-id=\"3e98b98\" data-element_type=\"section\">\n\t\t\t\t\t\t<div class=\"elementor-container elementor-column-gap-default\">\n\t\t\t\t\t<div class=\"elementor-column elementor-col-100 elementor-top-column elementor-element elementor-element-4cb7113\" data-id=\"4cb7113\" data-element_type=\"column\">\n\t\t\t<div class=\"elementor-widget-wrap elementor-element-populated\">\n\t\t\t\t\t\t<div class=\"elementor-element elementor-element-c8d0757 elementor-widget elementor-widget-text-editor\" data-id=\"c8d0757\" data-element_type=\"widget\" data-widget_type=\"text-editor.default\">\n\t\t\t\t<div class=\"elementor-widget-container\">\n\t\t\t\t\t\t\t<p><span style=\"color: #000000;font-size: 16px\">T\u00e9cnica em Contabilidade &#8211; Gl\u00f3ria Carmem Debona Tombezi- Chefe da se\u00e7\u00e3o<\/span><span style=\"color: #000000;font-size: 16px\"><br \/><\/span><\/p><p><span style=\"color: #000000;font-size: 16px\">T\u00e9cnica em Contabilidade &#8211; Daniela Pegoraro<\/span><\/p><p><span style=\"color: #1c1c1c;font-size: 16px;font-weight: var( --e-global-typography-text-font-weight );text-align: var(--bs-body-text-align)\">Tecnica em Contabilidade &#8211;\u00a0<\/span><span style=\"color: #1c1c1c;font-size: 16px;font-weight: var( --e-global-typography-text-font-weight );text-align: var(--bs-body-text-align)\">Thain\u00e1 Marafiga Nichelle<\/span><\/p><p><span style=\"color: #000000;font-size: 16px\">T\u00e9cnica em Contabilidade &#8211; Ana M\u00e1rcia Mello Almeida<\/span><span style=\"color: #1c1c1c;font-size: 16px;font-weight: var( --e-global-typography-text-font-weight );text-align: var(--bs-body-text-align)\"><br \/><\/span><\/p><p>Contador &#8211; Rodrigo Blumberg de Oliveira<\/p><p><span style=\"color: #000000;font-size: 16px\">Assistente em Administra\u00e7\u00e3o &#8211;\u00a0<\/span><span style=\"color: #1c1c1c;font-size: 16px;font-weight: var( --e-global-typography-text-font-weight );text-align: var(--bs-body-text-align)\">N\u00edcolas Maron B\u00fcrkle<\/span><span style=\"color: #000000;font-size: 16px\"><br \/><\/span><\/p><p>Bolsista &#8211; Eduarda Rasch da Motta<\/p><p>Bolsista &#8211; Quit\u00e9ria Ferreira da Silva<\/p>\t\t\t\t\t\t<\/div>\n\t\t\t\t<\/div>\n\t\t\t\t\t<\/div>\n\t\t<\/div>\n\t\t\t\t\t<\/div>\n\t\t<\/section>\n\t\t\t\t<section class=\"elementor-section elementor-top-section elementor-element elementor-element-f92cb6d elementor-section-boxed elementor-section-height-default elementor-section-height-default\" data-id=\"f92cb6d\" data-element_type=\"section\">\n\t\t\t\t\t\t<div class=\"elementor-container elementor-column-gap-default\">\n\t\t\t\t\t<div class=\"elementor-column elementor-col-100 elementor-top-column elementor-element elementor-element-73fccd0\" data-id=\"73fccd0\" data-element_type=\"column\">\n\t\t\t<div class=\"elementor-widget-wrap elementor-element-populated\">\n\t\t\t\t\t\t<div class=\"elementor-element elementor-element-821c281 elementor-widget elementor-widget-heading\" data-id=\"821c281\" data-element_type=\"widget\" data-widget_type=\"heading.default\">\n\t\t\t\t<div class=\"elementor-widget-container\">\n\t\t\t<h6 class=\"elementor-heading-title elementor-size-default\">Se\u00e7\u00e3o de Contabilidade<\/h6>\t\t<\/div>\n\t\t\t\t<\/div>\n\t\t\t\t\t<\/div>\n\t\t<\/div>\n\t\t\t\t\t<\/div>\n\t\t<\/section>\n\t\t\t\t<section class=\"elementor-section elementor-top-section elementor-element elementor-element-7526b70 elementor-section-boxed elementor-section-height-default elementor-section-height-default\" data-id=\"7526b70\" data-element_type=\"section\">\n\t\t\t\t\t\t<div class=\"elementor-container elementor-column-gap-default\">\n\t\t\t\t\t<div class=\"elementor-column elementor-col-100 elementor-top-column elementor-element elementor-element-f658680\" data-id=\"f658680\" data-element_type=\"column\">\n\t\t\t<div class=\"elementor-widget-wrap elementor-element-populated\">\n\t\t\t\t\t\t<div class=\"elementor-element elementor-element-596597b elementor-widget elementor-widget-text-editor\" data-id=\"596597b\" data-element_type=\"widget\" data-widget_type=\"text-editor.default\">\n\t\t\t\t<div class=\"elementor-widget-container\">\n\t\t\t\t\t\t\t<p>Contador &#8211; B\u00f3ris Tadeu Casassola &#8211; Chefe da Se\u00e7\u00e3o<\/p><p><span style=\"color: #000000;font-size: 16px\">Administrador &#8211; Decio Luis Schumacher<\/span><\/p>\t\t\t\t\t\t<\/div>\n\t\t\t\t<\/div>\n\t\t\t\t\t<\/div>\n\t\t<\/div>\n\t\t\t\t\t<\/div>\n\t\t<\/section>\n\t\t\t\t<section class=\"elementor-section elementor-top-section elementor-element elementor-element-d72990f elementor-section-boxed elementor-section-height-default elementor-section-height-default\" data-id=\"d72990f\" data-element_type=\"section\">\n\t\t\t\t\t\t<div class=\"elementor-container elementor-column-gap-default\">\n\t\t\t\t\t<div class=\"elementor-column elementor-col-100 elementor-top-column elementor-element elementor-element-adc9564\" data-id=\"adc9564\" data-element_type=\"column\">\n\t\t\t<div class=\"elementor-widget-wrap elementor-element-populated\">\n\t\t\t\t\t\t<div class=\"elementor-element elementor-element-026d44f elementor-widget elementor-widget-heading\" data-id=\"026d44f\" data-element_type=\"widget\" data-widget_type=\"heading.default\">\n\t\t\t\t<div class=\"elementor-widget-container\">\n\t\t\t<h6 class=\"elementor-heading-title elementor-size-default\">Se\u00e7\u00e3o de Conv\u00eanios<\/h6>\t\t<\/div>\n\t\t\t\t<\/div>\n\t\t\t\t\t<\/div>\n\t\t<\/div>\n\t\t\t\t\t<\/div>\n\t\t<\/section>\n\t\t\t\t<section class=\"elementor-section elementor-top-section elementor-element elementor-element-4113ddd elementor-section-boxed elementor-section-height-default elementor-section-height-default\" data-id=\"4113ddd\" data-element_type=\"section\">\n\t\t\t\t\t\t<div class=\"elementor-container elementor-column-gap-default\">\n\t\t\t\t\t<div class=\"elementor-column elementor-col-100 elementor-top-column elementor-element elementor-element-60f9844\" data-id=\"60f9844\" data-element_type=\"column\">\n\t\t\t<div class=\"elementor-widget-wrap elementor-element-populated\">\n\t\t\t\t\t\t<div class=\"elementor-element elementor-element-0f87805 elementor-widget elementor-widget-text-editor\" data-id=\"0f87805\" data-element_type=\"widget\" data-widget_type=\"text-editor.default\">\n\t\t\t\t<div class=\"elementor-widget-container\">\n\t\t\t\t\t\t\t<p><span style=\"color: #000000;font-size: 16px\">Economista &#8211; Michael Gon\u00e7alves da Silva &#8211; Chefe da Se\u00e7\u00e3o<\/span><\/p><p>Contador &#8211; Fernando Bevilaqua Camponogara<\/p><p>Contadora &#8211; Ta\u00edsa Maria Rossato<\/p>\t\t\t\t\t\t<\/div>\n\t\t\t\t<\/div>\n\t\t\t\t\t<\/div>\n\t\t<\/div>\n\t\t\t\t\t<\/div>\n\t\t<\/section>\n\t\t\t\t<\/div>\n\t\t","protected":false},"excerpt":{"rendered":"<p>DIRE\u00c7\u00c3O Contador &#8211; Nelson Ortiz Bitencourt (Diretor) Contadora &#8211; Greice Eccel Pontelli (Diretora Substituta) Bolsista &#8211; Ewellyn Alves Natel Bolsista &#8211; Vit\u00f3ria Rocha Severo COORDENA\u00c7\u00c3O DE AN\u00c1LISE CONT\u00c1BIL Contador &#8211; Cla\u00fadio Roberto Scalcon &#8211; Coordenador Contadora &#8211; Fernanda Dalcin Fl\u00f4res Contadora &#8211; Luciane Ines Matte Contadora &#8211; Greice Eccel Pontelli&nbsp;(Diretora Substituta) Assistente em Administra\u00e7\u00e3o &#8211; [&hellip;]<\/p>\n","protected":false},"author":36,"featured_media":0,"parent":0,"menu_order":0,"comment_status":"closed","ping_status":"closed","template":"","meta":{"footnotes":""},"categories":[],"tags":[],"class_list":["post-545","page","type-page","status-publish","hentry"],"acf":[],"_links":{"self":[{"href":"https:\/\/www.ufsm.br\/orgaos-executivos\/dcf\/wp-json\/wp\/v2\/pages\/545","targetHints":{"allow":["GET"]}}],"collection":[{"href":"https:\/\/www.ufsm.br\/orgaos-executivos\/dcf\/wp-json\/wp\/v2\/pages"}],"about":[{"href":"https:\/\/www.ufsm.br\/orgaos-executivos\/dcf\/wp-json\/wp\/v2\/types\/page"}],"author":[{"embeddable":true,"href":"https:\/\/www.ufsm.br\/orgaos-executivos\/dcf\/wp-json\/wp\/v2\/users\/36"}],"replies":[{"embeddable":true,"href":"https:\/\/www.ufsm.br\/orgaos-executivos\/dcf\/wp-json\/wp\/v2\/comments?post=545"}],"version-history":[{"count":0,"href":"https:\/\/www.ufsm.br\/orgaos-executivos\/dcf\/wp-json\/wp\/v2\/pages\/545\/revisions"}],"wp:attachment":[{"href":"https:\/\/www.ufsm.br\/orgaos-executivos\/dcf\/wp-json\/wp\/v2\/media?parent=545"}],"wp:term":[{"taxonomy":"category","embeddable":true,"href":"https:\/\/www.ufsm.br\/orgaos-executivos\/dcf\/wp-json\/wp\/v2\/categories?post=545"},{"taxonomy":"post_tag","embeddable":true,"href":"https:\/\/www.ufsm.br\/orgaos-executivos\/dcf\/wp-json\/wp\/v2\/tags?post=545"}],"curies":[{"name":"wp","href":"https:\/\/api.w.org\/{rel}","templated":true}]}}