{"id":649,"date":"2022-02-24T16:50:40","date_gmt":"2022-02-24T19:50:40","guid":{"rendered":"https:\/\/www.ufsm.br\/orgaos-executivos\/dcf\/?page_id=649"},"modified":"2022-02-24T16:52:17","modified_gmt":"2022-02-24T19:52:17","slug":"novos-tutoriais-disponiveis","status":"publish","type":"page","link":"https:\/\/www.ufsm.br\/orgaos-executivos\/dcf\/novos-tutoriais-disponiveis","title":{"rendered":"Novos Tutoriais Dispon\u00edveis"},"content":{"rendered":"\n<p>est\u00e3o dispon\u00edveis 2 novos tutoriais:<\/p>\n\n\n\n<p>&#8211; Tutorial para tramita\u00e7\u00e3o de documentos no Processo de Liquida\u00e7\u00e3o e Pagamento de Notas Fiscais pelo PEN\/SIE<\/p>\n\n\n\n<p>&#8211; Tutorial para impress\u00e3o da nota de empenho SIAFI<\/p>\n\n\n\n<p>Para acess\u00e1-los, no menu superior do site clicar em &#8220;Servi\u00e7os&#8221; e depois em &#8220;Tutoriais e Manuais&#8221; ou clicar no seguinte link <a href=\"https:\/\/www.ufsm.br\/orgaos-executivos\/dcf\/servicos\/tutoriais-e-manuais\/\" data-type=\"URL\" data-id=\"https:\/\/www.ufsm.br\/orgaos-executivos\/dcf\/servicos\/tutoriais-e-manuais\/\" target=\"_blank\" rel=\"noreferrer noopener\">https:\/\/www.ufsm.br\/orgaos-executivos\/dcf\/servicos\/tutoriais-e-manuais\/<\/a><\/p>\n","protected":false},"excerpt":{"rendered":"<p>est\u00e3o dispon\u00edveis 2 novos tutoriais: &#8211; Tutorial para tramita\u00e7\u00e3o de documentos no Processo de Liquida\u00e7\u00e3o e Pagamento de Notas Fiscais pelo PEN\/SIE &#8211; Tutorial para impress\u00e3o da nota de empenho SIAFI Para acess\u00e1-los, no menu superior do site clicar em &#8220;Servi\u00e7os&#8221; e depois em &#8220;Tutoriais e Manuais&#8221; ou clicar no seguinte link https:\/\/www.ufsm.br\/orgaos-executivos\/dcf\/servicos\/tutoriais-e-manuais\/<\/p>\n","protected":false},"author":36,"featured_media":0,"parent":0,"menu_order":0,"comment_status":"closed","ping_status":"closed","template":"","meta":{"footnotes":""},"categories":[21],"tags":[],"class_list":["post-649","page","type-page","status-publish","hentry","category-noticias"],"acf":[],"_links":{"self":[{"href":"https:\/\/www.ufsm.br\/orgaos-executivos\/dcf\/wp-json\/wp\/v2\/pages\/649","targetHints":{"allow":["GET"]}}],"collection":[{"href":"https:\/\/www.ufsm.br\/orgaos-executivos\/dcf\/wp-json\/wp\/v2\/pages"}],"about":[{"href":"https:\/\/www.ufsm.br\/orgaos-executivos\/dcf\/wp-json\/wp\/v2\/types\/page"}],"author":[{"embeddable":true,"href":"https:\/\/www.ufsm.br\/orgaos-executivos\/dcf\/wp-json\/wp\/v2\/users\/36"}],"replies":[{"embeddable":true,"href":"https:\/\/www.ufsm.br\/orgaos-executivos\/dcf\/wp-json\/wp\/v2\/comments?post=649"}],"version-history":[{"count":0,"href":"https:\/\/www.ufsm.br\/orgaos-executivos\/dcf\/wp-json\/wp\/v2\/pages\/649\/revisions"}],"wp:attachment":[{"href":"https:\/\/www.ufsm.br\/orgaos-executivos\/dcf\/wp-json\/wp\/v2\/media?parent=649"}],"wp:term":[{"taxonomy":"category","embeddable":true,"href":"https:\/\/www.ufsm.br\/orgaos-executivos\/dcf\/wp-json\/wp\/v2\/categories?post=649"},{"taxonomy":"post_tag","embeddable":true,"href":"https:\/\/www.ufsm.br\/orgaos-executivos\/dcf\/wp-json\/wp\/v2\/tags?post=649"}],"curies":[{"name":"wp","href":"https:\/\/api.w.org\/{rel}","templated":true}]}}