{"id":833,"date":"2022-09-28T12:57:51","date_gmt":"2022-09-28T15:57:51","guid":{"rendered":"https:\/\/www.ufsm.br\/orgaos-executivos\/dcf\/?page_id=833"},"modified":"2022-09-30T23:03:02","modified_gmt":"2022-10-01T02:03:02","slug":"preenchimento-gru","status":"publish","type":"page","link":"https:\/\/www.ufsm.br\/orgaos-executivos\/dcf\/preenchimento-gru","title":{"rendered":"Instru\u00e7\u00f5es para Preenchimento e Impress\u00e3o da GRU SIMPLES"},"content":{"rendered":"\n<p>Acessar o link a seguir: <a rel=\"noreferrer noopener\" href=\"http:\/\/consulta.tesouro.fazenda.gov.br\/gru_novosite\/gru_simples.asp\" target=\"_blank\">Guia de Recolhimento da Uni\u00e3o &#8211; Portal SIAFI<\/a> .<\/p>\n\n\n<div class=\"wp-block-image\">\n<figure class=\"aligncenter size-full\"><img fetchpriority=\"high\" decoding=\"async\" width=\"908\" height=\"569\" src=\"https:\/\/www.ufsm.br\/app\/uploads\/sites\/407\/2022\/09\/image-2.jpg\" alt=\"\" class=\"wp-image-836\" srcset=\"https:\/\/www.ufsm.br\/app\/uploads\/sites\/407\/2022\/09\/image-2.jpg 908w, https:\/\/www.ufsm.br\/app\/uploads\/sites\/407\/2022\/09\/image-300x188.jpg 300w, https:\/\/www.ufsm.br\/app\/uploads\/sites\/407\/2022\/09\/image-768x481.jpg 768w\" sizes=\"(max-width: 908px) 100vw, 908px\" \/><\/figure>\n<\/div>\n\n\n<p>As informa\u00e7\u00f5es a serem preenchidas dever\u00e3o ser obtidas pelo contribuinte junto ao <strong>Departamento de Contabilidade e Finan\u00e7as<\/strong> ou diretamente com a <strong>Unidade respons\u00e1vel pelo pagamento<\/strong> (por exemplo, Setores de Or\u00e7amento dos Centros de Ensino, Pr\u00f3-Reitorias ou Departamentos, entre outros).<\/p>\n\n\n\n<p>No campo <strong>&#8220;Unidade Gestora (UG)&#8221;<\/strong> digitar o c\u00f3digo da Unidade Gestora da Universidade Federal de Santa Maria <strong>&#8220;153164&#8221;<\/strong>. O campo <strong>&#8220;Nome da Unidade&#8221;<\/strong> ser\u00e1 preenchido automaticamente com <strong>&#8220;UNIVERSIDADE FEDERAL DE SANTA MARIA&#8221;<\/strong>:<\/p>\n\n\n<div class=\"wp-block-image\">\n<figure class=\"aligncenter size-full\"><img decoding=\"async\" width=\"906\" height=\"568\" src=\"https:\/\/www.ufsm.br\/app\/uploads\/sites\/407\/2022\/09\/image-4.jpg\" alt=\"\" class=\"wp-image-838\" srcset=\"https:\/\/www.ufsm.br\/app\/uploads\/sites\/407\/2022\/09\/image-4.jpg 906w, https:\/\/www.ufsm.br\/app\/uploads\/sites\/407\/2022\/09\/image-4-300x188.jpg 300w, https:\/\/www.ufsm.br\/app\/uploads\/sites\/407\/2022\/09\/image-4-768x481.jpg 768w\" sizes=\"(max-width: 906px) 100vw, 906px\" \/><\/figure>\n<\/div>\n\n\n<p>No campo <strong>&#8220;Gest\u00e3o&#8221;<\/strong> selecionar <strong>&#8220;15238 &#8211; UNIVERSIDADE FEDERAL DE SANTA MARIA &#8211; RS&#8221;<\/strong>:<\/p>\n\n\n<div class=\"wp-block-image\">\n<figure class=\"aligncenter size-full\"><img decoding=\"async\" width=\"908\" height=\"568\" src=\"https:\/\/www.ufsm.br\/app\/uploads\/sites\/407\/2022\/09\/image-5.jpg\" alt=\"\" class=\"wp-image-839\" srcset=\"https:\/\/www.ufsm.br\/app\/uploads\/sites\/407\/2022\/09\/image-5.jpg 908w, https:\/\/www.ufsm.br\/app\/uploads\/sites\/407\/2022\/09\/image-5-300x188.jpg 300w, https:\/\/www.ufsm.br\/app\/uploads\/sites\/407\/2022\/09\/image-768x480.jpg 768w\" sizes=\"(max-width: 908px) 100vw, 908px\" \/><\/figure>\n<\/div>\n\n\n<p>No campo <strong>&#8220;C\u00f3digo de Recolhimento&#8221;<\/strong> selecionar uma das op\u00e7\u00f5es e clicar no bot\u00e3o <strong>&#8220;Avan\u00e7ar&#8221;<\/strong>:<\/p>\n\n\n<div class=\"wp-block-image\">\n<figure class=\"aligncenter size-full\"><img loading=\"lazy\" decoding=\"async\" width=\"907\" height=\"828\" src=\"https:\/\/www.ufsm.br\/app\/uploads\/sites\/407\/2022\/09\/image-6.jpg\" alt=\"\" class=\"wp-image-840\" srcset=\"https:\/\/www.ufsm.br\/app\/uploads\/sites\/407\/2022\/09\/image-6.jpg 907w, https:\/\/www.ufsm.br\/app\/uploads\/sites\/407\/2022\/09\/image-6-300x274.jpg 300w, https:\/\/www.ufsm.br\/app\/uploads\/sites\/407\/2022\/09\/image-6-768x701.jpg 768w\" sizes=\"(max-width: 907px) 100vw, 907px\" \/><\/figure>\n<\/div>\n\n\n<p>Na pr\u00f3xima tela preencher os campos com os dados solicitados. Notar que nem todos s\u00e3o de preenchimento obrigat\u00f3rio.<\/p>\n\n\n\n<p>No campo <strong>&#8220;N\u00famero de Refer\u00eancia&#8221;<\/strong> utilizar a informa\u00e7\u00e3o relacionada ao recolhimento. No caso de devolu\u00e7\u00e3o de <strong>bolsas<\/strong>, <strong>di\u00e1rias<\/strong> ou <strong>outras devolu\u00e7\u00f5es da despesa<\/strong> informar o <strong>n\u00famero da Nota de Empenho<\/strong> relacionada ao pagamento (omitindo os caracteres destacados a seguir <strong>2022NE<\/strong>XXXXXX). No caso de <strong>suprimento de fundos<\/strong> informar o NUP (N\u00famero \u00danico de Protocolo) do processo (omitindo os seguintes caracteres: <strong>&#8220;23081., barra e tra\u00e7o do d\u00edgito verificador&#8221;<\/strong>). Por exemplo, para o processo 23081.123456\/2022-78 utilizar somente os caracteres 123456202278.<\/p>\n\n\n\n<p>No campo <strong>&#8220;CNPJ ou CPF do Contribuinte&#8221;<\/strong> informar o CNPJ ou CPF do recolhedor.<\/p>\n\n\n\n<p>No campo <strong>&#8220;Nome do Contribuinte \/ Recolhedor&#8221;<\/strong> informar o nome completo do recolhedor.<\/p>\n\n\n\n<p>No campo <strong>&#8220;Valor Principal&#8221;<\/strong> informar o valor da devolu\u00e7\u00e3o ou receita.<\/p>\n\n\n\n<p>No campo <strong>&#8220;Valor Total&#8221;<\/strong> repetir o valor da devolu\u00e7\u00e3o ou receita.<\/p>\n\n\n\n<p>No campo <strong>&#8220;Selecione uma op\u00e7\u00e3o de gera\u00e7\u00e3o&#8221;<\/strong> selecionar uma das op\u00e7\u00f5es dispon\u00edveis.<\/p>\n\n\n\n<p>Ao final clicar no bot\u00e3o <strong>&#8220;Emitir GRU&#8221;<\/strong>:<\/p>\n\n\n<div class=\"wp-block-image\">\n<figure class=\"aligncenter size-full\"><img loading=\"lazy\" decoding=\"async\" width=\"904\" height=\"895\" src=\"https:\/\/www.ufsm.br\/app\/uploads\/sites\/407\/2022\/09\/image-1.png\" alt=\"\" class=\"wp-image-842\" srcset=\"https:\/\/www.ufsm.br\/app\/uploads\/sites\/407\/2022\/09\/image-1.png 904w, https:\/\/www.ufsm.br\/app\/uploads\/sites\/407\/2022\/09\/image-1-300x297.png 300w, https:\/\/www.ufsm.br\/app\/uploads\/sites\/407\/2022\/09\/image-1-150x150.png 150w, https:\/\/www.ufsm.br\/app\/uploads\/sites\/407\/2022\/09\/image-1-768x760.png 768w\" sizes=\"(max-width: 904px) 100vw, 904px\" \/><\/figure>\n<\/div>\n\n\n<p>Ser\u00e1 gerado um boleto conforme o exemplo a seguir:<\/p>\n\n\n<div class=\"wp-block-image\">\n<figure class=\"aligncenter size-full\"><img loading=\"lazy\" decoding=\"async\" width=\"630\" height=\"804\" src=\"https:\/\/www.ufsm.br\/app\/uploads\/sites\/407\/2022\/09\/image-2-1.jpg\" alt=\"\" class=\"wp-image-843\" srcset=\"https:\/\/www.ufsm.br\/app\/uploads\/sites\/407\/2022\/09\/image-2-1.jpg 630w, https:\/\/www.ufsm.br\/app\/uploads\/sites\/407\/2022\/09\/image-2-235x300.jpg 235w\" sizes=\"(max-width: 630px) 100vw, 630px\" \/><\/figure>\n<\/div>\n\n\n<p>O boleto gerado poder\u00e1 ser pago somente no <strong>Banco do Brasil<\/strong>. Clientes do Banco do Brasil poder\u00e3o efetuar o pagamento por meio dos <strong>Terminais de Auto-Atendimento<\/strong> ou pela <strong>Internet<\/strong>.<\/p>\n","protected":false},"excerpt":{"rendered":"<p>Acessar o link a seguir: Guia de Recolhimento da Uni\u00e3o &#8211; Portal SIAFI . As informa\u00e7\u00f5es a serem preenchidas dever\u00e3o ser obtidas pelo contribuinte junto ao Departamento de Contabilidade e Finan\u00e7as ou diretamente com a Unidade respons\u00e1vel pelo pagamento (por exemplo, Setores de Or\u00e7amento dos Centros de Ensino, Pr\u00f3-Reitorias ou Departamentos, entre outros). No campo [&hellip;]<\/p>\n","protected":false},"author":36,"featured_media":0,"parent":0,"menu_order":0,"comment_status":"closed","ping_status":"closed","template":"","meta":{"footnotes":""},"categories":[],"tags":[],"class_list":["post-833","page","type-page","status-publish","hentry"],"acf":[],"_links":{"self":[{"href":"https:\/\/www.ufsm.br\/orgaos-executivos\/dcf\/wp-json\/wp\/v2\/pages\/833","targetHints":{"allow":["GET"]}}],"collection":[{"href":"https:\/\/www.ufsm.br\/orgaos-executivos\/dcf\/wp-json\/wp\/v2\/pages"}],"about":[{"href":"https:\/\/www.ufsm.br\/orgaos-executivos\/dcf\/wp-json\/wp\/v2\/types\/page"}],"author":[{"embeddable":true,"href":"https:\/\/www.ufsm.br\/orgaos-executivos\/dcf\/wp-json\/wp\/v2\/users\/36"}],"replies":[{"embeddable":true,"href":"https:\/\/www.ufsm.br\/orgaos-executivos\/dcf\/wp-json\/wp\/v2\/comments?post=833"}],"version-history":[{"count":0,"href":"https:\/\/www.ufsm.br\/orgaos-executivos\/dcf\/wp-json\/wp\/v2\/pages\/833\/revisions"}],"wp:attachment":[{"href":"https:\/\/www.ufsm.br\/orgaos-executivos\/dcf\/wp-json\/wp\/v2\/media?parent=833"}],"wp:term":[{"taxonomy":"category","embeddable":true,"href":"https:\/\/www.ufsm.br\/orgaos-executivos\/dcf\/wp-json\/wp\/v2\/categories?post=833"},{"taxonomy":"post_tag","embeddable":true,"href":"https:\/\/www.ufsm.br\/orgaos-executivos\/dcf\/wp-json\/wp\/v2\/tags?post=833"}],"curies":[{"name":"wp","href":"https:\/\/api.w.org\/{rel}","templated":true}]}}