{"id":896,"date":"2022-10-02T18:14:20","date_gmt":"2022-10-02T21:14:20","guid":{"rendered":"https:\/\/www.ufsm.br\/orgaos-executivos\/dcf\/?page_id=896"},"modified":"2022-10-06T22:38:06","modified_gmt":"2022-10-07T01:38:06","slug":"imprimir-documento-em-pdf-extraido-do-siafi-operacional-tela-preta","status":"publish","type":"page","link":"https:\/\/www.ufsm.br\/orgaos-executivos\/dcf\/imprimir-documento-em-pdf-extraido-do-siafi-operacional-tela-preta","title":{"rendered":"Imprimir documento em pdf no SIAFI OPERACIONAL (TELA PRETA)"},"content":{"rendered":"\n<p>Os passos abaixo podem ser aplicados para <strong>imprimir em pdf qualquer tela (ou conjunto de telas)<\/strong> no <strong>SIAFI OPERACIONAL (TELA PRETA)<\/strong>.<\/p>\n\n\n\n<p>Para exemplificar, vamos supor que precisamos da Ordem Banc\u00e1ria 2022OB809686 em pdf. Neste caso, o documento possui 3 telas, logo, primeiramente vamos coletar todas estas telas. Entende-se por <strong>&#8220;coletar&#8221;<\/strong> como informar ao sistema quais telas queremos que componham o documento em pdf ao final.<\/p>\n\n\n\n<p>Para coletar a primeira tela clicar no bot\u00e3o <strong>&#8220;Clique para coletar tela&#8221;<\/strong>:<\/p>\n\n\n<div class=\"wp-block-image\">\n<figure class=\"aligncenter size-large\"><img fetchpriority=\"high\" decoding=\"async\" width=\"1024\" height=\"545\" src=\"https:\/\/www.ufsm.br\/app\/uploads\/sites\/407\/2022\/10\/image-42-1024x545.png\" alt=\"\" class=\"wp-image-968\" srcset=\"https:\/\/www.ufsm.br\/app\/uploads\/sites\/407\/2022\/10\/image-42-1024x545.png 1024w, https:\/\/www.ufsm.br\/app\/uploads\/sites\/407\/2022\/10\/image-42-300x160.png 300w, https:\/\/www.ufsm.br\/app\/uploads\/sites\/407\/2022\/10\/image-42-768x409.png 768w, https:\/\/www.ufsm.br\/app\/uploads\/sites\/407\/2022\/10\/image-42.png 1363w\" sizes=\"(max-width: 1024px) 100vw, 1024px\" \/><\/figure>\n<\/div>\n\n\n<p>Apertar a tecla <strong>&#8220;ENTER&#8221;<\/strong> no teclado para mostrar a segunda tela da Ordem Banc\u00e1ria, e novamente clicar no bot\u00e3o <strong>&#8220;Clique para coletar tela&#8221;<\/strong>:<\/p>\n\n\n<div class=\"wp-block-image\">\n<figure class=\"aligncenter size-large\"><img decoding=\"async\" width=\"1024\" height=\"545\" src=\"https:\/\/www.ufsm.br\/app\/uploads\/sites\/407\/2022\/10\/image-41-1024x545.png\" alt=\"\" class=\"wp-image-967\" srcset=\"https:\/\/www.ufsm.br\/app\/uploads\/sites\/407\/2022\/10\/image-41-1024x545.png 1024w, https:\/\/www.ufsm.br\/app\/uploads\/sites\/407\/2022\/10\/image-41-300x160.png 300w, https:\/\/www.ufsm.br\/app\/uploads\/sites\/407\/2022\/10\/image-41-768x409.png 768w, https:\/\/www.ufsm.br\/app\/uploads\/sites\/407\/2022\/10\/image-41.png 1364w\" sizes=\"(max-width: 1024px) 100vw, 1024px\" \/><\/figure>\n<\/div>\n\n\n<p>Apertar a tecla <strong>&#8220;ENTER&#8221;<\/strong> no teclado para mostrar a terceira e \u00faltima tela da Ordem Banc\u00e1ria, e novamente clicar no bot\u00e3o <strong>&#8220;Clique para coletar tela&#8221;<\/strong>:<\/p>\n\n\n<div class=\"wp-block-image\">\n<figure class=\"aligncenter size-large\"><img decoding=\"async\" width=\"1024\" height=\"546\" src=\"https:\/\/www.ufsm.br\/app\/uploads\/sites\/407\/2022\/10\/image-43-1024x546.png\" alt=\"\" class=\"wp-image-969\" srcset=\"https:\/\/www.ufsm.br\/app\/uploads\/sites\/407\/2022\/10\/image-43-1024x546.png 1024w, https:\/\/www.ufsm.br\/app\/uploads\/sites\/407\/2022\/10\/image-43-300x160.png 300w, https:\/\/www.ufsm.br\/app\/uploads\/sites\/407\/2022\/10\/image-43-768x409.png 768w, https:\/\/www.ufsm.br\/app\/uploads\/sites\/407\/2022\/10\/image-43.png 1364w\" sizes=\"(max-width: 1024px) 100vw, 1024px\" \/><\/figure>\n<\/div>\n\n\n<p>Ap\u00f3s coletar todas as telas desejadas, clicar no bot\u00e3o <strong>&#8220;Clique para processar coleta&#8221;<\/strong>:<\/p>\n\n\n<div class=\"wp-block-image\">\n<figure class=\"aligncenter size-large\"><img loading=\"lazy\" decoding=\"async\" width=\"1024\" height=\"547\" src=\"https:\/\/www.ufsm.br\/app\/uploads\/sites\/407\/2022\/10\/image-44-1024x547.png\" alt=\"\" class=\"wp-image-970\" srcset=\"https:\/\/www.ufsm.br\/app\/uploads\/sites\/407\/2022\/10\/image-44-1024x547.png 1024w, https:\/\/www.ufsm.br\/app\/uploads\/sites\/407\/2022\/10\/image-44-300x160.png 300w, https:\/\/www.ufsm.br\/app\/uploads\/sites\/407\/2022\/10\/image-44-768x410.png 768w, https:\/\/www.ufsm.br\/app\/uploads\/sites\/407\/2022\/10\/image-44.png 1362w\" sizes=\"(max-width: 1024px) 100vw, 1024px\" \/><\/figure>\n<\/div>\n\n\n<p>Na janela <strong>&#8220;Processar Coleta de Telas de Impress\u00e3o&#8221;<\/strong> clicar no bot\u00e3o <strong>&#8220;Selecionar Todos&#8221;<\/strong>, e depois no bot\u00e3o <strong>&#8220;Imprimir e Excluir Selecionados&#8221;<\/strong>:<\/p>\n\n\n<div class=\"wp-block-image\">\n<figure class=\"aligncenter size-full\"><img loading=\"lazy\" decoding=\"async\" width=\"787\" height=\"425\" src=\"https:\/\/www.ufsm.br\/app\/uploads\/sites\/407\/2022\/10\/image-45.jpg\" alt=\"\" class=\"wp-image-971\" srcset=\"https:\/\/www.ufsm.br\/app\/uploads\/sites\/407\/2022\/10\/image-45.jpg 787w, https:\/\/www.ufsm.br\/app\/uploads\/sites\/407\/2022\/10\/image-45-300x162.jpg 300w, https:\/\/www.ufsm.br\/app\/uploads\/sites\/407\/2022\/10\/image-45-768x415.jpg 768w\" sizes=\"(max-width: 787px) 100vw, 787px\" \/><\/figure>\n<\/div>\n\n\n<p>Na janela <strong>&#8220;Imprimir&#8221;<\/strong>, op\u00e7\u00e3o <strong>&#8220;Impressora&#8221;<\/strong>, em <strong>&#8220;Nome:&#8221;<\/strong>, escolher o dispositivo que imprima para pdf que esteja instalado\/dispon\u00edvel em seu computador, neste caso o <strong>&#8220;Microsoft Print to PDF&#8221;<\/strong>. Ap\u00f3s, clicar no bot\u00e3o <strong>&#8220;OK&#8221;<\/strong>:<\/p>\n\n\n<div class=\"wp-block-image\">\n<figure class=\"aligncenter size-full\"><img loading=\"lazy\" decoding=\"async\" width=\"434\" height=\"331\" src=\"https:\/\/www.ufsm.br\/app\/uploads\/sites\/407\/2022\/10\/image-45.png\" alt=\"\" class=\"wp-image-973\" srcset=\"https:\/\/www.ufsm.br\/app\/uploads\/sites\/407\/2022\/10\/image-45.png 434w, https:\/\/www.ufsm.br\/app\/uploads\/sites\/407\/2022\/10\/image-45-300x229.png 300w\" sizes=\"(max-width: 434px) 100vw, 434px\" \/><\/figure>\n<\/div>\n\n\n<p>Na janela <strong>&#8220;Salvar Sa\u00edda de Impress\u00e3o como&#8221;<\/strong>, em <strong>&#8220;Nome:&#8221;<\/strong>, digitar o nome do arquivo, e ap\u00f3s clicar no bot\u00e3o <strong>&#8220;Salvar&#8221;<\/strong>:<\/p>\n\n\n<div class=\"wp-block-image\">\n<figure class=\"aligncenter size-full\"><img loading=\"lazy\" decoding=\"async\" width=\"663\" height=\"469\" src=\"https:\/\/www.ufsm.br\/app\/uploads\/sites\/407\/2022\/10\/image-46.png\" alt=\"\" class=\"wp-image-974\" srcset=\"https:\/\/www.ufsm.br\/app\/uploads\/sites\/407\/2022\/10\/image-46.png 663w, https:\/\/www.ufsm.br\/app\/uploads\/sites\/407\/2022\/10\/image-46-300x212.png 300w\" sizes=\"(max-width: 663px) 100vw, 663px\" \/><\/figure>\n<\/div>\n\n\n<p>O arquivo <strong>&#8220;2022OB809686.pdf&#8221;<\/strong> ser\u00e1 salvo em seu computador:<\/p>\n\n\n<div class=\"wp-block-image\">\n<figure class=\"aligncenter size-full\"><img loading=\"lazy\" decoding=\"async\" width=\"591\" height=\"272\" src=\"https:\/\/www.ufsm.br\/app\/uploads\/sites\/407\/2022\/10\/image-47.png\" alt=\"\" class=\"wp-image-975\" srcset=\"https:\/\/www.ufsm.br\/app\/uploads\/sites\/407\/2022\/10\/image-47.png 591w, https:\/\/www.ufsm.br\/app\/uploads\/sites\/407\/2022\/10\/image-47-300x138.png 300w\" sizes=\"(max-width: 591px) 100vw, 591px\" \/><\/figure>\n<\/div>","protected":false},"excerpt":{"rendered":"<p>Os passos abaixo podem ser aplicados para imprimir em pdf qualquer tela (ou conjunto de telas) no SIAFI OPERACIONAL (TELA PRETA). Para exemplificar, vamos supor que precisamos da Ordem Banc\u00e1ria 2022OB809686 em pdf. Neste caso, o documento possui 3 telas, logo, primeiramente vamos coletar todas estas telas. Entende-se por &#8220;coletar&#8221; como informar ao sistema quais [&hellip;]<\/p>\n","protected":false},"author":36,"featured_media":0,"parent":0,"menu_order":0,"comment_status":"closed","ping_status":"closed","template":"","meta":{"footnotes":""},"categories":[],"tags":[],"class_list":["post-896","page","type-page","status-publish","hentry"],"acf":[],"_links":{"self":[{"href":"https:\/\/www.ufsm.br\/orgaos-executivos\/dcf\/wp-json\/wp\/v2\/pages\/896","targetHints":{"allow":["GET"]}}],"collection":[{"href":"https:\/\/www.ufsm.br\/orgaos-executivos\/dcf\/wp-json\/wp\/v2\/pages"}],"about":[{"href":"https:\/\/www.ufsm.br\/orgaos-executivos\/dcf\/wp-json\/wp\/v2\/types\/page"}],"author":[{"embeddable":true,"href":"https:\/\/www.ufsm.br\/orgaos-executivos\/dcf\/wp-json\/wp\/v2\/users\/36"}],"replies":[{"embeddable":true,"href":"https:\/\/www.ufsm.br\/orgaos-executivos\/dcf\/wp-json\/wp\/v2\/comments?post=896"}],"version-history":[{"count":0,"href":"https:\/\/www.ufsm.br\/orgaos-executivos\/dcf\/wp-json\/wp\/v2\/pages\/896\/revisions"}],"wp:attachment":[{"href":"https:\/\/www.ufsm.br\/orgaos-executivos\/dcf\/wp-json\/wp\/v2\/media?parent=896"}],"wp:term":[{"taxonomy":"category","embeddable":true,"href":"https:\/\/www.ufsm.br\/orgaos-executivos\/dcf\/wp-json\/wp\/v2\/categories?post=896"},{"taxonomy":"post_tag","embeddable":true,"href":"https:\/\/www.ufsm.br\/orgaos-executivos\/dcf\/wp-json\/wp\/v2\/tags?post=896"}],"curies":[{"name":"wp","href":"https:\/\/api.w.org\/{rel}","templated":true}]}}