{"id":20907,"date":"2018-07-16T11:55:34","date_gmt":"2018-07-16T14:55:34","guid":{"rendered":"https:\/\/www.ufsm.br\/orgaos-executivos\/demapa\/?page_id=20907"},"modified":"2023-12-12T10:02:18","modified_gmt":"2023-12-12T13:02:18","slug":"comissao-de-reavaliacao-e-baixa-patrimonial","status":"publish","type":"page","link":"https:\/\/www.ufsm.br\/orgaos-executivos\/demapa\/comissao-de-reavaliacao-e-baixa-patrimonial","title":{"rendered":"Comiss\u00e3o Permanente de Avalia\u00e7\u00e3o e Baixa Patrimonial de Bens M\u00f3veis"},"content":{"rendered":"<p><span style=\"font-family: verdana, geneva, sans-serif\">A Comiss\u00e3o de Permanente de Avalia\u00e7\u00e3o e Baixa Patrimonial de Bens M\u00f3veis, foi institu\u00edda com o objetivo de trazer agilidade e flexibilidade aos processos administrativos relacionados no \u00e2mbito da Institui\u00e7\u00e3o. Algumas de suas compet\u00eancias consistem em:<\/span><\/p>\n<ul>\n<li><span style=\"font-family: verdana, geneva, sans-serif\">Reavalia\u00e7\u00e3o dos bens conforme legisla\u00e7\u00e3o e classifica\u00e7\u00e3o pertinente;<\/span><\/li>\n<li><span style=\"font-family: verdana, geneva, sans-serif\">Orientar os agentes patrimoniais dos Centros acerca de como proceder com seus controles patrimoniais;<\/span><\/li>\n<li><span style=\"font-family: verdana, geneva, sans-serif\">Emiss\u00e3o de pareceres acerca de aliena\u00e7\u00e3o, baixa e reavalia\u00e7\u00e3o e t\u00e9cnicos, quando necess\u00e1rio.<\/span><\/li>\n<li><span style=\"font-family: verdana, geneva, sans-serif\">Avalia\u00e7\u00e3o e classifica\u00e7\u00e3o dos bens patrimoniais de acordo com a legisla\u00e7\u00e3o vigente;<\/span><\/li>\n<\/ul>\n<p><span style=\"font-family: verdana, geneva, sans-serif\">A Comiss\u00e3o Permanente de Avalia\u00e7\u00e3o e Baixa Patrimonial de Bens M\u00f3veis (CPABP-UFSM), reunir-se-\u00e1 sempre que convocada pelo seu presidente ou em decorr\u00eancia de requerimento da metade mais um de seus membros, ou ainda desde que haja demanda espec\u00edfica, visando atender aos prazos e recursos de processos.<\/span><\/p>\n<p><span style=\"font-family: verdana, geneva, sans-serif\"><strong>A comiss\u00e3o est\u00e1 composta com os seguintes membros:<\/strong><\/span><\/p>\n<p><span style=\"font-family: verdana, geneva, sans-serif\">Danielle Minuzzi (COPLAD\/PROPLAN) &#8211; PRESIDENTE<\/span><\/p>\n<p><span style=\"font-family: verdana, geneva, sans-serif\">Filipe Possatti Campanhola (PROINFRA) &#8211; VICE-PRESIDENTE<\/span><\/p>\n<p><span style=\"font-family: verdana, geneva, sans-serif\">Matheus Miller de Campos Viana <\/span><span style=\"font-family: verdana, geneva, sans-serif\">&#8211; (DIPAT\/DEMAPA)<\/span><\/p>\n<p><span style=\"font-family: verdana, geneva, sans-serif\">Fernando Paganella Pires (Biblioteca Central\/PROGRAD)<\/span><\/p>\n<p><span style=\"font-family: verdana, geneva, sans-serif\">Isac Fantinel Ferreira (NP\/CE) <\/span><\/p>\n<p><span style=\"font-family: verdana, geneva, sans-serif\">Lahraine Rubinich Montardo (COPLAI\/PROPLAN)<\/span><\/p>\n<p><span style=\"font-family: verdana, geneva, sans-serif\">Endrigo Aldori Gon\u00e7alves Souza (CTE\/PROGRAD)<\/span><\/p>\n<p><span style=\"font-family: verdana, geneva, sans-serif\">Rafael Rafaelli (CPD)<\/span><\/p>\n<p><span style=\"font-family: verdana, geneva, sans-serif\">Altemir Martins Ribeiro (DCF)<\/span><\/p>\n\n","protected":false},"excerpt":{"rendered":"<p>A Comiss\u00e3o de Permanente de Avalia\u00e7\u00e3o e Baixa Patrimonial de Bens M\u00f3veis, foi institu\u00edda com o objetivo de trazer agilidade e flexibilidade aos processos administrativos relacionados no \u00e2mbito da Institui\u00e7\u00e3o. Algumas de suas compet\u00eancias consistem em: Reavalia\u00e7\u00e3o dos bens conforme legisla\u00e7\u00e3o e classifica\u00e7\u00e3o pertinente; Orientar os agentes patrimoniais dos Centros acerca de como proceder com [&hellip;]<\/p>\n","protected":false},"author":100,"featured_media":0,"parent":0,"menu_order":0,"comment_status":"closed","ping_status":"closed","template":"","meta":{"footnotes":""},"categories":[],"tags":[],"class_list":["post-20907","page","type-page","status-publish","hentry"],"acf":[],"_links":{"self":[{"href":"https:\/\/www.ufsm.br\/orgaos-executivos\/demapa\/wp-json\/wp\/v2\/pages\/20907","targetHints":{"allow":["GET"]}}],"collection":[{"href":"https:\/\/www.ufsm.br\/orgaos-executivos\/demapa\/wp-json\/wp\/v2\/pages"}],"about":[{"href":"https:\/\/www.ufsm.br\/orgaos-executivos\/demapa\/wp-json\/wp\/v2\/types\/page"}],"author":[{"embeddable":true,"href":"https:\/\/www.ufsm.br\/orgaos-executivos\/demapa\/wp-json\/wp\/v2\/users\/100"}],"replies":[{"embeddable":true,"href":"https:\/\/www.ufsm.br\/orgaos-executivos\/demapa\/wp-json\/wp\/v2\/comments?post=20907"}],"version-history":[{"count":0,"href":"https:\/\/www.ufsm.br\/orgaos-executivos\/demapa\/wp-json\/wp\/v2\/pages\/20907\/revisions"}],"wp:attachment":[{"href":"https:\/\/www.ufsm.br\/orgaos-executivos\/demapa\/wp-json\/wp\/v2\/media?parent=20907"}],"wp:term":[{"taxonomy":"category","embeddable":true,"href":"https:\/\/www.ufsm.br\/orgaos-executivos\/demapa\/wp-json\/wp\/v2\/categories?post=20907"},{"taxonomy":"post_tag","embeddable":true,"href":"https:\/\/www.ufsm.br\/orgaos-executivos\/demapa\/wp-json\/wp\/v2\/tags?post=20907"}],"curies":[{"name":"wp","href":"https:\/\/api.w.org\/{rel}","templated":true}]}}