{"id":22872,"date":"2018-08-07T11:36:00","date_gmt":"2018-08-07T14:36:00","guid":{"rendered":"https:\/\/www.ufsm.br\/orgaos-executivos\/demapa\/?page_id=22872"},"modified":"2026-01-20T08:15:07","modified_gmt":"2026-01-20T11:15:07","slug":"orientacoes","status":"publish","type":"page","link":"https:\/\/www.ufsm.br\/orgaos-executivos\/demapa\/orientacoes","title":{"rendered":"Orienta\u00e7\u00f5es"},"content":{"rendered":"<h4>Licita\u00e7\u00f5es:<\/h4>\n<ul>\n<li><a href=\"https:\/\/www.ufsm.br\/app\/uploads\/sites\/352\/2026\/01\/Mem_Circ_01.2026_Planejamento_Compras_2026_UFSM.pdf\"><strong>Memorando Circular n\u00ba 01\/2026 &#8211; DEMAPA &#8211; Planejamento das contrata\u00e7\u00f5es para o ano de 2026(SRP);<span style=\"color: #ffff00\"><em><span style=\"color: #ff0000\">(Novo)<\/span><\/em><\/span><\/strong><\/a><\/li>\n<li><a href=\"https:\/\/www.ufsm.br\/app\/uploads\/sites\/352\/2025\/07\/Mem_Circ_02.2025_Prazos.pdf\">Memorando Circular 02\/2025-DEMAPA\/DCF &#8211; Define os prazos para contrata\u00e7\u00e3o e empenhos;<\/a><\/li>\n<li><strong><a href=\"https:\/\/www.ufsm.br\/app\/uploads\/sites\/352\/2026\/01\/Manual-I-Contratacao-planejamento-e-selecao-fornecedor-2026.pdf\">Manual de planejamento da contrata\u00e7\u00e3o e sele\u00e7\u00e3o do fornecedor 2026; <span style=\"color: #ffff00\"><em><span style=\"color: #ff0000\">(Novo)<\/span><\/em><\/span><\/a><\/strong><\/li>\n<li><a href=\"https:\/\/drive.google.com\/file\/d\/1KUwv_jEZEXB-kaDtraTDYCAVu_5wvLav\/view?usp=sharing\">Video: Sobre o planejamento das licita\u00e7\u00f5es &#8211; 2\u00ba encontro (<\/a><a href=\"https:\/\/drive.google.com\/file\/d\/1KUwv_jEZEXB-kaDtraTDYCAVu_5wvLav\/view?usp=sharing\">23.02.2024)<\/a>;<\/li>\n<li><a href=\"https:\/\/www.ufsm.br\/app\/uploads\/sites\/352\/2024\/01\/Mem_Circ_02.2024_Novidades_Nova_Lei_Licitacoes-14133.2021.pdf\">Memorando Circular n\u00ba 02\/2024 &#8211; DEMAPA &#8211; Mudan\u00e7as e impactos trazidos pela nova lei de licita\u00e7\u00f5es;<\/a><\/li>\n<li><a href=\"https:\/\/drive.google.com\/file\/d\/1L32zNHpw-d1tHQuC_LZM_H4DdBD3XqTs\/view?usp=sharing\">V\u00eddeo: Esclarecimento do memorando de Planejamento <\/a><a href=\"https:\/\/drive.google.com\/file\/d\/1KUwv_jEZEXB-kaDtraTDYCAVu_5wvLav\/view?usp=sharing\">&#8211; 1\u00ba encontro (<\/a><a href=\"https:\/\/drive.google.com\/file\/d\/1KUwv_jEZEXB-kaDtraTDYCAVu_5wvLav\/view?usp=sharing\">25.01.2024)<\/a>;<\/li>\n<li><a href=\"https:\/\/drive.google.com\/file\/d\/1dt5JPSY8VRD0WDIbx_NZoZkLJtk2Ey1X\/view\">V\u00eddeo de orienta\u00e7\u00e3o sobre especifica\u00e7\u00f5es de materiais<\/a>;\u00a0<\/li>\n<li><a href=\"https:\/\/drive.google.com\/file\/d\/1SU-TxfQpwc5ZmcmR9zs7-EXi7Mj0M_qm\/view\">V\u00eddeo de esclarecimento sobre documentos preparat\u00f3rios para Licita\u00e7\u00e3o DFD\/PGC\/ETP\/TR\/PESQUISA DE PRE\u00c7O);<\/a><\/li>\n<li><a href=\"https:\/\/drive.google.com\/file\/d\/1gblKjZlWzajq0c_8GlXH5RwXFgKfn6Ow\/view\">V\u00eddeo sobre Fase externa &#8211; Sele\u00e7\u00e3o de fornecedores;<\/a>\u00a0<\/li>\n<li><a href=\"https:\/\/drive.google.com\/file\/d\/19F2xTB7y_HXh8eww9owfGIfc4hbRSkSI\/view\">V\u00eddeo sobre execu\u00e7\u00e3o de contratos e nova lei de Licita\u00e7\u00f5es e contratos &#8211; parte 1;<\/a><\/li>\n<li><a href=\"https:\/\/drive.google.com\/file\/d\/1w2KO3sguNCsqFJb_8306i7_frKALAusx\/view?usp=sharing\">V\u00eddeo: Mudan\u00e7as na nova lei de licita\u00e7\u00f5es (22.01.2024) &#8211; parte 2;<\/a><\/li>\n<li><a href=\"https:\/\/www.ufsm.br\/app\/uploads\/sites\/352\/2025\/05\/Passo-a-passo-para-acessar-o-sistema-compras.gov_.br-ACEITACAO-HABILITACAO.pdf\">Passo a passo para acessar o sistema (www.gov.br\/compras) ACEITA\u00c7\u00c3O\/HABILITA\u00c7\u00c3O;<\/a><\/li>\n<li><a href=\"https:\/\/www.ufsm.br\/app\/uploads\/sites\/352\/2025\/05\/Passo-a-passo-para-acessar-o-sistema-compras.gov_.br-ACOMPANHAR-E-ANALISAR-RECURSOS.pdf\">Passo a passo para acessar o sistema (www.gov.br\/compras) ACOMPANHAR E ANALISAR RECURSOS;<\/a><\/li>\n<li><a href=\"https:\/\/www.ufsm.br\/app\/uploads\/sites\/352\/2021\/01\/Resumo-especificacoesAquisicaoMobiliario-2021.doc\"><span style=\"font-family: verdana, geneva, sans-serif\">Especifica\u00e7\u00f5es B\u00e1sicas para aquisi\u00e7\u00e3o de mobili\u00e1rio;<\/span><\/a><\/li>\n<li><strong><a href=\"https:\/\/www.ufsm.br\/app\/uploads\/sites\/352\/2024\/01\/Especificacao_Equipamento_Informatica_23.01.24.pdf\">Especifica\u00e7\u00f5es B\u00e1sicas para material de inform\u00e1tica;<\/a><\/strong><\/li>\n<li><a href=\"https:\/\/www.ufsm.br\/app\/uploads\/sites\/352\/2023\/01\/Planejamento_solicitacoes_compras_160123.pdf\"><span style=\"font-family: verdana, geneva, sans-serif\">Orienta\u00e7\u00f5es sobre Planejamen<\/span><span style=\"font-family: verdana, geneva, sans-serif\">to e Solicita\u00e7\u00f5es de Compra ;<\/span><\/a><\/li>\n<li><a href=\"https:\/\/www.ufsm.br\/app\/uploads\/sites\/352\/2021\/08\/Passo-a-Passo-Solicitacao-de-licitacao-SIE.pdf\">Passo a passo &#8211; Solicita\u00e7\u00e3o de Licita\u00e7\u00e3o no SIE;<\/a><\/li>\n<li><a href=\"https:\/\/www.ufsm.br\/app\/uploads\/sites\/352\/2023\/01\/Instrucoes_inf_envio_solic_licitacoes_160123.pdf\">Instru\u00e7\u00f5es e informa\u00e7\u00f5es para o encaminhamento das demandas de materiais, equipamentos e servi\u00e7os pelas Unidades\/subunidades da UFSM;<\/a><\/li>\n<li><strong><a href=\"https:\/\/www.ufsm.br\/app\/uploads\/sites\/352\/2024\/09\/Documentos-para-Adesao-Lei-14.133.pdf\">Documentos para Ades\u00f5es;<\/a><span style=\"color: #ffff00\"><em><span style=\"color: #ff0000\">(Novo)<\/span><\/em><\/span><\/strong><\/li>\n<li><a href=\"https:\/\/www.ufsm.br\/app\/uploads\/sites\/352\/2022\/07\/Classificacao-de-materiais.pdf\">Materiais com classifica\u00e7\u00e3o duvidosa;<\/a><\/li>\n<li><a href=\"https:\/\/www.ufsm.br\/app\/uploads\/sites\/352\/2025\/01\/Guia-Nacional-compras-Sustentaveis-2024.pdf\">Guia nacional de contrata\u00e7\u00f5es sustent\u00e1veis ;<\/a><span style=\"color: #ff0000\"><strong><em> (Novo)<\/em><\/strong><\/span><\/li>\n<li><a href=\"https:\/\/www.ufsm.br\/app\/uploads\/sites\/352\/2025\/03\/PLS-UFSM.pdf\"><strong>Plano de logistica Sustent\u00e1vel UFSM;<\/strong><\/a><\/li>\n<li><a href=\"https:\/\/www.ufsm.br\/app\/uploads\/sites\/352\/2023\/02\/Etapas_licitacao_Unidade_requisitante_020223.pdf\">Etapas da Licita\u00e7\u00e3o da unidade requisitante;<\/a><\/li>\n<\/ul>\n<h4>Dispensa de Licita\u00e7\u00e3o\/Inexigibilidade:<\/h4>\n<ul>\n<li><a href=\"https:\/\/www.ufsm.br\/app\/uploads\/sites\/352\/2024\/01\/Mem_Circ_02.2024_Novidades_Nova_Lei_Licitacoes-14133.2021.pdf\"><strong>Memorando Circular n\u00ba 02\/2024 &#8211; DEMAPA &#8211; Mudan\u00e7as e impactos trazidos pela nova lei de licita\u00e7\u00f5es;\u00a0 <\/strong><\/a><strong><span style=\"color: #ffff00\"><em><span style=\"color: #ff0000\">(Novo)<\/span><\/em><\/span><\/strong><\/li>\n<li><strong><a href=\"https:\/\/drive.google.com\/file\/d\/1dt5JPSY8VRD0WDIbx_NZoZkLJtk2Ey1X\/view\">Video de orienta\u00e7\u00e3o sobre especifica\u00e7\u00f5es de materiais<\/a>;\u00a0 <span style=\"color: #ffff00\"><em><span style=\"color: #ff0000\">(Novo)<\/span><\/em><\/span><\/strong><\/li>\n<li><strong><a href=\"https:\/\/www.ufsm.br\/app\/uploads\/sites\/352\/2025\/07\/Contratacao-Direta-2025.pptx\">Orienta\u00e7\u00f5es sobre Contrata\u00e7\u00e3o Direta &#8211; Dispensa de Licita\u00e7\u00e3o\/ Inexigibilidade &#8211; Nova Lei de Licita\u00e7\u00f5es;<\/a> <span style=\"color: #ff0000\"><em>(Novo)<\/em><\/span><\/strong><\/li>\n<li><a href=\"https:\/\/www.ufsm.br\/orgaos-executivos\/demapa\/wp-content\/uploads\/sites\/352\/2018\/08\/Passo-a-passo-Dispensa-de-licita%C3%A7%C3%A3o-SIE.pdf\">Passo a Passo &#8211; Dispensa de Licita\u00e7\u00e3o no SIE;<\/a><\/li>\n<li><a href=\"https:\/\/www.ufsm.br\/orgaos-executivos\/demapa\/wp-content\/uploads\/sites\/352\/2018\/04\/Mem.Circ_03.2017.pdf\">Memorando Circular n\u00ba 003\/2017 &#8211; DEMAPA &#8211; Orienta\u00e7\u00f5es para contrata\u00e7\u00e3o de servi\u00e7os de\u00a0 Pessoa F\u00edsica;<\/a>\n<ul>\n<li><a href=\"https:\/\/www.ufsm.br\/app\/uploads\/sites\/352\/2023\/03\/Check-list-E-Social-pessoa-fisica-.pdf\">Formul\u00e1rio para preenchimento com dados da Pessoa F\u00edsica<\/a><\/li>\n<\/ul>\n<\/li>\n<li><a href=\"https:\/\/drive.google.com\/file\/d\/19drSHcw0Xwz6blLblKVDojVw5Nsy7ic5\/view?usp=sharing\">Curso Contrata\u00e7\u00e3o Direta do DEMAPA &#8211; V\u00eddeo<\/a><\/li>\n<li><a href=\"https:\/\/drive.google.com\/file\/d\/19-aPf-g54Qace2arWYLveUAExrPJDtlu\/view?usp=sharing\">Encontro on-line sobre Contrata\u00e7\u00e3o Direta &#8211; Dispensa Eletr\u00f4nica &#8211; 23\/03\/2023<\/a>\n<ul>\n<li><a href=\"https:\/\/www.ufsm.br\/app\/uploads\/sites\/352\/2023\/03\/Apresentacao_encontro_Dispensa_Licitacao_23.03.23.pdf\" target=\"_blank\" rel=\"noopener\">Apresenta\u00e7\u00e3o do encontro on-line sobre contrata\u00e7\u00e3o direta &#8211; 23\/03\/2023<\/a><\/li>\n<\/ul>\n<\/li>\n<\/ul>\n<h4>Pesquisa de pre\u00e7os:<\/h4>\n<ul>\n<li><a href=\"https:\/\/www.ufsm.br\/app\/uploads\/sites\/352\/2023\/01\/Orientacao_presquisa_precos_31.01.23.pdf\">Orienta\u00e7\u00f5es sobre Pesquisa de Pre\u00e7os;<\/a><\/li>\n<li><a href=\"https:\/\/www.youtube.com\/watch?v=izDDyUjyCZo\" target=\"_blank\" rel=\"noopener\">V\u00eddeo sobre a nova ferramenta &#8220;Pesquisa de Pre\u00e7os&#8221;;\u00a0<\/a><\/li>\n<li><a href=\"https:\/\/drive.google.com\/file\/d\/1eIeK7I9KtjVuHu8gMpfN_CZZEVcxavA1\/view?usp=sharing\">Encontro on-line do DEMAPA sobre Pesquisa de Pre\u00e7os &#8211; 30\/01\/2023<\/a><\/li>\n<li><a href=\"https:\/\/www.ufsm.br\/app\/uploads\/sites\/352\/2025\/03\/Modelo-Pesquisa-de-Precos-Excel.xlsx\">Modelo de Pesquisa de Pre\u00e7os &#8211; Formato Excel (Edit\u00e1vel)<\/a><\/li>\n<li><a href=\"https:\/\/www.ufsm.br\/app\/uploads\/sites\/352\/2025\/03\/Modelo-Pesquisa-de-Precos-Governo.pdf\">Modelo de Pesquisa de Pre\u00e7os &#8211; Modelo Governo (Compras.gov)<\/a><\/li>\n<\/ul>\n<h4>Estudos T\u00e9cnicos\u00a0 Preliminares &#8211; ETP DIGITAL:<\/h4>\n<ul>\n<li><a href=\"https:\/\/www.ufsm.br\/app\/uploads\/sites\/352\/2023\/02\/Estudos_tecnicos_preliminares_020223.pdf\">Tutorial Estudos T\u00e9cnicos Preliminares;<\/a><\/li>\n<li><a href=\"https:\/\/www.ufsm.br\/app\/uploads\/sites\/352\/2023\/02\/Resumo_sobre_estudos_tecnicos_preliminares_ETP_020223..pdf\">Resumo tutorial ETP;<\/a><\/li>\n<li><a href=\"https:\/\/www.youtube.com\/watch?v=e1tnunsfDUc\">ETP Digital na pr\u00e1tica (v\u00eddeo);<\/a><\/li>\n<li><a href=\"https:\/\/www.youtube.com\/watch?v=7iFMYn6KCaA\">Apresenta\u00e7\u00e3o da IN 58\/2022 &#8211; ETP (v\u00eddeo);<\/a><\/li>\n<li><a href=\"https:\/\/drive.google.com\/file\/d\/1tWKI9n09KMIoWzOh3RuwQMqcYeYzSzR-\/view?usp=sharing\">Encontro on-line do DEMAPA sobre ETP digital &#8211; 02\/02\/2023<\/a><\/li>\n<\/ul>\n<h4>Planejamento e Gerenciamento de Contrata\u00e7\u00f5es &#8211; PGC:<\/h4>\n<ul>\n<li><a href=\"https:\/\/www.ufsm.br\/app\/uploads\/sites\/352\/2025\/01\/Orientacoes-PGC.pdf\">Orienta\u00e7\u00f5es DEMAPA\/UFSM sobre o PGC<\/a>. <span style=\"color: #ff0000\"><em><strong>(Novo)<\/strong><\/em><\/span><\/li>\n<li><a href=\"https:\/\/www.gov.br\/compras\/pt-br\/sistemas\/conheca-o-compras\/sistema-de-planejamento-e-gerenciamento-de-contratacoes\/serie-nova-lei-de-licitacoes-um-ano-para-a-construcao-do-futuro\">Manual PGC<\/a><\/li>\n<li><a href=\"https:\/\/www.gov.br\/compras\/pt-br\/sistemas\/conheca-o-compras\/sistema-de-planejamento-e-gerenciamento-de-contratacoes\/DFDnaprtica2.pdf\">DFD na pr\u00e1tica (Documento de Formaliza\u00e7\u00e3o da Demanda)\u00a0<\/a><\/li>\n<li><a href=\"https:\/\/youtu.be\/NITd8h_g0Oo\">V\u00eddeo sobre a nova Funcionalidade (DFD) do PGC<\/a><\/li>\n<li><a href=\"https:\/\/drive.google.com\/file\/d\/1g_lEt4zV5EuCWtkRTe-JspfcEtoUElnf\/view?usp=sharing\">Encontro on-line do DEMAPA sobre o PGC\u00a0 &#8211; 24\/01\/2023<\/a><\/li>\n<\/ul>\n<h4>Contratos:<\/h4>\n<ul>\n<li><a href=\"https:\/\/www.ufsm.br\/app\/uploads\/sites\/352\/2026\/01\/Manual-II-Gestao-de-contratos-e-Registro-de-Precos-2026-1.pdf\"><strong>Manual de Gest\u00e3o de Contratos e Registro de Pre\u00e7os 2026; <em><span style=\"color: #ff0000\">(novo)<\/span><\/em><\/strong><\/a><\/li>\n<li><a href=\"https:\/\/www.ufsm.br\/pro-reitorias\/proinfra\/wp-content\/uploads\/sites\/343\/2019\/06\/Manual-do-Fiscal-Setorial-SAM.pdf\">Manual do Fiscal Setorial &#8211; Servi\u00e7os Terceirizados de Apoio e Manuten\u00e7\u00e3o;<\/a><\/li>\n<li><a href=\"https:\/\/www.ufsm.br\/pro-reitorias\/proinfra\/wp-content\/uploads\/sites\/343\/2019\/06\/Manual-do-Fiscal-Setorial-SLC.pdf\">Manual do Fiscal Setorial &#8211; Servi\u00e7os Terceirizados de Limpeza e Manuten\u00e7\u00e3o;<\/a><\/li>\n<li><a href=\"https:\/\/www.ufsm.br\/pro-reitorias\/proinfra\/wp-content\/uploads\/sites\/343\/2019\/06\/Manual-do-Fiscal-Setorial-SAP.pdf\">Manual do Fiscal Setorial &#8211; Servi\u00e7os de Agente de Portaria.<\/a><\/li>\n<li><a href=\"https:\/\/www.ufsm.br\/app\/uploads\/sites\/352\/2026\/01\/Solicitacoes-de-prorrogacoes-contratuais.pdf\">Orienta\u00e7\u00f5es sobre prorroga\u00e7\u00f5es de contratos.<\/a><\/li>\n<li><a href=\"https:\/\/www.ufsm.br\/orgaos-executivos\/demapa\/2022\/03\/08\/esclarecimentos-sobre-contratos-de-hospedagens-e-refeicoes-a-convidados-da-ufsm\/\">Contratos de hospedagem e refei\u00e7\u00f5es a convidados da UFSM.<\/a><\/li>\n<\/ul>\n<h4>Passagens Rodovi\u00e1rias:<\/h4>\n<ul>\n<li><a href=\"https:\/\/www.ufsm.br\/orgaos-executivos\/demapa\/2022\/10\/25\/migracao-do-sistema-da-planalto-transportes-para-compra-de-passagens-rodoviarias\/\">Orienta\u00e7\u00f5es sobre a nova sistem\u00e1tica de compra de passagens rodovi\u00e1rias.<\/a>\u00a0<\/li>\n<li><a href=\"https:\/\/www.ufsm.br\/app\/uploads\/sites\/352\/2022\/10\/Manual_sistema_Muviflex_Planalto_2022.pdf\">Manual de utiliza\u00e7\u00e3o do sistema MUVIFLEX<\/a>\u00a0<\/li>\n<\/ul>\n<h4>Registro de Pre\u00e7os:<\/h4>\n<ul>\n<li><a href=\"https:\/\/www.ufsm.br\/app\/uploads\/sites\/352\/2021\/02\/Tutorial_Transf_RP.pdf\">Tutorial de Transfer\u00eancia de Registro de Pre\u00e7o<\/a><\/li>\n<li><a href=\"https:\/\/www.ufsm.br\/app\/uploads\/sites\/352\/2026\/01\/Manual-II-Gestao-de-contratos-e-Registro-de-Precos-2026-1.pdf\"><strong>Manual de Gest\u00e3o de Contratos e Registro de Pre\u00e7os 2026\u00a0 <span style=\"color: #ff0000\"><em>(Novo)<\/em><\/span><\/strong><\/a><\/li>\n<\/ul>\n<p><a href=\"https:\/\/www.ufsm.br\/app\/uploads\/sites\/352\/2021\/02\/Transf_Registro_Preco_Unidades.doc\">Formul\u00e1rio de Transfer\u00eancia de RP<\/a><\/p>\n<h4>SICAF 100% Digital:<\/h4>\n<ul>\n<li><a href=\"https:\/\/www.ufsm.br\/app\/uploads\/sites\/352\/2023\/12\/Passo_a_passo_Acesso-SIASG_SICAF.pdf\" target=\"_blank\" rel=\"noopener\">Primeiro acesso SIASG\/SICAF<\/a><\/li>\n<li><a href=\"https:\/\/www.ufsm.br\/app\/uploads\/sites\/352\/2023\/12\/Manual_Operacionao_SICAF_Empresas-Estrangeiras_NACIONAL.pdf\">Cadastramento de empresas NACIONAIS no SICAF<\/a>;\n<ul>\n<li><a href=\"https:\/\/tutoriais.comprasgovernamentais.gov.br\/sicaf\/html\/\">Treinamento\/simula\u00e7\u00e3o de cadastro no SICAF.<\/a><\/li>\n<\/ul>\n<\/li>\n<li><a href=\"https:\/\/www.ufsm.br\/app\/uploads\/sites\/352\/2023\/12\/MANUAL-OPERACIONAL-SICAF-Empresas-Estrangeiras.pdf\">Cadastramento de empresas ESTRANGEIRAS no SICAF;<\/a>\u00a0<em>Vers\u00f5es em <a href=\"https:\/\/www.ufsm.br\/app\/uploads\/sites\/352\/2023\/12\/MANUAL-OPERACIONAL-SICAF-Empresas-Estrangeiras-INGLES.pdf\">[Ingl\u00eas]<\/a> &#8211; <a href=\"https:\/\/www.ufsm.br\/app\/uploads\/sites\/352\/2023\/12\/MANUAL-OPERACIONAL-SICAF-Empresas-Estrangeiras-ESPANHOL.pdf\">[Espanhol]<\/a><\/em>\n<ul>\n<li><a href=\"https:\/\/www.ufsm.br\/app\/uploads\/sites\/352\/2023\/12\/CADERNO-DE-LOGISTICA-Participacoes-de-empresas-estrangeiras-em-licitacoes.pdf\">Informa\u00e7\u00f5es sobre participa\u00e7\u00e3o de empresas estrangeiras.<\/a><\/li>\n<\/ul>\n<\/li>\n<li><a href=\"https:\/\/www.gov.br\/compras\/pt-br\/acesso-a-informacao\/cursos-e-capacitacoes\/#SICAF\">Tutoriais e V\u00eddeos<\/a><\/li>\n<\/ul>\n<h4>SIASG &#8211; CATMAT\/CATSER:<\/h4>\n<ul>\n<li><span style=\"font-family: verdana,geneva,sans-serif\"><a href=\"https:\/\/www.ufsm.br\/orgaos-executivos\/demapa\/wp-content\/uploads\/sites\/352\/2018\/04\/manualCatMatCatSer.pdf\">Orienta\u00e7\u00f5es de como proceder com a cataloga\u00e7\u00e3o de Materiais e Servi\u00e7os do governo federal no SIASG;<\/a><\/span><\/li>\n<li><span style=\"font-family: verdana,geneva,sans-serif\"><a href=\"https:\/\/www.ufsm.br\/orgaos-executivos\/demapa\/wp-content\/uploads\/sites\/352\/2018\/04\/memo_032016.pdf\">Memorando Circular n\u00ba 003\/2016 &#8211; DEMAPA &#8211; Cataloga\u00e7\u00e3o de Materiais;<\/a><\/span><\/li>\n<\/ul>\n<h4>Almoxarifado Central:<\/h4>\n<ul>\n<li><a href=\"https:\/\/www.ufsm.br\/app\/uploads\/sites\/352\/2024\/03\/Manual_almoxarifado_central.pdf\">Manual do almoxarifado central<\/a><\/li>\n<li>Canal de comunica\u00e7\u00e3o (Cr\u00edticas, Sugest\u00f5es, Reclama\u00e7\u00f5es, Feedback) do Almoxarifado: <a href=\"mailto:atendimento.almoxarifado@ufsm.br\">atendimento.almoxarifado@ufsm.br<\/a>\u00a0<\/li>\n<\/ul>\n<h4>Patrim\u00f4nio:<\/h4>\n<ul>\n<li><a href=\"https:\/\/www.ufsm.br\/app\/uploads\/sites\/352\/2023\/06\/Orientacao-sobre-a-Funcionalidade-CLASSIFICADOS.pdf\">Orienta\u00e7\u00f5es sobre a funcionalidade CLASSIFICADOS<\/a><\/li>\n<li><a href=\"https:\/\/www.ufsm.br\/app\/uploads\/sites\/352\/2023\/06\/Orientacao-sobre-a-Funcionalidade-RECOLHIMENTO.pdf\">Orienta\u00e7\u00f5es sobre a funcionalidade RECOLHIMENTO.<\/a><\/li>\n<li><a href=\"https:\/\/www.ufsm.br\/app\/uploads\/sites\/352\/2020\/10\/cronograma-dipat.jpg\">Cronograma de Agendamentos da Divis\u00e3o de Patrim\u00f4nio &#8211; DIPAT<\/a><\/li>\n<li><a href=\"https:\/\/www.ufsm.br\/orgaos-executivos\/demapa\/wp-content\/uploads\/sites\/352\/2019\/04\/Mem_01.2019_DIPAT-1.pdf\">Regulamenta\u00e7\u00e3o da entrega de bens permanentes da UFSM e assinatura do Termo de Responsabilidade<\/a><\/li>\n<li><a href=\"https:\/\/www.ufsm.br\/orgaos-executivos\/demapa\/wp-content\/uploads\/sites\/352\/2018\/04\/manualCatMatCatSer.pdf\">Apresenta\u00e7\u00e3o e Orienta\u00e7\u00f5es de como usar as funcionalidades do Portal do Patrim\u00f4nio UFSM;<\/a><\/li>\n<li><a href=\"https:\/\/www.ufsm.br\/orgaos-executivos\/demapa\/wp-content\/uploads\/sites\/352\/2018\/04\/Mem_Circ_Dipat_04.2017.pdf\">Memorando Circular n\u00ba 004\/2017 &#8211; <\/a><a href=\"https:\/\/www.ufsm.br\/orgaos-executivos\/demapa\/wp-content\/uploads\/sites\/352\/2018\/04\/Mem.Circ_03.2017.pdf\">DEMAPA &#8211; <\/a><a href=\"https:\/\/www.ufsm.br\/orgaos-executivos\/demapa\/wp-content\/uploads\/sites\/352\/2018\/04\/Mem_Circ_Dipat_04.2017.pdf\">Orienta\u00e7\u00f5es sobre invent\u00e1rio patrimonial (setores\/unidades em atraso);<\/a><\/li>\n<li><a href=\"https:\/\/www.ufsm.br\/app\/uploads\/sites\/352\/2021\/06\/Memo_Circ_03.2021_DIPAT.pdf\">Memorando Circular n\u00ba 003\/2021 &#8211; DIPAT &#8211; Orienta\u00e7\u00f5es sobre emiss\u00e3o de notas fiscais e guarda de uso e cont<span style=\"font-family: verdana,geneva,sans-serif\">role;<\/span><\/a><span style=\"font-family: verdana,geneva,sans-serif\">\u00a0<\/span><\/li>\n<li><strong><a href=\"https:\/\/www.ufsm.br\/app\/uploads\/sites\/352\/2022\/11\/Manual_Gestao-Patrimonial_2022.pdf\">Manual de Gest\u00e3o Patrimonial 2022<\/a><\/strong><\/li>\n<li><a href=\"https:\/\/www.ufsm.br\/app\/uploads\/sites\/352\/2022\/11\/Mem_Circ_001.2022_Dipat.pdf\"><strong>Memorando Circular 001\/2022 &#8211; DIPAT &#8211; Orienta\u00e7\u00e3o para assinatura em Termo de Responsabilidade pelos chefes de cargas patrimoniais <\/strong><\/a><strong><span style=\"color: #ff6600\"><em>(novo)<\/em><\/span><\/strong><\/li>\n<li><a href=\"https:\/\/www.ufsm.br\/app\/uploads\/sites\/352\/2022\/11\/Estatistica_inventario_patrim.pdf\">Desfazimento de Bens Patrimoniais\u00a0<\/a><\/li>\n<li><a href=\"https:\/\/drive.google.com\/file\/d\/1YDzSIMs4EmPcle2ekVuYci2KGRwb70Yw\/view?usp=sharing\"><strong>Encontro on-line &#8211; Tira d\u00favidas do Invent\u00e1rio<\/strong><\/a><\/li>\n<\/ul>\n<h4>Importa\u00e7\u00e3o:<\/h4>\n<ul>\n<li><a href=\"https:\/\/ufsm.br\/r-352-37799\">Comunica\u00e7\u00e3o &#8211; processos de importa\u00e7\u00e3o &#8211; necessidade de representante nacional para<\/a><a href=\"https:\/\/ufsm.br\/r-352-37799\"> e<\/a><a href=\"https:\/\/ufsm.br\/r-352-37799\">mpresas<\/a><a href=\"https:\/\/ufsm.br\/r-352-37799\"> estrangeiras<\/a>. <strong><em style=\"color: revert;font-size: revert;font-weight: revert\"><span style=\"color: #ff0000\">(Novo)<\/span><\/em><\/strong><\/li>\n<li><a href=\"https:\/\/www.ufsm.br\/app\/uploads\/sites\/352\/2023\/02\/Importacao-para-Pesquisa-na-UFSM-\u2013-Passo-a-passo.pdf\"><span style=\"font-family: verdana,geneva,sans-serif\">Importa\u00e7\u00e3o para Pesquisa na UFSM &#8211; Passo a passo;<\/span><\/a><\/li>\n<li><a href=\"https:\/\/www.ufsm.br\/app\/uploads\/sites\/352\/2023\/02\/ANEXO-I-Modelo-Mem-Solic-Importacao.doc\"><span style=\"font-family: verdana,geneva,sans-serif\">ANEXO I &#8211; Modelo &#8211; Memorando de Solicita\u00e7\u00e3o de Importa\u00e7\u00e3o;<\/span><\/a><\/li>\n<li><a href=\"https:\/\/www.ufsm.br\/app\/uploads\/sites\/352\/2023\/02\/ANEXO-II-Modelo-Justificativa-da-Demanda.doc\"><span style=\"font-family: verdana,geneva,sans-serif\">ANEXO II &#8211; Modelo &#8211; Justificativa da Demanda;<\/span><\/a><\/li>\n<li><a href=\"https:\/\/www.ufsm.br\/app\/uploads\/sites\/352\/2023\/02\/ANEXO-III-Modelo-Pesquisa-de-Preco.doc\"><span style=\"font-family: verdana,geneva,sans-serif\">ANEXO III &#8211; Modelo &#8211; Pesquisa de Pre\u00e7o;<\/span><\/a><\/li>\n<li><a href=\"https:\/\/www.ufsm.br\/app\/uploads\/sites\/352\/2023\/02\/ANEXO-IV-Modelo-Formulario-de-Solic-de-Importacao.doc\"><span style=\"font-family: verdana,geneva,sans-serif\">ANEXO IV &#8211; Modelo &#8211; Formul\u00e1rio de Solicita\u00e7\u00e3o de Importa\u00e7\u00e3o;<\/span><\/a><\/li>\n<li><a href=\"https:\/\/www.ufsm.br\/app\/uploads\/sites\/352\/2023\/02\/Check-list-de-Documentos.pdf\"><span style=\"font-family: verdana,geneva,sans-serif\">Check-list de Documentos;<\/span><\/a><\/li>\n<li><a href=\"https:\/\/www.ufsm.br\/app\/uploads\/sites\/352\/2023\/02\/Informacoes-sobre-Condicoes-de-Negociacao-\u2013-INCOTERMS.pdf\"><span style=\"font-family: verdana,geneva,sans-serif\">Informa\u00e7\u00f5es sobre Condi\u00e7\u00f5es de Negocia\u00e7\u00e3o &#8211; INCOTERMS; <\/span><\/a><\/li>\n<li><a href=\"https:\/\/www.ufsm.br\/app\/uploads\/sites\/352\/2023\/02\/Solic-Proc-de-Importacao-no-PEN-SIE-Setimp-Passo-a-Passo.pdf\"><span style=\"font-family: verdana, geneva, sans-serif\">Solicita\u00e7\u00e3o de processo de Importa\u00e7\u00e3o no PEN SIE -Passo a Passo<\/span><\/a><\/li>\n<\/ul>\n<h6><code><em>Obs: Salientamos que os modelos de documentos acima se referem a processos de importa\u00e7\u00e3o para pesquisa cient\u00edfica. Para abertura de processos de importa\u00e7\u00e3o ou outras modalidades de com\u00e9rcio exterior que n\u00e3o se enquadrem na Lei 8.010\/1990, sejam estes Inexigibilidade de Licita\u00e7\u00e3o, Admiss\u00e3o Tempor\u00e1ria, Exporta\u00e7\u00e3o ou Exporta\u00e7\u00e3o Tempor\u00e1ria, favor contatar diretamente o SETIMP para instru\u00e7\u00f5es.<\/em><\/code><\/h6>\n<h4>\u00a0<\/h4>\n<h4>Passagens A\u00e9reas:<\/h4>\n<ul>\n<li><a href=\"https:\/\/www.ufsm.br\/orgaos-executivos\/demapa\/wp-content\/uploads\/sites\/352\/2019\/04\/Memo_Circ_66.2019_DCF_DEMAPA.pdf\">Memorando Circular n\u00ba 066\/2019 (01.04.2019) &#8211; DCF\/DEMAPA &#8211; Reativa\u00e7\u00e3o da modalidade aquisi\u00e7\u00e3o direta de passagens a\u00e9reas via SCDP.<\/a><\/li>\n<li><span style=\"font-family: verdana,geneva,sans-serif\"><a href=\"https:\/\/www.ufsm.br\/orgaos-executivos\/demapa\/wp-content\/uploads\/sites\/352\/2018\/09\/Memo_Circ_08.2018.pdf\">Memorando Circular n\u00ba 008\/2018 (03.09.2018) &#8211; DEMAPA &#8211; Novas orienta\u00e7\u00f5es sobre a contrata\u00e7\u00e3o de passagens a\u00e9reas;<\/a><\/span><\/li>\n<\/ul>\n\n\n\n","protected":false},"excerpt":{"rendered":"<p>Licita\u00e7\u00f5es: Memorando Circular n\u00ba 01\/2026 &#8211; DEMAPA &#8211; Planejamento das contrata\u00e7\u00f5es para o ano de 2026(SRP);(Novo) Memorando Circular 02\/2025-DEMAPA\/DCF &#8211; Define os prazos para contrata\u00e7\u00e3o e empenhos; Manual de planejamento da contrata\u00e7\u00e3o e sele\u00e7\u00e3o do fornecedor 2026; (Novo) Video: Sobre o planejamento das licita\u00e7\u00f5es &#8211; 2\u00ba encontro (23.02.2024); Memorando Circular n\u00ba 02\/2024 &#8211; DEMAPA &#8211; [&hellip;]<\/p>\n","protected":false},"author":100,"featured_media":0,"parent":0,"menu_order":0,"comment_status":"closed","ping_status":"closed","template":"","meta":{"footnotes":""},"categories":[],"tags":[],"class_list":["post-22872","page","type-page","status-publish","hentry"],"acf":[],"_links":{"self":[{"href":"https:\/\/www.ufsm.br\/orgaos-executivos\/demapa\/wp-json\/wp\/v2\/pages\/22872","targetHints":{"allow":["GET"]}}],"collection":[{"href":"https:\/\/www.ufsm.br\/orgaos-executivos\/demapa\/wp-json\/wp\/v2\/pages"}],"about":[{"href":"https:\/\/www.ufsm.br\/orgaos-executivos\/demapa\/wp-json\/wp\/v2\/types\/page"}],"author":[{"embeddable":true,"href":"https:\/\/www.ufsm.br\/orgaos-executivos\/demapa\/wp-json\/wp\/v2\/users\/100"}],"replies":[{"embeddable":true,"href":"https:\/\/www.ufsm.br\/orgaos-executivos\/demapa\/wp-json\/wp\/v2\/comments?post=22872"}],"version-history":[{"count":0,"href":"https:\/\/www.ufsm.br\/orgaos-executivos\/demapa\/wp-json\/wp\/v2\/pages\/22872\/revisions"}],"wp:attachment":[{"href":"https:\/\/www.ufsm.br\/orgaos-executivos\/demapa\/wp-json\/wp\/v2\/media?parent=22872"}],"wp:term":[{"taxonomy":"category","embeddable":true,"href":"https:\/\/www.ufsm.br\/orgaos-executivos\/demapa\/wp-json\/wp\/v2\/categories?post=22872"},{"taxonomy":"post_tag","embeddable":true,"href":"https:\/\/www.ufsm.br\/orgaos-executivos\/demapa\/wp-json\/wp\/v2\/tags?post=22872"}],"curies":[{"name":"wp","href":"https:\/\/api.w.org\/{rel}","templated":true}]}}