{"id":32714,"date":"2019-03-19T09:16:44","date_gmt":"2019-03-19T12:16:44","guid":{"rendered":"https:\/\/www.ufsm.br\/orgaos-executivos\/demapa\/?page_id=32714"},"modified":"2022-04-01T15:20:48","modified_gmt":"2022-04-01T18:20:48","slug":"comissao-permanente-de-licitacoes","status":"publish","type":"page","link":"https:\/\/www.ufsm.br\/orgaos-executivos\/demapa\/comissao-permanente-de-licitacoes","title":{"rendered":"Comiss\u00e3o Permanente de Licita\u00e7\u00f5es"},"content":{"rendered":"\n<p>Nomeados pela <a href=\"https:\/\/portal.ufsm.br\/documentos\/publico\/documento.html?id=13760554\"><strong>Portaria n\u00ba 1.599 de 28 de setembro de 2021<\/strong><\/a>, a comiss\u00e3o institu\u00edda para conduzir as licita\u00e7\u00f5es promovidas pela administra\u00e7\u00e3o, possui a responsabilidade de receber, examinar e julgar todos os documentos e procedimentos relativos \u00e0s licita\u00e7\u00f5es presenciais e ao cadastramento de licitantes, sendo que dentre esses documentos est\u00e3o os de habilita\u00e7\u00e3o e propostas.<\/p>\n<p>Os servidores abaixo relacionados comp\u00f5em a Comiss\u00e3o Permanente de Licita\u00e7\u00f5es a partir de 28 de Setembro de 2021.<\/p>\n<p>\u00a0<\/p>\n<p>Presidente: <strong>Jayme Worst<\/strong> &#8211; Assist. Adm.\/Coordenador de Licita\u00e7\u00f5es<\/p>\n<p>Presidente Substituto: <strong>Marcelo God\u00f3i Machado<\/strong> &#8211; Admin.\/Pregoeiro<\/p>\n<p>Membro<strong> Fernando Gazzoni<\/strong> &#8211; Admin.<\/p>\n<p>Membro<strong> Luciane Maria Fra\u00e7\u00e3o<\/strong> &#8211; Assist. Adm.<\/p>\n<p>Membro<strong> Luciano Anchieta Benitez<\/strong> &#8211; Tec. Ass. Educ.\/Pregoeiro<\/p>\n<p>Membro<strong> Fabricio Barros da Luz<\/strong> &#8211; Tec. Cont.\/Pregoeiro<\/p>\n<p>Suplente<strong> Tereza Giuliani<\/strong> &#8211; Assist. Adm.\/DIMECI<\/p>\n<p>Suplente<strong> Alessandra Daniela Bavaresco<\/strong> &#8211; Tec. Cont.\/Dir. DEMAPA<\/p>\n<p>Suplente<strong> Luciano Vieira da Costa<\/strong> &#8211; Admin.<\/p>\n<p>Suplente Marcos Leit\u00e3o Chamis &#8211; Assist. Adm.<\/p>\n","protected":false},"excerpt":{"rendered":"<p>Nomeados pela Portaria n\u00ba 1.599 de 28 de setembro de 2021, a comiss\u00e3o institu\u00edda para conduzir as licita\u00e7\u00f5es promovidas pela administra\u00e7\u00e3o, possui a responsabilidade de receber, examinar e julgar todos os documentos e procedimentos relativos \u00e0s licita\u00e7\u00f5es presenciais e ao cadastramento de licitantes, sendo que dentre esses documentos est\u00e3o os de habilita\u00e7\u00e3o e propostas. Os [&hellip;]<\/p>\n","protected":false},"author":100,"featured_media":0,"parent":0,"menu_order":0,"comment_status":"closed","ping_status":"closed","template":"","meta":{"footnotes":""},"categories":[],"tags":[],"class_list":["post-32714","page","type-page","status-publish","hentry"],"acf":[],"_links":{"self":[{"href":"https:\/\/www.ufsm.br\/orgaos-executivos\/demapa\/wp-json\/wp\/v2\/pages\/32714","targetHints":{"allow":["GET"]}}],"collection":[{"href":"https:\/\/www.ufsm.br\/orgaos-executivos\/demapa\/wp-json\/wp\/v2\/pages"}],"about":[{"href":"https:\/\/www.ufsm.br\/orgaos-executivos\/demapa\/wp-json\/wp\/v2\/types\/page"}],"author":[{"embeddable":true,"href":"https:\/\/www.ufsm.br\/orgaos-executivos\/demapa\/wp-json\/wp\/v2\/users\/100"}],"replies":[{"embeddable":true,"href":"https:\/\/www.ufsm.br\/orgaos-executivos\/demapa\/wp-json\/wp\/v2\/comments?post=32714"}],"version-history":[{"count":0,"href":"https:\/\/www.ufsm.br\/orgaos-executivos\/demapa\/wp-json\/wp\/v2\/pages\/32714\/revisions"}],"wp:attachment":[{"href":"https:\/\/www.ufsm.br\/orgaos-executivos\/demapa\/wp-json\/wp\/v2\/media?parent=32714"}],"wp:term":[{"taxonomy":"category","embeddable":true,"href":"https:\/\/www.ufsm.br\/orgaos-executivos\/demapa\/wp-json\/wp\/v2\/categories?post=32714"},{"taxonomy":"post_tag","embeddable":true,"href":"https:\/\/www.ufsm.br\/orgaos-executivos\/demapa\/wp-json\/wp\/v2\/tags?post=32714"}],"curies":[{"name":"wp","href":"https:\/\/api.w.org\/{rel}","templated":true}]}}