{"id":35483,"date":"2021-07-22T10:42:20","date_gmt":"2021-07-22T13:42:20","guid":{"rendered":"https:\/\/www.ufsm.br\/orgaos-executivos\/demapa\/?page_id=35483"},"modified":"2026-02-09T12:08:57","modified_gmt":"2026-02-09T15:08:57","slug":"orientacoes-da-comissao-de-reequilibrio-economico-financeiro","status":"publish","type":"page","link":"https:\/\/www.ufsm.br\/orgaos-executivos\/demapa\/orientacoes-da-comissao-de-reequilibrio-economico-financeiro","title":{"rendered":"Orienta\u00e7\u00f5es para Reequil\u00edbrio Econ\u00f4mico de Contrato"},"content":{"rendered":"\n<h4>\u00a0<\/h4>\n<h5><span style=\"background-color: #ccffff\"><strong>Revis\u00e3o ou cancelamento de Item registrado SRP- Decreto 11.462 de 31 de Mar\u00e7o de 2023:<\/strong><\/span><\/h5>\n<ul>\n<li><a href=\"https:\/\/www.ufsm.br\/app\/uploads\/sites\/352\/2026\/02\/ORIENTACOES-FORNECEDOR-Protocolar-pedido-via-sistema-PEN-2026.pdf\">Como fazer a solicita\u00e7\u00e3o;<\/a><\/li>\n<li><a href=\"https:\/\/www.ufsm.br\/app\/uploads\/sites\/352\/2021\/10\/Modelo_PLANILHA-_IDENTIFICACAO_-ITEM_SRP.xls\">Como elaborar o demonstrativo de comprova\u00e7\u00e3o (Formul\u00e1rio);<\/a><\/li>\n<\/ul>\n<div>\u00a0<\/div>\n<div class=\"gmail_default\"><b>OBS:\u00a0<\/b>Para anexar no processo eletr\u00f4nico os arquivos\/documentos da empresa devem estar no formato PDF.<\/div>\n<div class=\"gmail_default\">\u00a0<\/div>\n<div class=\"gmail_default\"><em><span style=\"color: #000000\">Links:<\/span><\/em><\/div>\n<div class=\"gmail_default\"><em>Tutorial abertura de processo eletr\u00f4nico:\u00a0<a href=\"https:\/\/www.ufsm.br\/orgaos-suplementares\/dag\/pen\/apoio-ao-usuario\/\" target=\"_blank\" rel=\"noopener\" data-saferedirecturl=\"https:\/\/www.google.com\/url?q=https:\/\/www.ufsm.br\/orgaos-suplementares\/dag\/pen\/apoio-ao-usuario\/&amp;source=gmail&amp;ust=1627040422448000&amp;usg=AFQjCNG8w_9nzjZmwPIk8G_wCnDPf0ecIw\">Apoio ao usu\u00e1rio \u2013 PEN (ufsm.br)<\/a><\/em><\/div>\n<div class=\"gmail_default\"><em>Abertura de processo:\u00a0<a href=\"https:\/\/portal.ufsm.br\/documentos\/mainMenu.html\" target=\"_blank\" rel=\"noopener\" data-saferedirecturl=\"https:\/\/www.google.com\/url?q=https:\/\/portal.ufsm.br\/documentos\/mainMenu.html&amp;source=gmail&amp;ust=1627040422448000&amp;usg=AFQjCNHRABOFyq3weoBcbvyTC7fIYgvr_w\">Portal de documentos &#8211; Menu principal (ufsm.br)<\/a><\/em><\/div>\n<div>\u00a0<\/div>\n<div>\u00a0<\/div>\n<div>\u00a0<\/div>\n<div>\u00a0<\/div>\n<div>\n<h5><strong><span style=\"background-color: #ccffff\">Reequil\u00edbrio Econ\u00f4mico Financeiro de CONTRATOS:<\/span><\/strong><\/h5>\n<ul>\n<li><span style=\"color: #0000ff\"><strong><a style=\"color: #0000ff\" href=\"https:\/\/www.ufsm.br\/app\/uploads\/sites\/352\/2022\/03\/Orient_fornecedor_requilibrio_contrato.pdf\">Como solicitar reequil\u00edbrio de contratos.<\/a><\/strong><\/span><\/li>\n<li>Contratos em Geral;<\/li>\n<li>Contratos com Dedica\u00e7\u00e3o Exclusiva de M\u00e3o de Obra;<\/li>\n<li>Contratos de Obras e Servi\u00e7o de Engenharia;<\/li>\n<li>Termos de Permiss\u00e3o;<\/li>\n<\/ul>\n<\/div>\n","protected":false},"excerpt":{"rendered":"<p>\u00a0 Revis\u00e3o ou cancelamento de Item registrado SRP- Decreto 11.462 de 31 de Mar\u00e7o de 2023: Como fazer a solicita\u00e7\u00e3o; Como elaborar o demonstrativo de comprova\u00e7\u00e3o (Formul\u00e1rio); \u00a0 OBS:\u00a0Para anexar no processo eletr\u00f4nico os arquivos\/documentos da empresa devem estar no formato PDF. \u00a0 Links: Tutorial abertura de processo eletr\u00f4nico:\u00a0Apoio ao usu\u00e1rio \u2013 PEN (ufsm.br) Abertura [&hellip;]<\/p>\n","protected":false},"author":100,"featured_media":0,"parent":0,"menu_order":0,"comment_status":"closed","ping_status":"closed","template":"","meta":{"footnotes":""},"categories":[],"tags":[],"class_list":["post-35483","page","type-page","status-publish","hentry"],"acf":[],"_links":{"self":[{"href":"https:\/\/www.ufsm.br\/orgaos-executivos\/demapa\/wp-json\/wp\/v2\/pages\/35483","targetHints":{"allow":["GET"]}}],"collection":[{"href":"https:\/\/www.ufsm.br\/orgaos-executivos\/demapa\/wp-json\/wp\/v2\/pages"}],"about":[{"href":"https:\/\/www.ufsm.br\/orgaos-executivos\/demapa\/wp-json\/wp\/v2\/types\/page"}],"author":[{"embeddable":true,"href":"https:\/\/www.ufsm.br\/orgaos-executivos\/demapa\/wp-json\/wp\/v2\/users\/100"}],"replies":[{"embeddable":true,"href":"https:\/\/www.ufsm.br\/orgaos-executivos\/demapa\/wp-json\/wp\/v2\/comments?post=35483"}],"version-history":[{"count":0,"href":"https:\/\/www.ufsm.br\/orgaos-executivos\/demapa\/wp-json\/wp\/v2\/pages\/35483\/revisions"}],"wp:attachment":[{"href":"https:\/\/www.ufsm.br\/orgaos-executivos\/demapa\/wp-json\/wp\/v2\/media?parent=35483"}],"wp:term":[{"taxonomy":"category","embeddable":true,"href":"https:\/\/www.ufsm.br\/orgaos-executivos\/demapa\/wp-json\/wp\/v2\/categories?post=35483"},{"taxonomy":"post_tag","embeddable":true,"href":"https:\/\/www.ufsm.br\/orgaos-executivos\/demapa\/wp-json\/wp\/v2\/tags?post=35483"}],"curies":[{"name":"wp","href":"https:\/\/api.w.org\/{rel}","templated":true}]}}