{"id":39000,"date":"2025-11-04T10:33:09","date_gmt":"2025-11-04T13:33:09","guid":{"rendered":"https:\/\/www.ufsm.br\/orgaos-executivos\/demapa\/?page_id=39000"},"modified":"2025-11-07T10:40:08","modified_gmt":"2025-11-07T13:40:08","slug":"registro-de-preco-de-mobiliarios-catalogos-e-extratos","status":"publish","type":"page","link":"https:\/\/www.ufsm.br\/orgaos-executivos\/demapa\/registro-de-preco-de-mobiliarios-catalogos-e-extratos","title":{"rendered":"Registro de pre\u00e7o de mobili\u00e1rios &#8211; Cat\u00e1logos e Extratos"},"content":{"rendered":"\t\t<div data-elementor-type=\"wp-page\" data-elementor-id=\"39000\" class=\"elementor elementor-39000\">\n\t\t\t\t\t\t<section class=\"elementor-section elementor-top-section elementor-element elementor-element-a143865 elementor-section-boxed elementor-section-height-default elementor-section-height-default\" data-id=\"a143865\" data-element_type=\"section\">\n\t\t\t\t\t\t<div class=\"elementor-container elementor-column-gap-default\">\n\t\t\t\t\t<div class=\"elementor-column elementor-col-100 elementor-top-column elementor-element elementor-element-18bc416\" data-id=\"18bc416\" data-element_type=\"column\">\n\t\t\t<div class=\"elementor-widget-wrap elementor-element-populated\">\n\t\t\t\t\t\t<div class=\"elementor-element elementor-element-77dcda4 elementor-widget elementor-widget-toggle\" data-id=\"77dcda4\" data-element_type=\"widget\" data-widget_type=\"toggle.default\">\n\t\t\t\t<div class=\"elementor-widget-container\">\n\t\t\t\t\t<div class=\"elementor-toggle\">\n\t\t\t\t\t\t\t<div class=\"elementor-toggle-item\">\n\t\t\t\t\t<div id=\"elementor-tab-title-1251\" class=\"elementor-tab-title\" data-tab=\"1\" role=\"button\" aria-controls=\"elementor-tab-content-1251\" aria-expanded=\"false\">\n\t\t\t\t\t\t\t\t\t\t\t\t<span class=\"elementor-toggle-icon elementor-toggle-icon-left\" aria-hidden=\"true\">\n\t\t\t\t\t\t\t\t\t\t\t\t\t\t\t<span class=\"elementor-toggle-icon-closed\"><i class=\"fas fa-caret-right\"><\/i><\/span>\n\t\t\t\t\t\t\t\t<span class=\"elementor-toggle-icon-opened\"><i class=\"elementor-toggle-icon-opened fas fa-caret-up\"><\/i><\/span>\n\t\t\t\t\t\t\t\t\t\t\t\t\t<\/span>\n\t\t\t\t\t\t\t\t\t\t\t\t<a class=\"elementor-toggle-title\" tabindex=\"0\">Poltronas para Audit\u00f3rio<\/a>\n\t\t\t\t\t<\/div>\n\n\t\t\t\t\t<div id=\"elementor-tab-content-1251\" class=\"elementor-tab-content elementor-clearfix\" data-tab=\"1\" role=\"region\" aria-labelledby=\"elementor-tab-title-1251\"><table style=\"border-collapse: collapse;width: 100%\"><tbody><tr><td style=\"width: 11.1073%;text-align: left\">Preg\u00e3o<\/td><td style=\"width: 18.6578%;text-align: left\">\u00a0Processo<\/td><td style=\"width: 31.0738%;text-align: left\">Empresa<\/td><td style=\"width: 25.537%;text-align: left\">Itens<\/td><td style=\"width: 13.6241%;text-align: left\">Validade<\/td><\/tr><\/tbody><\/table><table style=\"border-collapse: collapse;width: 100%\"><tbody><tr><td style=\"width: 10.4362%;text-align: left\">90025\/2025<\/td><td style=\"width: 18.8255%;text-align: left\">23081.037353\/2025-74<\/td><td style=\"width: 30.7383%;text-align: left\">Meta X Industria e Com\u00e9rcio LTDA<\/td><td style=\"width: 26.8792%;text-align: left\"><a href=\"https:\/\/www.ufsm.br\/app\/uploads\/sites\/352\/2025\/05\/Catalogo_Item_5_Poltrona_auditorio.pdf\"><strong>5<\/strong><\/a><\/td><td style=\"width: 13.1208%;text-align: left\">14\/04\/2026<\/td><\/tr><\/tbody><\/table><p>Para acesso aos cat\u00e1logos e extratos, clicar nos itens.<\/p><\/div>\n\t\t\t\t<\/div>\n\t\t\t\t\t\t\t<div class=\"elementor-toggle-item\">\n\t\t\t\t\t<div id=\"elementor-tab-title-1252\" class=\"elementor-tab-title\" data-tab=\"2\" role=\"button\" aria-controls=\"elementor-tab-content-1252\" aria-expanded=\"false\">\n\t\t\t\t\t\t\t\t\t\t\t\t<span class=\"elementor-toggle-icon elementor-toggle-icon-left\" aria-hidden=\"true\">\n\t\t\t\t\t\t\t\t\t\t\t\t\t\t\t<span class=\"elementor-toggle-icon-closed\"><i class=\"fas fa-caret-right\"><\/i><\/span>\n\t\t\t\t\t\t\t\t<span class=\"elementor-toggle-icon-opened\"><i class=\"elementor-toggle-icon-opened fas fa-caret-up\"><\/i><\/span>\n\t\t\t\t\t\t\t\t\t\t\t\t\t<\/span>\n\t\t\t\t\t\t\t\t\t\t\t\t<a class=\"elementor-toggle-title\" tabindex=\"0\">Cadeiras de Escrit\u00f3rio e Sof\u00e1s<\/a>\n\t\t\t\t\t<\/div>\n\n\t\t\t\t\t<div id=\"elementor-tab-content-1252\" class=\"elementor-tab-content elementor-clearfix\" data-tab=\"2\" role=\"region\" aria-labelledby=\"elementor-tab-title-1252\"><table style=\"border-collapse: collapse;width: 100%\"><tbody><tr><td style=\"width: 12.6174%\">Preg\u00e3o<\/td><td style=\"width: 22.8524%\">\u00a0Processo<\/td><td style=\"width: 27.5503%\">Empresa\u00a0<\/td><td style=\"width: 22.8523%\">Itens\u00a0<\/td><td style=\"width: 14.1276%\">Validade\u00a0<\/td><\/tr><tr><td style=\"width: 12.6174%\" rowspan=\"3\">90025\/2025<\/td><td style=\"width: 22.8524%\" rowspan=\"3\">\u00a0<span style=\"color: #1c1c1c;font-size: 16px\">\u00a023081.037353\/2025-74<\/span><br \/>\u00a0<span style=\"color: #1c1c1c;font-size: 16px\">\u00a0<\/span><\/td><td style=\"width: 27.5503%;text-align: center;height: 47px\" width=\"340\">Serra Mobile Ind\u00fastria e Com\u00e9rcio Ltda<\/td><td style=\"width: 22.8523%;text-align: center;height: 47px\" width=\"193\"><a href=\"https:\/\/www.ufsm.br\/app\/uploads\/sites\/352\/2025\/05\/Catalogo_Item_1_2_Serra.Mobile.pdf\"><strong>1, 2<\/strong><\/a><\/td><td style=\"width: 14.1276%\" rowspan=\"3\">\u00a014\/04\/2026<\/td><\/tr><tr style=\"height: 40px\"><td style=\"width: 27.5503%;text-align: center;height: 14px\">Microfort Inform\u00e1tica LTDA<\/td><td style=\"width: 22.8523%;text-align: center;height: 14px\"><a href=\"https:\/\/www.ufsm.br\/app\/uploads\/sites\/352\/2025\/05\/Catalogo_Item_3_Microfort.pdf\"><b>3<\/b><\/a><\/td><\/tr><tr style=\"height: 40px\"><td style=\"width: 27.5503%;text-align: center;height: 35px\">Grattos Ind\u00fastria e Com\u00e9rcio de M\u00f3veis<\/td><td style=\"width: 22.8523%;text-align: center;height: 35px\"><a href=\"https:\/\/www.ufsm.br\/app\/uploads\/sites\/352\/2025\/05\/Catalogo_Item_4_Grattos.Industria.pdf\"><strong>4<\/strong><\/a><\/td><\/tr><tr><td style=\"width: 12.6174%\">90134\/2025<\/td><td style=\"width: 22.8524%\">23081.091479\/2025-94<\/td><td style=\"width: 27.5503%;text-align: center\">Comprasnet comercial Ltda<\/td><td style=\"width: 22.8523%;text-align: center\"><a href=\"https:\/\/www.ufsm.br\/app\/uploads\/sites\/352\/2025\/11\/Comprasnet-Comercial-Itens-13-14-e-15.pdf\"><strong>13, 14, 15<\/strong><\/a><\/td><td style=\"width: 14.1276%\">01\/10\/2026<\/td><\/tr><\/tbody><\/table><p>\u00a0<\/p><p>Para acesso aos cat\u00e1logos e extratos, clicar nos itens.<\/p><\/div>\n\t\t\t\t<\/div>\n\t\t\t\t\t\t\t<div class=\"elementor-toggle-item\">\n\t\t\t\t\t<div id=\"elementor-tab-title-1253\" class=\"elementor-tab-title\" data-tab=\"3\" role=\"button\" aria-controls=\"elementor-tab-content-1253\" aria-expanded=\"false\">\n\t\t\t\t\t\t\t\t\t\t\t\t<span class=\"elementor-toggle-icon elementor-toggle-icon-left\" aria-hidden=\"true\">\n\t\t\t\t\t\t\t\t\t\t\t\t\t\t\t<span class=\"elementor-toggle-icon-closed\"><i class=\"fas fa-caret-right\"><\/i><\/span>\n\t\t\t\t\t\t\t\t<span class=\"elementor-toggle-icon-opened\"><i class=\"elementor-toggle-icon-opened fas fa-caret-up\"><\/i><\/span>\n\t\t\t\t\t\t\t\t\t\t\t\t\t<\/span>\n\t\t\t\t\t\t\t\t\t\t\t\t<a class=\"elementor-toggle-title\" tabindex=\"0\">M\u00f3veis de Escrit\u00f3rio<\/a>\n\t\t\t\t\t<\/div>\n\n\t\t\t\t\t<div id=\"elementor-tab-content-1253\" class=\"elementor-tab-content elementor-clearfix\" data-tab=\"3\" role=\"region\" aria-labelledby=\"elementor-tab-title-1253\"><table style=\"border-collapse: collapse;width: 97.4832%;height: 122px\"><tbody><tr style=\"height: 24px\"><td style=\"width: 12.6174%;height: 24px\">Preg\u00e3o<\/td><td style=\"width: 22.8524%;height: 24px\">\u00a0Processo<\/td><td style=\"width: 27.5503%;height: 24px\">Empresa\u00a0<\/td><td style=\"width: 22.8523%;height: 24px\">Itens\u00a0<\/td><td style=\"width: 14.1276%;height: 24px\">Validade\u00a0<\/td><\/tr><tr style=\"height: 49px\"><td style=\"width: 12.6174%;height: 98px\" rowspan=\"7\">90057\/2025<\/td><td style=\"width: 22.8524%;height: 98px\" rowspan=\"7\">\u00a0<span style=\"color: #1c1c1c;font-size: 16px\"> 23081.054655\/2025-15<\/span><br \/>\u00a0<span style=\"color: #1c1c1c;font-size: 16px\">\u00a0<\/span><\/td><td style=\"width: 27.5503%;text-align: center;height: 49px\" width=\"340\">Bento Office Ind Mov LTDA<\/td><td style=\"width: 22.8523%;text-align: center;height: 49px\" width=\"193\"><a href=\"https:\/\/www.ufsm.br\/app\/uploads\/sites\/352\/2025\/07\/Catalogo-site-Bento-Office.pdf\" target=\"_blank\" rel=\"noopener\"><strong>1, 2, 3, 4, 5, 6, 7, 8, 16, 18<\/strong><\/a><\/td><td style=\"width: 14.1276%;height: 98px\" rowspan=\"7\">\u00a026\/06\/2026<\/td><\/tr><tr style=\"height: 40px\"><td style=\"width: 27.5503%;text-align: center;height: 14px\">Labor Ind. M\u00f3veis\u00a0 p\/ Escrit\u00f3rio<\/td><td style=\"width: 22.8523%;text-align: center;height: 14px\"><a href=\"https:\/\/www.ufsm.br\/app\/uploads\/sites\/352\/2025\/07\/Catalogo-Site-Labor.pdf\" target=\"_blank\" rel=\"noopener\"><strong>9<\/strong><\/a><\/td><\/tr><tr style=\"height: 40px\"><td style=\"width: 27.5503%;text-align: center;height: 35px\">Escriblu C\u00f3mercio de M\u00f3veis Ltda<\/td><td style=\"width: 22.8523%;text-align: center;height: 35px\"><a href=\"https:\/\/www.ufsm.br\/app\/uploads\/sites\/352\/2025\/07\/Catalogo-site-Escriblu-1.pdf\" target=\"_blank\" rel=\"noopener\"><strong>10, 11, 20, 26, 33<\/strong><\/a><\/td><\/tr><tr><td style=\"width: 27.5503%;text-align: center\">Seaopen Refrigera\u00e7\u00e3o e M\u00f3veis LTDA<\/td><td style=\"width: 22.8523%;text-align: center\"><strong><a href=\"https:\/\/www.ufsm.br\/app\/uploads\/sites\/352\/2025\/07\/Catalogo-site-Seaopen.pdf\" target=\"_blank\" rel=\"noopener\">12<\/a><\/strong><\/td><\/tr><tr><td style=\"width: 27.5503%;text-align: center\">Escriblu C\u00f3mercio de M\u00f3veis Ltda<\/td><td style=\"width: 22.8523%;text-align: center\"><strong><a href=\"https:\/\/www.ufsm.br\/app\/uploads\/sites\/352\/2025\/07\/Catalogo-site-Escriblu-2.pdf\" target=\"_blank\" rel=\"noopener\">13, 14, 15, 17, 19<\/a><\/strong><\/td><\/tr><tr><td style=\"width: 27.5503%;text-align: center\">Celi Produtos de A\u00e7o LTDA<\/td><td style=\"width: 22.8523%;text-align: center\"><strong><a href=\"https:\/\/www.ufsm.br\/app\/uploads\/sites\/352\/2025\/07\/Catalogo-site-Celi.pdf\" target=\"_blank\" rel=\"noopener\">21, 22, 23, 24, 25<\/a><\/strong><\/td><\/tr><tr><td style=\"width: 27.5503%;text-align: center\">Meta X Industria e Com\u00e9rcio LTDA<\/td><td style=\"width: 22.8523%;text-align: center\"><strong><a href=\"https:\/\/www.ufsm.br\/app\/uploads\/sites\/352\/2025\/07\/Catalogo-Site-Meta-X.pdf\" target=\"_blank\" rel=\"noopener\">30, 31, 32<\/a><\/strong><\/td><\/tr><\/tbody><\/table><p>Para acesso aos cat\u00e1logos e extratos, clicar nos itens.<\/p><\/div>\n\t\t\t\t<\/div>\n\t\t\t\t\t\t\t<div class=\"elementor-toggle-item\">\n\t\t\t\t\t<div id=\"elementor-tab-title-1254\" class=\"elementor-tab-title\" data-tab=\"4\" role=\"button\" aria-controls=\"elementor-tab-content-1254\" aria-expanded=\"false\">\n\t\t\t\t\t\t\t\t\t\t\t\t<span class=\"elementor-toggle-icon elementor-toggle-icon-left\" aria-hidden=\"true\">\n\t\t\t\t\t\t\t\t\t\t\t\t\t\t\t<span class=\"elementor-toggle-icon-closed\"><i class=\"fas fa-caret-right\"><\/i><\/span>\n\t\t\t\t\t\t\t\t<span class=\"elementor-toggle-icon-opened\"><i class=\"elementor-toggle-icon-opened fas fa-caret-up\"><\/i><\/span>\n\t\t\t\t\t\t\t\t\t\t\t\t\t<\/span>\n\t\t\t\t\t\t\t\t\t\t\t\t<a class=\"elementor-toggle-title\" tabindex=\"0\">M\u00f3veis Escolares<\/a>\n\t\t\t\t\t<\/div>\n\n\t\t\t\t\t<div id=\"elementor-tab-content-1254\" class=\"elementor-tab-content elementor-clearfix\" data-tab=\"4\" role=\"region\" aria-labelledby=\"elementor-tab-title-1254\"><table style=\"border-collapse: collapse;width: 97.4832%;height: 170px\"><tbody><tr style=\"height: 24px\"><td style=\"width: 12.6174%;height: 24px\">Preg\u00e3o<\/td><td style=\"width: 22.8524%;height: 24px\">\u00a0Processo<\/td><td style=\"width: 27.5503%;height: 24px\">Empresa\u00a0<\/td><td style=\"width: 23.7357%;height: 24px\">Itens\u00a0<\/td><td style=\"width: 13.2442%;height: 24px\">Validade\u00a0<\/td><\/tr><tr style=\"height: 49px\"><td style=\"width: 12.6174%;height: 146px\" rowspan=\"3\">90134\/2025<\/td><td style=\"width: 22.8524%;height: 146px\" rowspan=\"3\">\u00a0<span style=\"color: #1c1c1c;font-size: 16px\"> 23081.091479\/2025-94<\/span><br \/>\u00a0<span style=\"color: #1c1c1c;font-size: 16px\">\u00a0<\/span><\/td><td style=\"width: 27.5503%;text-align: center;height: 49px\" width=\"340\">Movesco Ind. e Com de Moveis Escolares<\/td><td style=\"width: 23.7357%;text-align: center;height: 49px\" width=\"193\"><span style=\"color: #0000ff\"><strong><a style=\"color: #0000ff\" href=\"https:\/\/www.ufsm.br\/app\/uploads\/sites\/352\/2025\/11\/Movesco-itens-1-4-e-5.pdf\" target=\"_blank\" rel=\"noopener\">1, 4, 5<\/a><\/strong><\/span><\/td><td style=\"width: 13.2442%;height: 146px\" rowspan=\"3\">\u00a001\/10\/2026<\/td><\/tr><tr style=\"height: 40px\"><td style=\"width: 27.5503%;text-align: center;height: 14px\">Escriblu Com\u00e9rcio de M\u00f3veis Ltda<\/td><td style=\"width: 23.7357%;text-align: center;height: 14px\"><a href=\"https:\/\/www.ufsm.br\/app\/uploads\/sites\/352\/2025\/11\/Escriblu-Itens-6-7-8-9-10-e-12.pdf\" target=\"_blank\" rel=\"noopener\"><span style=\"color: #0000ff\"><strong>6, 7, 8, 9, 10, 12<\/strong><\/span><\/a><\/td><\/tr><tr style=\"height: 40px\"><td style=\"width: 27.5503%;text-align: center;height: 35px\">\u00a0Didaque Empreendimentos Ltda<\/td><td style=\"width: 23.7357%;text-align: center;height: 35px\"><a href=\"https:\/\/www.ufsm.br\/app\/uploads\/sites\/352\/2025\/11\/Didaque-Item-11.pdf\" target=\"_blank\" rel=\"noopener\"><span style=\"color: #0000ff\"><strong>\u00a011<\/strong><\/span><\/a><\/td><\/tr><\/tbody><\/table><p>Para acesso aos cat\u00e1logos e extratos. clicar no item.<\/p><\/div>\n\t\t\t\t<\/div>\n\t\t\t\t\t\t\t\t<\/div>\n\t\t\t\t<\/div>\n\t\t\t\t<\/div>\n\t\t\t\t\t<\/div>\n\t\t<\/div>\n\t\t\t\t\t<\/div>\n\t\t<\/section>\n\t\t\t\t<\/div>\n\t\t","protected":false},"excerpt":{"rendered":"<p>Poltronas para Audit\u00f3rio Preg\u00e3o \u00a0Processo Empresa Itens Validade 90025\/2025 23081.037353\/2025-74 Meta X Industria e Com\u00e9rcio LTDA 5 14\/04\/2026 Para acesso aos cat\u00e1logos e extratos, clicar nos itens. Cadeiras de Escrit\u00f3rio e Sof\u00e1s Preg\u00e3o \u00a0Processo Empresa\u00a0 Itens\u00a0 Validade\u00a0 90025\/2025 \u00a0\u00a023081.037353\/2025-74\u00a0\u00a0 Serra Mobile Ind\u00fastria e Com\u00e9rcio Ltda 1, 2 \u00a014\/04\/2026 Microfort Inform\u00e1tica LTDA 3 Grattos Ind\u00fastria e [&hellip;]<\/p>\n","protected":false},"author":100,"featured_media":0,"parent":0,"menu_order":0,"comment_status":"closed","ping_status":"closed","template":"","meta":{"footnotes":""},"categories":[],"tags":[],"class_list":["post-39000","page","type-page","status-publish","hentry"],"acf":[],"_links":{"self":[{"href":"https:\/\/www.ufsm.br\/orgaos-executivos\/demapa\/wp-json\/wp\/v2\/pages\/39000","targetHints":{"allow":["GET"]}}],"collection":[{"href":"https:\/\/www.ufsm.br\/orgaos-executivos\/demapa\/wp-json\/wp\/v2\/pages"}],"about":[{"href":"https:\/\/www.ufsm.br\/orgaos-executivos\/demapa\/wp-json\/wp\/v2\/types\/page"}],"author":[{"embeddable":true,"href":"https:\/\/www.ufsm.br\/orgaos-executivos\/demapa\/wp-json\/wp\/v2\/users\/100"}],"replies":[{"embeddable":true,"href":"https:\/\/www.ufsm.br\/orgaos-executivos\/demapa\/wp-json\/wp\/v2\/comments?post=39000"}],"version-history":[{"count":0,"href":"https:\/\/www.ufsm.br\/orgaos-executivos\/demapa\/wp-json\/wp\/v2\/pages\/39000\/revisions"}],"wp:attachment":[{"href":"https:\/\/www.ufsm.br\/orgaos-executivos\/demapa\/wp-json\/wp\/v2\/media?parent=39000"}],"wp:term":[{"taxonomy":"category","embeddable":true,"href":"https:\/\/www.ufsm.br\/orgaos-executivos\/demapa\/wp-json\/wp\/v2\/categories?post=39000"},{"taxonomy":"post_tag","embeddable":true,"href":"https:\/\/www.ufsm.br\/orgaos-executivos\/demapa\/wp-json\/wp\/v2\/tags?post=39000"}],"curies":[{"name":"wp","href":"https:\/\/api.w.org\/{rel}","templated":true}]}}